{"id":17906,"date":"2022-04-09T17:44:14","date_gmt":"2022-04-09T14:44:14","guid":{"rendered":"https:\/\/sachviet.eu\/shop\/flashcards-english-day-tre-ve-the-gioi-xung-quanh-giao-duc-som-the-thong-minh-theo-phuong-phap-giao-duc-cua-glenn-doman\/"},"modified":"2024-08-10T13:19:45","modified_gmt":"2024-08-10T10:19:45","slug":"flashcards-english-day-tre-ve-the-gioi-xung-quanh-giao-duc-som-the-thong-minh-theo-phuong-phap-giao-duc-cua-glenn-doman","status":"publish","type":"product","link":"https:\/\/sachviet.eu\/en\/shop\/flashcards-english-day-tre-ve-the-gioi-xung-quanh-giao-duc-som-the-thong-minh-theo-phuong-phap-giao-duc-cua-glenn-doman\/","title":{"rendered":"Flashcards Ti\u1ebfng Vi\u1ec7t-Ti\u1ebfng Anh \u2013 D\u1ea1y tr\u1ebb v\u1ec1 th\u1ebf gi\u1edbi xung quanh (Gi\u00e1o d\u1ee5c s\u1edbm th\u1ebb th\u00f4ng minh theo ph\u01b0\u01a1ng ph\u00e1p gi\u00e1o d\u1ee5c c\u1ee7a Glenn Doman)"},"content":{"rendered":"<p>B\u1ed9 th\u1ebb \u00e1p d\u1ee5ng theo ph\u01b0\u01a1ng ph\u00e1p gi\u00e1o d\u1ee5c s\u1edbm Glenndoman B\u1ed9 th\u1ebb g\u1ed3m c\u00e1c th\u1ebb ti\u1ebfng Vi\u1ec7t t\u1eeb \u0111\u01a1n v\u1ec1 c\u00e1c ch\u1ee7 \u0111\u1ec1 xung quanh b\u00e9 B\u1ed9 th\u1ebb gi\u00fap b\u00e9 ph\u00e1t tri\u1ec3n t\u01b0 duy v\u00e0 nh\u1eadn th\u1ee9c 120 th\u1ebb<br \/>\nFlashcards English \u2013 D\u1ea1y tr\u1ebb v\u1ec1 th\u1ebf gi\u1edbi xung quanh (Gi\u00e1o d\u1ee5c s\u1edbm th\u1ebb th\u00f4ng minh theo ph\u01b0\u01a1ng ph\u00e1p gi\u00e1o d\u1ee5c c\u1ee7a Glenn Doman) T\u00e1i B\u1ea3n 2019 s\u1ebd gi\u00fap con b\u1ea1n nh\u1eadn bi\u1ebft v\u00e0 \u0111\u1ecdc nh\u1eefng t\u1eeb ng\u1eef \u0111\u01a1n gi\u1ea3n t\u1eeb khi c\u00f2n nh\u1ecf.<br \/>\nB\u1ed9 s\u1ea3n ph\u1ea9m \u0111\u01b0\u1ee3c in tr\u00ean gi\u1ea5y cao c\u1ea5p, d\u00e0y d\u1eb7n, ti\u1ec7n l\u1ee3i cho vi\u1ec7c tr\u00e1o th\u1ebb. Ch\u1ea5t li\u1ec7u n\u00e0y c\u0169ng r\u1ea5t an to\u00e0n n\u00ean b\u1ea1n c\u00f3 th\u1ec3 y\u00ean t\u00e2m khi cho tr\u1ebb s\u1eed d\u1ee5ng.<br \/>\nTh\u1ebb \u0111\u01b0\u1ee3c thi\u1ebft k\u1ebf nh\u1ecf g\u1ecdn gi\u00fap b\u1ea1n c\u00f3 th\u1ec3 mang theo \u0111\u1ec3 d\u1ea1y b\u00e9 h\u1ecdc b\u1ea5t k\u1ef3 l\u00fac n\u00e0o.<br \/>\nFlash Card English l\u00e0 m\u1ed9t trong nh\u1eefng ph\u01b0\u01a1ng ph\u00e1p Glenn Doman d\u1ea1y h\u1ecdc cho tr\u1ebb ngay t\u1eeb khi c\u00f2n nh\u1ecf. V\u1edbi v\u1ed1n t\u1eeb v\u1ef1ng phong ph\u00fa, Flash Card English \u0111\u01b0\u1ee3c chia theo t\u1eebng ch\u1ee7 \u0111\u1ec1 g\u1ea7n g\u0169i v\u1edbi b\u00e9. Qua \u0111\u00f3, b\u00e9 s\u1ebd t\u1eadp l\u00e0m quen d\u1ea7n v\u1edbi c\u00e1c t\u1eeb ng\u1eef t\u1eeb \u0111\u01a1n gi\u1ea3n \u0111\u1ebfn ph\u1ee9c t\u1ea1p.<br \/>\nS\u1ed1 l\u01b0\u1ee3ng th\u1ebb : 120 th\u1ebb<\/p>\n","protected":false},"excerpt":{"rendered":"<p>B\u1ed9 th\u1ebb \u00e1p d\u1ee5ng theo ph\u01b0\u01a1ng ph\u00e1p gi\u00e1o d\u1ee5c s\u1edbm Glenndoman B\u1ed9 th\u1ebb g\u1ed3m c\u00e1c th\u1ebb ti\u1ebfng Vi\u1ec7t t\u1eeb \u0111\u01a1n v\u1ec1 c\u00e1c ch\u1ee7 \u0111\u1ec1 xung quanh b\u00e9 B\u1ed9 th\u1ebb gi\u00fap b\u00e9 ph\u00e1t tri\u1ec3n t\u01b0 duy v\u00e0 nh\u1eadn th\u1ee9c 120 th\u1ebb<br \/>\nFlashcards English \u2013 D\u1ea1y tr\u1ebb v\u1ec1 th\u1ebf gi\u1edbi xung quanh (Gi\u00e1o d\u1ee5c s\u1edbm th\u1ebb th\u00f4ng minh theo ph\u01b0\u01a1ng ph\u00e1p gi\u00e1o d\u1ee5c c\u1ee7a Glenn Doman) T\u00e1i B\u1ea3n 2019 s\u1ebd gi\u00fap con b\u1ea1n nh\u1eadn bi\u1ebft v\u00e0 \u0111\u1ecdc nh\u1eefng t\u1eeb ng\u1eef \u0111\u01a1n gi\u1ea3n t\u1eeb khi c\u00f2n nh\u1ecf.<br \/>\nB\u1ed9 s\u1ea3n ph\u1ea9m \u0111\u01b0\u1ee3c in tr\u00ean gi\u1ea5y cao c\u1ea5p, d\u00e0y d\u1eb7n, ti\u1ec7n l\u1ee3i cho vi\u1ec7c tr\u00e1o th\u1ebb. Ch\u1ea5t li\u1ec7u n\u00e0y c\u0169ng r\u1ea5t an to\u00e0n n\u00ean b\u1ea1n c\u00f3 th\u1ec3 y\u00ean t\u00e2m khi cho tr\u1ebb s\u1eed d\u1ee5ng.<br \/>\nTh\u1ebb \u0111\u01b0\u1ee3c thi\u1ebft k\u1ebf nh\u1ecf g\u1ecdn gi\u00fap b\u1ea1n c\u00f3 th\u1ec3 mang theo \u0111\u1ec3 d\u1ea1y b\u00e9 h\u1ecdc b\u1ea5t k\u1ef3 l\u00fac n\u00e0o.<br \/>\nFlash Card English l\u00e0 m\u1ed9t trong nh\u1eefng ph\u01b0\u01a1ng ph\u00e1p Glenn Doman d\u1ea1y h\u1ecdc cho tr\u1ebb ngay t\u1eeb khi c\u00f2n nh\u1ecf. V\u1edbi v\u1ed1n t\u1eeb v\u1ef1ng phong ph\u00fa, Flash Card English \u0111\u01b0\u1ee3c chia theo t\u1eebng ch\u1ee7 \u0111\u1ec1 g\u1ea7n g\u0169i v\u1edbi b\u00e9. Qua \u0111\u00f3, b\u00e9 s\u1ebd t\u1eadp l\u00e0m quen d\u1ea7n v\u1edbi c\u00e1c t\u1eeb ng\u1eef t\u1eeb \u0111\u01a1n gi\u1ea3n \u0111\u1ebfn ph\u1ee9c t\u1ea1p.<br \/>\nS\u1ed1 l\u01b0\u1ee3ng th\u1ebb : 120 th\u1ebb<\/p>\n","protected":false},"featured_media":17905,"template":"","meta":{"_acf_changed":false},"product_brand":[],"product_cat":[20],"product_tag":[81,83],"class_list":{"0":"post-17906","1":"product","2":"type-product","3":"status-publish","4":"has-post-thumbnail","6":"product_cat-be-vua-hoc-vua-choi","7":"product_tag-sach-gia-uu-dai","8":"product_tag-sach-moi-xuat-ban","10":"first","11":"outofstock","12":"sale","13":"taxable","14":"shipping-taxable","15":"purchasable","16":"product-type-simple"},"supplier_id":null,"supplier_sku":"","barcode":null,"atum_controlled":true,"out_stock_date":"2024-08-10 10:19:45","out_stock_threshold":null,"inheritable":false,"inbound_stock":0,"stock_on_hold":0,"sold_today":0,"sales_last_days":0,"reserved_stock":0,"customer_returns":0,"warehouse_damage":0,"lost_in_post":0,"other_logs":0,"out_stock_days":536,"lost_sales":0,"has_location":true,"update_date":"2026-01-28T23:11:18","atum_locations":[{"id":32,"name":"Helsinki","slug":"helsinki"}],"atum_stock_status":"outofstock","restock_status":false,"low_stock_amount":"","sales_update_date":"2026-01-28T23:11:18","calc_backorders":null,"acf":{"publisher":{"ID":6321,"post_author":"1","post_date":"2021-03-15 01:33:55","post_date_gmt":"2021-03-14 23:33:55","post_content":"","post_title":"Minh Th\u1eafng","post_excerpt":"","post_status":"publish","comment_status":"closed","ping_status":"closed","post_password":"","post_name":"minh-thang","to_ping":"","pinged":"","post_modified":"2021-03-15 01:33:55","post_modified_gmt":"2021-03-14 23:33:55","post_content_filtered":"","post_parent":0,"guid":"https:\/\/sachviet.eu\/blog\/nha-phat-hanh\/minh-thang\/","menu_order":0,"post_type":"publisher","post_mime_type":"","comment_count":"0","filter":"raw"}},"_links":{"self":[{"href":"https:\/\/sachviet.eu\/en\/wp-json\/wp\/v2\/product\/17906","targetHints":{"allow":["GET"]}}],"collection":[{"href":"https:\/\/sachviet.eu\/en\/wp-json\/wp\/v2\/product"}],"about":[{"href":"https:\/\/sachviet.eu\/en\/wp-json\/wp\/v2\/types\/product"}],"wp:featuredmedia":[{"embeddable":true,"href":"https:\/\/sachviet.eu\/en\/wp-json\/wp\/v2\/media\/17905"}],"wp:attachment":[{"href":"https:\/\/sachviet.eu\/en\/wp-json\/wp\/v2\/media?parent=17906"}],"wp:term":[{"taxonomy":"product_brand","embeddable":true,"href":"https:\/\/sachviet.eu\/en\/wp-json\/wp\/v2\/product_brand?post=17906"},{"taxonomy":"product_cat","embeddable":true,"href":"https:\/\/sachviet.eu\/en\/wp-json\/wp\/v2\/product_cat?post=17906"},{"taxonomy":"product_tag","embeddable":true,"href":"https:\/\/sachviet.eu\/en\/wp-json\/wp\/v2\/product_tag?post=17906"}],"curies":[{"name":"wp","href":"https:\/\/api.w.org\/{rel}","templated":true}]}}