{"id":17902,"date":"2022-04-09T17:44:02","date_gmt":"2022-04-09T14:44:02","guid":{"rendered":"https:\/\/sachviet.eu\/shop\/nguoi-ba-tai-gioi-vung-saga-tap-5\/"},"modified":"2023-05-31T16:53:54","modified_gmt":"2023-05-31T13:53:54","slug":"nguoi-ba-tai-gioi-vung-saga-tap-5","status":"publish","type":"product","link":"https:\/\/sachviet.eu\/en\/shop\/nguoi-ba-tai-gioi-vung-saga-tap-5\/","title":{"rendered":"Ng\u01b0\u1eddi B\u00e0 T\u00e0i Gi\u1ecfi V\u00f9ng Saga &#8211; T\u1eadp 5"},"content":{"rendered":"<p>C\u1eadu b\u00e9 Akihiro b\u1ecb m\u1eb9 \u201c\u0111\u1ea9y\u201d l\u00ean chuy\u1ebfn t\u00e0u \u0111\u1ebfn Saga n\u0103m n\u00e0o gi\u1edd \u0111\u00e3 quen thu\u1ed9c v\u1edbi cu\u1ed9c s\u1ed1ng ngh\u00e8o kh\u00f3 m\u00e0 \u0111\u1ea7y \u1eafp ti\u1ebfng c\u01b0\u1eddi b\u00ean ng\u01b0\u1eddi b\u00e0 t\u00e0i gi\u1ecfi. D\u00f9 v\u1eabn c\u00f2n ham ch\u01a1i ngh\u1ecbch ng\u1ee3m nh\u01b0ng Akihiro \u0111\u00e3 hi\u1ec3u chuy\u1ec7n h\u01a1n r\u1ea5t nhi\u1ec1u, bi\u1ebft ph\u1ee5 gi\u00fap b\u00e0 c\u00e1c c\u00f4ng vi\u1ec7c trong nh\u00e0.<\/p>\n<p>V\u00ec kh\u00f4ng \u0111\u01b0\u1ee3c \u1edf b\u00ean m\u1eb9 n\u00ean Akihiro l\u00fac n\u00e0o c\u0169ng mong ng\u00f3ng ng\u00e0y m\u1eb9 t\u1eeb Hiroshima xu\u1ed1ng th\u0103m. Th\u1ebf nh\u01b0ng l\u1ea7n n\u00e0y, ng\u01b0\u1eddi xu\u1ed1ng th\u0103m c\u1eadu l\u1ea1i l\u00e0 anh trai Yoshinori \u0111\u00e3 l\u00e2u kh\u00f4ng g\u1eb7p? L\u1ea7n \u0111\u1ea7u ti\u00ean \u0111\u1eb7t ch\u00e2n \u0111\u1ebfn v\u00f9ng \u0111\u1ea5t Saga ngh\u00e8o kh\u00f3, anh trai c\u1eadu nh\u00f3c s\u1ebd c\u1ea3m th\u1ea5y th\u1ebf n\u00e0o? Li\u1ec7u c\u00f3 ph\u1ea3n \u1ee9ng c\u1ee7a anh c\u00f3 gi\u1ed1ng Akihiro nh\u1eefng ng\u00e0y \u0111\u1ea7u \u1edf \u0111\u00e2y kh\u00f4ng?<\/p>\n<p>L\u1edbn l\u00ean t\u1ea1i v\u00f9ng qu\u00ea Saga y\u00ean b\u00ecnh vui v\u1ebb, Akihiro \u0111\u00e3 c\u00f3 nh\u1eefng tr\u1ea3i nghi\u1ec7m \u0111\u1eb7c bi\u1ec7t nh\u1edb m\u00e3i kh\u00f4ng qu\u00ean. \u0110\u00f3 l\u00e0 l\u1ea7n \u0111\u1ea7u ti\u00ean \u0111\u01b0\u1ee3c l\u00e0m ch\u00e2n sai v\u1eb7t gi\u00fap b\u00e0, m\u1ed9t m\u00ecnh sang t\u1eadn th\u1ecb tr\u1ea5n kh\u00e1c \u0111\u1ec3 giao \u0111\u1ed3. \u0110\u00f3 l\u00e0 tr\u1ea1i hu\u1ea5n luy\u1ec7n m\u00f9a h\u00e8 ba ng\u00e0y hai \u0111\u00eam t\u1ea1i ch\u00f9a c\u00f9ng v\u1edbi v\u1ecb s\u01b0 th\u1ea7y ch\u1eb3ng gi\u1ed1ng ai. \u0110\u00f3 l\u00e0 khi m\u1ed9t anh kh\u1ed1i tr\u00ean b\u1ecb c\u1ea3 tr\u01b0\u1eddng xa l\u00e1nh v\u00e0 b\u1eaft n\u1ea1t, Akihiro v\u00e0 Nanri \u0111\u00e3 c\u00f9ng nhau \u0111\u1ee9ng l\u00ean b\u1ea3o v\u1ec7 anh \u1ea5y. Nh\u1eefng tr\u1ea3i nghi\u1ec7m m\u1edbi c\u00f9ng v\u1edbi s\u1ef1 r\u0103n d\u1ea1y c\u1ee7a b\u00e0 \u0111\u00e3 gi\u00fap cho c\u1eadu nh\u00f3c Akihiro ng\u00e0y c\u00e0ng tr\u01b0\u1edfng th\u00e0nh h\u01a1n.<\/p>\n<p>M\u1eddi c\u00e1c b\u1ea1n ti\u1ebfp t\u1ee5c \u0111\u00f3n \u0111\u1ecdc t\u00e1m ch\u01b0\u01a1ng truy\u1ec7n tr\u00e0n ng\u1eadp y\u00eau th\u01b0\u01a1ng v\u1edbi \u0111\u1ee7 bi h\u00e0i v\u1ec1 tu\u1ed5i th\u01a1 c\u1ee7a c\u1eadu b\u00e9 Akihiro b\u00ean ng\u01b0\u1eddi b\u00e0 t\u00e0i gi\u1ecfi \u201cd\u1eef th\u1ea7n\u201d nh\u00e9!<\/p>\n","protected":false},"excerpt":{"rendered":"<p>C\u1eadu b\u00e9 Akihiro b\u1ecb m\u1eb9 \u201c\u0111\u1ea9y\u201d l\u00ean chuy\u1ebfn t\u00e0u \u0111\u1ebfn Saga n\u0103m n\u00e0o gi\u1edd \u0111\u00e3 quen thu\u1ed9c v\u1edbi cu\u1ed9c s\u1ed1ng ngh\u00e8o kh\u00f3 m\u00e0 \u0111\u1ea7y \u1eafp ti\u1ebfng c\u01b0\u1eddi b\u00ean ng\u01b0\u1eddi b\u00e0 t\u00e0i gi\u1ecfi. D\u00f9 v\u1eabn c\u00f2n ham ch\u01a1i ngh\u1ecbch ng\u1ee3m nh\u01b0ng Akihiro \u0111\u00e3 hi\u1ec3u chuy\u1ec7n h\u01a1n r\u1ea5t nhi\u1ec1u, bi\u1ebft ph\u1ee5 gi\u00fap b\u00e0 c\u00e1c c\u00f4ng vi\u1ec7c trong nh\u00e0.<\/p>\n<p>V\u00ec kh\u00f4ng \u0111\u01b0\u1ee3c \u1edf b\u00ean m\u1eb9 n\u00ean Akihiro l\u00fac n\u00e0o c\u0169ng mong ng\u00f3ng ng\u00e0y m\u1eb9 t\u1eeb Hiroshima xu\u1ed1ng th\u0103m. Th\u1ebf nh\u01b0ng l\u1ea7n n\u00e0y, ng\u01b0\u1eddi xu\u1ed1ng th\u0103m c\u1eadu l\u1ea1i l\u00e0 anh trai Yoshinori \u0111\u00e3 l\u00e2u kh\u00f4ng g\u1eb7p? L\u1ea7n \u0111\u1ea7u ti\u00ean \u0111\u1eb7t ch\u00e2n \u0111\u1ebfn v\u00f9ng \u0111\u1ea5t Saga ngh\u00e8o kh\u00f3, anh trai c\u1eadu nh\u00f3c s\u1ebd c\u1ea3m th\u1ea5y th\u1ebf n\u00e0o? Li\u1ec7u c\u00f3 ph\u1ea3n \u1ee9ng c\u1ee7a anh c\u00f3 gi\u1ed1ng Akihiro nh\u1eefng ng\u00e0y \u0111\u1ea7u \u1edf \u0111\u00e2y kh\u00f4ng?<\/p>\n<p>L\u1edbn l\u00ean t\u1ea1i v\u00f9ng qu\u00ea Saga y\u00ean b\u00ecnh vui v\u1ebb, Akihiro \u0111\u00e3 c\u00f3 nh\u1eefng tr\u1ea3i nghi\u1ec7m \u0111\u1eb7c bi\u1ec7t nh\u1edb m\u00e3i kh\u00f4ng qu\u00ean. \u0110\u00f3 l\u00e0 l\u1ea7n \u0111\u1ea7u ti\u00ean \u0111\u01b0\u1ee3c l\u00e0m ch\u00e2n sai v\u1eb7t gi\u00fap b\u00e0, m\u1ed9t m\u00ecnh sang t\u1eadn th\u1ecb tr\u1ea5n kh\u00e1c \u0111\u1ec3 giao \u0111\u1ed3. \u0110\u00f3 l\u00e0 tr\u1ea1i hu\u1ea5n luy\u1ec7n m\u00f9a h\u00e8 ba ng\u00e0y hai \u0111\u00eam t\u1ea1i ch\u00f9a c\u00f9ng v\u1edbi v\u1ecb s\u01b0 th\u1ea7y ch\u1eb3ng gi\u1ed1ng ai. \u0110\u00f3 l\u00e0 khi m\u1ed9t anh kh\u1ed1i tr\u00ean b\u1ecb c\u1ea3 tr\u01b0\u1eddng xa l\u00e1nh v\u00e0 b\u1eaft n\u1ea1t, Akihiro v\u00e0 Nanri \u0111\u00e3 c\u00f9ng nhau \u0111\u1ee9ng l\u00ean b\u1ea3o v\u1ec7 anh \u1ea5y. Nh\u1eefng tr\u1ea3i nghi\u1ec7m m\u1edbi c\u00f9ng v\u1edbi s\u1ef1 r\u0103n d\u1ea1y c\u1ee7a b\u00e0 \u0111\u00e3 gi\u00fap cho c\u1eadu nh\u00f3c Akihiro ng\u00e0y c\u00e0ng tr\u01b0\u1edfng th\u00e0nh h\u01a1n.<\/p>\n<p>M\u1eddi c\u00e1c b\u1ea1n ti\u1ebfp t\u1ee5c \u0111\u00f3n \u0111\u1ecdc t\u00e1m ch\u01b0\u01a1ng truy\u1ec7n tr\u00e0n ng\u1eadp y\u00eau th\u01b0\u01a1ng v\u1edbi \u0111\u1ee7 bi h\u00e0i v\u1ec1 tu\u1ed5i th\u01a1 c\u1ee7a c\u1eadu b\u00e9 Akihiro b\u00ean ng\u01b0\u1eddi b\u00e0 t\u00e0i gi\u1ecfi \u201cd\u1eef th\u1ea7n\u201d nh\u00e9!<\/p>\n","protected":false},"featured_media":17901,"template":"","meta":{"_acf_changed":false},"product_brand":[],"product_cat":[29],"product_tag":[],"class_list":{"0":"post-17902","1":"product","2":"type-product","3":"status-publish","4":"has-post-thumbnail","6":"product_cat-manga-comics","8":"first","9":"outofstock","10":"taxable","11":"shipping-taxable","12":"purchasable","13":"product-type-simple"},"supplier_id":null,"supplier_sku":"","barcode":null,"atum_controlled":true,"out_stock_date":"2023-05-31 13:53:54","out_stock_threshold":null,"inheritable":false,"inbound_stock":0,"stock_on_hold":0,"sold_today":0,"sales_last_days":0,"reserved_stock":0,"customer_returns":0,"warehouse_damage":0,"lost_in_post":0,"other_logs":0,"out_stock_days":973,"lost_sales":0,"has_location":true,"update_date":"2026-01-28T23:11:01","atum_locations":[{"id":32,"name":"Helsinki","slug":"helsinki"}],"atum_stock_status":"outofstock","restock_status":false,"low_stock_amount":"","sales_update_date":"2026-01-28T23:11:01","calc_backorders":null,"acf":{"publisher":{"ID":15071,"post_author":"1","post_date":"2021-08-04 14:50:26","post_date_gmt":"2021-08-04 11:50:26","post_content":"","post_title":"SkyComics","post_excerpt":"","post_status":"publish","comment_status":"closed","ping_status":"closed","post_password":"","post_name":"skycomics","to_ping":"","pinged":"","post_modified":"2021-08-04 14:50:26","post_modified_gmt":"2021-08-04 11:50:26","post_content_filtered":"","post_parent":0,"guid":"https:\/\/sachviet.eu\/nha-phat-hanh\/skycomics\/","menu_order":0,"post_type":"publisher","post_mime_type":"","comment_count":"0","filter":"raw"}},"_links":{"self":[{"href":"https:\/\/sachviet.eu\/en\/wp-json\/wp\/v2\/product\/17902","targetHints":{"allow":["GET"]}}],"collection":[{"href":"https:\/\/sachviet.eu\/en\/wp-json\/wp\/v2\/product"}],"about":[{"href":"https:\/\/sachviet.eu\/en\/wp-json\/wp\/v2\/types\/product"}],"wp:featuredmedia":[{"embeddable":true,"href":"https:\/\/sachviet.eu\/en\/wp-json\/wp\/v2\/media\/17901"}],"wp:attachment":[{"href":"https:\/\/sachviet.eu\/en\/wp-json\/wp\/v2\/media?parent=17902"}],"wp:term":[{"taxonomy":"product_brand","embeddable":true,"href":"https:\/\/sachviet.eu\/en\/wp-json\/wp\/v2\/product_brand?post=17902"},{"taxonomy":"product_cat","embeddable":true,"href":"https:\/\/sachviet.eu\/en\/wp-json\/wp\/v2\/product_cat?post=17902"},{"taxonomy":"product_tag","embeddable":true,"href":"https:\/\/sachviet.eu\/en\/wp-json\/wp\/v2\/product_tag?post=17902"}],"curies":[{"name":"wp","href":"https:\/\/api.w.org\/{rel}","templated":true}]}}