{"id":17900,"date":"2022-04-09T17:43:56","date_gmt":"2022-04-09T14:43:56","guid":{"rendered":"https:\/\/sachviet.eu\/shop\/lan-dau-lam-cha\/"},"modified":"2022-12-19T18:20:17","modified_gmt":"2022-12-19T16:20:17","slug":"lan-dau-lam-cha","status":"publish","type":"product","link":"https:\/\/sachviet.eu\/en\/shop\/lan-dau-lam-cha\/","title":{"rendered":"L\u1ea7n \u0110\u1ea7u L\u00e0m Cha"},"content":{"rendered":"<p>Khi n\u00e0o ta bi\u1ebft \u0111\u01b0\u1ee3c gi\u1edbi t\u00ednh c\u1ee7a b\u00e9?<br \/>\n\u00d4ng b\u1ed1 kh\u00f4ng tham d\u1ef1 ca sinh c\u00f3 ph\u1ea3i l\u00e0 m\u1ed9t \u00f4ng b\u1ed1 t\u1ed3i?<br \/>\nL\u00e0m sao \u0111\u1ec3 chu\u1ea9n b\u1ecb b\u00ecnh s\u1eefa cho b\u00e9 c\u01b0ng?<br \/>\nC\u00e1c b\u1ed1 c\u00f3 kh\u1ea3 n\u0103ng b\u1ecb bu\u1ed3n ch\u00e1n sau sinh kh\u00f4ng?<br \/>\nC\u00f4ng vi\u1ec7c c\u0103ng nh\u01b0 d\u00e2y \u0111\u00e0n, n\u1ebfu ph\u1ea3i th\u1ee9c \u0111\u00eam ch\u0103m con ta s\u1ebd g\u1ee5c m\u1ea5t. C\u00f3 c\u00e1ch n\u00e0o \u0111\u1ec3 thu x\u1ebfp \u1ed5n th\u1ecfa?<br \/>\nM\u1ecdi th\u1ee9 \u0111\u1ec1u ch\u1ec9 xoay quanh con, l\u00e0m sao \u0111\u1ec3 ta v\u00e0 v\u1ee3 c\u00f3 \u0111\u1eddi s\u1ed1ng ri\u00eang m\u00ecnh?<br \/>\nTh\u1eddi \u0111i\u1ec3m ch\u1eadp ch\u1eefng l\u00e0m cha c\u0169ng l\u00e0 l\u00fac b\u1ea1n ph\u1ea3i \u0111\u01b0\u01a1ng \u0111\u1ea7u v\u1edbi mu\u00f4n v\u00e0n c\u00e2u h\u1ecfi. D\u00f9 nghi\u00eam t\u00fac hay b\u00f4ng l\u01a1n, v\u1eb7t v\u00e3nh hay x\u00e1c \u0111\u00e1ng, m\u1ed7i c\u00e2u h\u1ecfi \u0111\u1ec1u tr\u1ecdng \u0111\u1ea1i v\u00e0 c\u1ea7n thi\u1ebft nh\u01b0 nhau. Cu\u1ed1n c\u1ea9m nang tr\u00ean tay b\u1ea1n \u0111\u00e2y l\u00e0 l\u1eddi h\u1ed3i \u0111\u00e1p m\u00e0 b\u1ea1n c\u1ea7n. Kh\u00f4ng gi\u00e1o \u0111i\u1ec1u, kh\u00f4ng d\u1ea1y b\u1ea3o, m\u00e0 l\u00e0 nh\u1eefng c\u00e2u tr\u1ea3 l\u1eddi th\u00e2n t\u00ecnh, nh\u1eefng th\u00f4ng tin thi\u1ebft th\u1ef1c, nh\u1eefng m\u1eb9o v\u1eb7t, nh\u1eefng l\u1eddi khuy\u00ean b\u1ed5 \u00edch cho \u00f4ng b\u1ed1 t\u01b0\u01a1ng lai. T\u1ea5t c\u1ea3 l\u00e0 h\u00e0nh trang tuy\u1ec7t v\u1eddi cho h\u00e0nh tr\u00ecnh phi th\u01b0\u1eddng \u1ea5y: cu\u1ed9c ch\u00e0o \u0111\u00f3n m\u1ed9t \u0111\u1ee9a tr\u1ebb ra \u0111\u1eddi!<\/p>\n","protected":false},"excerpt":{"rendered":"<p>Khi n\u00e0o ta bi\u1ebft \u0111\u01b0\u1ee3c gi\u1edbi t\u00ednh c\u1ee7a b\u00e9?<br \/>\n\u00d4ng b\u1ed1 kh\u00f4ng tham d\u1ef1 ca sinh c\u00f3 ph\u1ea3i l\u00e0 m\u1ed9t \u00f4ng b\u1ed1 t\u1ed3i?<br \/>\nL\u00e0m sao \u0111\u1ec3 chu\u1ea9n b\u1ecb b\u00ecnh s\u1eefa cho b\u00e9 c\u01b0ng?<br \/>\nC\u00e1c b\u1ed1 c\u00f3 kh\u1ea3 n\u0103ng b\u1ecb bu\u1ed3n ch\u00e1n sau sinh kh\u00f4ng?<br \/>\nC\u00f4ng vi\u1ec7c c\u0103ng nh\u01b0 d\u00e2y \u0111\u00e0n, n\u1ebfu ph\u1ea3i th\u1ee9c \u0111\u00eam ch\u0103m con ta s\u1ebd g\u1ee5c m\u1ea5t. C\u00f3 c\u00e1ch n\u00e0o \u0111\u1ec3 thu x\u1ebfp \u1ed5n th\u1ecfa?<br \/>\nM\u1ecdi th\u1ee9 \u0111\u1ec1u ch\u1ec9 xoay quanh con, l\u00e0m sao \u0111\u1ec3 ta v\u00e0 v\u1ee3 c\u00f3 \u0111\u1eddi s\u1ed1ng ri\u00eang m\u00ecnh?<br \/>\nTh\u1eddi \u0111i\u1ec3m ch\u1eadp ch\u1eefng l\u00e0m cha c\u0169ng l\u00e0 l\u00fac b\u1ea1n ph\u1ea3i \u0111\u01b0\u01a1ng \u0111\u1ea7u v\u1edbi mu\u00f4n v\u00e0n c\u00e2u h\u1ecfi. D\u00f9 nghi\u00eam t\u00fac hay b\u00f4ng l\u01a1n, v\u1eb7t v\u00e3nh hay x\u00e1c \u0111\u00e1ng, m\u1ed7i c\u00e2u h\u1ecfi \u0111\u1ec1u tr\u1ecdng \u0111\u1ea1i v\u00e0 c\u1ea7n thi\u1ebft nh\u01b0 nhau. Cu\u1ed1n c\u1ea9m nang tr\u00ean tay b\u1ea1n \u0111\u00e2y l\u00e0 l\u1eddi h\u1ed3i \u0111\u00e1p m\u00e0 b\u1ea1n c\u1ea7n. Kh\u00f4ng gi\u00e1o \u0111i\u1ec1u, kh\u00f4ng d\u1ea1y b\u1ea3o, m\u00e0 l\u00e0 nh\u1eefng c\u00e2u tr\u1ea3 l\u1eddi th\u00e2n t\u00ecnh, nh\u1eefng th\u00f4ng tin thi\u1ebft th\u1ef1c, nh\u1eefng m\u1eb9o v\u1eb7t, nh\u1eefng l\u1eddi khuy\u00ean b\u1ed5 \u00edch cho \u00f4ng b\u1ed1 t\u01b0\u01a1ng lai. T\u1ea5t c\u1ea3 l\u00e0 h\u00e0nh trang tuy\u1ec7t v\u1eddi cho h\u00e0nh tr\u00ecnh phi th\u01b0\u1eddng \u1ea5y: cu\u1ed9c ch\u00e0o \u0111\u00f3n m\u1ed9t \u0111\u1ee9a tr\u1ebb ra \u0111\u1eddi!<\/p>\n","protected":false},"featured_media":17899,"template":"","meta":{"_acf_changed":false},"product_brand":[],"product_cat":[19],"product_tag":[],"class_list":{"0":"post-17900","1":"product","2":"type-product","3":"status-publish","4":"has-post-thumbnail","6":"product_cat-nuoi-day-con","8":"first","9":"instock","10":"taxable","11":"shipping-taxable","12":"purchasable","13":"product-type-simple"},"supplier_id":null,"supplier_sku":"","barcode":null,"atum_controlled":true,"out_stock_date":null,"out_stock_threshold":null,"inheritable":false,"inbound_stock":0,"stock_on_hold":0,"sold_today":0,"sales_last_days":0,"reserved_stock":0,"customer_returns":0,"warehouse_damage":0,"lost_in_post":0,"other_logs":0,"out_stock_days":0,"lost_sales":0,"has_location":false,"update_date":"2026-01-28T23:11:01","atum_locations":[{"id":32,"name":"Helsinki","slug":"helsinki"}],"atum_stock_status":"instock","restock_status":false,"low_stock_amount":"","sales_update_date":"2026-01-28T23:11:01","calc_backorders":null,"acf":{"publisher":{"ID":1544,"post_author":"1","post_date":"2021-02-17 01:24:05","post_date_gmt":"2021-02-16 23:24:05","post_content":"","post_title":"\u0110\u00f4ng A","post_excerpt":"","post_status":"publish","comment_status":"closed","ping_status":"closed","post_password":"","post_name":"dong-a","to_ping":"","pinged":"","post_modified":"2021-02-17 01:24:05","post_modified_gmt":"2021-02-16 23:24:05","post_content_filtered":"","post_parent":0,"guid":"https:\/\/sachviet.eu\/nha-phat-hanh\/dong-a\/","menu_order":0,"post_type":"publisher","post_mime_type":"","comment_count":"0","filter":"raw"}},"_links":{"self":[{"href":"https:\/\/sachviet.eu\/en\/wp-json\/wp\/v2\/product\/17900","targetHints":{"allow":["GET"]}}],"collection":[{"href":"https:\/\/sachviet.eu\/en\/wp-json\/wp\/v2\/product"}],"about":[{"href":"https:\/\/sachviet.eu\/en\/wp-json\/wp\/v2\/types\/product"}],"wp:featuredmedia":[{"embeddable":true,"href":"https:\/\/sachviet.eu\/en\/wp-json\/wp\/v2\/media\/17899"}],"wp:attachment":[{"href":"https:\/\/sachviet.eu\/en\/wp-json\/wp\/v2\/media?parent=17900"}],"wp:term":[{"taxonomy":"product_brand","embeddable":true,"href":"https:\/\/sachviet.eu\/en\/wp-json\/wp\/v2\/product_brand?post=17900"},{"taxonomy":"product_cat","embeddable":true,"href":"https:\/\/sachviet.eu\/en\/wp-json\/wp\/v2\/product_cat?post=17900"},{"taxonomy":"product_tag","embeddable":true,"href":"https:\/\/sachviet.eu\/en\/wp-json\/wp\/v2\/product_tag?post=17900"}],"curies":[{"name":"wp","href":"https:\/\/api.w.org\/{rel}","templated":true}]}}