{"id":17898,"date":"2022-04-09T17:43:50","date_gmt":"2022-04-09T14:43:50","guid":{"rendered":"https:\/\/sachviet.eu\/shop\/dia-nguc-mon-tap-1\/"},"modified":"2022-12-19T18:20:25","modified_gmt":"2022-12-19T16:20:25","slug":"dia-nguc-mon-tap-1","status":"publish","type":"product","link":"https:\/\/sachviet.eu\/en\/shop\/dia-nguc-mon-tap-1\/","title":{"rendered":"\u0110\u1ecba Ng\u1ee5c M\u00f4n &#8211; T\u1eadp 1"},"content":{"rendered":"<p>\u0110\u1ecba Ng\u1ee5c M\u00f4n &#8211; T\u1eadp 1<\/p>\n<p>\u0110\u1ecba Ng\u1ee5c M\u00f4n l\u00e0 c\u00e2u chuy\u1ec7n k\u1ec3 v\u1ec1 1 c\u00f4 g\u00e1i b\u1ea5t ng\u1edd b\u1ecb \u0111\u01b0a xu\u1ed1ng \u0111\u1ecba ng\u1ee5c, kh\u00f4ng \u0111\u00e0nh l\u00f2ng v\u1edbi c\u00e1i ch\u1ebft c\u1ee7a m\u00ecnh, c\u00f4 quy\u1ebft t\u00e2m t\u00ecm hi\u1ec3u nguy\u00ean nh\u00e2n. Tr\u1ea3i qua cu\u1ed9c h\u00e0nh tr\u00ecnh d\u00e0i d\u01b0\u1edbi \u0111\u1ecba ng\u1ee5c, nh\u00e2n v\u1eadt ch\u00ednh d\u1ea7n d\u1ea7n hi\u1ec3u th\u00eam v\u1ec1 gi\u00e1 tr\u1ecb c\u1ee7a cu\u1ed9c s\u1ed1ng, c\u0169ng nh\u01b0 th\u1ea5y tr\u00e2n tr\u1ecdng nh\u1eefng m\u1ed1i quan h\u1ec7, nh\u1eefng r\u00e0ng bu\u1ed9c g\u1eafn b\u00f3 c\u1ee7a c\u00f4 khi c\u00f2n \u1edf d\u01b0\u01a1ng th\u1ebf.<\/p>\n<p>Trong t\u1eadp 1, nh\u00e2n v\u1eadt n\u1eef ch\u00ednh sau khi l\u1ea1c xu\u1ed1ng \u0111\u1ecba ng\u1ee5c \u0111\u00e3 nh\u1eadn \u0111\u01b0\u1ee3c s\u1ef1 gi\u00fap \u0111\u1ee1 t\u1eeb m\u1ed9t ch\u00e0ng trai l\u1ea1 m\u1eb7t. Nhi\u1ec1u t\u00ecnh ti\u1ebft m\u1edbi \u0111\u01b0\u1ee3c h\u00e9 l\u1ed9, mang l\u1ea1i nhi\u1ec1u \u0111i\u1ec1u b\u1ea5t ng\u1edd h\u1ea5p d\u1eabn cho \u0111\u1ed9c gi\u1ea3. C\u00e2u chuy\u1ec7n v\u1ec1 t\u00ecnh th\u00e2n, t\u00ecnh y\u00eau \u0111\u01b0\u1ee3c khai th\u00e1c \u1edf nhi\u1ec1u g\u00f3c \u0111\u1ed9 nh\u00e2n v\u0103n.<\/p>\n<p>B\u1ed9 truy\u1ec7n ph\u1ee5c v\u1ee5 cho b\u1ea1n \u0111\u1ecdc c\u00f3 \u0111\u1ed9 tu\u1ed5i tr\u00ean 16 tu\u1ed5i. \u0110\u00e2y l\u00e0 m\u1ed9t c\u00e2u chuy\u1ec7n \u0111\u1ec1 cao t\u00ecnh c\u1ea3m con ng\u01b0\u1eddi v\u1edbi \u00fd ngh\u0129a nh\u00e2n v\u0103n s\u00e2u s\u1eafc, \u0111\u1eb7c bi\u1ec7t khi c\u00f3 s\u1ef1 b\u1ea5t ng\u1edd \u0111\u01b0\u1ee3c ti\u1ebft l\u1ed9 \u1edf ph\u00fat ch\u00f3t.<\/p>\n","protected":false},"excerpt":{"rendered":"<p>\u0110\u1ecba Ng\u1ee5c M\u00f4n &#8211; T\u1eadp 1<\/p>\n<p>\u0110\u1ecba Ng\u1ee5c M\u00f4n l\u00e0 c\u00e2u chuy\u1ec7n k\u1ec3 v\u1ec1 1 c\u00f4 g\u00e1i b\u1ea5t ng\u1edd b\u1ecb \u0111\u01b0a xu\u1ed1ng \u0111\u1ecba ng\u1ee5c, kh\u00f4ng \u0111\u00e0nh l\u00f2ng v\u1edbi c\u00e1i ch\u1ebft c\u1ee7a m\u00ecnh, c\u00f4 quy\u1ebft t\u00e2m t\u00ecm hi\u1ec3u nguy\u00ean nh\u00e2n. Tr\u1ea3i qua cu\u1ed9c h\u00e0nh tr\u00ecnh d\u00e0i d\u01b0\u1edbi \u0111\u1ecba ng\u1ee5c, nh\u00e2n v\u1eadt ch\u00ednh d\u1ea7n d\u1ea7n hi\u1ec3u th\u00eam v\u1ec1 gi\u00e1 tr\u1ecb c\u1ee7a cu\u1ed9c s\u1ed1ng, c\u0169ng nh\u01b0 th\u1ea5y tr\u00e2n tr\u1ecdng nh\u1eefng m\u1ed1i quan h\u1ec7, nh\u1eefng r\u00e0ng bu\u1ed9c g\u1eafn b\u00f3 c\u1ee7a c\u00f4 khi c\u00f2n \u1edf d\u01b0\u01a1ng th\u1ebf.<\/p>\n<p>Trong t\u1eadp 1, nh\u00e2n v\u1eadt n\u1eef ch\u00ednh sau khi l\u1ea1c xu\u1ed1ng \u0111\u1ecba ng\u1ee5c \u0111\u00e3 nh\u1eadn \u0111\u01b0\u1ee3c s\u1ef1 gi\u00fap \u0111\u1ee1 t\u1eeb m\u1ed9t ch\u00e0ng trai l\u1ea1 m\u1eb7t. Nhi\u1ec1u t\u00ecnh ti\u1ebft m\u1edbi \u0111\u01b0\u1ee3c h\u00e9 l\u1ed9, mang l\u1ea1i nhi\u1ec1u \u0111i\u1ec1u b\u1ea5t ng\u1edd h\u1ea5p d\u1eabn cho \u0111\u1ed9c gi\u1ea3. C\u00e2u chuy\u1ec7n v\u1ec1 t\u00ecnh th\u00e2n, t\u00ecnh y\u00eau \u0111\u01b0\u1ee3c khai th\u00e1c \u1edf nhi\u1ec1u g\u00f3c \u0111\u1ed9 nh\u00e2n v\u0103n.<\/p>\n<p>B\u1ed9 truy\u1ec7n ph\u1ee5c v\u1ee5 cho b\u1ea1n \u0111\u1ecdc c\u00f3 \u0111\u1ed9 tu\u1ed5i tr\u00ean 16 tu\u1ed5i. \u0110\u00e2y l\u00e0 m\u1ed9t c\u00e2u chuy\u1ec7n \u0111\u1ec1 cao t\u00ecnh c\u1ea3m con ng\u01b0\u1eddi v\u1edbi \u00fd ngh\u0129a nh\u00e2n v\u0103n s\u00e2u s\u1eafc, \u0111\u1eb7c bi\u1ec7t khi c\u00f3 s\u1ef1 b\u1ea5t ng\u1edd \u0111\u01b0\u1ee3c ti\u1ebft l\u1ed9 \u1edf ph\u00fat ch\u00f3t.<\/p>\n","protected":false},"featured_media":17894,"template":"","meta":{"_acf_changed":false},"product_brand":[],"product_cat":[29,15,72],"product_tag":[],"class_list":{"0":"post-17898","1":"product","2":"type-product","3":"status-publish","4":"has-post-thumbnail","6":"product_cat-manga-comics","7":"product_cat-sach-danh-cho-nguoi-lon","8":"product_cat-trinh-tham-kinh-di","10":"first","11":"outofstock","12":"taxable","13":"shipping-taxable","14":"purchasable","15":"product-type-simple"},"supplier_id":null,"supplier_sku":"","barcode":null,"atum_controlled":true,"out_stock_date":"2022-04-10 19:58:31","out_stock_threshold":null,"inheritable":false,"inbound_stock":0,"stock_on_hold":0,"sold_today":0,"sales_last_days":0,"reserved_stock":0,"customer_returns":0,"warehouse_damage":0,"lost_in_post":0,"other_logs":0,"out_stock_days":1389,"lost_sales":0,"has_location":false,"update_date":"2026-01-28T23:11:01","atum_locations":[],"atum_stock_status":"outofstock","restock_status":false,"low_stock_amount":"","sales_update_date":"2026-01-28T23:11:01","calc_backorders":null,"acf":{"publisher":{"ID":17817,"post_author":"1","post_date":"2022-04-09 17:39:17","post_date_gmt":"2022-04-09 14:39:17","post_content":"","post_title":"Comicola","post_excerpt":"","post_status":"publish","comment_status":"closed","ping_status":"closed","post_password":"","post_name":"comicola","to_ping":"","pinged":"","post_modified":"2022-04-09 17:39:17","post_modified_gmt":"2022-04-09 14:39:17","post_content_filtered":"","post_parent":0,"guid":"https:\/\/sachviet.eu\/nha-phat-hanh\/comicola\/","menu_order":0,"post_type":"publisher","post_mime_type":"","comment_count":"0","filter":"raw"}},"_links":{"self":[{"href":"https:\/\/sachviet.eu\/en\/wp-json\/wp\/v2\/product\/17898","targetHints":{"allow":["GET"]}}],"collection":[{"href":"https:\/\/sachviet.eu\/en\/wp-json\/wp\/v2\/product"}],"about":[{"href":"https:\/\/sachviet.eu\/en\/wp-json\/wp\/v2\/types\/product"}],"wp:featuredmedia":[{"embeddable":true,"href":"https:\/\/sachviet.eu\/en\/wp-json\/wp\/v2\/media\/17894"}],"wp:attachment":[{"href":"https:\/\/sachviet.eu\/en\/wp-json\/wp\/v2\/media?parent=17898"}],"wp:term":[{"taxonomy":"product_brand","embeddable":true,"href":"https:\/\/sachviet.eu\/en\/wp-json\/wp\/v2\/product_brand?post=17898"},{"taxonomy":"product_cat","embeddable":true,"href":"https:\/\/sachviet.eu\/en\/wp-json\/wp\/v2\/product_cat?post=17898"},{"taxonomy":"product_tag","embeddable":true,"href":"https:\/\/sachviet.eu\/en\/wp-json\/wp\/v2\/product_tag?post=17898"}],"curies":[{"name":"wp","href":"https:\/\/api.w.org\/{rel}","templated":true}]}}