{"id":17882,"date":"2022-04-09T17:43:05","date_gmt":"2022-04-09T14:43:05","guid":{"rendered":"https:\/\/sachviet.eu\/shop\/thanh-guom-diet-quy-tap-22-vong-xoay-van-menh-ban-dac-biet-kem-huy-hieu\/"},"modified":"2022-12-19T21:59:51","modified_gmt":"2022-12-19T19:59:51","slug":"thanh-guom-diet-quy-tap-22-vong-xoay-van-menh-ban-dac-biet-kem-huy-hieu","status":"publish","type":"product","link":"https:\/\/sachviet.eu\/en\/shop\/thanh-guom-diet-quy-tap-22-vong-xoay-van-menh-ban-dac-biet-kem-huy-hieu\/","title":{"rendered":"Thanh G\u01b0\u01a1m Di\u1ec7t Qu\u1ef7 &#8211; T\u1eadp 22: V\u00f2ng Xoay V\u1eadn M\u1ec7nh &#8211; B\u1ea3n \u0110\u1eb7c Bi\u1ec7t (K\u00e8m Huy Hi\u1ec7u)"},"content":{"rendered":"<p>C\u00f2n 1 ti\u1ebfng \u0111\u1ebfn khi tr\u1eddi s\u00e1ng, tr\u1eadn kh\u1ed5 chi\u1ebfn v\u1edbi Muzan c\u00e0ng l\u00fac c\u00e0ng cam go. T\u1ea5t c\u1ea3 c\u00e1c Tr\u1ee5 c\u1ed9t c\u00f2n l\u1ea1i \u0111\u1ec1u d\u1ed3n h\u1ebft s\u1ee9c chi\u1ebfn \u0111\u1ea5u, nh\u01b0ng li\u1ec7u l\u01b0\u1ee1i g\u01b0\u01a1m c\u1ee7a h\u1ecd c\u00f3 ch\u1ea1m \u0111\u01b0\u1ee3c \u0111\u1ebfn h\u1eafn!?<\/p>\n<p>V\u00e0 Tanjiro \u0111\u00e3 tr\u00fang m\u1ed9t \u0111\u00f2n c\u1ee7a Muzan s\u1ebd ra sao\u2026?<\/p>\n<p>C\u00e1i ch\u1ebft \u0111ang \u0111\u1ebfn r\u1ea5t g\u1ea7n, tr\u1eadn chi\u1ebfn \u0111\u00e3 l\u00ean \u0111\u1ebfn \u0111\u1ec9nh \u0111i\u1ec3m\u2026!!<\/p>\n<p>V\u1edbi m\u1ed9t SET \u0111\u1eb7c bi\u1ec7t, c\u00e1c Fan s\u1ebd \u0111\u01b0\u1ee3c s\u1edf h\u1eefu:<\/p>\n<p>&#8211;          01 cu\u1ed1n Manga Thanh g\u01b0\u01a1m di\u1ec7t qu\u1ef7 T\u1eadp 22<\/p>\n<p>&#8211;          01 cu\u1ed1n Ph\u1ee5 l\u1ee5c \u0111\u1ed9c quy\u1ec1n: B\u00e1o c\u00e1o \u0111\u1eb7c bi\u1ec7t c\u1ee7a \u0111\u1ed9i Di\u1ec7t Qu\u1ef7<\/p>\n<p>&#8211;          01 b\u1ed9 huy hi\u1ec7u g\u1ed3m 8 chi\u1ebfc, \u0111\u01b0\u1ee3c gia c\u00f4ng \u0111\u1eb7c bi\u1ec7t v\u1edbi 2 k\u00edch c\u1ee1 kh\u00e1c nhau, \u0111\u00f3ng trong h\u1ed9p thi\u1ebft k\u1ebf \u0111\u1eb9p m\u1eaft (Lo\u1ea1i l\u1edbn: 2 chi\u1ebfc \u0111\u01b0\u1eddng k\u00ednh 70mm; Lo\u1ea1i nh\u1ecf: 6 chi\u1ebfc \u0111\u01b0\u1eddng k\u00ednh 38mm)<\/p>\n<p>T\u1ea5t c\u1ea3 v\u1eabn \u0111\u01b0\u1ee3c b\u1ecdc l\u00f3t b\u1ea3o v\u1ec7 c\u1ea9n th\u1eadn, \u0111\u00f3ng trong m\u1ed9t t\u1ea5m b\u00eca ngo\u00e0i \u0111\u01b0\u1ee3c thi\u1ebft k\u1ebf t\u1ec9 m\u1ec9 v\u00e0 c\u00f3 m\u00e0ng co. \u0110\u1ea3m b\u1ea3o ch\u1ea5t l\u01b0\u1ee3ng kh\u00f4ng thua g\u00ec phi\u00ean b\u1ea3n g\u1ed1c, v\u1ed1n \u0111\u00e3 \u0111\u01b0\u1ee3c c\u00e1c Fan t\u1ea1i Nh\u1eadt b\u1ea3n c\u0169ng nh\u01b0 nhi\u1ec1u n\u01b0\u1edbc s\u0103n l\u00f9ng!!<\/p>\n<p>\u0110\u1eebng b\u1ecf l\u1ee1 c\u01a1 h\u1ed9i c\u00f3 m\u1ed9t kh\u00f4ng hai v\u1edbi \u1ea5n ph\u1ea9m c\u1ef1c k\u00ec n\u1eb7ng k\u00ed n\u00e0y nh\u00e9!! <\/p>\n","protected":false},"excerpt":{"rendered":"<p>C\u00f2n 1 ti\u1ebfng \u0111\u1ebfn khi tr\u1eddi s\u00e1ng, tr\u1eadn kh\u1ed5 chi\u1ebfn v\u1edbi Muzan c\u00e0ng l\u00fac c\u00e0ng cam go. T\u1ea5t c\u1ea3 c\u00e1c Tr\u1ee5 c\u1ed9t c\u00f2n l\u1ea1i \u0111\u1ec1u d\u1ed3n h\u1ebft s\u1ee9c chi\u1ebfn \u0111\u1ea5u, nh\u01b0ng li\u1ec7u l\u01b0\u1ee1i g\u01b0\u01a1m c\u1ee7a h\u1ecd c\u00f3 ch\u1ea1m \u0111\u01b0\u1ee3c \u0111\u1ebfn h\u1eafn!?<\/p>\n<p>V\u00e0 Tanjiro \u0111\u00e3 tr\u00fang m\u1ed9t \u0111\u00f2n c\u1ee7a Muzan s\u1ebd ra sao\u2026?<\/p>\n<p>C\u00e1i ch\u1ebft \u0111ang \u0111\u1ebfn r\u1ea5t g\u1ea7n, tr\u1eadn chi\u1ebfn \u0111\u00e3 l\u00ean \u0111\u1ebfn \u0111\u1ec9nh \u0111i\u1ec3m\u2026!!<\/p>\n<p>V\u1edbi m\u1ed9t SET \u0111\u1eb7c bi\u1ec7t, c\u00e1c Fan s\u1ebd \u0111\u01b0\u1ee3c s\u1edf h\u1eefu:<\/p>\n<p>&#8211;          01 cu\u1ed1n Manga Thanh g\u01b0\u01a1m di\u1ec7t qu\u1ef7 T\u1eadp 22<\/p>\n<p>&#8211;          01 cu\u1ed1n Ph\u1ee5 l\u1ee5c \u0111\u1ed9c quy\u1ec1n: B\u00e1o c\u00e1o \u0111\u1eb7c bi\u1ec7t c\u1ee7a \u0111\u1ed9i Di\u1ec7t Qu\u1ef7<\/p>\n<p>&#8211;          01 b\u1ed9 huy hi\u1ec7u g\u1ed3m 8 chi\u1ebfc, \u0111\u01b0\u1ee3c gia c\u00f4ng \u0111\u1eb7c bi\u1ec7t v\u1edbi 2 k\u00edch c\u1ee1 kh\u00e1c nhau, \u0111\u00f3ng trong h\u1ed9p thi\u1ebft k\u1ebf \u0111\u1eb9p m\u1eaft (Lo\u1ea1i l\u1edbn: 2 chi\u1ebfc \u0111\u01b0\u1eddng k\u00ednh 70mm; Lo\u1ea1i nh\u1ecf: 6 chi\u1ebfc \u0111\u01b0\u1eddng k\u00ednh 38mm)<\/p>\n<p>T\u1ea5t c\u1ea3 v\u1eabn \u0111\u01b0\u1ee3c b\u1ecdc l\u00f3t b\u1ea3o v\u1ec7 c\u1ea9n th\u1eadn, \u0111\u00f3ng trong m\u1ed9t t\u1ea5m b\u00eca ngo\u00e0i \u0111\u01b0\u1ee3c thi\u1ebft k\u1ebf t\u1ec9 m\u1ec9 v\u00e0 c\u00f3 m\u00e0ng co. \u0110\u1ea3m b\u1ea3o ch\u1ea5t l\u01b0\u1ee3ng kh\u00f4ng thua g\u00ec phi\u00ean b\u1ea3n g\u1ed1c, v\u1ed1n \u0111\u00e3 \u0111\u01b0\u1ee3c c\u00e1c Fan t\u1ea1i Nh\u1eadt b\u1ea3n c\u0169ng nh\u01b0 nhi\u1ec1u n\u01b0\u1edbc s\u0103n l\u00f9ng!!<\/p>\n<p>\u0110\u1eebng b\u1ecf l\u1ee1 c\u01a1 h\u1ed9i c\u00f3 m\u1ed9t kh\u00f4ng hai v\u1edbi \u1ea5n ph\u1ea9m c\u1ef1c k\u00ec n\u1eb7ng k\u00ed n\u00e0y nh\u00e9!!<\/p>\n","protected":false},"featured_media":17880,"template":"","meta":{"_acf_changed":false},"product_brand":[],"product_cat":[29],"product_tag":[85],"class_list":{"0":"post-17882","1":"product","2":"type-product","3":"status-publish","4":"has-post-thumbnail","6":"product_cat-manga-comics","7":"product_tag-special-editions","9":"first","10":"outofstock","11":"taxable","12":"shipping-taxable","13":"purchasable","14":"product-type-simple"},"supplier_id":null,"supplier_sku":"","barcode":null,"atum_controlled":true,"out_stock_date":"2022-12-19 12:58:53","out_stock_threshold":null,"inheritable":false,"inbound_stock":0,"stock_on_hold":0,"sold_today":0,"sales_last_days":0,"reserved_stock":0,"customer_returns":0,"warehouse_damage":0,"lost_in_post":0,"other_logs":0,"out_stock_days":1136,"lost_sales":0,"has_location":false,"update_date":"2026-01-28T23:11:01","atum_locations":[{"id":32,"name":"Helsinki","slug":"helsinki"}],"atum_stock_status":"outofstock","restock_status":false,"low_stock_amount":"","sales_update_date":"2026-01-28T23:11:01","calc_backorders":null,"acf":{"publisher":{"ID":1454,"post_author":"1","post_date":"2021-02-17 01:11:34","post_date_gmt":"2021-02-16 23:11:34","post_content":"<!-- wp:flatsome\/uxbuilder -->\n<h1 style=\"text-align: center;\"><strong>Kim \u0110\u1ed3ng<\/strong><\/h1>\n[row]\n\n[col span=\"3\" span__sm=\"12\"]\n\n[ux_image id=\"1534\" image_size=\"medium\"]\n\n\n[\/col]\n[col span=\"9\" span__sm=\"12\"]\n\n<p>Nh\u00e0 xu\u1ea5t b\u1ea3n Kim \u0110\u1ed3ng tr\u1ef1c thu\u1ed9c Trung \u01b0\u01a1ng \u0110o\u00e0n TNCS H\u1ed3 Ch\u00ed Minh l\u00e0 Nh\u00e0 xu\u1ea5t b\u1ea3n t\u1ed5ng h\u1ee3p c\u00f3 ch\u1ee9c n\u0103ng xu\u1ea5t b\u1ea3n s\u00e1ch v\u00e0 v\u0103n h\u00f3a ph\u1ea9m ph\u1ee5c v\u1ee5 thi\u1ebfu nhi v\u00e0 c\u00e1c b\u1eadc ph\u1ee5 huynh trong c\u1ea3 n\u01b0\u1edbc, qu\u1ea3ng b\u00e1 v\u00e0 gi\u1edbi thi\u1ec7u v\u0103n h\u00f3a Vi\u1ec7t Nam ra th\u1ebf gi\u1edbi.<br \/>Nh\u00e0 xu\u1ea5t b\u1ea3n c\u00f3 nhi\u1ec7m v\u1ee5 t\u1ed5 ch\u1ee9c b\u1ea3n th\u1ea3o, bi\u00ean so\u1ea1n, bi\u00ean d\u1ecbch, xu\u1ea5t b\u1ea3n v\u00e0 ph\u00e1t h\u00e0nh c\u00e1c xu\u1ea5t b\u1ea3n ph\u1ea9m c\u00f3 n\u1ed9i dung: gi\u00e1o d\u1ee5c truy\u1ec1n th\u1ed1ng d\u00e2n t\u1ed9c, gi\u00e1o d\u1ee5c v\u1ec1 tri th\u1ee9c, ki\u1ebfn th\u1ee9c\u2026 tr\u00ean c\u00e1c l\u0129nh v\u1ef1c v\u0103n h\u1ecdc, ngh\u1ec7 thu\u1eadt, khoa h\u1ecdc k\u1ef9 thu\u1eadt nh\u1eb1m cung c\u1ea5p cho c\u00e1c em thi\u1ebfu nhi c\u0169ng nh\u01b0 c\u00e1c b\u1eadc ph\u1ee5 huynh c\u00e1c ki\u1ebfn th\u1ee9c c\u1ea7n thi\u1ebft trong cu\u1ed9c s\u1ed1ng, nh\u1eefng tinh hoa c\u1ee7a tri th\u1ee9c nh\u00e2n lo\u1ea1i nh\u1eb1m g\u00f3p ph\u1ea7n gi\u00e1o d\u1ee5c v\u00e0 h\u00ecnh th\u00e0nh nh\u00e2n c\u00e1ch th\u1ebf h\u1ec7 tr\u1ebb.<br \/>\u0110\u1ed1i t\u01b0\u1ee3ng ph\u1ee5c v\u1ee5 c\u1ee7a Nh\u00e0 xu\u1ea5t b\u1ea3n l\u00e0 c\u00e1c em t\u1eeb tu\u1ed5i nh\u00e0 tr\u1ebb m\u1eabu gi\u00e1o (1 \u0111\u1ebfn 5 tu\u1ed5i), nhi \u0111\u1ed3ng (6 \u0111\u1ebfn 9 tu\u1ed5i), thi\u1ebfu ni\u00ean (10 \u0111\u1ebfn 15 tu\u1ed5i) \u0111\u1ebfn c\u00e1c em tu\u1ed5i m\u1edbi l\u1edbn (16 \u0111\u1ebfn 18 tu\u1ed5i) v\u00e0 c\u00e1c b\u1eadc ph\u1ee5 huynh.<\/p>\n\n[\/col]\n\n[\/row]\n\n<!-- \/wp:flatsome\/uxbuilder -->","post_title":"Kim \u0110\u1ed3ng","post_excerpt":"","post_status":"publish","comment_status":"closed","ping_status":"closed","post_password":"","post_name":"kim-dong","to_ping":"","pinged":"","post_modified":"2021-02-17 01:31:56","post_modified_gmt":"2021-02-16 23:31:56","post_content_filtered":"","post_parent":0,"guid":"https:\/\/sachviet.eu\/nha-phat-hanh\/kim-dong\/","menu_order":0,"post_type":"publisher","post_mime_type":"","comment_count":"0","filter":"raw"}},"_links":{"self":[{"href":"https:\/\/sachviet.eu\/en\/wp-json\/wp\/v2\/product\/17882","targetHints":{"allow":["GET"]}}],"collection":[{"href":"https:\/\/sachviet.eu\/en\/wp-json\/wp\/v2\/product"}],"about":[{"href":"https:\/\/sachviet.eu\/en\/wp-json\/wp\/v2\/types\/product"}],"wp:featuredmedia":[{"embeddable":true,"href":"https:\/\/sachviet.eu\/en\/wp-json\/wp\/v2\/media\/17880"}],"wp:attachment":[{"href":"https:\/\/sachviet.eu\/en\/wp-json\/wp\/v2\/media?parent=17882"}],"wp:term":[{"taxonomy":"product_brand","embeddable":true,"href":"https:\/\/sachviet.eu\/en\/wp-json\/wp\/v2\/product_brand?post=17882"},{"taxonomy":"product_cat","embeddable":true,"href":"https:\/\/sachviet.eu\/en\/wp-json\/wp\/v2\/product_cat?post=17882"},{"taxonomy":"product_tag","embeddable":true,"href":"https:\/\/sachviet.eu\/en\/wp-json\/wp\/v2\/product_tag?post=17882"}],"curies":[{"name":"wp","href":"https:\/\/api.w.org\/{rel}","templated":true}]}}