{"id":17876,"date":"2022-04-09T17:42:45","date_gmt":"2022-04-09T14:42:45","guid":{"rendered":"https:\/\/sachviet.eu\/shop\/nhung-chang-trai-o-loc-phong-quan-tap-8\/"},"modified":"2024-08-25T22:41:45","modified_gmt":"2024-08-25T19:41:45","slug":"nhung-chang-trai-o-loc-phong-quan-tap-8","status":"publish","type":"product","link":"https:\/\/sachviet.eu\/en\/shop\/nhung-chang-trai-o-loc-phong-quan-tap-8\/","title":{"rendered":"Nh\u1eefng Ch\u00e0ng Trai \u1ede L\u1ed9c Phong Qu\u00e1n &#8211; T\u1eadp 8"},"content":{"rendered":"<p>Nh\u1eefng ch\u00e0ng trai \u1edf L\u1ed9c Phong Qu\u00e1n 8 \u2013 H\u00f4m nay v\u1ecb kh\u00e1ch n\u00e0o s\u1ebd gh\u00e9 qua?<br \/>\nTr\u00ean m\u1ed9t con ph\u1ed1 nh\u1ecf y\u00ean t\u0129nh, c\u00f3 m\u1ed9t ti\u1ec7m c\u00e0 ph\u00ea \u0111\u01b0\u1ee3c x\u00e2y d\u1ef1ng theo ki\u1ebfn tr\u00fac c\u1ed5 mang t\u00ean L\u1ed9c Phong Qu\u00e1n n\u1eb1m khu\u1ea5t sau nh\u1eefng r\u1eb7ng tre. C\u1eeda ti\u1ec7m \u0111\u01b0\u1ee3c c\u00e1c th\u1ef1c kh\u00e1ch y\u00eau th\u00edch kh\u00f4ng ch\u1ec9 b\u1edfi nh\u1eefng m\u00f3n \u0103n th\u1ee9c u\u1ed1ng v\u00f4 c\u00f9ng ngon mi\u1ec7ng m\u00e0 c\u00f2n nh\u1edd b\u1ed1n ch\u00e0ng nh\u00e2n vi\u00ean ph\u1ee5 v\u1ee5 t\u1eadn t\u00e2m v\u00e0 chu \u0111\u00e1o.<\/p>\n<p>V\u00e0 c\u0169ng nh\u01b0 nh\u1eefng t\u1eadp tr\u01b0\u1edbc, \u1edf t\u1eadp n\u00e0y b\u1ed1n anh nh\u00e2n vi\u00ean c\u1ee7a L\u1ed9c Phong Qu\u00e1n l\u1ea1i ti\u1ebfp t\u1ee5c mang \u0111\u1ebfn nh\u1eefng m\u00f3n \u0103n v\u00f4 c\u00f9ng h\u1ea5p d\u1eabn. \u0110\u00f3 l\u00e0 t\u00e1ch tr\u00e0 \u0111ong \u0111\u1ea7y k\u00ed \u1ee9c v\u1ec1 th\u1eddi ni\u00ean thi\u1ebfu c\u1ee7a Sui v\u00e0 Tokitaka. C\u00f9ng v\u1edbi \u0111\u00f3 l\u00e0 m\u00f3n c\u01a1m th\u1ecbt kho tr\u1ee9ng v\u00e0 b\u00e1nh cu\u1ed9n tr\u00e0 xanh khi\u1ebfn cho anh ch\u00e0ng nh\u00e2n vi\u00ean v\u0103n ph\u00f2ng v\u1ed1n kh\u1eaft khe c\u0169ng ph\u1ea3i th\u1ea3 l\u1ecfng t\u00e2m t\u00ecnh. V\u00e0 c\u0169ng kh\u00f4ng th\u1ec3 b\u1ecf qu\u00ean m\u00f3n ch\u00e8 \u0111\u1eadu \u0111\u1ecf trong ng\u00e0y tuy\u1ebft r\u01a1i b\u1ea5t ng\u1edd v\u00e0o \u0111\u1ea7u xu\u00e2n c\u00f9ng nh\u1eefng chi\u1ebfc b\u00e1nh su kem m\u1ec1m x\u1ed1p ng\u1eadp tr\u00e0n h\u01b0\u01a1ng v\u1ecb t\u00ecnh y\u00eau.<\/p>\n<p>B\u01b0\u1edbc sang t\u1eadp th\u1ee9 8, qua nh\u1eefng m\u00f3n \u0103n ngon l\u00e0nh cu\u1ed1n h\u00fat v\u00e0 nh\u1eefng t\u00e2m t\u01b0 r\u1ea5t \u0111\u1eddi th\u01b0\u1eddng c\u1ee7a c\u00e1c v\u1ecb kh\u00e1ch, \u201cNh\u1eefng ch\u00e0ng trai \u1edf L\u1ed9c Phong Qu\u00e1n\u201d ti\u1ebfp t\u1ee5c \u0111em \u0111\u1ebfn cho ch\u00fang nh\u1eefng ph\u00fat gi\u00e2y vui v\u1ebb, th\u01b0 gi\u00e3n \u0111\u1ec3 s\u1ed1ng ch\u1eadm l\u1ea1i gi\u1eefa nh\u1ecbp s\u1ed1ng h\u1ed1i h\u1ea3.<\/p>\n","protected":false},"excerpt":{"rendered":"<p>Nh\u1eefng ch\u00e0ng trai \u1edf L\u1ed9c Phong Qu\u00e1n 8 \u2013 H\u00f4m nay v\u1ecb kh\u00e1ch n\u00e0o s\u1ebd gh\u00e9 qua?<br \/>\nTr\u00ean m\u1ed9t con ph\u1ed1 nh\u1ecf y\u00ean t\u0129nh, c\u00f3 m\u1ed9t ti\u1ec7m c\u00e0 ph\u00ea \u0111\u01b0\u1ee3c x\u00e2y d\u1ef1ng theo ki\u1ebfn tr\u00fac c\u1ed5 mang t\u00ean L\u1ed9c Phong Qu\u00e1n n\u1eb1m khu\u1ea5t sau nh\u1eefng r\u1eb7ng tre. C\u1eeda ti\u1ec7m \u0111\u01b0\u1ee3c c\u00e1c th\u1ef1c kh\u00e1ch y\u00eau th\u00edch kh\u00f4ng ch\u1ec9 b\u1edfi nh\u1eefng m\u00f3n \u0103n th\u1ee9c u\u1ed1ng v\u00f4 c\u00f9ng ngon mi\u1ec7ng m\u00e0 c\u00f2n nh\u1edd b\u1ed1n ch\u00e0ng nh\u00e2n vi\u00ean ph\u1ee5 v\u1ee5 t\u1eadn t\u00e2m v\u00e0 chu \u0111\u00e1o.<\/p>\n<p>V\u00e0 c\u0169ng nh\u01b0 nh\u1eefng t\u1eadp tr\u01b0\u1edbc, \u1edf t\u1eadp n\u00e0y b\u1ed1n anh nh\u00e2n vi\u00ean c\u1ee7a L\u1ed9c Phong Qu\u00e1n l\u1ea1i ti\u1ebfp t\u1ee5c mang \u0111\u1ebfn nh\u1eefng m\u00f3n \u0103n v\u00f4 c\u00f9ng h\u1ea5p d\u1eabn. \u0110\u00f3 l\u00e0 t\u00e1ch tr\u00e0 \u0111ong \u0111\u1ea7y k\u00ed \u1ee9c v\u1ec1 th\u1eddi ni\u00ean thi\u1ebfu c\u1ee7a Sui v\u00e0 Tokitaka. C\u00f9ng v\u1edbi \u0111\u00f3 l\u00e0 m\u00f3n c\u01a1m th\u1ecbt kho tr\u1ee9ng v\u00e0 b\u00e1nh cu\u1ed9n tr\u00e0 xanh khi\u1ebfn cho anh ch\u00e0ng nh\u00e2n vi\u00ean v\u0103n ph\u00f2ng v\u1ed1n kh\u1eaft khe c\u0169ng ph\u1ea3i th\u1ea3 l\u1ecfng t\u00e2m t\u00ecnh. V\u00e0 c\u0169ng kh\u00f4ng th\u1ec3 b\u1ecf qu\u00ean m\u00f3n ch\u00e8 \u0111\u1eadu \u0111\u1ecf trong ng\u00e0y tuy\u1ebft r\u01a1i b\u1ea5t ng\u1edd v\u00e0o \u0111\u1ea7u xu\u00e2n c\u00f9ng nh\u1eefng chi\u1ebfc b\u00e1nh su kem m\u1ec1m x\u1ed1p ng\u1eadp tr\u00e0n h\u01b0\u01a1ng v\u1ecb t\u00ecnh y\u00eau.<\/p>\n<p>B\u01b0\u1edbc sang t\u1eadp th\u1ee9 8, qua nh\u1eefng m\u00f3n \u0103n ngon l\u00e0nh cu\u1ed1n h\u00fat v\u00e0 nh\u1eefng t\u00e2m t\u01b0 r\u1ea5t \u0111\u1eddi th\u01b0\u1eddng c\u1ee7a c\u00e1c v\u1ecb kh\u00e1ch, \u201cNh\u1eefng ch\u00e0ng trai \u1edf L\u1ed9c Phong Qu\u00e1n\u201d ti\u1ebfp t\u1ee5c \u0111em \u0111\u1ebfn cho ch\u00fang nh\u1eefng ph\u00fat gi\u00e2y vui v\u1ebb, th\u01b0 gi\u00e3n \u0111\u1ec3 s\u1ed1ng ch\u1eadm l\u1ea1i gi\u1eefa nh\u1ecbp s\u1ed1ng h\u1ed1i h\u1ea3.<\/p>\n","protected":false},"featured_media":17875,"template":"","meta":{"_acf_changed":false},"product_brand":[],"product_cat":[29],"product_tag":[],"class_list":{"0":"post-17876","1":"product","2":"type-product","3":"status-publish","4":"has-post-thumbnail","6":"product_cat-manga-comics","8":"first","9":"outofstock","10":"taxable","11":"shipping-taxable","12":"purchasable","13":"product-type-simple"},"supplier_id":null,"supplier_sku":"","barcode":null,"atum_controlled":true,"out_stock_date":"2024-08-25 19:41:45","out_stock_threshold":null,"inheritable":false,"inbound_stock":0,"stock_on_hold":0,"sold_today":0,"sales_last_days":0,"reserved_stock":0,"customer_returns":0,"warehouse_damage":0,"lost_in_post":0,"other_logs":0,"out_stock_days":521,"lost_sales":296,"has_location":false,"update_date":"2026-01-28T23:11:23","atum_locations":[{"id":32,"name":"Helsinki","slug":"helsinki"}],"atum_stock_status":"outofstock","restock_status":false,"low_stock_amount":"","sales_update_date":"2026-01-28T23:11:23","calc_backorders":null,"acf":{"publisher":{"ID":15071,"post_author":"1","post_date":"2021-08-04 14:50:26","post_date_gmt":"2021-08-04 11:50:26","post_content":"","post_title":"SkyComics","post_excerpt":"","post_status":"publish","comment_status":"closed","ping_status":"closed","post_password":"","post_name":"skycomics","to_ping":"","pinged":"","post_modified":"2021-08-04 14:50:26","post_modified_gmt":"2021-08-04 11:50:26","post_content_filtered":"","post_parent":0,"guid":"https:\/\/sachviet.eu\/nha-phat-hanh\/skycomics\/","menu_order":0,"post_type":"publisher","post_mime_type":"","comment_count":"0","filter":"raw"}},"_links":{"self":[{"href":"https:\/\/sachviet.eu\/en\/wp-json\/wp\/v2\/product\/17876","targetHints":{"allow":["GET"]}}],"collection":[{"href":"https:\/\/sachviet.eu\/en\/wp-json\/wp\/v2\/product"}],"about":[{"href":"https:\/\/sachviet.eu\/en\/wp-json\/wp\/v2\/types\/product"}],"wp:featuredmedia":[{"embeddable":true,"href":"https:\/\/sachviet.eu\/en\/wp-json\/wp\/v2\/media\/17875"}],"wp:attachment":[{"href":"https:\/\/sachviet.eu\/en\/wp-json\/wp\/v2\/media?parent=17876"}],"wp:term":[{"taxonomy":"product_brand","embeddable":true,"href":"https:\/\/sachviet.eu\/en\/wp-json\/wp\/v2\/product_brand?post=17876"},{"taxonomy":"product_cat","embeddable":true,"href":"https:\/\/sachviet.eu\/en\/wp-json\/wp\/v2\/product_cat?post=17876"},{"taxonomy":"product_tag","embeddable":true,"href":"https:\/\/sachviet.eu\/en\/wp-json\/wp\/v2\/product_tag?post=17876"}],"curies":[{"name":"wp","href":"https:\/\/api.w.org\/{rel}","templated":true}]}}