{"id":17874,"date":"2022-04-09T17:42:40","date_gmt":"2022-04-09T14:42:40","guid":{"rendered":"https:\/\/sachviet.eu\/shop\/nhung-chang-trai-o-loc-phong-quan-tap-7\/"},"modified":"2024-08-25T22:41:45","modified_gmt":"2024-08-25T19:41:45","slug":"nhung-chang-trai-o-loc-phong-quan-tap-7","status":"publish","type":"product","link":"https:\/\/sachviet.eu\/en\/shop\/nhung-chang-trai-o-loc-phong-quan-tap-7\/","title":{"rendered":"Nh\u1eefng Ch\u00e0ng Trai \u1ede L\u1ed9c Phong Qu\u00e1n &#8211; T\u1eadp 7"},"content":{"rendered":"<p>L\u1ed9c Phong Qu\u00e1n l\u00e0 m\u1ed9t ti\u1ec7m c\u00e0 ph\u00ea truy\u1ec1n th\u1ed1ng n\u1eb1m trong ng\u00f5 nh\u1ecf \u1edf v\u00f9ng ngo\u1ea1i \u00f4 Tokyo, tuy kh\u00f4ng s\u1edf h\u1eefu v\u1ecb tr\u00ed n\u1ed5i b\u1eadt hay bi\u1ec3n hi\u1ec7u r\u1ef1c r\u1ee1 nh\u01b0ng n\u01a1i \u0111\u00e2y v\u1eabn t\u1ea5p n\u1eadp kh\u00e1ch vi\u1ebfng th\u0103m. Kh\u00e1ch \u0111\u1ebfn v\u1edbi qu\u00e1n kh\u00f4ng ch\u1ec9 v\u00ec \u0111\u1ed3 \u0103n ngon hay kh\u00f4ng gian y\u00ean t\u0129nh, m\u00e0 v\u00ec s\u1ef1 t\u1eadn t\u00ecnh chu \u0111\u00e1o c\u1ee7a b\u1ed1n ch\u00e0ng nh\u00e2n vi\u00ean t\u00e0i n\u0103ng. B\u1ed1n ch\u00e0ng trai, m\u1ed7i ng\u01b0\u1eddi m\u1ed9t v\u1ebb, \u0111\u00e3 t\u1ea1o n\u00ean m\u1ed9t ti\u1ec7m c\u00e0 ph\u00ea \u0111\u1eb7c bi\u1ec7t \u2013 n\u01a1i nh\u1eefng v\u1ecb kh\u00e1ch c\u00f3 th\u1ec3 \u201cg\u1ee1 r\u1ed1i\u201d lo toan, mu\u1ed9n phi\u1ec1n trong cu\u1ed9c s\u1ed1ng.<\/p>\n<p>\u1ede t\u1eadp 7 n\u00e0y, L\u1ed9c Phong Qu\u00e1n ti\u1ebfp t\u1ee5c gi\u1edbi thi\u1ec7u \u0111\u1ebfn b\u1ea1n \u0111\u1ecdc nh\u1eefng m\u00f3n ng\u1ecdt ngon l\u00e0nh, m\u1ed7i m\u00f3n l\u1ea1i mang theo m\u1ed9t c\u00e2u chuy\u1ec7n ri\u00eang. \u0110\u1ec3 ho\u00e0n thi\u1ec7n th\u1ef1c \u0111\u01a1n c\u1ee7a ti\u1ec7m b\u1eb1ng m\u00f3n b\u00e1nh sandwich b\u1ea5t c\u1ee9 qu\u00e1n c\u00e0 ph\u00ea n\u00e0o c\u0169ng c\u00f3, Gure quy\u1ebft t\u00e2m t\u1ef1 l\u00e0m b\u00e1nh m\u00ec. R\u1ed3i k\u1ebft qu\u1ea3 s\u1ebd th\u1ebf n\u00e0o \u0111\u00e2y!?<\/p>\n<p>Trong khi \u0111\u00f3, c\u1eadu ch\u00e0ng Senri n\u00f3ng t\u00ednh c\u1ee7a qu\u00e1n \u0103n h\u00e0ng x\u00f3m b\u1ed7ng d\u01b0ng \u0111\u1ebfn L\u1ed9c Phong Qu\u00e1n nh\u1ea7m v\u00e0o ng\u00e0y ngh\u1ec9 v\u00e0 b\u1eaft g\u1eb7p Tokitaka \u0111ang thu ho\u1ea1ch rau ngo\u00e0i v\u01b0\u1eddn. Th\u1ea5y Senri d\u01b0\u1eddng nh\u01b0 \u0111ang c\u00f3 t\u00e2m s\u1ef1, Tokitaka \u0111\u00e3 m\u1eddi c\u1eadu v\u00e0o nh\u00e0 c\u00f9ng n\u00f3i chuy\u1ec7n. M\u1ed1i quan h\u1ec7 gi\u1eefa hai qu\u00e1n \u201c\u0111\u1ed1i th\u1ee7\u201d c\u00f3 v\u1ebb \u0111ang d\u1ea7n t\u1ed1t l\u00ean ch\u0103ng?<\/p>\n<p>C\u0169ng \u1edf t\u1eadp 7, ch\u00fang ta l\u1ea1i b\u1eaft g\u1eb7p nh\u1eefng v\u1ecb kh\u00e1ch th\u00e2n quen c\u1ee7a qu\u00e1n v\u1edbi nh\u1eefng c\u00e2u chuy\u1ec7n m\u1edbi, nh\u1eefng vui bu\u1ed3n m\u1edbi ch\u1eb3ng bi\u1ebft t\u1ecf c\u00f9ng ai. C\u1ee9 m\u1ed7i l\u1ea7n nh\u01b0 v\u1eady, L\u1ed9c Phong Qu\u00e1n ch\u00ednh l\u00e0 n\u01a1i \u0111\u1ec3 h\u1ecd t\u00ecm \u0111\u1ebfn. V\u00e0 r\u1ed3i, b\u1eb1ng nh\u1eefng m\u00f3n ng\u1ecdt v\u1edbi d\u01b0 v\u1ecb kh\u00f3 phai, b\u1eb1ng s\u1ef1 s\u1ebb chia ch\u00e2n th\u00e0nh \u1ea5m \u00e1p, nh\u1eefng t\u00e2m t\u00ecnh \u1ea5y m\u1ed9t l\u1ea7n n\u1eefa \u0111\u01b0\u1ee3c g\u1ee1 b\u1ecf. m\u1ed7i ng\u01b0\u1eddi l\u1ea1i m\u1ec9m c\u01b0\u1eddi v\u00e0 ti\u1ebfp t\u1ee5c c\u1ed1 g\u1eafng tr\u00ean h\u00e0nh tr\u00ecnh c\u1ee7a cu\u1ed9c \u0111\u1eddi m\u00ecnh.<\/p>\n","protected":false},"excerpt":{"rendered":"<p>L\u1ed9c Phong Qu\u00e1n l\u00e0 m\u1ed9t ti\u1ec7m c\u00e0 ph\u00ea truy\u1ec1n th\u1ed1ng n\u1eb1m trong ng\u00f5 nh\u1ecf \u1edf v\u00f9ng ngo\u1ea1i \u00f4 Tokyo, tuy kh\u00f4ng s\u1edf h\u1eefu v\u1ecb tr\u00ed n\u1ed5i b\u1eadt hay bi\u1ec3n hi\u1ec7u r\u1ef1c r\u1ee1 nh\u01b0ng n\u01a1i \u0111\u00e2y v\u1eabn t\u1ea5p n\u1eadp kh\u00e1ch vi\u1ebfng th\u0103m. Kh\u00e1ch \u0111\u1ebfn v\u1edbi qu\u00e1n kh\u00f4ng ch\u1ec9 v\u00ec \u0111\u1ed3 \u0103n ngon hay kh\u00f4ng gian y\u00ean t\u0129nh, m\u00e0 v\u00ec s\u1ef1 t\u1eadn t\u00ecnh chu \u0111\u00e1o c\u1ee7a b\u1ed1n ch\u00e0ng nh\u00e2n vi\u00ean t\u00e0i n\u0103ng. B\u1ed1n ch\u00e0ng trai, m\u1ed7i ng\u01b0\u1eddi m\u1ed9t v\u1ebb, \u0111\u00e3 t\u1ea1o n\u00ean m\u1ed9t ti\u1ec7m c\u00e0 ph\u00ea \u0111\u1eb7c bi\u1ec7t \u2013 n\u01a1i nh\u1eefng v\u1ecb kh\u00e1ch c\u00f3 th\u1ec3 \u201cg\u1ee1 r\u1ed1i\u201d lo toan, mu\u1ed9n phi\u1ec1n trong cu\u1ed9c s\u1ed1ng.<\/p>\n<p>\u1ede t\u1eadp 7 n\u00e0y, L\u1ed9c Phong Qu\u00e1n ti\u1ebfp t\u1ee5c gi\u1edbi thi\u1ec7u \u0111\u1ebfn b\u1ea1n \u0111\u1ecdc nh\u1eefng m\u00f3n ng\u1ecdt ngon l\u00e0nh, m\u1ed7i m\u00f3n l\u1ea1i mang theo m\u1ed9t c\u00e2u chuy\u1ec7n ri\u00eang. \u0110\u1ec3 ho\u00e0n thi\u1ec7n th\u1ef1c \u0111\u01a1n c\u1ee7a ti\u1ec7m b\u1eb1ng m\u00f3n b\u00e1nh sandwich b\u1ea5t c\u1ee9 qu\u00e1n c\u00e0 ph\u00ea n\u00e0o c\u0169ng c\u00f3, Gure quy\u1ebft t\u00e2m t\u1ef1 l\u00e0m b\u00e1nh m\u00ec. R\u1ed3i k\u1ebft qu\u1ea3 s\u1ebd th\u1ebf n\u00e0o \u0111\u00e2y!?<\/p>\n<p>Trong khi \u0111\u00f3, c\u1eadu ch\u00e0ng Senri n\u00f3ng t\u00ednh c\u1ee7a qu\u00e1n \u0103n h\u00e0ng x\u00f3m b\u1ed7ng d\u01b0ng \u0111\u1ebfn L\u1ed9c Phong Qu\u00e1n nh\u1ea7m v\u00e0o ng\u00e0y ngh\u1ec9 v\u00e0 b\u1eaft g\u1eb7p Tokitaka \u0111ang thu ho\u1ea1ch rau ngo\u00e0i v\u01b0\u1eddn. Th\u1ea5y Senri d\u01b0\u1eddng nh\u01b0 \u0111ang c\u00f3 t\u00e2m s\u1ef1, Tokitaka \u0111\u00e3 m\u1eddi c\u1eadu v\u00e0o nh\u00e0 c\u00f9ng n\u00f3i chuy\u1ec7n. M\u1ed1i quan h\u1ec7 gi\u1eefa hai qu\u00e1n \u201c\u0111\u1ed1i th\u1ee7\u201d c\u00f3 v\u1ebb \u0111ang d\u1ea7n t\u1ed1t l\u00ean ch\u0103ng?<\/p>\n<p>C\u0169ng \u1edf t\u1eadp 7, ch\u00fang ta l\u1ea1i b\u1eaft g\u1eb7p nh\u1eefng v\u1ecb kh\u00e1ch th\u00e2n quen c\u1ee7a qu\u00e1n v\u1edbi nh\u1eefng c\u00e2u chuy\u1ec7n m\u1edbi, nh\u1eefng vui bu\u1ed3n m\u1edbi ch\u1eb3ng bi\u1ebft t\u1ecf c\u00f9ng ai. C\u1ee9 m\u1ed7i l\u1ea7n nh\u01b0 v\u1eady, L\u1ed9c Phong Qu\u00e1n ch\u00ednh l\u00e0 n\u01a1i \u0111\u1ec3 h\u1ecd t\u00ecm \u0111\u1ebfn. V\u00e0 r\u1ed3i, b\u1eb1ng nh\u1eefng m\u00f3n ng\u1ecdt v\u1edbi d\u01b0 v\u1ecb kh\u00f3 phai, b\u1eb1ng s\u1ef1 s\u1ebb chia ch\u00e2n th\u00e0nh \u1ea5m \u00e1p, nh\u1eefng t\u00e2m t\u00ecnh \u1ea5y m\u1ed9t l\u1ea7n n\u1eefa \u0111\u01b0\u1ee3c g\u1ee1 b\u1ecf. m\u1ed7i ng\u01b0\u1eddi l\u1ea1i m\u1ec9m c\u01b0\u1eddi v\u00e0 ti\u1ebfp t\u1ee5c c\u1ed1 g\u1eafng tr\u00ean h\u00e0nh tr\u00ecnh c\u1ee7a cu\u1ed9c \u0111\u1eddi m\u00ecnh.<\/p>\n","protected":false},"featured_media":17873,"template":"","meta":{"_acf_changed":false},"product_brand":[],"product_cat":[29],"product_tag":[],"class_list":{"0":"post-17874","1":"product","2":"type-product","3":"status-publish","4":"has-post-thumbnail","6":"product_cat-manga-comics","8":"first","9":"outofstock","10":"taxable","11":"shipping-taxable","12":"purchasable","13":"product-type-simple"},"supplier_id":null,"supplier_sku":"","barcode":null,"atum_controlled":true,"out_stock_date":"2024-08-25 19:41:45","out_stock_threshold":null,"inheritable":false,"inbound_stock":0,"stock_on_hold":0,"sold_today":0,"sales_last_days":0,"reserved_stock":0,"customer_returns":0,"warehouse_damage":0,"lost_in_post":0,"other_logs":0,"out_stock_days":521,"lost_sales":296,"has_location":false,"update_date":"2026-01-28T23:11:23","atum_locations":[{"id":32,"name":"Helsinki","slug":"helsinki"}],"atum_stock_status":"outofstock","restock_status":false,"low_stock_amount":"","sales_update_date":"2026-01-28T23:11:23","calc_backorders":null,"acf":{"publisher":{"ID":15071,"post_author":"1","post_date":"2021-08-04 14:50:26","post_date_gmt":"2021-08-04 11:50:26","post_content":"","post_title":"SkyComics","post_excerpt":"","post_status":"publish","comment_status":"closed","ping_status":"closed","post_password":"","post_name":"skycomics","to_ping":"","pinged":"","post_modified":"2021-08-04 14:50:26","post_modified_gmt":"2021-08-04 11:50:26","post_content_filtered":"","post_parent":0,"guid":"https:\/\/sachviet.eu\/nha-phat-hanh\/skycomics\/","menu_order":0,"post_type":"publisher","post_mime_type":"","comment_count":"0","filter":"raw"}},"_links":{"self":[{"href":"https:\/\/sachviet.eu\/en\/wp-json\/wp\/v2\/product\/17874","targetHints":{"allow":["GET"]}}],"collection":[{"href":"https:\/\/sachviet.eu\/en\/wp-json\/wp\/v2\/product"}],"about":[{"href":"https:\/\/sachviet.eu\/en\/wp-json\/wp\/v2\/types\/product"}],"wp:featuredmedia":[{"embeddable":true,"href":"https:\/\/sachviet.eu\/en\/wp-json\/wp\/v2\/media\/17873"}],"wp:attachment":[{"href":"https:\/\/sachviet.eu\/en\/wp-json\/wp\/v2\/media?parent=17874"}],"wp:term":[{"taxonomy":"product_brand","embeddable":true,"href":"https:\/\/sachviet.eu\/en\/wp-json\/wp\/v2\/product_brand?post=17874"},{"taxonomy":"product_cat","embeddable":true,"href":"https:\/\/sachviet.eu\/en\/wp-json\/wp\/v2\/product_cat?post=17874"},{"taxonomy":"product_tag","embeddable":true,"href":"https:\/\/sachviet.eu\/en\/wp-json\/wp\/v2\/product_tag?post=17874"}],"curies":[{"name":"wp","href":"https:\/\/api.w.org\/{rel}","templated":true}]}}