{"id":17872,"date":"2022-04-09T17:42:34","date_gmt":"2022-04-09T14:42:34","guid":{"rendered":"https:\/\/sachviet.eu\/shop\/day-con-lam-giau-tap-1-de-khong-co-tien-van-tao-ra-tien-cha-giau-cha-ngheo-tai-ban\/"},"modified":"2022-12-19T18:21:19","modified_gmt":"2022-12-19T16:21:19","slug":"day-con-lam-giau-tap-1-de-khong-co-tien-van-tao-ra-tien-cha-giau-cha-ngheo-tai-ban","status":"publish","type":"product","link":"https:\/\/sachviet.eu\/en\/shop\/day-con-lam-giau-tap-1-de-khong-co-tien-van-tao-ra-tien-cha-giau-cha-ngheo-tai-ban\/","title":{"rendered":"D\u1ea1y Con L\u00e0m Gi\u00e0u (T\u1eadp 1) &#8211; \u0110\u1ec3 Kh\u00f4ng C\u00f3 Ti\u1ec1n V\u1eabn T\u1ea1o Ra Ti\u1ec1n &#8211; Cha Gi\u00e0u Cha Ngh\u00e8o (T\u00e1i B\u1ea3n)"},"content":{"rendered":"<p>M\u1ed9t qu\u1ed1c gia c\u00f3 th\u1ec3 t\u1ed3n t\u1ea1i nh\u01b0 th\u1ebf n\u00e0o n\u1ebfu vi\u1ec7c d\u1ea1y tr\u1ebb con qu\u1ea3n l\u00fd ti\u1ec1n b\u1ea1c v\u1eabn l\u00e0 tr\u00e1ch nhi\u1ec7m c\u1ee7a ph\u1ee5 huynh, m\u00e0 h\u1ea7u h\u1ebft h\u1ecd kh\u00f4ng c\u00f3 nhi\u1ec1u ki\u1ebfn th\u1ee9c v\u1ec1 v\u1ea5n \u0111\u1ec1 n\u00e0y?<\/p>\n<p>Ch\u00fang ta ph\u1ea3i l\u00e0m g\u00ec \u0111\u1ec3 thay \u0111\u1ed5i s\u1ed1 ph\u1eadn ti\u1ec1n b\u1ea1c l\u1eadn \u0111\u1eadn c\u1ee7a m\u00ecnh? Nh\u00e0 gi\u00e0u \u0111\u00e3 l\u00e0m gi\u00e0u nh\u01b0 th\u1ebf n\u00e0o t\u1eeb hai b\u00e0n tay tr\u1eafng? Cu\u1ed1n s\u00e1ch D\u1ea1y Con L\u00e0m Gi\u00e0u &#8211; T\u1eadp 1 s\u1ebd gi\u00fap b\u1ea1n gi\u1ea3i \u0111\u00e1p \u0111\u01b0\u1ee3c ph\u1ea7n n\u00e0o nh\u1eefng th\u1eafc m\u1eafc tr\u00ean. N\u1ed9i dung cu\u1ed1n s\u00e1ch g\u1ed3m 10 ch\u01b0\u01a1ng:<\/p>\n<p>Ch\u01b0\u01a1ng 1: Cha gi\u00e0u, cha ngh\u00e8o<br \/>\nCh\u01b0\u01a1ng 2: Ng\u01b0\u1eddi gi\u00e0u kh\u00f4ng l\u00e0m vi\u1ec7c v\u00ec ti\u1ec1n<br \/>\nCh\u01b0\u01a1ng 3: T\u1ea1i sao ph\u1ea3i d\u1ea1y con v\u1ec1 t\u00e0i ch\u00ednh?<br \/>\nCh\u01b0\u01a1ng 4: H\u00e3y ngh\u0129 \u0111\u1ebfn vi\u1ec7c kinh doanh c\u1ee7a m\u00ecnh<br \/>\nCh\u01b0\u01a1ng 5: Li\u00ean \u0111o\u00e0n &#8211; B\u00ed m\u1eadt l\u1edbn nh\u1ea5t c\u1ee7a ng\u01b0\u1eddi gi\u00e0u<br \/>\nCh\u01b0\u01a1ng 6: Ng\u01b0\u1eddi gi\u00e0u t\u1ea1o ra ti\u1ec1n<br \/>\nCh\u01b0\u01a1ng 7: H\u00e3y l\u00e0m vi\u1ec7c \u0111\u1ec3 h\u1ecdc &#8211; \u0110\u1eebng l\u00e0m vi\u1ec7c v\u00ec ti\u1ec1n<br \/>\nCh\u01b0\u01a1ng 8: V\u01b0\u1ee3t ch\u01b0\u1edbng ng\u1ea1i v\u1eadt<br \/>\nCh\u01b0\u01a1ng 9: S\u1ef1 kh\u1edfi \u0111\u1ea7u<br \/>\nCh\u01b0\u01a1ng 10: V\u1eabn c\u00f2n mu\u1ed1n nhi\u1ec1u h\u01a1n? \u0110\u00e2y l\u00e0 m\u1ed9t s\u1ed1 vi\u1ec7c ph\u1ea3i l\u00e0m<br \/>\nNg\u01b0\u1eddi gi\u00e0u kh\u00f4ng l\u00e0m vi\u1ec7c v\u00ec ti\u1ec1n. H\u1ecd b\u1eaft ti\u1ec1n l\u00e0m vi\u1ec7c cho h\u1ecd. Ch\u1ea5p nh\u1eadn th\u1ea5t b\u1ea1i l\u00e0 b\u01b0\u1edbc \u0111\u1ea7u c\u1ee7a th\u00e0nh c\u00f4ng? Quy\u1ec1n l\u1ef1c c\u1ee7a s\u1ef1 l\u1ef1a ch\u1ecdn! Nh\u1eefng b\u00e0i h\u1ecdc kh\u00f4ng c\u00f3 trong nh\u00e0 tr\u01b0\u1eddng. H\u00e3y b\u1eaft \u0111\u1ea7u t\u1eeb h\u00f4m nay \u201c\u0111\u1ec3 kh\u00f4ng c\u00f3 ti\u1ec1n v\u1eabn t\u1ea1o ra ti\u1ec1n\u201d\u2026<\/p>\n","protected":false},"excerpt":{"rendered":"<p>M\u1ed9t qu\u1ed1c gia c\u00f3 th\u1ec3 t\u1ed3n t\u1ea1i nh\u01b0 th\u1ebf n\u00e0o n\u1ebfu vi\u1ec7c d\u1ea1y tr\u1ebb con qu\u1ea3n l\u00fd ti\u1ec1n b\u1ea1c v\u1eabn l\u00e0 tr\u00e1ch nhi\u1ec7m c\u1ee7a ph\u1ee5 huynh, m\u00e0 h\u1ea7u h\u1ebft h\u1ecd kh\u00f4ng c\u00f3 nhi\u1ec1u ki\u1ebfn th\u1ee9c v\u1ec1 v\u1ea5n \u0111\u1ec1 n\u00e0y?<\/p>\n<p>Ch\u00fang ta ph\u1ea3i l\u00e0m g\u00ec \u0111\u1ec3 thay \u0111\u1ed5i s\u1ed1 ph\u1eadn ti\u1ec1n b\u1ea1c l\u1eadn \u0111\u1eadn c\u1ee7a m\u00ecnh? Nh\u00e0 gi\u00e0u \u0111\u00e3 l\u00e0m gi\u00e0u nh\u01b0 th\u1ebf n\u00e0o t\u1eeb hai b\u00e0n tay tr\u1eafng? Cu\u1ed1n s\u00e1ch D\u1ea1y Con L\u00e0m Gi\u00e0u &#8211; T\u1eadp 1 s\u1ebd gi\u00fap b\u1ea1n gi\u1ea3i \u0111\u00e1p \u0111\u01b0\u1ee3c ph\u1ea7n n\u00e0o nh\u1eefng th\u1eafc m\u1eafc tr\u00ean. N\u1ed9i dung cu\u1ed1n s\u00e1ch g\u1ed3m 10 ch\u01b0\u01a1ng:<\/p>\n<p>Ch\u01b0\u01a1ng 1: Cha gi\u00e0u, cha ngh\u00e8o<br \/>\nCh\u01b0\u01a1ng 2: Ng\u01b0\u1eddi gi\u00e0u kh\u00f4ng l\u00e0m vi\u1ec7c v\u00ec ti\u1ec1n<br \/>\nCh\u01b0\u01a1ng 3: T\u1ea1i sao ph\u1ea3i d\u1ea1y con v\u1ec1 t\u00e0i ch\u00ednh?<br \/>\nCh\u01b0\u01a1ng 4: H\u00e3y ngh\u0129 \u0111\u1ebfn vi\u1ec7c kinh doanh c\u1ee7a m\u00ecnh<br \/>\nCh\u01b0\u01a1ng 5: Li\u00ean \u0111o\u00e0n &#8211; B\u00ed m\u1eadt l\u1edbn nh\u1ea5t c\u1ee7a ng\u01b0\u1eddi gi\u00e0u<br \/>\nCh\u01b0\u01a1ng 6: Ng\u01b0\u1eddi gi\u00e0u t\u1ea1o ra ti\u1ec1n<br \/>\nCh\u01b0\u01a1ng 7: H\u00e3y l\u00e0m vi\u1ec7c \u0111\u1ec3 h\u1ecdc &#8211; \u0110\u1eebng l\u00e0m vi\u1ec7c v\u00ec ti\u1ec1n<br \/>\nCh\u01b0\u01a1ng 8: V\u01b0\u1ee3t ch\u01b0\u1edbng ng\u1ea1i v\u1eadt<br \/>\nCh\u01b0\u01a1ng 9: S\u1ef1 kh\u1edfi \u0111\u1ea7u<br \/>\nCh\u01b0\u01a1ng 10: V\u1eabn c\u00f2n mu\u1ed1n nhi\u1ec1u h\u01a1n? \u0110\u00e2y l\u00e0 m\u1ed9t s\u1ed1 vi\u1ec7c ph\u1ea3i l\u00e0m<br \/>\nNg\u01b0\u1eddi gi\u00e0u kh\u00f4ng l\u00e0m vi\u1ec7c v\u00ec ti\u1ec1n. H\u1ecd b\u1eaft ti\u1ec1n l\u00e0m vi\u1ec7c cho h\u1ecd. Ch\u1ea5p nh\u1eadn th\u1ea5t b\u1ea1i l\u00e0 b\u01b0\u1edbc \u0111\u1ea7u c\u1ee7a th\u00e0nh c\u00f4ng? Quy\u1ec1n l\u1ef1c c\u1ee7a s\u1ef1 l\u1ef1a ch\u1ecdn! Nh\u1eefng b\u00e0i h\u1ecdc kh\u00f4ng c\u00f3 trong nh\u00e0 tr\u01b0\u1eddng. H\u00e3y b\u1eaft \u0111\u1ea7u t\u1eeb h\u00f4m nay \u201c\u0111\u1ec3 kh\u00f4ng c\u00f3 ti\u1ec1n v\u1eabn t\u1ea1o ra ti\u1ec1n\u201d\u2026<\/p>\n","protected":false},"featured_media":17871,"template":"","meta":{"_acf_changed":false},"product_brand":[],"product_cat":[18],"product_tag":[],"class_list":{"0":"post-17872","1":"product","2":"type-product","3":"status-publish","4":"has-post-thumbnail","6":"product_cat-kinh-te","8":"first","9":"outofstock","10":"taxable","11":"shipping-taxable","12":"purchasable","13":"product-type-simple"},"supplier_id":null,"supplier_sku":"","barcode":null,"atum_controlled":true,"out_stock_date":"2022-12-19 12:58:55","out_stock_threshold":null,"inheritable":false,"inbound_stock":0,"stock_on_hold":0,"sold_today":0,"sales_last_days":0,"reserved_stock":0,"customer_returns":0,"warehouse_damage":0,"lost_in_post":0,"other_logs":0,"out_stock_days":1136,"lost_sales":0,"has_location":false,"update_date":"2026-01-28T23:11:01","atum_locations":[{"id":32,"name":"Helsinki","slug":"helsinki"}],"atum_stock_status":"outofstock","restock_status":false,"low_stock_amount":"","sales_update_date":"2026-01-28T23:11:01","calc_backorders":null,"acf":{"publisher":{"ID":1517,"post_author":"1","post_date":"2021-02-17 01:14:41","post_date_gmt":"2021-02-16 23:14:41","post_content":"","post_title":"NXB Tr\u1ebb","post_excerpt":"","post_status":"publish","comment_status":"closed","ping_status":"closed","post_password":"","post_name":"nxb-tre","to_ping":"","pinged":"","post_modified":"2021-02-17 01:14:41","post_modified_gmt":"2021-02-16 23:14:41","post_content_filtered":"","post_parent":0,"guid":"https:\/\/sachviet.eu\/nha-phat-hanh\/nxb-tre\/","menu_order":0,"post_type":"publisher","post_mime_type":"","comment_count":"0","filter":"raw"}},"_links":{"self":[{"href":"https:\/\/sachviet.eu\/en\/wp-json\/wp\/v2\/product\/17872","targetHints":{"allow":["GET"]}}],"collection":[{"href":"https:\/\/sachviet.eu\/en\/wp-json\/wp\/v2\/product"}],"about":[{"href":"https:\/\/sachviet.eu\/en\/wp-json\/wp\/v2\/types\/product"}],"wp:featuredmedia":[{"embeddable":true,"href":"https:\/\/sachviet.eu\/en\/wp-json\/wp\/v2\/media\/17871"}],"wp:attachment":[{"href":"https:\/\/sachviet.eu\/en\/wp-json\/wp\/v2\/media?parent=17872"}],"wp:term":[{"taxonomy":"product_brand","embeddable":true,"href":"https:\/\/sachviet.eu\/en\/wp-json\/wp\/v2\/product_brand?post=17872"},{"taxonomy":"product_cat","embeddable":true,"href":"https:\/\/sachviet.eu\/en\/wp-json\/wp\/v2\/product_cat?post=17872"},{"taxonomy":"product_tag","embeddable":true,"href":"https:\/\/sachviet.eu\/en\/wp-json\/wp\/v2\/product_tag?post=17872"}],"curies":[{"name":"wp","href":"https:\/\/api.w.org\/{rel}","templated":true}]}}