{"id":17868,"date":"2022-04-09T17:42:22","date_gmt":"2022-04-09T14:42:22","guid":{"rendered":"https:\/\/sachviet.eu\/shop\/lam-chu-binh-minh-song-doi-xuat-chung-clb-5-gio-sang-robin-sharma\/"},"modified":"2024-08-11T22:15:14","modified_gmt":"2024-08-11T19:15:14","slug":"lam-chu-binh-minh-song-doi-xuat-chung-clb-5-gio-sang-robin-sharma","status":"publish","type":"product","link":"https:\/\/sachviet.eu\/en\/shop\/lam-chu-binh-minh-song-doi-xuat-chung-clb-5-gio-sang-robin-sharma\/","title":{"rendered":"L\u00e0m Ch\u1ee7 B\u00ecnh Minh &#8211; S\u1ed1ng \u0110\u1eddi Xu\u1ea5t Ch\u00fang &#8211; CLB 5 Gi\u1edd S\u00e1ng (Robin Sharma)"},"content":{"rendered":"<p>L\u00e0m Ch\u1ee7 B\u00ecnh Minh &#8211; S\u1ed1ng \u0110\u1eddi Xu\u1ea5t Ch\u00fang<\/p>\n<p>L\u00e0m ch\u1ee7 b\u00ecnh minh. S\u1ed1ng \u0111\u1eddi xu\u1ea5t ch\u00fang l\u00e0 c\u00e2u chuy\u1ec7n l\u1ea1 l\u00f9ng &#8211; v\u00e0 \u0111\u00e1ng kinh ng\u1ea1c &#8211; v\u1ec1 hai con ng\u01b0\u1eddi b\u00ecnh th\u01b0\u1eddng mong mu\u1ed1n \u0111\u1ea1t \u0111\u01b0\u1ee3c hi\u1ec7u su\u1ea5t l\u00e0m vi\u1ec7c cao h\u01a1n, \u0111\u1ea1t \u0111\u01b0\u1ee3c s\u1ef1 th\u1ecbnh v\u01b0\u1ee3ng v\u00e0 thanh th\u1ea3n trong th\u1eddi \u0111\u1ea1i v\u00e0 k\u1ef9 thu\u1eadt s\u1ed1 g\u00e2y ra bi\u1ebft bao xao l\u00e3ng, \u0111\u1ea7y nh\u1eefng \u0111i\u1ec1u qu\u00e1 s\u1ee9c ph\u1ee9c t\u1ea1p. Hai con ng\u01b0\u1eddi n\u00e0y \u0111\u00e3 g\u1eb7p m\u1ed9t nh\u00e0 t\u00e0i phi\u1ec7t qu\u00e1i d\u1ecb v\u00e0 tuy\u1ec7t v\u1eddi.<\/p>\n<p>V\u1ecb t\u1ef7 ph\u00fa k\u1ef3 qu\u1eb7c nh\u01b0ng t\u00e0i gi\u1ecfi n\u00e0y \u0111\u01b0a h\u1ecd v\u00e0o m\u1ed9t h\u00e0nh tr\u00ecnh k\u1ef3 di\u1ec7u \u0111i kh\u1eafp th\u1ebf gi\u1edbi \u0111\u1ec3 gi\u00fap n\u00e2ng c\u1ea5p \u0111\u00e1ng k\u1ec3 c\u00f4ng vi\u1ec7c c\u1ee7a h\u1ecd, t\u00ecm l\u1ea1i s\u1ef1 hi\u1ec7u qu\u1ea3 trong h\u00e0nh \u0111\u1ed9ng, v\u00e0 \u0111\u00e1nh th\u1ee9c l\u1ea1i ni\u1ec1m h\u1ea1nh ph\u00fac trong h\u1ecd, c\u00f9ng v\u1edbi c\u1ea3m gi\u00e1c c\u00f3 \u0111\u01b0\u1ee3c t\u1ef1 do c\u00e1 nh\u00e2n.<\/p>\n","protected":false},"excerpt":{"rendered":"<p>L\u00e0m Ch\u1ee7 B\u00ecnh Minh &#8211; S\u1ed1ng \u0110\u1eddi Xu\u1ea5t Ch\u00fang<\/p>\n<p>L\u00e0m ch\u1ee7 b\u00ecnh minh. S\u1ed1ng \u0111\u1eddi xu\u1ea5t ch\u00fang l\u00e0 c\u00e2u chuy\u1ec7n l\u1ea1 l\u00f9ng &#8211; v\u00e0 \u0111\u00e1ng kinh ng\u1ea1c &#8211; v\u1ec1 hai con ng\u01b0\u1eddi b\u00ecnh th\u01b0\u1eddng mong mu\u1ed1n \u0111\u1ea1t \u0111\u01b0\u1ee3c hi\u1ec7u su\u1ea5t l\u00e0m vi\u1ec7c cao h\u01a1n, \u0111\u1ea1t \u0111\u01b0\u1ee3c s\u1ef1 th\u1ecbnh v\u01b0\u1ee3ng v\u00e0 thanh th\u1ea3n trong th\u1eddi \u0111\u1ea1i v\u00e0 k\u1ef9 thu\u1eadt s\u1ed1 g\u00e2y ra bi\u1ebft bao xao l\u00e3ng, \u0111\u1ea7y nh\u1eefng \u0111i\u1ec1u qu\u00e1 s\u1ee9c ph\u1ee9c t\u1ea1p. Hai con ng\u01b0\u1eddi n\u00e0y \u0111\u00e3 g\u1eb7p m\u1ed9t nh\u00e0 t\u00e0i phi\u1ec7t qu\u00e1i d\u1ecb v\u00e0 tuy\u1ec7t v\u1eddi.<\/p>\n<p>V\u1ecb t\u1ef7 ph\u00fa k\u1ef3 qu\u1eb7c nh\u01b0ng t\u00e0i gi\u1ecfi n\u00e0y \u0111\u01b0a h\u1ecd v\u00e0o m\u1ed9t h\u00e0nh tr\u00ecnh k\u1ef3 di\u1ec7u \u0111i kh\u1eafp th\u1ebf gi\u1edbi \u0111\u1ec3 gi\u00fap n\u00e2ng c\u1ea5p \u0111\u00e1ng k\u1ec3 c\u00f4ng vi\u1ec7c c\u1ee7a h\u1ecd, t\u00ecm l\u1ea1i s\u1ef1 hi\u1ec7u qu\u1ea3 trong h\u00e0nh \u0111\u1ed9ng, v\u00e0 \u0111\u00e1nh th\u1ee9c l\u1ea1i ni\u1ec1m h\u1ea1nh ph\u00fac trong h\u1ecd, c\u00f9ng v\u1edbi c\u1ea3m gi\u00e1c c\u00f3 \u0111\u01b0\u1ee3c t\u1ef1 do c\u00e1 nh\u00e2n.<\/p>\n","protected":false},"featured_media":17866,"template":"","meta":{"_acf_changed":false},"product_brand":[],"product_cat":[15,46],"product_tag":[],"class_list":{"0":"post-17868","1":"product","2":"type-product","3":"status-publish","4":"has-post-thumbnail","6":"product_cat-sach-danh-cho-nguoi-lon","7":"product_cat-ky-nang-song","9":"first","10":"outofstock","11":"taxable","12":"shipping-taxable","13":"purchasable","14":"product-type-simple"},"supplier_id":null,"supplier_sku":"","barcode":null,"atum_controlled":true,"out_stock_date":"2024-08-11 19:15:14","out_stock_threshold":null,"inheritable":false,"inbound_stock":0,"stock_on_hold":0,"sold_today":0,"sales_last_days":0,"reserved_stock":0,"customer_returns":0,"warehouse_damage":0,"lost_in_post":0,"other_logs":0,"out_stock_days":535,"lost_sales":0,"has_location":false,"update_date":"2026-01-28T23:11:19","atum_locations":[{"id":32,"name":"Helsinki","slug":"helsinki"}],"atum_stock_status":"outofstock","restock_status":false,"low_stock_amount":"","sales_update_date":"2026-01-28T23:11:19","calc_backorders":null,"acf":{"publisher":{"ID":1517,"post_author":"1","post_date":"2021-02-17 01:14:41","post_date_gmt":"2021-02-16 23:14:41","post_content":"","post_title":"NXB Tr\u1ebb","post_excerpt":"","post_status":"publish","comment_status":"closed","ping_status":"closed","post_password":"","post_name":"nxb-tre","to_ping":"","pinged":"","post_modified":"2021-02-17 01:14:41","post_modified_gmt":"2021-02-16 23:14:41","post_content_filtered":"","post_parent":0,"guid":"https:\/\/sachviet.eu\/nha-phat-hanh\/nxb-tre\/","menu_order":0,"post_type":"publisher","post_mime_type":"","comment_count":"0","filter":"raw"}},"_links":{"self":[{"href":"https:\/\/sachviet.eu\/en\/wp-json\/wp\/v2\/product\/17868","targetHints":{"allow":["GET"]}}],"collection":[{"href":"https:\/\/sachviet.eu\/en\/wp-json\/wp\/v2\/product"}],"about":[{"href":"https:\/\/sachviet.eu\/en\/wp-json\/wp\/v2\/types\/product"}],"wp:featuredmedia":[{"embeddable":true,"href":"https:\/\/sachviet.eu\/en\/wp-json\/wp\/v2\/media\/17866"}],"wp:attachment":[{"href":"https:\/\/sachviet.eu\/en\/wp-json\/wp\/v2\/media?parent=17868"}],"wp:term":[{"taxonomy":"product_brand","embeddable":true,"href":"https:\/\/sachviet.eu\/en\/wp-json\/wp\/v2\/product_brand?post=17868"},{"taxonomy":"product_cat","embeddable":true,"href":"https:\/\/sachviet.eu\/en\/wp-json\/wp\/v2\/product_cat?post=17868"},{"taxonomy":"product_tag","embeddable":true,"href":"https:\/\/sachviet.eu\/en\/wp-json\/wp\/v2\/product_tag?post=17868"}],"curies":[{"name":"wp","href":"https:\/\/api.w.org\/{rel}","templated":true}]}}