{"id":17865,"date":"2022-04-09T17:42:14","date_gmt":"2022-04-09T14:42:14","guid":{"rendered":"https:\/\/sachviet.eu\/shop\/ceo-trung-quoc-ii-bai-hoc-kinh-nghiem-tu-25-ceo-cua-cac-tap-doan-da-quoc-gia-hang-dau-o-trung-quoc\/"},"modified":"2023-04-02T13:27:55","modified_gmt":"2023-04-02T10:27:55","slug":"ceo-trung-quoc-ii-bai-hoc-kinh-nghiem-tu-25-ceo-cua-cac-tap-doan-da-quoc-gia-hang-dau-o-trung-quoc","status":"publish","type":"product","link":"https:\/\/sachviet.eu\/en\/shop\/ceo-trung-quoc-ii-bai-hoc-kinh-nghiem-tu-25-ceo-cua-cac-tap-doan-da-quoc-gia-hang-dau-o-trung-quoc\/","title":{"rendered":"CEO Trung Qu\u1ed1c II- B\u00e0i H\u1ecdc Kinh Nghi\u1ec7m T\u1eeb 25 CEO C\u1ee7a C\u00e1c T\u1eadp \u0110o\u00e0n \u0110a Qu\u1ed1c Gia H\u00e0ng \u0110\u1ea7u \u1ede Trung Qu\u1ed1c"},"content":{"rendered":"<p>Cu\u1ed1n s\u00e1ch \u0111\u01b0\u1ee3c vi\u1ebft v\u1edbi m\u1ee5c \u0111\u00edch cung c\u1ea5p cho \u0111\u1ed9c gi\u1ea3 c\u00e1i nh\u00ecn tr\u1ef1c quan v\u1ec1 s\u1ef1 chuy\u1ec3n \u0111\u1ed5i \u0111ang di\u1ec5n ra qua l\u0103ng k\u00ednh l\u00e0 c\u00e1c cu\u1ed9c ph\u1ecfng v\u1ea5n chuy\u00ean s\u00e2u v\u1edbi c\u00e1c CEO v\u00e0 c\u00e1c chuy\u00ean gia l\u00e0m vi\u1ec7c \u1edf Trung Qu\u1ed1c.<br \/>\nB\u1ea1n s\u1ebd h\u1ecdc \u0111\u01b0\u1ee3c t\u1eeb cu\u1ed1n s\u00e1ch n\u00e0y r\u1ea5t nhi\u1ec1u \u0111i\u1ec1u b\u1ed5 \u00edch , v\u00ed d\u1ee5 nh\u01b0 ph\u1ea9m ch\u1ea5t m\u00e0 c\u00e1c CEO coi l\u00e0 c\u1ea7n thi\u1ebft \u0111\u1ec3 th\u00e0nh c\u00f4ng, bao g\u1ed3m ni\u1ec1m \u0111am m\u00ea, l\u00f2ng nhi\u1ec7t huy\u1ebft , t\u1ed1c \u0111\u1ed9 ra quy\u1ebft \u0111\u1ecbnh , t\u1ea7m nh\u00ecn r\u00f5 r\u00e0ng, t\u00ednh k\u1ef7 lu\u1eadt, kh\u1ea3 n\u0103ng t\u1eadn d\u1ee5ng nh\u00e2n s\u1ef1 \u0111\u1ecba ph\u01b0\u01a1ng  v\u00e0 kh\u1ea3 n\u0103ng \u0111i\u1ec1u h\u00e0nh ho\u1ea1t \u0111\u1ed9ng trong m\u00f4i tr\u01b0\u1eddng bi\u1ebfn \u0111\u1ed5i li\u00ean t\u1ee5c v\u00e0 thi\u1ebfu \u1ed5n \u0111\u1ecbnh.<\/p>\n","protected":false},"excerpt":{"rendered":"<p>Cu\u1ed1n s\u00e1ch \u0111\u01b0\u1ee3c vi\u1ebft v\u1edbi m\u1ee5c \u0111\u00edch cung c\u1ea5p cho \u0111\u1ed9c gi\u1ea3 c\u00e1i nh\u00ecn tr\u1ef1c quan v\u1ec1 s\u1ef1 chuy\u1ec3n \u0111\u1ed5i \u0111ang di\u1ec5n ra qua l\u0103ng k\u00ednh l\u00e0 c\u00e1c cu\u1ed9c ph\u1ecfng v\u1ea5n chuy\u00ean s\u00e2u v\u1edbi c\u00e1c CEO v\u00e0 c\u00e1c chuy\u00ean gia l\u00e0m vi\u1ec7c \u1edf Trung Qu\u1ed1c.<br \/>\nB\u1ea1n s\u1ebd h\u1ecdc \u0111\u01b0\u1ee3c t\u1eeb cu\u1ed1n s\u00e1ch n\u00e0y r\u1ea5t nhi\u1ec1u \u0111i\u1ec1u b\u1ed5 \u00edch , v\u00ed d\u1ee5 nh\u01b0 ph\u1ea9m ch\u1ea5t m\u00e0 c\u00e1c CEO coi l\u00e0 c\u1ea7n thi\u1ebft \u0111\u1ec3 th\u00e0nh c\u00f4ng, bao g\u1ed3m ni\u1ec1m \u0111am m\u00ea, l\u00f2ng nhi\u1ec7t huy\u1ebft , t\u1ed1c \u0111\u1ed9 ra quy\u1ebft \u0111\u1ecbnh , t\u1ea7m nh\u00ecn r\u00f5 r\u00e0ng, t\u00ednh k\u1ef7 lu\u1eadt, kh\u1ea3 n\u0103ng t\u1eadn d\u1ee5ng nh\u00e2n s\u1ef1 \u0111\u1ecba ph\u01b0\u01a1ng  v\u00e0 kh\u1ea3 n\u0103ng \u0111i\u1ec1u h\u00e0nh ho\u1ea1t \u0111\u1ed9ng trong m\u00f4i tr\u01b0\u1eddng bi\u1ebfn \u0111\u1ed5i li\u00ean t\u1ee5c v\u00e0 thi\u1ebfu \u1ed5n \u0111\u1ecbnh.<\/p>\n","protected":false},"featured_media":17864,"template":"","meta":{"_acf_changed":false},"product_brand":[],"product_cat":[15,46],"product_tag":[],"class_list":{"0":"post-17865","1":"product","2":"type-product","3":"status-publish","4":"has-post-thumbnail","6":"product_cat-sach-danh-cho-nguoi-lon","7":"product_cat-ky-nang-song","9":"first","10":"outofstock","11":"taxable","12":"shipping-taxable","13":"purchasable","14":"product-type-simple"},"supplier_id":null,"supplier_sku":"","barcode":null,"atum_controlled":true,"out_stock_date":"2023-04-02 10:27:55","out_stock_threshold":null,"inheritable":false,"inbound_stock":0,"stock_on_hold":0,"sold_today":0,"sales_last_days":0,"reserved_stock":0,"customer_returns":0,"warehouse_damage":0,"lost_in_post":0,"other_logs":0,"out_stock_days":1032,"lost_sales":0,"has_location":true,"update_date":"2026-01-28T23:11:01","atum_locations":[{"id":32,"name":"Helsinki","slug":"helsinki"}],"atum_stock_status":"outofstock","restock_status":false,"low_stock_amount":"","sales_update_date":"2026-01-28T23:11:01","calc_backorders":null,"acf":{"publisher":{"ID":3121,"post_author":"1","post_date":"2021-02-27 00:40:03","post_date_gmt":"2021-02-26 22:40:03","post_content":"","post_title":"T\u00e2n Vi\u1ec7t","post_excerpt":"","post_status":"publish","comment_status":"closed","ping_status":"closed","post_password":"","post_name":"tan-viet","to_ping":"","pinged":"","post_modified":"2021-02-27 00:40:03","post_modified_gmt":"2021-02-26 22:40:03","post_content_filtered":"","post_parent":0,"guid":"https:\/\/sachviet.eu\/nha-phat-hanh\/tan-viet\/","menu_order":0,"post_type":"publisher","post_mime_type":"","comment_count":"0","filter":"raw"}},"_links":{"self":[{"href":"https:\/\/sachviet.eu\/en\/wp-json\/wp\/v2\/product\/17865","targetHints":{"allow":["GET"]}}],"collection":[{"href":"https:\/\/sachviet.eu\/en\/wp-json\/wp\/v2\/product"}],"about":[{"href":"https:\/\/sachviet.eu\/en\/wp-json\/wp\/v2\/types\/product"}],"wp:featuredmedia":[{"embeddable":true,"href":"https:\/\/sachviet.eu\/en\/wp-json\/wp\/v2\/media\/17864"}],"wp:attachment":[{"href":"https:\/\/sachviet.eu\/en\/wp-json\/wp\/v2\/media?parent=17865"}],"wp:term":[{"taxonomy":"product_brand","embeddable":true,"href":"https:\/\/sachviet.eu\/en\/wp-json\/wp\/v2\/product_brand?post=17865"},{"taxonomy":"product_cat","embeddable":true,"href":"https:\/\/sachviet.eu\/en\/wp-json\/wp\/v2\/product_cat?post=17865"},{"taxonomy":"product_tag","embeddable":true,"href":"https:\/\/sachviet.eu\/en\/wp-json\/wp\/v2\/product_tag?post=17865"}],"curies":[{"name":"wp","href":"https:\/\/api.w.org\/{rel}","templated":true}]}}