{"id":17859,"date":"2022-04-09T17:41:56","date_gmt":"2022-04-09T14:41:56","guid":{"rendered":"https:\/\/sachviet.eu\/shop\/ac-y\/"},"modified":"2022-12-19T18:21:56","modified_gmt":"2022-12-19T16:21:56","slug":"ac-y","status":"publish","type":"product","link":"https:\/\/sachviet.eu\/en\/shop\/ac-y\/","title":{"rendered":"\u00c1c \u00dd"},"content":{"rendered":"<p>\u201cH\u00e0ng x\u00f3m nu\u00f4i con m\u00e8o l\u00f4ng tr\u1eafng \u0111i\u1ec3m n\u00e2u. M\u00e8o nh\u00e0 m\u00e0 c\u1ee9 th\u1ea3 r\u00f4ng, \u0111\u1ec3 n\u00f3 ch\u1ea1y sang v\u01b0\u1eddn m\u00ecnh b\u1ee9t c\u00e2y \u0111i b\u1eady, phi\u1ec1n to\u00e1i v\u00f4 c\u00f9ng, kh\u00f4ng l\u00e0m sao m\u00e0 ch\u1ecbu \u0111\u1ef1ng \u0111\u01b0\u1ee3c.\u201d<\/p>\n<p>M\u1ed9t nh\u00e0 v\u0103n c\u00f3 b\u00e0i t\u00f9y b\u00fat \u0111\u0103ng b\u00e1o, \u0111\u1ea1i \u00fd nh\u01b0 v\u1eady.<\/p>\n<p>B\u00e1o ph\u00e1t h\u00e0nh \u0111\u01b0\u1ee3c v\u00e0i h\u00f4m th\u00ec con m\u00e8o h\u00e0ng x\u00f3m ch\u1ebft v\u00ec tr\u00fang b\u1ea3. T\u00ecnh c\u1edd l\u00e0, ch\u1ee7 n\u00f3 b\u1eaft g\u1eb7p b\u00e0i t\u00f9y b\u00fat. V\u00e0 v\u1ea5n \u0111\u1ec1 l\u00e0, con m\u00e8o c\u1ee7a ch\u1ecb ta l\u00f4ng tr\u1eafng \u0111i\u1ec3m n\u00e2u.<\/p>\n<p>Chi\u1ec1u h\u00f4m \u1ea5y, ch\u1ecb ta sang v\u01b0\u1eddn nh\u00e0 v\u0103n \u0111\u1ec3 t\u00ecm v\u1ebft t\u00edch b\u1ea3 \u0111\u1ed9c.<\/p>\n<p>T\u1ed1i h\u00f4m \u1ea5y, nh\u00e0 v\u0103n b\u1ecb gi\u1ebft.<\/p>\n<p>C\u00f3 m\u1ed9t nh\u00e2n v\u1eadt n\u1ed5i ti\u1ebfng t\u1eebng ti\u00eau di\u1ec7t r\u1ea5t nhi\u1ec1u ng\u01b0\u1eddi, th\u1eadm ch\u00ed ph\u00e1 tan c\u1ea3 m\u1ea5y b\u0103ng \u0111\u1ea3ng, ch\u1ec9 \u0111\u1ec3 b\u00e1o th\u00f9 cho m\u1ed9t con ch\u00f3.<\/p>\n<p>V\u1eady \u0111\u00e2y, li\u1ec7u c\u00f3 ph\u1ea3i \u00e1n m\u1ea1ng \u0111\u1ec3 b\u00e1o th\u00f9 cho m\u1ed9t con m\u00e8o?<\/p>\n<p>T\u1eeb xu\u1ea5t ph\u00e1t \u0111i\u1ec3m l\u00e0 v\u1ee5 s\u00e1t h\u1ea1i m\u1ed9t nh\u00e0 v\u0103n nh\u00e2n c\u00e1ch v\u00e0ng trong khu ph\u1ed1 gi\u00e0u sang, Keigo Higashino k\u00e9o tu\u1ed9t ng\u01b0\u1eddi \u0111\u1ecdc v\u00e0o m\u1ed9t l\u1ecbch s\u1eed \u0111\u01b0\u1ee3c vi\u1ebft l\u1ea1i b\u1eb1ng gian d\u1ed1i, m\u1ed9t ma tr\u1eadn \u0111\u01b0\u1ee3c v\u1eadn h\u00e0nh theo nguy\u00ean t\u1eafc l\u1ea5y o\u00e1n tr\u1ea3 \u01a1n.<\/p>\n","protected":false},"excerpt":{"rendered":"<p>\u201cH\u00e0ng x\u00f3m nu\u00f4i con m\u00e8o l\u00f4ng tr\u1eafng \u0111i\u1ec3m n\u00e2u. M\u00e8o nh\u00e0 m\u00e0 c\u1ee9 th\u1ea3 r\u00f4ng, \u0111\u1ec3 n\u00f3 ch\u1ea1y sang v\u01b0\u1eddn m\u00ecnh b\u1ee9t c\u00e2y \u0111i b\u1eady, phi\u1ec1n to\u00e1i v\u00f4 c\u00f9ng, kh\u00f4ng l\u00e0m sao m\u00e0 ch\u1ecbu \u0111\u1ef1ng \u0111\u01b0\u1ee3c.\u201d<\/p>\n<p>M\u1ed9t nh\u00e0 v\u0103n c\u00f3 b\u00e0i t\u00f9y b\u00fat \u0111\u0103ng b\u00e1o, \u0111\u1ea1i \u00fd nh\u01b0 v\u1eady.<\/p>\n<p>B\u00e1o ph\u00e1t h\u00e0nh \u0111\u01b0\u1ee3c v\u00e0i h\u00f4m th\u00ec con m\u00e8o h\u00e0ng x\u00f3m ch\u1ebft v\u00ec tr\u00fang b\u1ea3. T\u00ecnh c\u1edd l\u00e0, ch\u1ee7 n\u00f3 b\u1eaft g\u1eb7p b\u00e0i t\u00f9y b\u00fat. V\u00e0 v\u1ea5n \u0111\u1ec1 l\u00e0, con m\u00e8o c\u1ee7a ch\u1ecb ta l\u00f4ng tr\u1eafng \u0111i\u1ec3m n\u00e2u.<\/p>\n<p>Chi\u1ec1u h\u00f4m \u1ea5y, ch\u1ecb ta sang v\u01b0\u1eddn nh\u00e0 v\u0103n \u0111\u1ec3 t\u00ecm v\u1ebft t\u00edch b\u1ea3 \u0111\u1ed9c.<\/p>\n<p>T\u1ed1i h\u00f4m \u1ea5y, nh\u00e0 v\u0103n b\u1ecb gi\u1ebft.<\/p>\n<p>C\u00f3 m\u1ed9t nh\u00e2n v\u1eadt n\u1ed5i ti\u1ebfng t\u1eebng ti\u00eau di\u1ec7t r\u1ea5t nhi\u1ec1u ng\u01b0\u1eddi, th\u1eadm ch\u00ed ph\u00e1 tan c\u1ea3 m\u1ea5y b\u0103ng \u0111\u1ea3ng, ch\u1ec9 \u0111\u1ec3 b\u00e1o th\u00f9 cho m\u1ed9t con ch\u00f3.<\/p>\n<p>V\u1eady \u0111\u00e2y, li\u1ec7u c\u00f3 ph\u1ea3i \u00e1n m\u1ea1ng \u0111\u1ec3 b\u00e1o th\u00f9 cho m\u1ed9t con m\u00e8o?<\/p>\n<p>T\u1eeb xu\u1ea5t ph\u00e1t \u0111i\u1ec3m l\u00e0 v\u1ee5 s\u00e1t h\u1ea1i m\u1ed9t nh\u00e0 v\u0103n nh\u00e2n c\u00e1ch v\u00e0ng trong khu ph\u1ed1 gi\u00e0u sang, Keigo Higashino k\u00e9o tu\u1ed9t ng\u01b0\u1eddi \u0111\u1ecdc v\u00e0o m\u1ed9t l\u1ecbch s\u1eed \u0111\u01b0\u1ee3c vi\u1ebft l\u1ea1i b\u1eb1ng gian d\u1ed1i, m\u1ed9t ma tr\u1eadn \u0111\u01b0\u1ee3c v\u1eadn h\u00e0nh theo nguy\u00ean t\u1eafc l\u1ea5y o\u00e1n tr\u1ea3 \u01a1n.<\/p>\n","protected":false},"featured_media":17858,"template":"","meta":{"_acf_changed":false},"product_brand":[],"product_cat":[15,72],"product_tag":[],"class_list":{"0":"post-17859","1":"product","2":"type-product","3":"status-publish","4":"has-post-thumbnail","6":"product_cat-sach-danh-cho-nguoi-lon","7":"product_cat-trinh-tham-kinh-di","9":"first","10":"outofstock","11":"taxable","12":"shipping-taxable","13":"purchasable","14":"product-type-simple"},"supplier_id":null,"supplier_sku":"","barcode":null,"atum_controlled":true,"out_stock_date":"2022-12-19 12:58:59","out_stock_threshold":null,"inheritable":false,"inbound_stock":0,"stock_on_hold":0,"sold_today":0,"sales_last_days":0,"reserved_stock":0,"customer_returns":0,"warehouse_damage":0,"lost_in_post":0,"other_logs":0,"out_stock_days":1136,"lost_sales":0,"has_location":false,"update_date":"2026-01-28T23:11:01","atum_locations":[{"id":32,"name":"Helsinki","slug":"helsinki"}],"atum_stock_status":"outofstock","restock_status":false,"low_stock_amount":"","sales_update_date":"2026-01-28T23:11:01","calc_backorders":null,"acf":{"publisher":{"ID":8612,"post_author":"1","post_date":"2021-04-28 14:27:30","post_date_gmt":"2021-04-28 11:27:30","post_content":"","post_title":"IPM","post_excerpt":"","post_status":"publish","comment_status":"closed","ping_status":"closed","post_password":"","post_name":"ipm","to_ping":"","pinged":"","post_modified":"2021-04-28 14:27:30","post_modified_gmt":"2021-04-28 11:27:30","post_content_filtered":"","post_parent":0,"guid":"https:\/\/sachviet.eu\/nha-phat-hanh\/ipm\/","menu_order":0,"post_type":"publisher","post_mime_type":"","comment_count":"0","filter":"raw"}},"_links":{"self":[{"href":"https:\/\/sachviet.eu\/en\/wp-json\/wp\/v2\/product\/17859","targetHints":{"allow":["GET"]}}],"collection":[{"href":"https:\/\/sachviet.eu\/en\/wp-json\/wp\/v2\/product"}],"about":[{"href":"https:\/\/sachviet.eu\/en\/wp-json\/wp\/v2\/types\/product"}],"wp:featuredmedia":[{"embeddable":true,"href":"https:\/\/sachviet.eu\/en\/wp-json\/wp\/v2\/media\/17858"}],"wp:attachment":[{"href":"https:\/\/sachviet.eu\/en\/wp-json\/wp\/v2\/media?parent=17859"}],"wp:term":[{"taxonomy":"product_brand","embeddable":true,"href":"https:\/\/sachviet.eu\/en\/wp-json\/wp\/v2\/product_brand?post=17859"},{"taxonomy":"product_cat","embeddable":true,"href":"https:\/\/sachviet.eu\/en\/wp-json\/wp\/v2\/product_cat?post=17859"},{"taxonomy":"product_tag","embeddable":true,"href":"https:\/\/sachviet.eu\/en\/wp-json\/wp\/v2\/product_tag?post=17859"}],"curies":[{"name":"wp","href":"https:\/\/api.w.org\/{rel}","templated":true}]}}