{"id":17857,"date":"2022-04-09T17:41:50","date_gmt":"2022-04-09T14:41:50","guid":{"rendered":"https:\/\/sachviet.eu\/shop\/bo-tau-pha-bang-tron-bo-3-taptau-pha-bang-snow-va-bi-an-o-vung-hailuoto-tau-pha-bang-snow-va-nhiem-vu-o-vinh-phan-lan-tau-pha-bang-snow-va-thanh-pho-mat-tich\/"},"modified":"2023-05-20T18:11:21","modified_gmt":"2023-05-20T15:11:21","slug":"bo-tau-pha-bang-tron-bo-3-taptau-pha-bang-snow-va-bi-an-o-vung-hailuoto-tau-pha-bang-snow-va-nhiem-vu-o-vinh-phan-lan-tau-pha-bang-snow-va-thanh-pho-mat-tich","status":"publish","type":"product","link":"https:\/\/sachviet.eu\/en\/shop\/bo-tau-pha-bang-tron-bo-3-taptau-pha-bang-snow-va-bi-an-o-vung-hailuoto-tau-pha-bang-snow-va-nhiem-vu-o-vinh-phan-lan-tau-pha-bang-snow-va-thanh-pho-mat-tich\/","title":{"rendered":"B\u1ed9 T\u00e0u Ph\u00e1 B\u0103ng tr\u1ecdn b\u1ed9 3 t\u1eadp:T\u00e0u Ph\u00e1 B\u0103ng Snow V\u00e0 B\u00ed \u1ea8n \u1ede V\u00f9ng Hailuoto, T\u00e0u Ph\u00e1 B\u0103ng Snow V\u00e0 Nhi\u1ec7m V\u1ee5 \u1ede V\u1ecbnh Ph\u1ea7n Lan, T\u00e0u Ph\u00e1 B\u0103ng Snow V\u00e0 Th\u00e0nh Ph\u1ed1 M\u1ea5t T\u00edch"},"content":{"rendered":"<p>T\u00e0u Ph\u00e1 B\u0103ng Snow V\u00e0 B\u00ed \u1ea8n \u1ede V\u00f9ng Hailuoto<\/p>\n<p>T\u00e0u ph\u00e1 b\u0103ng Snow v\u00e0 b\u00ed \u1ea9n \u1edf v\u00f9ng Hailuoto l\u00e0 t\u1eadp 2 c\u1ee7a b\u1ed9 truy\u1ec7n tranh nhi\u1ec1u t\u1eadp v\u1ec1 anh ch\u00e0ng t\u00e0u ph\u00e1 b\u0103ng Snow v\u00e0 c\u00e1c b\u1ea1n.<\/p>\n<p>M\u00f9a \u0111\u00f4ng l\u1ea1i \u0111\u1ebfn \u1edf v\u00f9ng v\u1ecbnh Bothnia. B\u0103ng \u0111\u00e3 t\u1ea1o th\u00e0nh m\u1ed9t l\u1edbp v\u1ecf \u0111\u00f4ng c\u1ee9ng tr\u00ean m\u1eb7t bi\u1ec3n, nh\u1eefng con t\u00e0u ph\u00e1 b\u0103ng l\u1ea1i ra kh\u01a1i th\u1ef1c hi\u1ec7n nhi\u1ec7m v\u1ee5 kh\u00f3 kh\u0103n c\u1ee7a m\u00ecnh. M\u1ecdi th\u1ee9 c\u00f3 v\u1ebb r\u1ea5t b\u00ecnh th\u01b0\u1eddng, cho \u0111\u1ebfn khi&#8230;<\/p>\n<p>Ng\u1ecdn h\u1ea3i \u0111\u0103ng Marjaniemi ph\u00e1t hi\u1ec7n ra m\u1ed9t v\u1eadt g\u00ec \u0111\u00f3 kh\u1ed5ng l\u1ed3, \u0111en \u0111\u00faa \u1edf v\u00f9ng Hailuoto. \u0110i\u1ec1u b\u00ed \u1ea9n g\u00ec \u0111ang di\u1ec5n ra \u1edf \u0111\u00e2y? Snow v\u00e0 c\u00e1c b\u1ea1n c\u1ee7a m\u00ecnh s\u1ebd l\u00e0m g\u00ec \u0111\u1ec3 t\u00ecm c\u00e2u tr\u1ea3 l\u1eddi?<\/p>\n<p>T\u00e0u Ph\u00e1 B\u0103ng Snow V\u00e0 Nhi\u1ec7m V\u1ee5 \u1ede V\u1ecbnh Ph\u1ea7n Lan<\/p>\n<p>Snow n\u1eb1m \u1edf c\u1ea3ng, s\u1ed1t ru\u1ed9t ch\u1edd \u0111\u1ee3i \u0111\u1ec3 \u0111\u01b0\u1ee3c g\u1ecdi \u0111i ph\u00e1 b\u0103ng v\u00e0 tr\u1ee3 gi\u00fap c\u00e1c con t\u00e0u tr\u00ean bi\u1ec3n. \u0110\u1ed9t nhi\u00ean c\u1eadu ta nghe th\u1ea5y c\u00e1c t\u00edn hi\u1ec7u c\u1ea5p c\u1ee9u t\u1eeb m\u1ed9t chi\u1ebfc t\u00e0u ch\u1edf h\u00e0ng. Cu\u1ed9c gi\u1ea3i c\u1ee9u c\u1ea7n \u0111\u01b0\u1ee3c th\u1ef1c hi\u1ec7n ngay l\u1eadp t\u1ee9c. Ai s\u1ebd l\u00e0 ng\u01b0\u1eddi \u0111\u1ea3m nhi\u1ec7m c\u00f4ng vi\u1ec7c \u0111\u1ea7y th\u1eed th\u00e1ch n\u00e0y \u1edf V\u1ecbnh Ph\u1ea7n Lan?<\/p>\n<p>T\u00e0u ph\u00e1 b\u0103ng Snow v\u00e0 nhi\u1ec7m v\u1ee5 \u1edf V\u1ecbnh Ph\u1ea7n Lan l\u00e0 t\u1eadp truy\u1ec7n \u0111\u1ea7u ti\u00ean c\u1ee7a b\u1ed9 truy\u1ec7n v\u1ec1 anh ch\u00e0ng t\u00e0u ph\u00e1 b\u0103ng Snow v\u00e0 nh\u1eefng ng\u01b0\u1eddi b\u1ea1n.<\/p>\n<p>T\u00e1c gi\u1ea3 Teemu Leppala l\u00e0 m\u1ed9t th\u1ee7y th\u1ee7, m\u1ed9t thuy\u1ec1n tr\u01b0\u1edfng c\u1ee7a nh\u1eefng con t\u00e0u ph\u00e1 b\u0103ng tr\u00ean bi\u1ec3n. B\u1ed9 truy\u1ec7n tranh T\u00e0u ph\u00e1 b\u0103ng Snow s\u1ebd \u0111\u01b0a c\u00e1c b\u1ea1n \u0111\u1ebfn v\u1edbi th\u1ebf gi\u1edbi phi\u00eau l\u01b0u m\u1ea1o hi\u1ec3m \u1edf nh\u1eefng v\u00f9ng bi\u1ec3n \u0111\u1ea7y b\u0103ng tuy\u1ebft.<\/p>\n<p>T\u00e0u Ph\u00e1 B\u0103ng Snow V\u00e0 Th\u00e0nh Ph\u1ed1 M\u1ea5t T\u00edch<\/p>\n<p>Ti\u1ebfp n\u1ed1i 2 t\u1eadp tr\u01b0\u1edbc, T\u00e0u ph\u00e1 b\u0103ng Snow v\u00e0 th\u00e0nh ph\u1ed1 m\u1ea5t t\u00edch l\u00e0 t\u1eadp ti\u1ebfp theo c\u1ee7a truy\u1ec7n tranh nhi\u1ec1u t\u1eadp v\u1ec1 anh ch\u00e0ng t\u00e0u ph\u00e1 b\u0103ng Snow v\u00e0 c\u00e1c b\u1ea1n c\u1ee7a m\u00ecnh.<\/p>\n<p>Twinkle, t\u00e0u hoa ti\u00eau, ng\u01b0\u1eddi b\u1ea1n th\u00e2n thi\u1ebft c\u1ee7a Snow \u0111\u01b0\u1ee3c c\u1eed \u0111\u1ebfn \u0111\u1ea3o Ut\u00f6 \u1edf v\u00f9ng bi\u1ec3n Qu\u1ea7n \u0110\u1ea3o. M\u1ed9t ng\u00e0y n\u1ecd, tr\u00ean \u0111\u01b0\u1eddng tr\u1edf v\u1ec1 \u0111i\u1ec3m t\u1eadp k\u1ebft, Twinkle b\u1ea5t ng\u1edd g\u1eb7p m\u1ed9t c\u01a1n b\u00e3o. Khi b\u00e3o qua, Twinkle nh\u1eadn ra m\u00ecnh b\u1ecb m\u1ea5t li\u00ean l\u1ea1c v\u1edbi c\u00e1c b\u1ea1n b\u00e8 v\u00e0 th\u1ebf gi\u1edbi xung quanh v\u00e0 \u0111\u00e3 b\u1ecb tr\u1eadn b\u00e3o cu\u1ed1n \u0111\u1ebfn m\u1ed9t th\u00e0nh ph\u1ed1 ch\u1ec9 \u0111\u01b0\u1ee3c nh\u1eafc \u0111\u1ebfn trong truy\u1ec1n thuy\u1ebft.<\/p>\n<p>Khi ng\u1ecdn h\u1ea3i \u0111\u0103ng Ut\u00f6 ph\u00e1t hi\u1ec7n ra Twinkle \u0111\u00e3 m\u1ea5t t\u00edch, m\u1ed9t cu\u1ed9c t\u00ecm ki\u1ebfm kh\u1ea9n tr\u01b0\u01a1ng \u0111\u01b0\u1ee3c ph\u00e1t \u0111\u1ed9ng. L\u00e0m c\u00e1ch n\u00e0o Twinkle c\u00f3 th\u1ec3 li\u00ean l\u1ea1c l\u1ea1i v\u1edbi th\u1ebf gi\u1edbi b\u00ean ngo\u00e0i? Li\u1ec7u c\u00f3 c\u01a1 h\u1ed9i g\u1eb7p l\u1ea1i ng\u01b0\u1eddi b\u1ea1n th\u00e2n Snow n\u1eefa hay kh\u00f4ng?<\/p>\n","protected":false},"excerpt":{"rendered":"<p>T\u00e0u Ph\u00e1 B\u0103ng Snow V\u00e0 B\u00ed \u1ea8n \u1ede V\u00f9ng Hailuoto<\/p>\n<p>T\u00e0u ph\u00e1 b\u0103ng Snow v\u00e0 b\u00ed \u1ea9n \u1edf v\u00f9ng Hailuoto l\u00e0 t\u1eadp 2 c\u1ee7a b\u1ed9 truy\u1ec7n tranh nhi\u1ec1u t\u1eadp v\u1ec1 anh ch\u00e0ng t\u00e0u ph\u00e1 b\u0103ng Snow v\u00e0 c\u00e1c b\u1ea1n.<\/p>\n<p>M\u00f9a \u0111\u00f4ng l\u1ea1i \u0111\u1ebfn \u1edf v\u00f9ng v\u1ecbnh Bothnia. B\u0103ng \u0111\u00e3 t\u1ea1o th\u00e0nh m\u1ed9t l\u1edbp v\u1ecf \u0111\u00f4ng c\u1ee9ng tr\u00ean m\u1eb7t bi\u1ec3n, nh\u1eefng con t\u00e0u ph\u00e1 b\u0103ng l\u1ea1i ra kh\u01a1i th\u1ef1c hi\u1ec7n nhi\u1ec7m v\u1ee5 kh\u00f3 kh\u0103n c\u1ee7a m\u00ecnh. M\u1ecdi th\u1ee9 c\u00f3 v\u1ebb r\u1ea5t b\u00ecnh th\u01b0\u1eddng, cho \u0111\u1ebfn khi&#8230;<\/p>\n<p>Ng\u1ecdn h\u1ea3i \u0111\u0103ng Marjaniemi ph\u00e1t hi\u1ec7n ra m\u1ed9t v\u1eadt g\u00ec \u0111\u00f3 kh\u1ed5ng l\u1ed3, \u0111en \u0111\u00faa \u1edf v\u00f9ng Hailuoto. \u0110i\u1ec1u b\u00ed \u1ea9n g\u00ec \u0111ang di\u1ec5n ra \u1edf \u0111\u00e2y? Snow v\u00e0 c\u00e1c b\u1ea1n c\u1ee7a m\u00ecnh s\u1ebd l\u00e0m g\u00ec \u0111\u1ec3 t\u00ecm c\u00e2u tr\u1ea3 l\u1eddi?<\/p>\n","protected":false},"featured_media":17853,"template":"","meta":{"_acf_changed":false},"product_brand":[],"product_cat":[25,17,26],"product_tag":[],"class_list":{"0":"post-17857","1":"product","2":"type-product","3":"status-publish","4":"has-post-thumbnail","6":"product_cat-nhi-dong-6-tuoi-12-tuoi","7":"product_cat-sach-danh-cho-cac-be","8":"product_cat-thieu-nien-11-tuoi-18-tuoi","10":"first","11":"instock","12":"taxable","13":"shipping-taxable","14":"purchasable","15":"product-type-simple"},"supplier_id":null,"supplier_sku":"","barcode":null,"atum_controlled":true,"out_stock_date":null,"out_stock_threshold":null,"inheritable":false,"inbound_stock":0,"stock_on_hold":0,"sold_today":0,"sales_last_days":0,"reserved_stock":0,"customer_returns":0,"warehouse_damage":0,"lost_in_post":0,"other_logs":0,"out_stock_days":0,"lost_sales":0,"has_location":true,"update_date":"2026-01-28T23:11:01","atum_locations":[{"id":32,"name":"Helsinki","slug":"helsinki"}],"atum_stock_status":"instock","restock_status":false,"low_stock_amount":"","sales_update_date":"2026-01-28T23:11:01","calc_backorders":null,"acf":{"publisher":{"ID":9871,"post_author":"1","post_date":"2021-06-02 17:52:59","post_date_gmt":"2021-06-02 14:52:59","post_content":"","post_title":"Saigon Books","post_excerpt":"","post_status":"publish","comment_status":"closed","ping_status":"closed","post_password":"","post_name":"saigon-books","to_ping":"","pinged":"","post_modified":"2021-06-02 17:52:59","post_modified_gmt":"2021-06-02 14:52:59","post_content_filtered":"","post_parent":0,"guid":"https:\/\/sachviet.eu\/nha-phat-hanh\/saigon-books\/","menu_order":0,"post_type":"publisher","post_mime_type":"","comment_count":"0","filter":"raw"}},"_links":{"self":[{"href":"https:\/\/sachviet.eu\/en\/wp-json\/wp\/v2\/product\/17857","targetHints":{"allow":["GET"]}}],"collection":[{"href":"https:\/\/sachviet.eu\/en\/wp-json\/wp\/v2\/product"}],"about":[{"href":"https:\/\/sachviet.eu\/en\/wp-json\/wp\/v2\/types\/product"}],"wp:featuredmedia":[{"embeddable":true,"href":"https:\/\/sachviet.eu\/en\/wp-json\/wp\/v2\/media\/17853"}],"wp:attachment":[{"href":"https:\/\/sachviet.eu\/en\/wp-json\/wp\/v2\/media?parent=17857"}],"wp:term":[{"taxonomy":"product_brand","embeddable":true,"href":"https:\/\/sachviet.eu\/en\/wp-json\/wp\/v2\/product_brand?post=17857"},{"taxonomy":"product_cat","embeddable":true,"href":"https:\/\/sachviet.eu\/en\/wp-json\/wp\/v2\/product_cat?post=17857"},{"taxonomy":"product_tag","embeddable":true,"href":"https:\/\/sachviet.eu\/en\/wp-json\/wp\/v2\/product_tag?post=17857"}],"curies":[{"name":"wp","href":"https:\/\/api.w.org\/{rel}","templated":true}]}}