{"id":17852,"date":"2022-04-09T17:41:36","date_gmt":"2022-04-09T14:41:36","guid":{"rendered":"https:\/\/sachviet.eu\/shop\/101-first-words-belongings-101-tu-dau-tien-do-dung-than-thiet\/"},"modified":"2022-12-19T18:22:06","modified_gmt":"2022-12-19T16:22:06","slug":"101-first-words-belongings-101-tu-dau-tien-do-dung-than-thiet","status":"publish","type":"product","link":"https:\/\/sachviet.eu\/en\/shop\/101-first-words-belongings-101-tu-dau-tien-do-dung-than-thiet\/","title":{"rendered":"101 First Words &#8211; Belongings \/ 101 T\u1eeb \u0110\u1ea7u Ti\u00ean &#8211; \u0110\u1ed3 D\u00f9ng Th\u00e2n Thi\u1ebft"},"content":{"rendered":"<p>101 First Words &#8211; Transport \/ 101 T\u1eeb \u0110\u1ea7u Ti\u00ean &#8211; Giao Th\u00f4ng<\/p>\n<p>Theo c\u00e1c nh\u00e0 nghi\u00ean c\u1ee9u khoa h\u1ecdc, tu\u1ed5i c\u00e0ng nh\u1ecf, kh\u1ea3 n\u0103ng ti\u1ebfp thu ki\u1ebfn th\u1ee9c th\u00f4ng qua h\u00ecnh \u1ea3nh c\u1ee7a c\u00e1c em c\u00e0ng t\u1ed1t, c\u00f3 th\u1ec3 b\u1eaft \u0111\u1ea7u ngay t\u1eeb l\u1ee9a tu\u1ed5i m\u1ea7m non, t\u1eeb 2 &#8211; 7 tu\u1ed5i.<\/p>\n<p>101 First Words\/ 101 t\u1eeb \u0111\u1ea7u ti\u00ean l\u00e0 nh\u1eefng cu\u1ed1n s\u00e1ch Anh \u2013 Vi\u1ec7t v\u00f4 c\u00f9ng b\u1ed5 \u00edch d\u00e0nh cho c\u00e1c b\u00e9 t\u1eeb 2 \u0111\u1ebfn 7 tu\u1ed5i b\u1eaft \u0111\u1ea7u t\u1eadp n\u00f3i ti\u1ebfng Anh. B\u00e9 s\u1ebd \u0111\u01b0\u1ee3c ph\u00e1t tri\u1ec3n v\u1ed1n t\u1eeb ti\u1ebfng Anh th\u00f4ng qua c\u00e1c ch\u1ee7 \u0111\u1ec1 g\u1ea7n g\u0169i nh\u01b0 Giao th\u00f4ng, B\u1ea3ng ch\u1eef c\u00e1i, C\u00e1c v\u1eadt d\u1ee5ng trong nh\u00e0 hay c\u00e1c ch\u1ee7 \u0111\u1ec1 mang t\u00ednh kh\u00e1m ph\u00e1 nh\u01b0 \u0110\u1ed9ng v\u1eadt\u2026 Kh\u00f4ng nh\u1eefng th\u1ebf, vi\u1ec7c ch\u1ecdn l\u1ef1a ph\u01b0\u01a1ng ph\u00e1p chuy\u1ec3n t\u1ea3i th\u00fa v\u1ecb c\u1ee7a cu\u1ed1n s\u00e1ch \u0111\u00e3 m\u1edf ra cho c\u00e1c em m\u1ed9t th\u1ebf gi\u1edbi h\u00ecnh \u1ea3nh sinh \u0111\u1ed9ng v\u00e0 \u0111\u1ea7y m\u00e0u s\u1eafc, gi\u00fap b\u00e9 ti\u1ebfp thu ki\u1ebfn th\u1ee9c v\u00e0 ghi nh\u1edb d\u1ec5 d\u00e0ng h\u01a1n.<\/p>\n<p>Cu\u1ed1n s\u00e1ch kh\u00f4ng ch\u1ec9 c\u00f3 h\u00ecnh \u1ea3nh minh ho\u1ea1 m\u00e0u s\u1eafc, \u0111\u00e1ng y\u00eau, m\u00e0 c\u00f2n l\u00e0 c\u00f4ng c\u1ee5 tuy\u1ec7t v\u1eddi \u0111\u1ec3 c\u00e1c b\u1eadc ph\u1ee5 huynh gi\u00fap b\u00e9 y\u00eau c\u1ee7a m\u00ecnh s\u1edbm nh\u1eadn di\u1ec7n \u0111\u01b0\u1ee3c m\u1ecdi th\u1ee9 xung quanh, gi\u00fap b\u00e9 ph\u00e1t tri\u1ec3n gi\u00e1c quan, ng\u00f4n ng\u1eef.<\/p>\n<p>101 First Words\/ 101 t\u1eeb \u0111\u1ea7u ti\u00ean &#8211; Gi\u00fap b\u00e9 n\u1eafm v\u1eefng nh\u1eefng kh\u00e1i ni\u1ec7m \u0111\u1ea7u ti\u00ean trong cu\u1ed9c s\u1ed1ng  !<\/p>\n","protected":false},"excerpt":{"rendered":"<p>101 First Words &#8211; Transport \/ 101 T\u1eeb \u0110\u1ea7u Ti\u00ean &#8211; Giao Th\u00f4ng<\/p>\n<p>Theo c\u00e1c nh\u00e0 nghi\u00ean c\u1ee9u khoa h\u1ecdc, tu\u1ed5i c\u00e0ng nh\u1ecf, kh\u1ea3 n\u0103ng ti\u1ebfp thu ki\u1ebfn th\u1ee9c th\u00f4ng qua h\u00ecnh \u1ea3nh c\u1ee7a c\u00e1c em c\u00e0ng t\u1ed1t, c\u00f3 th\u1ec3 b\u1eaft \u0111\u1ea7u ngay t\u1eeb l\u1ee9a tu\u1ed5i m\u1ea7m non, t\u1eeb 2 &#8211; 7 tu\u1ed5i.<\/p>\n<p>101 First Words\/ 101 t\u1eeb \u0111\u1ea7u ti\u00ean l\u00e0 nh\u1eefng cu\u1ed1n s\u00e1ch Anh \u2013 Vi\u1ec7t v\u00f4 c\u00f9ng b\u1ed5 \u00edch d\u00e0nh cho c\u00e1c b\u00e9 t\u1eeb 2 \u0111\u1ebfn 7 tu\u1ed5i b\u1eaft \u0111\u1ea7u t\u1eadp n\u00f3i ti\u1ebfng Anh. B\u00e9 s\u1ebd \u0111\u01b0\u1ee3c ph\u00e1t tri\u1ec3n v\u1ed1n t\u1eeb ti\u1ebfng Anh th\u00f4ng qua c\u00e1c ch\u1ee7 \u0111\u1ec1 g\u1ea7n g\u0169i nh\u01b0 Giao th\u00f4ng, B\u1ea3ng ch\u1eef c\u00e1i, C\u00e1c v\u1eadt d\u1ee5ng trong nh\u00e0 hay c\u00e1c ch\u1ee7 \u0111\u1ec1 mang t\u00ednh kh\u00e1m ph\u00e1 nh\u01b0 \u0110\u1ed9ng v\u1eadt\u2026 Kh\u00f4ng nh\u1eefng th\u1ebf, vi\u1ec7c ch\u1ecdn l\u1ef1a ph\u01b0\u01a1ng ph\u00e1p chuy\u1ec3n t\u1ea3i th\u00fa v\u1ecb c\u1ee7a cu\u1ed1n s\u00e1ch \u0111\u00e3 m\u1edf ra cho c\u00e1c em m\u1ed9t th\u1ebf gi\u1edbi h\u00ecnh \u1ea3nh sinh \u0111\u1ed9ng v\u00e0 \u0111\u1ea7y m\u00e0u s\u1eafc, gi\u00fap b\u00e9 ti\u1ebfp thu ki\u1ebfn th\u1ee9c v\u00e0 ghi nh\u1edb d\u1ec5 d\u00e0ng h\u01a1n.<\/p>\n<p>Cu\u1ed1n s\u00e1ch kh\u00f4ng ch\u1ec9 c\u00f3 h\u00ecnh \u1ea3nh minh ho\u1ea1 m\u00e0u s\u1eafc, \u0111\u00e1ng y\u00eau, m\u00e0 c\u00f2n l\u00e0 c\u00f4ng c\u1ee5 tuy\u1ec7t v\u1eddi \u0111\u1ec3 c\u00e1c b\u1eadc ph\u1ee5 huynh gi\u00fap b\u00e9 y\u00eau c\u1ee7a m\u00ecnh s\u1edbm nh\u1eadn di\u1ec7n \u0111\u01b0\u1ee3c m\u1ecdi th\u1ee9 xung quanh, gi\u00fap b\u00e9 ph\u00e1t tri\u1ec3n gi\u00e1c quan, ng\u00f4n ng\u1eef.<\/p>\n<p>101 First Words\/ 101 t\u1eeb \u0111\u1ea7u ti\u00ean &#8211; Gi\u00fap b\u00e9 n\u1eafm v\u1eefng nh\u1eefng kh\u00e1i ni\u1ec7m \u0111\u1ea7u ti\u00ean trong cu\u1ed9c s\u1ed1ng  !<\/p>\n","protected":false},"featured_media":17851,"template":"","meta":{"_acf_changed":false},"product_brand":[],"product_cat":[24,17],"product_tag":[],"class_list":{"0":"post-17852","1":"product","2":"type-product","3":"status-publish","4":"has-post-thumbnail","6":"product_cat-nha-tre-mau-giao-0-tuoi-6-tuoi","7":"product_cat-sach-danh-cho-cac-be","9":"first","10":"outofstock","11":"taxable","12":"shipping-taxable","13":"purchasable","14":"product-type-simple"},"supplier_id":null,"supplier_sku":"","barcode":null,"atum_controlled":true,"out_stock_date":"2022-12-19 12:59:00","out_stock_threshold":null,"inheritable":false,"inbound_stock":0,"stock_on_hold":0,"sold_today":0,"sales_last_days":0,"reserved_stock":0,"customer_returns":0,"warehouse_damage":0,"lost_in_post":0,"other_logs":0,"out_stock_days":1136,"lost_sales":0,"has_location":false,"update_date":"2026-01-28T23:11:01","atum_locations":[{"id":32,"name":"Helsinki","slug":"helsinki"}],"atum_stock_status":"outofstock","restock_status":false,"low_stock_amount":"","sales_update_date":"2026-01-28T23:11:01","calc_backorders":null,"acf":{"publisher":{"ID":9667,"post_author":"1","post_date":"2021-06-02 01:30:53","post_date_gmt":"2021-06-01 22:30:53","post_content":"","post_title":"Minh Long","post_excerpt":"","post_status":"publish","comment_status":"closed","ping_status":"closed","post_password":"","post_name":"minh-long","to_ping":"","pinged":"","post_modified":"2021-06-02 01:30:53","post_modified_gmt":"2021-06-01 22:30:53","post_content_filtered":"","post_parent":0,"guid":"https:\/\/sachviet.eu\/nha-phat-hanh\/minh-long\/","menu_order":0,"post_type":"publisher","post_mime_type":"","comment_count":"0","filter":"raw"}},"_links":{"self":[{"href":"https:\/\/sachviet.eu\/en\/wp-json\/wp\/v2\/product\/17852","targetHints":{"allow":["GET"]}}],"collection":[{"href":"https:\/\/sachviet.eu\/en\/wp-json\/wp\/v2\/product"}],"about":[{"href":"https:\/\/sachviet.eu\/en\/wp-json\/wp\/v2\/types\/product"}],"wp:featuredmedia":[{"embeddable":true,"href":"https:\/\/sachviet.eu\/en\/wp-json\/wp\/v2\/media\/17851"}],"wp:attachment":[{"href":"https:\/\/sachviet.eu\/en\/wp-json\/wp\/v2\/media?parent=17852"}],"wp:term":[{"taxonomy":"product_brand","embeddable":true,"href":"https:\/\/sachviet.eu\/en\/wp-json\/wp\/v2\/product_brand?post=17852"},{"taxonomy":"product_cat","embeddable":true,"href":"https:\/\/sachviet.eu\/en\/wp-json\/wp\/v2\/product_cat?post=17852"},{"taxonomy":"product_tag","embeddable":true,"href":"https:\/\/sachviet.eu\/en\/wp-json\/wp\/v2\/product_tag?post=17852"}],"curies":[{"name":"wp","href":"https:\/\/api.w.org\/{rel}","templated":true}]}}