{"id":17846,"date":"2022-04-09T17:41:15","date_gmt":"2022-04-09T14:41:15","guid":{"rendered":"https:\/\/sachviet.eu\/shop\/nguoi-ba-tai-gioi-vung-saga-tap-4-tang-kem-1-postcard\/"},"modified":"2023-10-09T09:14:35","modified_gmt":"2023-10-09T06:14:35","slug":"nguoi-ba-tai-gioi-vung-saga-tap-4-tang-kem-1-postcard","status":"publish","type":"product","link":"https:\/\/sachviet.eu\/en\/shop\/nguoi-ba-tai-gioi-vung-saga-tap-4-tang-kem-1-postcard\/","title":{"rendered":"Ng\u01b0\u1eddi B\u00e0 T\u00e0i Gi\u1ecfi V\u00f9ng Saga &#8211; T\u1eadp 4"},"content":{"rendered":"<p>Cu\u1ed9c s\u1ed1ng c\u1ee7a c\u1eadu b\u00e9 Akihiro \u0111\u00e3 thay \u0111\u1ed5i ho\u00e0n to\u00e0n k\u1ec3 t\u1eeb khi \u0111\u1ebfn s\u1ed1ng c\u00f9ng ng\u01b0\u1eddi b\u00e0 t\u00e0i gi\u1ecfi \u201cd\u1eef th\u1ea7n\u201d t\u1ea1i v\u00f9ng \u0111\u1ea5t Saga ngh\u00e8o kh\u00f3. \u1ede n\u01a1i thi\u1ebfu th\u1ed1n t\u1eeb c\u00e1i \u0103n \u0111\u1ebfn c\u00e1i m\u1eb7c n\u00e0y, c\u1eadu \u0111\u01b0\u1ee3c g\u1eb7p g\u1ee1 nh\u1eefng ng\u01b0\u1eddi b\u1ea1n ch\u00e2n th\u00e0nh, nh\u1eefng ng\u01b0\u1eddi d\u00e2n Saga h\u00e0o s\u1ea3ng, \u1ea5m \u00e1p v\u00e0 c\u00f9ng h\u1ecd tr\u1ea3i qua bi\u1ebft bao t\u00ecnh c\u1ea3nh vui bu\u1ed3n, \u0111\u00e1ng nh\u1edb.<\/p>\n<p>V\u00e0o m\u1ed9t l\u1ea7n \u0111u\u1ed5i nhau v\u1edbi ch\u00fa ch\u00f3 Carp, Akihiro v\u00f4 t\u00ecnh m\u1eafc k\u1eb9t trong nh\u00e0 kho b\u1ecf hoang v\u00e0 l\u00e0m quen v\u1edbi c\u1eadu b\u1ea1n c\u00f9ng l\u1edbp m\u1edd nh\u1ea1t, kh\u00f4ng \u0111\u01b0\u1ee3c ai \u0111o\u00e1i ho\u00e0i. Sau \u201cs\u1ef1 c\u1ed1\u201d kh\u00f3 x\u1eed x\u1ea3y ra \u1edf nh\u00e0 kho, c\u1ea3 hai d\u1ea7n tr\u1edf n\u00ean th\u00e2n thi\u1ebft. C\u0169ng trong t\u1eadp 4 n\u00e0y, m\u1ed9t h\u1ecdc sinh m\u1edbi &#8211; con g\u00e1i c\u1ee7a ch\u1ee7 \u0111o\u00e0n k\u1ecbch \u0111ang l\u01b0u di\u1ec5n t\u1ea1i Saga &#8211; chuy\u1ec3n \u0111\u1ebfn l\u1edbp c\u1ee7a Akihiro v\u00e0 Nanri. Akihiro c\u1ed1 g\u1eafng l\u00e0m th\u00e2n v\u1edbi c\u00f4 b\u1ea1n theo nh\u01b0 l\u1eddi d\u1eb7n d\u00f2 c\u1ee7a b\u00e0 nh\u01b0ng c\u00f4 b\u00e9 v\u00e0 Nanri l\u00fac n\u00e0o c\u0169ng ch\u00ed ch\u00f3e. Li\u1ec7u hai ng\u01b0\u1eddi h\u1ecd c\u00f3 th\u1ec3 th\u00e2n thi\u1ebft v\u1edbi nhau tr\u01b0\u1edbc khi \u0111o\u00e0n k\u1ecbch r\u1eddi \u0111i kh\u00f4ng?<\/p>\n<p>Ngo\u00e0i nh\u1eefng ng\u01b0\u1eddi b\u1ea1n qu\u00fd gi\u00e1 v\u00e0 ng\u01b0\u1eddi b\u00e0 v\u1edbi ph\u01b0\u01a1ng ph\u00e1p t\u00e0i t\u00ecnh trong kho\u1ea3n t\u1eadn h\u01b0\u1edfng cu\u1ed9c s\u1ed1ng, Akihiro v\u1eabn lu\u00f4n \u0111\u01b0\u1ee3c ng\u01b0\u1eddi d\u00e2n \u1edf Saga quan t\u00e2m gi\u00fap \u0111\u1ee1. \u0110\u00f3 l\u00e0 c\u00f4 gi\u00e1o xinh \u0111\u1eb9p hi\u1ec1n d\u1ecbu \u1edf ph\u00f2ng y t\u1ebf \u0111\u00e3 lo l\u1eafng cho s\u1ee9c kh\u1ecfe c\u1ee7a c\u1eadu. \u0110\u00f3 l\u00e0 nh\u1eefng ng\u01b0\u1eddi d\u00e2n th\u1ecb tr\u1ea5n \u0111\u1ed3ng l\u00f2ng d\u1ef1ng s\u00e2n kh\u1ea5u m\u1edbi \u0111\u1ec3 gi\u00fap \u0111\u1ee1 \u0111o\u00e0n k\u1ecbch. \u0110\u00f3 l\u00e0 \u201c\u00f4ng Hondo nh\u00e0 l\u00e1\u201d v\u1edbi b\u00ed k\u00edp l\u00e0m gi\u00e0u m\u00e0 c\u1eadu c\u1ef1c k\u00ec mu\u1ed1n h\u1ecdc h\u1ecfi.<\/p>\n<p>Nh\u1eefng cu\u1ed9c g\u1eb7p g\u1ee1 \u1ea5y tuy c\u00f3 ph\u1ea7n ng\u1eafn ng\u1ee7i nh\u01b0ng \u0111\u1ec1u l\u00e0 k\u1ef7 ni\u1ec7m \u0111\u00e1ng tr\u00e2n tr\u1ecdng trong tu\u1ed5i th\u01a1 c\u1ee7a Akihiro. M\u1eddi c\u00e1c b\u1ea1n ti\u1ebfp t\u1ee5c theo d\u00f5i c\u00e2u chuy\u1ec7n c\u1ea3m \u0111\u1ed9ng, \u0111ong \u0111\u1ea7y y\u00eau th\u01b0\u01a1ng c\u1ee7a Akihiro v\u00e0 b\u00e0 t\u1ea1i l\u00e0ng qu\u00ea Saga \u1ea5m \u00e1p nh\u00e9!<\/p>\n","protected":false},"excerpt":{"rendered":"<p>Cu\u1ed9c s\u1ed1ng c\u1ee7a c\u1eadu b\u00e9 Akihiro \u0111\u00e3 thay \u0111\u1ed5i ho\u00e0n to\u00e0n k\u1ec3 t\u1eeb khi \u0111\u1ebfn s\u1ed1ng c\u00f9ng ng\u01b0\u1eddi b\u00e0 t\u00e0i gi\u1ecfi \u201cd\u1eef th\u1ea7n\u201d t\u1ea1i v\u00f9ng \u0111\u1ea5t Saga ngh\u00e8o kh\u00f3. \u1ede n\u01a1i thi\u1ebfu th\u1ed1n t\u1eeb c\u00e1i \u0103n \u0111\u1ebfn c\u00e1i m\u1eb7c n\u00e0y, c\u1eadu \u0111\u01b0\u1ee3c g\u1eb7p g\u1ee1 nh\u1eefng ng\u01b0\u1eddi b\u1ea1n ch\u00e2n th\u00e0nh, nh\u1eefng ng\u01b0\u1eddi d\u00e2n Saga h\u00e0o s\u1ea3ng, \u1ea5m \u00e1p v\u00e0 c\u00f9ng h\u1ecd tr\u1ea3i qua bi\u1ebft bao t\u00ecnh c\u1ea3nh vui bu\u1ed3n, \u0111\u00e1ng nh\u1edb.<\/p>\n<p>V\u00e0o m\u1ed9t l\u1ea7n \u0111u\u1ed5i nhau v\u1edbi ch\u00fa ch\u00f3 Carp, Akihiro v\u00f4 t\u00ecnh m\u1eafc k\u1eb9t trong nh\u00e0 kho b\u1ecf hoang v\u00e0 l\u00e0m quen v\u1edbi c\u1eadu b\u1ea1n c\u00f9ng l\u1edbp m\u1edd nh\u1ea1t, kh\u00f4ng \u0111\u01b0\u1ee3c ai \u0111o\u00e1i ho\u00e0i. Sau \u201cs\u1ef1 c\u1ed1\u201d kh\u00f3 x\u1eed x\u1ea3y ra \u1edf nh\u00e0 kho, c\u1ea3 hai d\u1ea7n tr\u1edf n\u00ean th\u00e2n thi\u1ebft. C\u0169ng trong t\u1eadp 4 n\u00e0y, m\u1ed9t h\u1ecdc sinh m\u1edbi &#8211; con g\u00e1i c\u1ee7a ch\u1ee7 \u0111o\u00e0n k\u1ecbch \u0111ang l\u01b0u di\u1ec5n t\u1ea1i Saga &#8211; chuy\u1ec3n \u0111\u1ebfn l\u1edbp c\u1ee7a Akihiro v\u00e0 Nanri. Akihiro c\u1ed1 g\u1eafng l\u00e0m th\u00e2n v\u1edbi c\u00f4 b\u1ea1n theo nh\u01b0 l\u1eddi d\u1eb7n d\u00f2 c\u1ee7a b\u00e0 nh\u01b0ng c\u00f4 b\u00e9 v\u00e0 Nanri l\u00fac n\u00e0o c\u0169ng ch\u00ed ch\u00f3e. Li\u1ec7u hai ng\u01b0\u1eddi h\u1ecd c\u00f3 th\u1ec3 th\u00e2n thi\u1ebft v\u1edbi nhau tr\u01b0\u1edbc khi \u0111o\u00e0n k\u1ecbch r\u1eddi \u0111i kh\u00f4ng?<\/p>\n<p>Ngo\u00e0i nh\u1eefng ng\u01b0\u1eddi b\u1ea1n qu\u00fd gi\u00e1 v\u00e0 ng\u01b0\u1eddi b\u00e0 v\u1edbi ph\u01b0\u01a1ng ph\u00e1p t\u00e0i t\u00ecnh trong kho\u1ea3n t\u1eadn h\u01b0\u1edfng cu\u1ed9c s\u1ed1ng, Akihiro v\u1eabn lu\u00f4n \u0111\u01b0\u1ee3c ng\u01b0\u1eddi d\u00e2n \u1edf Saga quan t\u00e2m gi\u00fap \u0111\u1ee1. \u0110\u00f3 l\u00e0 c\u00f4 gi\u00e1o xinh \u0111\u1eb9p hi\u1ec1n d\u1ecbu \u1edf ph\u00f2ng y t\u1ebf \u0111\u00e3 lo l\u1eafng cho s\u1ee9c kh\u1ecfe c\u1ee7a c\u1eadu. \u0110\u00f3 l\u00e0 nh\u1eefng ng\u01b0\u1eddi d\u00e2n th\u1ecb tr\u1ea5n \u0111\u1ed3ng l\u00f2ng d\u1ef1ng s\u00e2n kh\u1ea5u m\u1edbi \u0111\u1ec3 gi\u00fap \u0111\u1ee1 \u0111o\u00e0n k\u1ecbch. \u0110\u00f3 l\u00e0 \u201c\u00f4ng Hondo nh\u00e0 l\u00e1\u201d v\u1edbi b\u00ed k\u00edp l\u00e0m gi\u00e0u m\u00e0 c\u1eadu c\u1ef1c k\u00ec mu\u1ed1n h\u1ecdc h\u1ecfi.<\/p>\n<p>Nh\u1eefng cu\u1ed9c g\u1eb7p g\u1ee1 \u1ea5y tuy c\u00f3 ph\u1ea7n ng\u1eafn ng\u1ee7i nh\u01b0ng \u0111\u1ec1u l\u00e0 k\u1ef7 ni\u1ec7m \u0111\u00e1ng tr\u00e2n tr\u1ecdng trong tu\u1ed5i th\u01a1 c\u1ee7a Akihiro. M\u1eddi c\u00e1c b\u1ea1n ti\u1ebfp t\u1ee5c theo d\u00f5i c\u00e2u chuy\u1ec7n c\u1ea3m \u0111\u1ed9ng, \u0111ong \u0111\u1ea7y y\u00eau th\u01b0\u01a1ng c\u1ee7a Akihiro v\u00e0 b\u00e0 t\u1ea1i l\u00e0ng qu\u00ea Saga \u1ea5m \u00e1p nh\u00e9!<\/p>\n","protected":false},"featured_media":17845,"template":"","meta":{"_acf_changed":false},"product_brand":[],"product_cat":[29],"product_tag":[],"class_list":{"0":"post-17846","1":"product","2":"type-product","3":"status-publish","4":"has-post-thumbnail","6":"product_cat-manga-comics","8":"first","9":"outofstock","10":"taxable","11":"shipping-taxable","12":"purchasable","13":"product-type-simple"},"supplier_id":null,"supplier_sku":"","barcode":null,"atum_controlled":true,"out_stock_date":"2023-10-09 06:14:35","out_stock_threshold":null,"inheritable":false,"inbound_stock":0,"stock_on_hold":0,"sold_today":0,"sales_last_days":0,"reserved_stock":0,"customer_returns":0,"warehouse_damage":0,"lost_in_post":0,"other_logs":0,"out_stock_days":842,"lost_sales":720,"has_location":true,"update_date":"2026-01-28T23:11:01","atum_locations":[{"id":32,"name":"Helsinki","slug":"helsinki"}],"atum_stock_status":"outofstock","restock_status":false,"low_stock_amount":"","sales_update_date":"2026-01-28T23:11:01","calc_backorders":null,"acf":{"publisher":{"ID":1460,"post_author":"1","post_date":"2021-02-17 01:12:24","post_date_gmt":"2021-02-16 23:12:24","post_content":"<!-- wp:flatsome\/uxbuilder -->\n<h1 style=\"text-align: center;\"><strong>Skybooks<\/strong><\/h1>\n[row]\n\n[col span=\"7\" span__sm=\"12\"]\n\n<p>C\u00f4ng ty ph\u00e1t h\u00e0nh s\u00e1ch Skybooks. \"T\u00f4i tr\u1ebb, t\u00f4i \u0111am m\u00ea\" v\u1edbi s\u1ee9 m\u1ec7nh lan to\u1ea3 c\u1ea3m x\u00fac v\u00e0 k\u1ebft n\u1ed1i t\u00e2m h\u1ed3n<\/p>\n<p><strong>Skybooks l\u00e0 c\u00e2u chuy\u1ec7n k\u1ec3 v\u1ec1:<\/strong><br \/>M\u1ed9t th\u1ebf h\u1ec7 ng\u01b0\u1eddi vi\u1ebft tr\u1ebb, \u0111am m\u00ea v\u0103n ch\u01b0\u01a1ng v\u00e0 t\u00f4n tr\u1ecdng, g\u00ecn gi\u1eef, s\u00e1ng t\u1ea1o Ti\u1ebfng Vi\u1ec7t. M\u1ed9t th\u1ebf h\u1ec7 \u0111\u1ed9c gi\u1ea3 tr\u1ebb, \u0111am m\u00ea kh\u00e1m ph\u00e1 ng\u00f4n ng\u1eef v\u00e0 say m\u00ea \u0111\u1ebfn v\u1edbi th\u1ebf gi\u1edbi c\u1ee7a nh\u1eefng quy\u1ec3n s\u00e1ch. M\u1ed9t th\u1ebf h\u1ec7 ng\u01b0\u1eddi l\u00e0m s\u00e1ch tr\u1ebb, \u0111am m\u00ea mang nh\u1eefng gi\u00e1 tr\u1ecb tinh th\u1ea7n l\u1ea1i g\u1ea7n ng\u01b0\u1eddi \u0111\u1ecdc.<br \/>Trong b\u1ed9 nh\u1eadn d\u1ea1ng th\u01b0\u01a1ng hi\u1ec7u:<br \/>Skybooks v\u1edbi ch\u1eef Sky m\u00e0u xanh da tr\u1eddi c\u00f3 \u00fd ngh\u0129a l\u00e0 c\u00f4ng ty B\u1ea7u Tr\u1eddi - n\u01a1i t\u1ea5t c\u1ea3 \u01b0\u1edbc m\u01a1 \u0111\u01b0\u1ee3c t\u1ef1 do tung c\u00e1nh.<br \/>V\u1edbi logo h\u00ecnh hoa b\u1ed3 c\u00f4ng anh \u0111ang bay t\u01b0\u1ee3ng tr\u01b0ng cho s\u1ef1 lan to\u1ea3 c\u1ea3m x\u00fac v\u00e0 kh\u00e1t v\u1ecdng bay cao.<br \/>K\u1ebb v\u1ea1ch logo c\u00f3 n\u1ec1n m\u00e0u ghi x\u00e1m xu\u1ea5t hi\u1ec7n tr\u00ean b\u00eca m\u1ecdi \u1ea5n ph\u1ea9m th\u1ec3 hi\u1ec7n con \u0111\u01b0\u1eddng b\u01b0\u1edbc v\u00e0o th\u1ecb tr\u01b0\u1eddng s\u00e1ch v\u00e0 chinh ph\u1ee5c \u0111\u1ed9c gi\u1ea3 l\u00e0 m\u1ed9t h\u00e0nh tr\u00ecnh d\u00e0i, \u0111\u1ea7y gian kh\u00f3, c\u00f3 nhi\u1ec1u b\u00e3o t\u1ed1, nh\u01b0ng ch\u1ec9 c\u1ea7n n\u1ed7 l\u1ef1c c\u1ed1 g\u1eafng nh\u1ea5t \u0111\u1ecbnh s\u1ebd ngo\u1ea1n m\u1ee5c v\u01b0\u1ee3t qua. \u0110\u1ec3 kh\u1eb3ng \u0111\u1ecbnh v\u00e0 ch\u1ee9ng minh ch\u00ednh m\u00ecnh!<\/p>\n\n[\/col]\n[col span=\"5\" span__sm=\"12\"]\n\n[ux_image id=\"1825\" image_size=\"medium\"]\n\n\n[\/col]\n\n[\/row]\n\n<!-- \/wp:flatsome\/uxbuilder -->","post_title":"Skybooks","post_excerpt":"","post_status":"publish","comment_status":"closed","ping_status":"closed","post_password":"","post_name":"skybooks","to_ping":"","pinged":"","post_modified":"2021-02-17 01:57:31","post_modified_gmt":"2021-02-16 23:57:31","post_content_filtered":"","post_parent":0,"guid":"https:\/\/sachviet.eu\/nha-phat-hanh\/skybooks\/","menu_order":0,"post_type":"publisher","post_mime_type":"","comment_count":"0","filter":"raw"}},"_links":{"self":[{"href":"https:\/\/sachviet.eu\/en\/wp-json\/wp\/v2\/product\/17846","targetHints":{"allow":["GET"]}}],"collection":[{"href":"https:\/\/sachviet.eu\/en\/wp-json\/wp\/v2\/product"}],"about":[{"href":"https:\/\/sachviet.eu\/en\/wp-json\/wp\/v2\/types\/product"}],"wp:featuredmedia":[{"embeddable":true,"href":"https:\/\/sachviet.eu\/en\/wp-json\/wp\/v2\/media\/17845"}],"wp:attachment":[{"href":"https:\/\/sachviet.eu\/en\/wp-json\/wp\/v2\/media?parent=17846"}],"wp:term":[{"taxonomy":"product_brand","embeddable":true,"href":"https:\/\/sachviet.eu\/en\/wp-json\/wp\/v2\/product_brand?post=17846"},{"taxonomy":"product_cat","embeddable":true,"href":"https:\/\/sachviet.eu\/en\/wp-json\/wp\/v2\/product_cat?post=17846"},{"taxonomy":"product_tag","embeddable":true,"href":"https:\/\/sachviet.eu\/en\/wp-json\/wp\/v2\/product_tag?post=17846"}],"curies":[{"name":"wp","href":"https:\/\/api.w.org\/{rel}","templated":true}]}}