{"id":17844,"date":"2022-04-09T17:41:02","date_gmt":"2022-04-09T14:41:02","guid":{"rendered":"https:\/\/sachviet.eu\/shop\/sach-thieu-nhi-hay-nhat-ky-cua-nhoc-alvin-sieu-quay\/"},"modified":"2022-12-19T18:22:27","modified_gmt":"2022-12-19T16:22:27","slug":"sach-thieu-nhi-hay-nhat-ky-cua-nhoc-alvin-sieu-quay","status":"publish","type":"product","link":"https:\/\/sachviet.eu\/en\/shop\/sach-thieu-nhi-hay-nhat-ky-cua-nhoc-alvin-sieu-quay\/","title":{"rendered":"S\u00e1ch Thi\u1ebfu Nhi Hay: Nh\u1eadt k\u00fd c\u1ee7a nh\u00f3c Alvin si\u00eau qu\u1eady"},"content":{"rendered":"<p>Cu\u1ed1n s\u00e1ch l\u00e0 c\u00e2u chuy\u1ec7n v\u1ec1 c\u1eadu b\u00e9 Alvin hi\u1ebfu \u0111\u1ed9ng lu\u00f4n th\u00edch ngh\u0129 ra nh\u1eefng tr\u00f2 ngh\u1ecbch ng\u1ee3m. M\u1ecdi chuy\u1ec7n b\u1eaft \u0111\u1ea7u khi c\u1eadu \u0111\u01b0\u1ee3c b\u1ed1 m\u1eb9 chuy\u1ec3n nh\u00e0 \u0111\u1ebfn khu ph\u1ed1 m\u1edbi, v\u00e0 t\u1eeb \u0111\u00f3 g\u1eb7p hai c\u1eadu b\u1ea1n m\u1edbi v\u00e0 \u0111i h\u1ecdc \u1edf ng\u00f4i tr\u01b0\u1eddng m\u1edbi. Trong cu\u1ed1n s\u00e1ch h\u01a1n 200 trang v\u1edbi nhi\u1ec1u h\u00ecnh minh ho\u1ea1 sinh \u0111\u1ed9ng, \u0111\u1ed9c gi\u1ea3 b\u1ecb l\u00f4i k\u00e9o v\u00e0 b\u1eadt c\u01b0\u1eddi theo h\u00e0nh tr\u00ecnh h\u00e0ng ng\u00e0y c\u1ee7a c\u1eadu khi \u1edf nh\u00e0 v\u00e0 \u1edf tr\u01b0\u1eddng. Alvin \u0111\u00e3 h\u00f3a gi\u1ea3i m\u1ecdi ho\u1ea1t \u0111\u1ed9ng h\u1ecdc t\u1eadp \u1edf tr\u01b0\u1eddng, v\u1edbi b\u1ea1n b\u00e8 c\u0169ng nh\u01b0 k\u1ef3 v\u1ecdng c\u1ee7a ng\u01b0\u1eddi l\u1edbn b\u1eb1ng nh\u1eefng tr\u00f2 tinh ngh\u1ecbch, h\u1ed3n nhi\u00ean m\u00e0 tr\u00ed tu\u1ec7, \u0111\u00f4i khi c\u00f2n h\u01a1i \u201cqu\u00e1 \u0111\u00e0\u201d nh\u01b0ng \u0111\u00e2u \u0111\u00f3 v\u1eabn to\u00e1t l\u00ean t\u00ednh gi\u00e1o d\u1ee5c s\u00e2u s\u1eafc.<\/p>\n<p>T\u00e1c gi\u1ea3 cu\u1ed1n s\u00e1ch l\u00e0 m\u1ed9t c\u1eadu b\u00e9 Vi\u1ec7t Nam ch\u01b0a t\u1eebng \u0111\u1eb7t ch\u00e2n \u0111\u1ebfn M\u1ef9 nh\u01b0ng l\u1ea1i h\u00f3a th\u00e2n v\u00e0o m\u1ed9t c\u1eadu nh\u00f3c sinh ra v\u00e0 l\u1edbn l\u00ean \u1edf M\u1ef9 v\u1edbi b\u1ed1i c\u1ea3nh gia \u0111\u00ecnh, b\u1ea1n b\u00e8, tr\u01b0\u1eddng h\u1ecdc \u1edf M\u1ef9 \u0111\u1ea7y ch\u00e2n th\u1ef1c, s\u1ed1ng \u0111\u1ed9ng v\u00e0 h\u00e0i h\u01b0\u1edbc. \u0110\u1ecdc xong cu\u1ed1n s\u00e1ch b\u1ea1n c\u00f3 th\u1ec3 gi\u1eef trong l\u00f2ng nh\u1eefng th\u1eafc m\u1eafc nh\u01b0 h\u1ecdc sinh, cha m\u1eb9 v\u00e0 th\u1ea7y c\u00f4 \u1edf M\u1ef9 th\u00ec c\u00f3 g\u00ec kh\u00e1c bi\u1ec7t v\u1edbi \u1edf Vi\u1ec7t Nam? Nh\u01b0ng cu\u1ed1i c\u00f9ng c\u00f3 th\u1ec3 c\u01b0\u1eddi xo\u00e0 v\u00e0 ngh\u0129 r\u1eb1ng tr\u1ebb con \u1edf \u0111\u00e2u c\u0169ng v\u1eady, lu\u00f4n c\u1ea7n \u0111\u01b0\u1ee3c y\u00eau th\u01b0\u01a1ng v\u00e0 tin t\u01b0\u1edfng \u0111\u1ec3 c\u00f3 th\u1ec3 tr\u01b0\u1edfng th\u00e0nh l\u00e0nh l\u1ebd.<\/p>\n<p>M\u1ed9t cu\u1ed1n truy\u1ec7n l\u00f4i cu\u1ed1n, h\u00f3m h\u1ec9nh, vui nh\u1ed9n nh\u01b0ng c\u0169ng ch\u1ee9a \u0111\u1ef1ng th\u00f4ng \u0111i\u1ec7p \u00fd ngh\u0129a d\u00e0nh cho tr\u1ebb em, ng\u01b0\u1eddi l\u1edbn, c\u00e1c th\u1ea7y c\u00f4 v\u00e0 c\u00e1c b\u1eadc ph\u1ee5 huynh.<\/p>\n<p>&#8220;Trong khi nhi\u1ec1u b\u1ea1n h\u1ecdc ti\u1ec3u h\u1ecdc \u0111\u00e1nh v\u1eadt v\u1edbi nh\u1eefng b\u00e0i v\u0103n t\u1ea3 c\u1ea3nh, k\u1ec3 chuy\u1ec7n, th\u1eadm ch\u00ed loay hoay l\u00e0m c\u00e1c b\u00e0i t\u1eadp s\u1eeda l\u1ed7i ch\u00ednh t\u1ea3 th\u00ec Khang Th\u1ecbnh m\u1ea3i m\u00ea vi\u1ebft c\u1ea3 m\u1ed9t cu\u1ed1n truy\u1ec7n d\u00e0i hai tr\u0103m trang v\u1edbi nh\u1eefng c\u00e2u v\u0103n tr\u00f2n tr\u1ecba. Alvin si\u00eau qu\u1eady trong truy\u1ec7n c\u1ee7a Th\u1ecbnh ham ch\u01a1i game, v\u00e0 l\u00e0 nh\u00e2n v\u1eadt \u0111\u1ea1i di\u1ec7n cho kh\u00f4ng \u00edt nh\u1eefng c\u1eadu b\u00e9 b\u1eb1ng tu\u1ed5i c\u1eadu ngo\u00e0i \u0111\u1eddi th\u1ef1c. T\u00f4i \u0111o\u00e1n r\u1eb1ng nhi\u1ec1u b\u1ea1n nh\u1ecf s\u1ebd th\u00edch th\u00fa khi \u0111\u1ecdc nh\u1eefng trang vi\u1ebft v\u1ec1 tr\u1ebb em c\u1ee7a th\u1eddi \u0111\u1ea1i n\u00e0y t\u1eeb g\u00f3c nh\u00ecn c\u1ee7a m\u1ed9t t\u00e1c gi\u1ea3 \u0111\u1ed3ng trang l\u1ee9a b\u1eb1ng gi\u1ecdng v\u0103n h\u00e0i h\u01b0\u1edbc. V\u00e0 nh\u1eefng ng\u01b0\u1eddi l\u1edbn nghi\u00eam kh\u1eafc, thay v\u00ec \u0111\u1eb7t c\u00e2u h\u1ecfi \u0111\u1ea7y lo l\u1eafng r\u1eb1ng m\u1ed9t \u0111\u1ee9a tr\u1ebb si\u00eau qu\u1eady nh\u01b0 Alvin r\u1ed3i s\u1ebd \u0111i \u0111\u1ebfn \u0111\u00e2u, h\u00e3y c\u1ee9 \u0111\u1ecdc nh\u1eefng trang s\u00e1ch n\u00e0y \u0111\u1ec3 bi\u1ebft tr\u1ebb em ngh\u0129 g\u00ec. V\u00e0 xin \u0111\u1eebng v\u1ed9i g\u1ecdi t\u00e1c gi\u1ea3 c\u1ee7a c\u1ee7a cu\u1ed1n s\u00e1ch n\u00e0y l\u00e0 th\u1ea7n \u0111\u1ed3ng, thay v\u00ec th\u1ebf, h\u00e3y c\u1ee9 th\u01b0\u1edfng th\u1ee9c t\u00e1c ph\u1ea9m s\u00e1ng t\u1ea1o c\u1ee7a em \u0111\u1ec3 b\u1eadt l\u00ean nh\u1eefng ti\u1ebfng c\u01b0\u1eddi th\u00edch th\u00fa v\u00e0 g\u00f3p s\u1ef1 kh\u00edch l\u1ec7 cho \u01b0\u1edbc m\u01a1 s\u00e1ng t\u1ea1o c\u1ee7a nh\u1eefng em nh\u1ecf kh\u00e1c. Tr\u1ebb em vi\u1ebft s\u00e1ch, t\u1ea1i sao kh\u00f4ng?&#8221;<\/p>\n","protected":false},"excerpt":{"rendered":"<p>Cu\u1ed1n s\u00e1ch l\u00e0 c\u00e2u chuy\u1ec7n v\u1ec1 c\u1eadu b\u00e9 Alvin hi\u1ebfu \u0111\u1ed9ng lu\u00f4n th\u00edch ngh\u0129 ra nh\u1eefng tr\u00f2 ngh\u1ecbch ng\u1ee3m. M\u1ecdi chuy\u1ec7n b\u1eaft \u0111\u1ea7u khi c\u1eadu \u0111\u01b0\u1ee3c b\u1ed1 m\u1eb9 chuy\u1ec3n nh\u00e0 \u0111\u1ebfn khu ph\u1ed1 m\u1edbi, v\u00e0 t\u1eeb \u0111\u00f3 g\u1eb7p hai c\u1eadu b\u1ea1n m\u1edbi v\u00e0 \u0111i h\u1ecdc \u1edf ng\u00f4i tr\u01b0\u1eddng m\u1edbi. Trong cu\u1ed1n s\u00e1ch h\u01a1n 200 trang v\u1edbi nhi\u1ec1u h\u00ecnh minh ho\u1ea1 sinh \u0111\u1ed9ng, \u0111\u1ed9c gi\u1ea3 b\u1ecb l\u00f4i k\u00e9o v\u00e0 b\u1eadt c\u01b0\u1eddi theo h\u00e0nh tr\u00ecnh h\u00e0ng ng\u00e0y c\u1ee7a c\u1eadu khi \u1edf nh\u00e0 v\u00e0 \u1edf tr\u01b0\u1eddng. Alvin \u0111\u00e3 h\u00f3a gi\u1ea3i m\u1ecdi ho\u1ea1t \u0111\u1ed9ng h\u1ecdc t\u1eadp \u1edf tr\u01b0\u1eddng, v\u1edbi b\u1ea1n b\u00e8 c\u0169ng nh\u01b0 k\u1ef3 v\u1ecdng c\u1ee7a ng\u01b0\u1eddi l\u1edbn b\u1eb1ng nh\u1eefng tr\u00f2 tinh ngh\u1ecbch, h\u1ed3n nhi\u00ean m\u00e0 tr\u00ed tu\u1ec7, \u0111\u00f4i khi c\u00f2n h\u01a1i \u201cqu\u00e1 \u0111\u00e0\u201d nh\u01b0ng \u0111\u00e2u \u0111\u00f3 v\u1eabn to\u00e1t l\u00ean t\u00ednh gi\u00e1o d\u1ee5c s\u00e2u s\u1eafc.<\/p>\n<p>T\u00e1c gi\u1ea3 cu\u1ed1n s\u00e1ch l\u00e0 m\u1ed9t c\u1eadu b\u00e9 Vi\u1ec7t Nam ch\u01b0a t\u1eebng \u0111\u1eb7t ch\u00e2n \u0111\u1ebfn M\u1ef9 nh\u01b0ng l\u1ea1i h\u00f3a th\u00e2n v\u00e0o m\u1ed9t c\u1eadu nh\u00f3c sinh ra v\u00e0 l\u1edbn l\u00ean \u1edf M\u1ef9 v\u1edbi b\u1ed1i c\u1ea3nh gia \u0111\u00ecnh, b\u1ea1n b\u00e8, tr\u01b0\u1eddng h\u1ecdc \u1edf M\u1ef9 \u0111\u1ea7y ch\u00e2n th\u1ef1c, s\u1ed1ng \u0111\u1ed9ng v\u00e0 h\u00e0i h\u01b0\u1edbc. \u0110\u1ecdc xong cu\u1ed1n s\u00e1ch b\u1ea1n c\u00f3 th\u1ec3 gi\u1eef trong l\u00f2ng nh\u1eefng th\u1eafc m\u1eafc nh\u01b0 h\u1ecdc sinh, cha m\u1eb9 v\u00e0 th\u1ea7y c\u00f4 \u1edf M\u1ef9 th\u00ec c\u00f3 g\u00ec kh\u00e1c bi\u1ec7t v\u1edbi \u1edf Vi\u1ec7t Nam? Nh\u01b0ng cu\u1ed1i c\u00f9ng c\u00f3 th\u1ec3 c\u01b0\u1eddi xo\u00e0 v\u00e0 ngh\u0129 r\u1eb1ng tr\u1ebb con \u1edf \u0111\u00e2u c\u0169ng v\u1eady, lu\u00f4n c\u1ea7n \u0111\u01b0\u1ee3c y\u00eau th\u01b0\u01a1ng v\u00e0 tin t\u01b0\u1edfng \u0111\u1ec3 c\u00f3 th\u1ec3 tr\u01b0\u1edfng th\u00e0nh l\u00e0nh l\u1ebd.<\/p>\n<p>M\u1ed9t cu\u1ed1n truy\u1ec7n l\u00f4i cu\u1ed1n, h\u00f3m h\u1ec9nh, vui nh\u1ed9n nh\u01b0ng c\u0169ng ch\u1ee9a \u0111\u1ef1ng th\u00f4ng \u0111i\u1ec7p \u00fd ngh\u0129a d\u00e0nh cho tr\u1ebb em, ng\u01b0\u1eddi l\u1edbn, c\u00e1c th\u1ea7y c\u00f4 v\u00e0 c\u00e1c b\u1eadc ph\u1ee5 huynh.<\/p>\n<p>&#8220;Trong khi nhi\u1ec1u b\u1ea1n h\u1ecdc ti\u1ec3u h\u1ecdc \u0111\u00e1nh v\u1eadt v\u1edbi nh\u1eefng b\u00e0i v\u0103n t\u1ea3 c\u1ea3nh, k\u1ec3 chuy\u1ec7n, th\u1eadm ch\u00ed loay hoay l\u00e0m c\u00e1c b\u00e0i t\u1eadp s\u1eeda l\u1ed7i ch\u00ednh t\u1ea3 th\u00ec Khang Th\u1ecbnh m\u1ea3i m\u00ea vi\u1ebft c\u1ea3 m\u1ed9t cu\u1ed1n truy\u1ec7n d\u00e0i hai tr\u0103m trang v\u1edbi nh\u1eefng c\u00e2u v\u0103n tr\u00f2n tr\u1ecba. Alvin si\u00eau qu\u1eady trong truy\u1ec7n c\u1ee7a Th\u1ecbnh ham ch\u01a1i game, v\u00e0 l\u00e0 nh\u00e2n v\u1eadt \u0111\u1ea1i di\u1ec7n cho kh\u00f4ng \u00edt nh\u1eefng c\u1eadu b\u00e9 b\u1eb1ng tu\u1ed5i c\u1eadu ngo\u00e0i \u0111\u1eddi th\u1ef1c. T\u00f4i \u0111o\u00e1n r\u1eb1ng nhi\u1ec1u b\u1ea1n nh\u1ecf s\u1ebd th\u00edch th\u00fa khi \u0111\u1ecdc nh\u1eefng trang vi\u1ebft v\u1ec1 tr\u1ebb em c\u1ee7a th\u1eddi \u0111\u1ea1i n\u00e0y t\u1eeb g\u00f3c nh\u00ecn c\u1ee7a m\u1ed9t t\u00e1c gi\u1ea3 \u0111\u1ed3ng trang l\u1ee9a b\u1eb1ng gi\u1ecdng v\u0103n h\u00e0i h\u01b0\u1edbc. V\u00e0 nh\u1eefng ng\u01b0\u1eddi l\u1edbn nghi\u00eam kh\u1eafc, thay v\u00ec \u0111\u1eb7t c\u00e2u h\u1ecfi \u0111\u1ea7y lo l\u1eafng r\u1eb1ng m\u1ed9t \u0111\u1ee9a tr\u1ebb si\u00eau qu\u1eady nh\u01b0 Alvin r\u1ed3i s\u1ebd \u0111i \u0111\u1ebfn \u0111\u00e2u, h\u00e3y c\u1ee9 \u0111\u1ecdc nh\u1eefng trang s\u00e1ch n\u00e0y \u0111\u1ec3 bi\u1ebft tr\u1ebb em ngh\u0129 g\u00ec. V\u00e0 xin \u0111\u1eebng v\u1ed9i g\u1ecdi t\u00e1c gi\u1ea3 c\u1ee7a c\u1ee7a cu\u1ed1n s\u00e1ch n\u00e0y l\u00e0 th\u1ea7n \u0111\u1ed3ng, thay v\u00ec th\u1ebf, h\u00e3y c\u1ee9 th\u01b0\u1edfng th\u1ee9c t\u00e1c ph\u1ea9m s\u00e1ng t\u1ea1o c\u1ee7a em \u0111\u1ec3 b\u1eadt l\u00ean nh\u1eefng ti\u1ebfng c\u01b0\u1eddi th\u00edch th\u00fa v\u00e0 g\u00f3p s\u1ef1 kh\u00edch l\u1ec7 cho \u01b0\u1edbc m\u01a1 s\u00e1ng t\u1ea1o c\u1ee7a nh\u1eefng em nh\u1ecf kh\u00e1c. Tr\u1ebb em vi\u1ebft s\u00e1ch, t\u1ea1i sao kh\u00f4ng?&#8221;<\/p>\n","protected":false},"featured_media":17843,"template":"","meta":{"_acf_changed":false},"product_brand":[],"product_cat":[25,17,26],"product_tag":[],"class_list":{"0":"post-17844","1":"product","2":"type-product","3":"status-publish","4":"has-post-thumbnail","6":"product_cat-nhi-dong-6-tuoi-12-tuoi","7":"product_cat-sach-danh-cho-cac-be","8":"product_cat-thieu-nien-11-tuoi-18-tuoi","10":"first","11":"outofstock","12":"taxable","13":"shipping-taxable","14":"purchasable","15":"product-type-simple"},"supplier_id":null,"supplier_sku":"","barcode":null,"atum_controlled":true,"out_stock_date":"2022-12-19 12:59:05","out_stock_threshold":null,"inheritable":false,"inbound_stock":0,"stock_on_hold":0,"sold_today":0,"sales_last_days":0,"reserved_stock":0,"customer_returns":0,"warehouse_damage":0,"lost_in_post":0,"other_logs":0,"out_stock_days":1136,"lost_sales":0,"has_location":false,"update_date":"2026-01-28T23:11:01","atum_locations":[{"id":32,"name":"Helsinki","slug":"helsinki"}],"atum_stock_status":"outofstock","restock_status":false,"low_stock_amount":"","sales_update_date":"2026-01-28T23:11:01","calc_backorders":null,"acf":{"publisher":{"ID":1474,"post_author":"1","post_date":"2021-02-17 01:12:51","post_date_gmt":"2021-02-16 23:12:51","post_content":"","post_title":"Th\u00e1i H\u00e0","post_excerpt":"","post_status":"publish","comment_status":"closed","ping_status":"closed","post_password":"","post_name":"thai-ha","to_ping":"","pinged":"","post_modified":"2021-02-17 01:12:51","post_modified_gmt":"2021-02-16 23:12:51","post_content_filtered":"","post_parent":0,"guid":"https:\/\/sachviet.eu\/nha-phat-hanh\/thai-ha\/","menu_order":0,"post_type":"publisher","post_mime_type":"","comment_count":"0","filter":"raw"}},"_links":{"self":[{"href":"https:\/\/sachviet.eu\/en\/wp-json\/wp\/v2\/product\/17844","targetHints":{"allow":["GET"]}}],"collection":[{"href":"https:\/\/sachviet.eu\/en\/wp-json\/wp\/v2\/product"}],"about":[{"href":"https:\/\/sachviet.eu\/en\/wp-json\/wp\/v2\/types\/product"}],"wp:featuredmedia":[{"embeddable":true,"href":"https:\/\/sachviet.eu\/en\/wp-json\/wp\/v2\/media\/17843"}],"wp:attachment":[{"href":"https:\/\/sachviet.eu\/en\/wp-json\/wp\/v2\/media?parent=17844"}],"wp:term":[{"taxonomy":"product_brand","embeddable":true,"href":"https:\/\/sachviet.eu\/en\/wp-json\/wp\/v2\/product_brand?post=17844"},{"taxonomy":"product_cat","embeddable":true,"href":"https:\/\/sachviet.eu\/en\/wp-json\/wp\/v2\/product_cat?post=17844"},{"taxonomy":"product_tag","embeddable":true,"href":"https:\/\/sachviet.eu\/en\/wp-json\/wp\/v2\/product_tag?post=17844"}],"curies":[{"name":"wp","href":"https:\/\/api.w.org\/{rel}","templated":true}]}}