{"id":17842,"date":"2022-04-09T17:40:53","date_gmt":"2022-04-09T14:40:53","guid":{"rendered":"https:\/\/sachviet.eu\/shop\/xan-tay-ao-len-lam-bo-me\/"},"modified":"2022-12-19T18:22:32","modified_gmt":"2022-12-19T16:22:32","slug":"xan-tay-ao-len-lam-bo-me","status":"publish","type":"product","link":"https:\/\/sachviet.eu\/en\/shop\/xan-tay-ao-len-lam-bo-me\/","title":{"rendered":"X\u1eafn Tay \u00c1o L\u00ean&#8230; L\u00e0m B\u1ed1 M\u1eb9"},"content":{"rendered":"<p>C\u00e1ch \u0111\u00e2y g\u1ea7n b\u1ed1n n\u0103m, t\u00e1c gi\u1ea3 b\u1eaft \u0111\u1ea7u vi\u1ebft nh\u1eefng b\u00e0i vi\u1ebft \u0111\u1ea7u ti\u00ean chia s\u1ebb c\u00e2u chuy\u1ec7n l\u00e0m m\u1eb9 tr\u00ean trang Facebook c\u00e1 nh\u00e2n c\u00f3 t\u00ean l\u00e0 Tee Bros. v\u00e0 \u0111\u1ebfn nay, n\u00f3 \u0111\u00e3 tr\u1edf th\u00e0nh m\u1ed9t fanpage c\u00f3 h\u01a1n 30 ngh\u00ecn l\u01b0\u1ee3t theo d\u00f5i. V\u1edbi mong mu\u1ed1n l\u01b0u gi\u1eef c\u0169ng nh\u01b0 lan t\u1ecfa ki\u1ebfn th\u1ee9c v\u00e0 kinh nghi\u1ec7m nu\u00f4i d\u1ea1y con c\u1ee7a m\u00ecnh \u0111\u1ebfn v\u1edbi b\u1ea1n \u0111\u1ecdc, t\u00e1c gi\u1ea3 \u0111\u00e3 \u0111\u01b0a 36 c\u00e2u chuy\u1ec7n nh\u1ecf xinh \u0111\u01b0\u1ee3c ng\u01b0\u1eddi h\u00e2m m\u1ed9 \u0111\u00f3n nh\u1eadn nhi\u1ec1u nh\u1ea5t tr\u00ean fanpage Tee Bros v\u00e0o t\u00e1c ph\u1ea9m \u201cX\u1eafn tay \u00e1o l\u00ean\u2026 l\u00e0m b\u1ed1 m\u1eb9\u201d. T\u00e1c ph\u1ea9m truy\u1ec1n c\u1ea3m h\u1ee9ng v\u1ec1 gi\u00e1 tr\u1ecb c\u1ee7a ngh\u1ec7 thu\u1eadt s\u1eed d\u1ee5ng l\u1eddi n\u00f3i v\u00e0 h\u00e0nh \u0111\u1ed9ng \u0111\u1ec3 mang l\u1ea1i c\u1ea3m x\u00fac t\u00edch c\u1ef1c kh\u00f4ng ch\u1ec9 cho con m\u00e0 c\u00f2n cho b\u1ed1 m\u1eb9. \u0110\u1ed3ng th\u1eddi t\u00e1c gi\u1ea3 mu\u1ed1n g\u1eedi g\u1eafm th\u00f4ng \u0111i\u1ec7p v\u1ec1 m\u1ee5c \u0111\u00edch cao \u0111\u1eb9p nh\u1ea5t c\u1ee7a h\u00e0nh tr\u00ecnh l\u00e0m b\u1ed1 m\u1eb9 ch\u00ednh l\u00e0 nu\u00f4i d\u01b0\u1ee1ng s\u1ef1 h\u1ea1nh ph\u00fac c\u1ee7a con.<\/p>\n","protected":false},"excerpt":{"rendered":"<p>C\u00e1ch \u0111\u00e2y g\u1ea7n b\u1ed1n n\u0103m, t\u00e1c gi\u1ea3 b\u1eaft \u0111\u1ea7u vi\u1ebft nh\u1eefng b\u00e0i vi\u1ebft \u0111\u1ea7u ti\u00ean chia s\u1ebb c\u00e2u chuy\u1ec7n l\u00e0m m\u1eb9 tr\u00ean trang Facebook c\u00e1 nh\u00e2n c\u00f3 t\u00ean l\u00e0 Tee Bros. v\u00e0 \u0111\u1ebfn nay, n\u00f3 \u0111\u00e3 tr\u1edf th\u00e0nh m\u1ed9t fanpage c\u00f3 h\u01a1n 30 ngh\u00ecn l\u01b0\u1ee3t theo d\u00f5i. V\u1edbi mong mu\u1ed1n l\u01b0u gi\u1eef c\u0169ng nh\u01b0 lan t\u1ecfa ki\u1ebfn th\u1ee9c v\u00e0 kinh nghi\u1ec7m nu\u00f4i d\u1ea1y con c\u1ee7a m\u00ecnh \u0111\u1ebfn v\u1edbi b\u1ea1n \u0111\u1ecdc, t\u00e1c gi\u1ea3 \u0111\u00e3 \u0111\u01b0a 36 c\u00e2u chuy\u1ec7n nh\u1ecf xinh \u0111\u01b0\u1ee3c ng\u01b0\u1eddi h\u00e2m m\u1ed9 \u0111\u00f3n nh\u1eadn nhi\u1ec1u nh\u1ea5t tr\u00ean fanpage Tee Bros v\u00e0o t\u00e1c ph\u1ea9m \u201cX\u1eafn tay \u00e1o l\u00ean\u2026 l\u00e0m b\u1ed1 m\u1eb9\u201d. T\u00e1c ph\u1ea9m truy\u1ec1n c\u1ea3m h\u1ee9ng v\u1ec1 gi\u00e1 tr\u1ecb c\u1ee7a ngh\u1ec7 thu\u1eadt s\u1eed d\u1ee5ng l\u1eddi n\u00f3i v\u00e0 h\u00e0nh \u0111\u1ed9ng \u0111\u1ec3 mang l\u1ea1i c\u1ea3m x\u00fac t\u00edch c\u1ef1c kh\u00f4ng ch\u1ec9 cho con m\u00e0 c\u00f2n cho b\u1ed1 m\u1eb9. \u0110\u1ed3ng th\u1eddi t\u00e1c gi\u1ea3 mu\u1ed1n g\u1eedi g\u1eafm th\u00f4ng \u0111i\u1ec7p v\u1ec1 m\u1ee5c \u0111\u00edch cao \u0111\u1eb9p nh\u1ea5t c\u1ee7a h\u00e0nh tr\u00ecnh l\u00e0m b\u1ed1 m\u1eb9 ch\u00ednh l\u00e0 nu\u00f4i d\u01b0\u1ee1ng s\u1ef1 h\u1ea1nh ph\u00fac c\u1ee7a con.<\/p>\n","protected":false},"featured_media":17840,"template":"","meta":{"_acf_changed":false},"product_brand":[],"product_cat":[19],"product_tag":[],"class_list":{"0":"post-17842","1":"product","2":"type-product","3":"status-publish","4":"has-post-thumbnail","6":"product_cat-nuoi-day-con","8":"first","9":"instock","10":"taxable","11":"shipping-taxable","12":"purchasable","13":"product-type-simple"},"supplier_id":null,"supplier_sku":"","barcode":null,"atum_controlled":true,"out_stock_date":null,"out_stock_threshold":null,"inheritable":false,"inbound_stock":0,"stock_on_hold":0,"sold_today":0,"sales_last_days":0,"reserved_stock":0,"customer_returns":0,"warehouse_damage":0,"lost_in_post":0,"other_logs":0,"out_stock_days":0,"lost_sales":0,"has_location":false,"update_date":"2026-01-28T23:11:01","atum_locations":[{"id":32,"name":"Helsinki","slug":"helsinki"}],"atum_stock_status":"instock","restock_status":false,"low_stock_amount":"","sales_update_date":"2026-01-28T23:11:01","calc_backorders":null,"acf":{"publisher":{"ID":1517,"post_author":"1","post_date":"2021-02-17 01:14:41","post_date_gmt":"2021-02-16 23:14:41","post_content":"","post_title":"NXB Tr\u1ebb","post_excerpt":"","post_status":"publish","comment_status":"closed","ping_status":"closed","post_password":"","post_name":"nxb-tre","to_ping":"","pinged":"","post_modified":"2021-02-17 01:14:41","post_modified_gmt":"2021-02-16 23:14:41","post_content_filtered":"","post_parent":0,"guid":"https:\/\/sachviet.eu\/nha-phat-hanh\/nxb-tre\/","menu_order":0,"post_type":"publisher","post_mime_type":"","comment_count":"0","filter":"raw"}},"_links":{"self":[{"href":"https:\/\/sachviet.eu\/en\/wp-json\/wp\/v2\/product\/17842","targetHints":{"allow":["GET"]}}],"collection":[{"href":"https:\/\/sachviet.eu\/en\/wp-json\/wp\/v2\/product"}],"about":[{"href":"https:\/\/sachviet.eu\/en\/wp-json\/wp\/v2\/types\/product"}],"wp:featuredmedia":[{"embeddable":true,"href":"https:\/\/sachviet.eu\/en\/wp-json\/wp\/v2\/media\/17840"}],"wp:attachment":[{"href":"https:\/\/sachviet.eu\/en\/wp-json\/wp\/v2\/media?parent=17842"}],"wp:term":[{"taxonomy":"product_brand","embeddable":true,"href":"https:\/\/sachviet.eu\/en\/wp-json\/wp\/v2\/product_brand?post=17842"},{"taxonomy":"product_cat","embeddable":true,"href":"https:\/\/sachviet.eu\/en\/wp-json\/wp\/v2\/product_cat?post=17842"},{"taxonomy":"product_tag","embeddable":true,"href":"https:\/\/sachviet.eu\/en\/wp-json\/wp\/v2\/product_tag?post=17842"}],"curies":[{"name":"wp","href":"https:\/\/api.w.org\/{rel}","templated":true}]}}