{"id":1784,"date":"2021-02-17T01:54:45","date_gmt":"2021-02-16T23:54:45","guid":{"rendered":"https:\/\/sachviet.eu\/shop\/nha-gia-kim-tai-ban-2020\/"},"modified":"2024-01-04T23:37:29","modified_gmt":"2024-01-04T21:37:29","slug":"nha-gia-kim-tai-ban-2020","status":"publish","type":"product","link":"https:\/\/sachviet.eu\/en\/shop\/nha-gia-kim-tai-ban-2020\/","title":{"rendered":"Nh\u00e0 Gi\u1ea3 Kim (T\u00e1i B\u1ea3n 2020)"},"content":{"rendered":"<p>Nh\u00e0 gi\u1ea3 kim l\u00e0 m\u1ed9t trong nh\u1eefng t\u00e1c ph\u1ea9m hay nh\u1ea5t c\u1ee7a nh\u00e0 v\u0103n Paulo Coelho, \u0111\u01b0\u1ee3c m\u1ec7nh danh l\u00e0 cu\u1ed1n s\u00e1ch b\u00e1n ch\u1ea1y ch\u1ec9 sau kinh th\u00e1nh. Tuy nhi\u00ean, v\u1edbi nh\u1eefng ng\u01b0\u1eddi \u0111am m\u00ea s\u00e1ch kh\u00f3 t\u00ednh, cu\u1ed1n s\u00e1ch n\u00e0y d\u00f9 ki\u1ec7t xu\u1ea5t \u0111\u1ebfn \u0111\u00e2u c\u0169ng kh\u00f4ng tr\u00e1nh kh\u1ecfi nhi\u1ec1u s\u1ef1 ch\u1ec9 tr\u00edch tr\u00e1i chi\u1ec1u. D\u1ec5 hi\u1ec3u h\u01a1n th\u00ec c\u1ee9 10 \u0111\u1ed9c gi\u1ea3 khen hay th\u00ec \u1eaft c\u00f3 t\u1edbi 9 ng\u01b0\u1eddi ch\u00ea d\u1edf.<br \/>\nTh\u1ef1c h\u01b0 v\u1ec1 chuy\u1ec7n xu\u1ea5t b\u1ea3n nhi\u1ec1u nh\u01b0 nh\u1eefng cu\u1ed1n s\u00e1ch kinh th\u00e1nh r\u1ea5t c\u00f3 th\u1ec3 ch\u1ec9 l\u00e0 m\u1ed9t chi\u00eau tr\u00f2 c\u1ee7a c\u00e1c nh\u00e0 Marketing. Tuy nhi\u00ean kh\u00f4ng th\u1ec3 ph\u1ee7 nh\u1eadn r\u1eb1ng, Nh\u00e0 gi\u1ea3 kim (ti\u1ebfng anh l\u00e0 The Alchemist) l\u00e0 m\u1ed9t cu\u1ed1n s\u00e1ch \u0111\u00e3 v\u01b0\u1ee3t t\u1ea7m th\u1eddi \u0111\u1ea1i v\u00e0 c\u00f3 s\u1ee9c cu\u1ed1n h\u00fat r\u1ea5t ri\u00eang m\u00e0 hi\u1ebfm t\u00e1c ph\u1ea9m \u0111\u01b0\u01a1ng th\u1eddi n\u00e0o s\u00e1nh \u0111\u01b0\u1ee3c. B\u1edfi v\u1eady n\u00ean kh\u00f4ng ng\u1ea1c nhi\u00ean khi t\u00e1c ph\u1ea9m n\u00e0y \u0111\u00e3 tr\u1edf th\u00e0nh m\u1ed9t trong nh\u1eefng cu\u1ed1n s\u00e1ch \u201cbest-seller\u201d li\u00ean t\u1ee5c trong nhi\u1ec1u n\u0103m t\u1ea1i c\u00e1c trang b\u00e1n s\u00e1ch online.  <div class=\"banner-grid-wrapper\">\n  <div id=\"banner-grid-799519565\" class=\"banner-grid row row-grid row-small\" data-packery-options=\"\">\n                      <div class=\"col grid-col large-6 grid-col-1\" ><div class=\"col-inner\">\t<div class=\"img has-hover x md-x lg-x y md-y lg-y\" id=\"image_596429750\">\n\t\t\t\t\t\t\t\t<div class=\"img-inner dark\" >\n\t\t\t<img loading=\"lazy\" decoding=\"async\" width=\"870\" height=\"550\" src=\"https:\/\/sachviet.eu\/wp-content\/uploads\/2021\/02\/nha-gia-kim.jpg\" class=\"attachment-large size-large\" alt=\"\" srcset=\"https:\/\/sachviet.eu\/wp-content\/uploads\/2021\/02\/nha-gia-kim.jpg 870w, https:\/\/sachviet.eu\/wp-content\/uploads\/2021\/02\/nha-gia-kim-300x190.jpg 300w, https:\/\/sachviet.eu\/wp-content\/uploads\/2021\/02\/nha-gia-kim-768x486.jpg 768w, https:\/\/sachviet.eu\/wp-content\/uploads\/2021\/02\/nha-gia-kim-600x379.jpg 600w\" sizes=\"auto, (max-width: 870px) 100vw, 870px\" \/>\t\t\t\t\t\t\n\t\t\t\t\t<\/div>\n\t\t\t\t\t\t\t\t\n<style>\n#image_596429750 {\n  width: 100%;\n}\n<\/style>\n\t<\/div>\n\t<\/div><\/div><div class=\"col grid-col large-6 grid-col-1\" ><div class=\"col-inner\">\t<div class=\"img has-hover x md-x lg-x y md-y lg-y\" id=\"image_1406187945\">\n\t\t\t\t\t\t\t\t<div class=\"img-inner dark\" >\n\t\t\t<img loading=\"lazy\" decoding=\"async\" width=\"1020\" height=\"680\" src=\"https:\/\/sachviet.eu\/wp-content\/uploads\/2021\/02\/8935235226272_1-1-1024x683.jpg\" class=\"attachment-large size-large\" alt=\"\" srcset=\"https:\/\/sachviet.eu\/wp-content\/uploads\/2021\/02\/8935235226272_1-1-1024x683.jpg 1024w, https:\/\/sachviet.eu\/wp-content\/uploads\/2021\/02\/8935235226272_1-1-300x200.jpg 300w, https:\/\/sachviet.eu\/wp-content\/uploads\/2021\/02\/8935235226272_1-1-768x512.jpg 768w, https:\/\/sachviet.eu\/wp-content\/uploads\/2021\/02\/8935235226272_1-1-1536x1024.jpg 1536w, https:\/\/sachviet.eu\/wp-content\/uploads\/2021\/02\/8935235226272_1-1-600x400.jpg 600w, https:\/\/sachviet.eu\/wp-content\/uploads\/2021\/02\/8935235226272_1-1.jpg 1944w\" sizes=\"auto, (max-width: 1020px) 100vw, 1020px\" \/>\t\t\t\t\t\t\n\t\t\t\t\t<\/div>\n\t\t\t\t\t\t\t\t\n<style>\n#image_1406187945 {\n  width: 100%;\n}\n<\/style>\n\t<\/div>\n\t<\/div><\/div>            <\/div>\n    <style>\n    #banner-grid-799519565 .grid-col-1{height: 600px}\n    #banner-grid-799519565 .grid-col-1-2{height: 300px}\n    #banner-grid-799519565 .grid-col-1-3{height:200px}\n    #banner-grid-799519565 .grid-col-2-3{height: 400px}\n    #banner-grid-799519565 .grid-col-1-4{height: 150px}\n    #banner-grid-799519565 .grid-col-3-4{height: 450px}\n\n\n    \n    \n\n  <\/style>\n    <\/div>\n  \n","protected":false},"excerpt":{"rendered":"<p>T\u1ea5t c\u1ea3 nh\u1eefng tr\u1ea3i nghi\u1ec7m trong chuy\u1ebfn phi\u00eau du theo \u0111u\u1ed5i v\u1eadn m\u1ec7nh c\u1ee7a m\u00ecnh \u0111\u00e3 gi\u00fap Santiago th\u1ea5u hi\u1ec3u \u0111\u01b0\u1ee3c \u00fd ngh\u0129a s\u00e2u xa nh\u1ea5t c\u1ee7a h\u1ea1nh ph\u00fac, h\u00f2a h\u1ee3p v\u1edbi v\u0169 tr\u1ee5 v\u00e0 con ng\u01b0\u1eddi.<\/p>\n<p>Ti\u1ec3u thuy\u1ebft Nh\u00e0 gi\u1ea3 kim c\u1ee7a Paulo Coelho nh\u01b0 m\u1ed9t c\u00e2u chuy\u1ec7n c\u1ed5 t\u00edch gi\u1ea3n d\u1ecb, nh\u00e2n \u00e1i, gi\u00e0u ch\u1ea5t th\u01a1, th\u1ea5m \u0111\u1eabm nh\u1eefng minh tri\u1ebft huy\u1ec1n b\u00ed c\u1ee7a ph\u01b0\u01a1ng \u0110\u00f4ng. Trong l\u1ea7n xu\u1ea5t b\u1ea3n \u0111\u1ea7u ti\u00ean t\u1ea1i Brazil v\u00e0o n\u0103m 1988, s\u00e1ch ch\u1ec9 b\u00e1n \u0111\u01b0\u1ee3c 900 b\u1ea3n. Nh\u01b0ng, v\u1edbi s\u1ed1 ph\u1eadn \u0111\u1eb7c bi\u1ec7t c\u1ee7a cu\u1ed1n s\u00e1ch d\u00e0nh cho to\u00e0n nh\u00e2n lo\u1ea1i, v\u01b0\u1ee3t ra ngo\u00e0i bi\u00ean gi\u1edbi qu\u1ed1c gia, Nh\u00e0 gi\u1ea3 kim \u0111\u00e3 l\u00e0m rung \u0111\u1ed9ng h\u00e0ng tri\u1ec7u t\u00e2m h\u1ed3n, tr\u1edf th\u00e0nh m\u1ed9t trong nh\u1eefng cu\u1ed1n s\u00e1ch b\u00e1n ch\u1ea1y nh\u1ea5t m\u1ecdi th\u1eddi \u0111\u1ea1i, v\u00e0 c\u00f3 th\u1ec3 l\u00e0m thay \u0111\u1ed5i cu\u1ed9c \u0111\u1eddi ng\u01b0\u1eddi \u0111\u1ecdc.<\/p>\n<p>\u201cNh\u01b0ng nh\u00e0 luy\u1ec7n kim \u0111an kh\u00f4ng quan t\u00e2m m\u1ea5y \u0111\u1ebfn nh\u1eefng \u0111i\u1ec1u \u1ea5y. \u00d4ng \u0111\u00e3 t\u1eebng th\u1ea5y nhi\u1ec1u ng\u01b0\u1eddi \u0111\u1ebfn r\u1ed3i \u0111i, trong khi \u1ed1c \u0111\u1ea3o v\u00e0 sa m\u1ea1c v\u1eabn l\u00e0 \u1ed1c \u0111\u1ea3o v\u00e0 sa m\u1ea1c. \u00d4ng \u0111\u00e3 th\u1ea5y vua ch\u00faa v\u00e0 k\u1ebb \u0103n xin \u0111i qua bi\u1ec3n c\u00e1t n\u00e0y, c\u00e1i bi\u1ec3n c\u00e1t th\u01b0\u1eddng xuy\u00ean thay h\u00ecnh \u0111\u1ed5i d\u1ea1ng v\u00ec gi\u00f3 th\u1ed5i nh\u01b0ng v\u1eabn m\u00e3i m\u00e3i l\u00e0 bi\u1ec3n c\u00e1t m\u00e0 \u00f4ng \u0111\u00e3 bi\u1ebft t\u1eeb thu\u1edf nh\u1ecf. Tuy v\u1eady, t\u1ef1 \u0111\u00e1y l\u00f2ng m\u00ecnh, \u00f4ng kh\u00f4ng th\u1ec3 kh\u00f4ng c\u1ea3m th\u1ea5y vui tr\u01b0\u1edbc h\u1ea1nh ph\u00fac c\u1ee7a m\u1ed7i ng\u01b0\u1eddi l\u1eef kh\u00e1ch, sau bao ng\u00e0y ch\u1ec9 c\u00f3 c\u00e1t v\u00e0ng v\u1edbi tr\u1eddi xanh nay \u0111\u01b0\u1ee3c th\u1ea5y ch\u00e0 l\u00e0 xanh t\u01b0\u01a1i hi\u1ec7n ra tr\u01b0\u1edbc m\u1eaft. \u2018C\u00f3 th\u1ec3 Th\u01b0\u1ee3ng \u0111\u1ebf t\u1ea1o ra sa m\u1ea1c ch\u1ec9 \u0111\u1ec3 cho con ng\u01b0\u1eddi bi\u1ebft qu\u00fd tr\u1ecdng c\u00e2y ch\u00e0 l\u00e0,\u2019 \u00f4ng ngh\u0129.\u201d<\/p>\n<p>&#8211; Tr\u00edch Nh\u00e0 gi\u1ea3 kim<\/p>\n","protected":false},"featured_media":1779,"template":"","meta":{"_acf_changed":false},"product_brand":[],"product_cat":[15,45],"product_tag":[],"class_list":{"0":"post-1784","1":"product","2":"type-product","3":"status-publish","4":"has-post-thumbnail","6":"product_cat-sach-danh-cho-nguoi-lon","7":"product_cat-tieu-thuyet","9":"first","10":"outofstock","11":"taxable","12":"shipping-taxable","13":"purchasable","14":"product-type-simple"},"supplier_id":null,"supplier_sku":"","barcode":null,"atum_controlled":true,"out_stock_date":"2024-01-04 21:37:29","out_stock_threshold":null,"inheritable":false,"inbound_stock":2,"stock_on_hold":0,"sold_today":0,"sales_last_days":0,"reserved_stock":0,"customer_returns":0,"warehouse_damage":0,"lost_in_post":0,"other_logs":0,"out_stock_days":755,"lost_sales":0,"has_location":false,"update_date":"2026-01-28T23:10:30","atum_locations":[],"atum_stock_status":"outofstock","restock_status":false,"low_stock_amount":"","sales_update_date":"2026-01-28T23:10:30","calc_backorders":null,"acf":{"publisher":{"ID":1424,"post_author":"1","post_date":"2021-02-17 00:02:29","post_date_gmt":"2021-02-16 22:02:29","post_content":"<!-- wp:flatsome\/uxbuilder -->\n<h1 style=\"text-align: center\"><strong>Nh\u00e3 Nam<\/strong><\/h1>\n[row]\n\n[col span=\"6\" span__sm=\"12\"]\n\n[ux_image id=\"1438\" image_size=\"medium\"]\n\n\n[\/col]\n[col span=\"6\" span__sm=\"12\"]\n\n<p><strong>C\u00f4ng ty c\u1ed5 ph\u1ea7n V\u0103n h\u00f3a v\u00e0 Truy\u1ec1n th\u00f4ng Nh\u00e3 Nam<\/strong><\/p>\n<p>Th\u00e1ng 2 n\u0103m 2005, Nh\u00e3 Nam, t\u00ean \u0111\u1ea7y \u0111\u1ee7 l\u00e0 C\u00f4ng ty C\u1ed5 ph\u1ea7n V\u0103n h\u00f3a v\u00e0 Truy\u1ec1n th\u00f4ng Nh\u00e3 Nam \u0111\u00e3 gia nh\u1eadp th\u1ecb tr\u01b0\u1eddng s\u00e1ch. T\u00e1c ph\u1ea9m \"Balzac v\u00e0 c\u00f4 b\u00e9 th\u1ee3 may Trung hoa\" c\u1ee7a \u0110\u1edbi T\u01b0 Ki\u1ec7t l\u00e0 cu\u1ed1n s\u00e1ch \u0111\u1ea7u ti\u00ean \u0111\u01b0\u1ee3c nh\u1eefng ng\u01b0\u1eddi s\u00e1ng l\u1eadp Nh\u00e3 Nam xu\u1ea5t b\u1ea3n c\u1ea3 tr\u01b0\u1edbc khi c\u00f4ng ty ra \u0111\u1eddi. Ngay l\u1eadp t\u1ee9c t\u1eeb cu\u1ed1n s\u00e1ch \u0111\u1ea7u ti\u00ean, \u0111\u1ed9c gi\u1ea3 \u0111\u00e3 d\u00e0nh s\u1ef1 quan t\u00e2m v\u00e0 y\u00eau m\u1ebfn cho m\u1ed9t th\u01b0\u01a1ng hi\u1ec7u s\u00e1ch m\u1edbi m\u1ebb mang trong m\u00ecnh kh\u00e1t v\u1ecdng g\u00f3p ph\u1ea7n t\u1ea1o l\u1eadp di\u1ec7n m\u1ea1o m\u1edbi cho xu\u1ea5t b\u1ea3n v\u0103n h\u1ecdc t\u1ea1i Vi\u1ec7t Nam.<\/p>\n<p>L\u00f2ng say m\u00ea c\u1ee7a \u0111\u1ed9i ng\u0169 l\u00e0 vi\u00ean \u0111\u00e1 \u0111\u1ea7u ti\u00ean. Tr\u1ea3i qua m\u1ea5y n\u0103m ph\u00e1t tri\u1ec3n, Nh\u00e3 Nam \u0111\u00e3 \u0111\u01b0\u1ee3c x\u00e2y d\u1ef1ng d\u1ea7n l\u00ean trong di\u1ec7n m\u1ea1o m\u1ed9t nh\u00e0 xu\u1ea5t b\u1ea3n v\u1eefng ch\u00e3i v\u00e0 chuy\u00ean nghi\u1ec7p. S\u00e1u th\u00e1ng sau khi th\u00e0nh l\u1eadp c\u00f4ng ty, Nh\u1eadt k\u00fd \u0110\u1eb7ng Th\u00f9y Tr\u00e2m ra \u0111\u1eddi, t\u1ea1o n\u00ean m\u1ed9t c\u01a1n s\u1ed1t trong x\u00e3 h\u1ed9i, v\u1edbi g\u1ea7n 500,000 b\u1ea3n s\u00e1ch \u0111\u01b0\u1ee3c ph\u00e1t h\u00e0nh, ph\u00e1 m\u1ecdi k\u1ef7 l\u1ee5c v\u1ec1 xu\u1ea5t b\u1ea3n tr\u01b0\u1edbc \u0111\u00f3, k\u00e9o theo m\u1ed9t lo\u1ea1t nh\u1eefng hi\u1ec7u \u1ee9ng x\u00e3 h\u1ed9i v\u00e0 d\u01b0 lu\u1eadn c\u00f3 \u00fd ngh\u0129a. T\u1eeb \u0111\u00f3 tr\u1edf \u0111i, th\u00f4ng qua Nh\u00e3 Nam, c\u00e1c cu\u1ed1n s\u00e1ch v\u0103n h\u1ecdc n\u01b0\u1edbc ngo\u00e0i c\u00f3 gi\u00e1 tr\u1ecb \u0111\u01b0\u1ee3c li\u00ean t\u1ee5c mua b\u1ea3n quy\u1ec1n v\u00e0 xu\u1ea5t b\u1ea3n t\u1ea1i Vi\u1ec7t Nam, thu h\u00fat nhi\u1ec1u t\u1ea7ng l\u1edbp \u0111\u1ed9c gi\u1ea3. S\u00e1ch c\u1ee7a Nh\u00e3 Nam n\u1ed5i b\u1eadt b\u1edfi n\u1ed9i dung v\u0103n h\u1ecdc tinh t\u1ebf, b\u1edfi v\u1ebb \u0111\u1eb9p c\u1ee7a thi\u1ebft k\u1ebf hi\u1ec7n \u0111\u1ea1i \u1edf h\u00ecnh th\u1ee9c, b\u1edfi s\u1ef1 ch\u0103m ch\u00fat k\u1ef9 l\u01b0\u1ee1ng cho m\u1ed7i cu\u1ed1n s\u00e1ch nh\u01b0 m\u1ed9t con thuy\u1ec1n mang t\u1edbi ni\u1ec1m vui, tri th\u1ee9c, ng\u1ea1c nhi\u00ean, v\u00e0 \u0111\u1ed3ng c\u1ea3m.<\/p>\n\n[\/col]\n\n[\/row]\n<p style=\"text-align: left\">Hi\u1ec3u th\u1eddi \u0111\u1ea1i \u0111ang s\u1ed1ng th\u00f4ng qua s\u00e1ch, song h\u00e0nh v\u1edbi nh\u1eefng bi\u1ebfn chuy\u1ec3n s\u00e2u s\u1eafc trong l\u00f2ng x\u00e3 h\u1ed9i b\u1eb1ng nh\u1eefng ho\u1ea1t \u0111\u1ed9ng xu\u1ea5t b\u1ea3n mi\u1ec7t m\u00e0i v\u00e0 qu\u1ea3 c\u1ea3m, con \u0111\u01b0\u1eddng Nh\u00e3 Nam \u0111\u00e3 ch\u1ecdn \u0111\u1ec3 \u0111i s\u1ebd c\u00f2n d\u00e0i. Nhi\u1ec1u kh\u00f3 kh\u0103n, th\u1eed th\u00e1ch \u0111ang \u1edf ph\u00eda tr\u01b0\u1edbc. B\u01b0\u1edbc qua th\u1eddi k\u1ef3 s\u01a1 khai v\u1edbi nh\u1eefng b\u00e0i h\u1ecdc v\u00e0 nh\u1eefng kinh nghi\u1ec7m \u0111\u1ea7u ti\u00ean, Nh\u00e3 Nam gi\u1edd \u0111\u00e3 s\u1eb5n s\u00e0ng cho m\u1ed9t ch\u1eb7ng \u0111\u01b0\u1eddng ph\u00e1t tri\u1ec3n m\u1edbi. V\u00e0 ch\u00fang t\u00f4i mu\u1ed1n ho\u00e0n thi\u1ec7n m\u00ecnh trong s\u1ef1 c\u1ea7u th\u1ecb v\u00e0 c\u1ea9n tr\u1ecdng. T\u1ea5t c\u1ea3 v\u00ec m\u1ed9t gia s\u1ea3n s\u00e1ch to l\u1edbn, c\u00f3 s\u1ee9c s\u1ed1ng d\u00e0i l\u00e2u, c\u00f3 \u00fd ngh\u0129a v\u1edbi nhi\u1ec1u th\u1ebf h\u1ec7 b\u1ea1n \u0111\u1ecdc.<br \/>B\u1edfi v\u00ec s\u00e1ch l\u00e0 th\u1ebf gi\u1edbi.<\/p>\n<p><strong>\u0110\u00e2y l\u00e0 m\u1ed9t nh\u00e0 ph\u00e1t h\u00e0nh s\u00e1ch m\u00e0 SACHVIET.EU r\u1ea5t y\u00eau th\u00edch v\u00e0 tin t\u01b0\u1edfng. Nh\u00ecn \u0111\u01b0\u1ee3c t\u1ea7m \u1ea3nh h\u01b0\u1edfng c\u1ee7a Nh\u00e3 Nam qua t\u1eebng cu\u1ed1n s\u00e1ch, SACHVIET.EU li\u00ean h\u1ec7 h\u1ee3p t\u00e1c ngay v\u1edbi Nh\u00e3 Nam \u0111\u1ec3 \u0111em to\u00e0n b\u1ed9 nh\u1eefng t\u00e1c ph\u1ea9m m\u1edbi, hay nh\u1ea5t m\u00e0 Nh\u00e3 Nam c\u00f3 sang Ch\u00e2u \u00c2u, \u0111\u01b0a \u0111\u1ebfn cho \u0111\u1ed9c gi\u1ea3 c\u00f3 nhi\u1ec1u s\u1ef1 l\u1ef1a ch\u1ecdn phong ph\u00fa h\u01a1n c\u1ea3 s\u00e1ch cho tr\u1ebb em l\u1eabn ng\u01b0\u1eddi l\u1edbn.\u00a0<\/strong><\/p>\n\n<!-- \/wp:flatsome\/uxbuilder -->","post_title":"Nh\u00e3 Nam","post_excerpt":"","post_status":"publish","comment_status":"closed","ping_status":"closed","post_password":"","post_name":"nha-nam","to_ping":"","pinged":"","post_modified":"2022-12-19 23:15:33","post_modified_gmt":"2022-12-19 21:15:33","post_content_filtered":"","post_parent":0,"guid":"https:\/\/sachviet.eu\/?post_type=publisher&#038;p=1424","menu_order":0,"post_type":"publisher","post_mime_type":"","comment_count":"0","filter":"raw"}},"_links":{"self":[{"href":"https:\/\/sachviet.eu\/en\/wp-json\/wp\/v2\/product\/1784","targetHints":{"allow":["GET"]}}],"collection":[{"href":"https:\/\/sachviet.eu\/en\/wp-json\/wp\/v2\/product"}],"about":[{"href":"https:\/\/sachviet.eu\/en\/wp-json\/wp\/v2\/types\/product"}],"wp:featuredmedia":[{"embeddable":true,"href":"https:\/\/sachviet.eu\/en\/wp-json\/wp\/v2\/media\/1779"}],"wp:attachment":[{"href":"https:\/\/sachviet.eu\/en\/wp-json\/wp\/v2\/media?parent=1784"}],"wp:term":[{"taxonomy":"product_brand","embeddable":true,"href":"https:\/\/sachviet.eu\/en\/wp-json\/wp\/v2\/product_brand?post=1784"},{"taxonomy":"product_cat","embeddable":true,"href":"https:\/\/sachviet.eu\/en\/wp-json\/wp\/v2\/product_cat?post=1784"},{"taxonomy":"product_tag","embeddable":true,"href":"https:\/\/sachviet.eu\/en\/wp-json\/wp\/v2\/product_tag?post=1784"}],"curies":[{"name":"wp","href":"https:\/\/api.w.org\/{rel}","templated":true}]}}