{"id":17823,"date":"2022-04-09T17:39:48","date_gmt":"2022-04-09T14:39:48","guid":{"rendered":"https:\/\/sachviet.eu\/shop\/co-gai-mu-chu-pha-bom-nguyen-tu\/"},"modified":"2023-05-22T13:42:21","modified_gmt":"2023-05-22T10:42:21","slug":"co-gai-mu-chu-pha-bom-nguyen-tu","status":"publish","type":"product","link":"https:\/\/sachviet.eu\/en\/shop\/co-gai-mu-chu-pha-bom-nguyen-tu\/","title":{"rendered":"C\u00f4 G\u00e1i M\u00f9 Ch\u1eef Ph\u00e1 Bom Nguy\u00ean T\u1eed"},"content":{"rendered":"<p>C\u00f4 g\u00e1i m\u00f9 ch\u1eef ph\u00e1 bom nguy\u00ean t\u1eed &#8211; cu\u1ed1n ti\u1ec3u thuy\u1ebft m\u1edbi \u0111\u1ea7y chuy\u1ec7n li k\u00ec qu\u00e1i d\u1ecb c\u1ee7a Jonas Jonasson, t\u00e1c gi\u1ea3 c\u1ee7a \u00d4ng tr\u0103m tu\u1ed5i tr\u00e8o qua c\u1eeda s\u1ed5 v\u00e0 bi\u1ebfn m\u1ea5t.<\/p>\n<p>Nombeko \u0111\u01b0\u1ee3c sinh ra trong m\u1ed9t c\u0103n l\u1ec1u b\u00e9 t\u00ed t\u1eb9o \u1edf Johannesburg, th\u00e0nh ph\u1ed1 l\u1edbn nh\u1ea5t Nam Phi. Ngay t\u1eeb l\u00fac nh\u1ecf x\u00edu, c\u00f4 \u0111\u00e3 mau ch\u00f3ng hi\u1ec3u r\u1eb1ng th\u1ebf gian n\u00e0y ch\u1eb3ng h\u1ee9a h\u1eb9n g\u00ec v\u1edbi c\u00f4 ngo\u00e0i vi\u1ec7c c\u00f4 ho\u1eb7c ch\u1ebft s\u1edbm, v\u00ec ma t\u00fay, v\u00ec r\u01b0\u1ee3u hay ch\u1ec9 v\u00ec \u0111\u01a1n gi\u1ea3n l\u00e0 tuy\u1ec7t v\u1ecdng v\u00ec m\u00e0u da ch\u00e2u Phi. Thay v\u00ec th\u1ebf, Nombeko c\u00f3 nh\u1eefng k\u1ebf ho\u1ea1ch v\u0129 \u0111\u1ea1i h\u01a1n nhi\u1ec1u. C\u00f4 t\u1ef1 h\u1ecdc \u0111\u1ecdc h\u1ecdc vi\u1ebft, b\u1eb1ng m\u01b0u m\u1eb9o v\u00e0 s\u1ef1 li\u1ec1u l\u0129nh \u0111\u00e1ng kinh ng\u1ea1c, c\u00f4 tho\u00e1t kh\u1ecfi khu \u1ed5 chu\u1ed9t v\u1edbi nh\u1eefng vi\u00ean kim c\u01b0\u01a1ng l\u1eadu b\u1ea1c tri\u1ec7u.<\/p>\n<p>\u0110\u1eddi c\u00f4 l\u00e0 chu\u1ed7i s\u1ef1 c\u1ed1 \u0111i\u00ean kh\u00f9ng n\u1ed1i ti\u1ebfp \u0111i\u00ean kh\u00f9ng. C\u00f4 ch\u1eb3ng h\u1ec1 mu\u1ed1n s\u1ed1ng \u0111\u1eddi n\u00f4 l\u1ec7 \u1edf \u0111\u1ea5t n\u01b0\u1edbc ph\u00e2n bi\u1ec7t ch\u1ee7ng t\u1ed9c nh\u01b0ng c\u0169ng ch\u1eb3ng mong m\u00ecnh tr\u1edf th\u00e0nh c\u1ed1 v\u1ea5n b\u1ea5t \u0111\u1eafc d\u0129 cho d\u1ef1 \u00e1n bom nguy\u00ean t\u1eed. V\u1eady m\u00e0 c\u00f4 ph\u1ea3i l\u00e0m c\u1ea3 hai v\u1edbi tr\u00ed tu\u1ec7 si\u00eau vi\u1ec7t v\u1ec1 t\u00ednh to\u00e1n. Nh\u01b0ng kh\u00f4ng g\u00ec c\u00f3 th\u1ec3 ng\u0103n c\u1ea3n c\u00f4 l\u1eadp k\u1ebf ho\u1ea1ch tr\u1ed1n tho\u00e1t t\u1edbi Th\u1ee5y \u0110i\u1ec3n, n\u01a1i c\u00f4 g\u1eb7p c\u1eb7p sinh \u0111\u00f4i Holger, m\u00e0 m\u1ed9t trong s\u1ed1 \u0111\u00f3 nu\u00f4i \u00e2m m\u01b0u l\u00e0m c\u00e1ch m\u1ea1ng l\u1eadt \u0111\u1ed5 v\u01b0\u01a1ng tri\u1ec1u.<\/p>\n<p>Cu\u1ed9c \u0111\u1eddi Nombeko \u0111an c\u00e0i \u0111\u1ea7y tr\u00e9o ngoe v\u00e0o cu\u1ed9c \u0111\u1eddi c\u1ee7a c\u1eb7p sinh \u0111\u00f4i, v\u00e0 khi c\u1eb7p \u0111\u00f4i d\u00e0n x\u1ebfp v\u1ee5 b\u1eaft c\u00f3c vua v\u00e0 th\u1ee7 t\u01b0\u1edbng Th\u1ee5y \u0110i\u1ec3n th\u00ec \u0111i\u1ec7p v\u1ee5 gi\u1ea3i c\u1ee9u \u0111\u00e3 s\u1eb5n \u0111\u1ee3i n\u1eef ng\u01b0\u1eddi h\u00f9ng ra tay &#8211; \u0111\u1ec3 c\u1ee9u c\u1ea3 th\u1ebf gi\u1edbi kh\u1ecfi th\u1ea3m h\u1ecda. Qu\u1ea3 bom nguy\u00ean t\u1eed s\u1ebd ho\u00e0n t\u1ea5t s\u1ee9 m\u1ec7nh c\u1ee7a n\u00f3 \u1edf \u0111\u00e2u, hay l\u00e0 trong tay m\u1ed9t si\u00eau c\u01b0\u1eddng c\u00f3 nhu c\u1ea7u?<\/p>\n<p>Cu\u1ed1n s\u00e1ch \u0103n kh\u00e1ch to\u00e0n c\u1ea7u c\u1ee7a Jonas Jonasson &#8211; C\u00f4 g\u00e1i m\u00f9 ch\u1eef ph\u00e1 bom nguy\u00ean t\u1eed &#8211; khi\u1ebfn ng\u01b0\u1eddi \u0111\u1ecdc ph\u1ea5n kh\u00edch v\u1ec1 c\u00e1ch \u0111\u00f9a v\u1edbi c\u00e1c nh\u00e2n v\u1eadt l\u1ecbch s\u1eed c\u00f3 th\u1ef1c v\u00e0 c\u00e1c c\u00e2u chuy\u1ec7n ch\u00ednh tr\u1ecb s\u1eb7c m\u00f9i thuy\u1ebft \u00e2m m\u01b0u \u1edf th\u1ebf gi\u1edbi n\u00e0y.<\/p>\n","protected":false},"excerpt":{"rendered":"<p>C\u00f4 g\u00e1i m\u00f9 ch\u1eef ph\u00e1 bom nguy\u00ean t\u1eed &#8211; cu\u1ed1n ti\u1ec3u thuy\u1ebft m\u1edbi \u0111\u1ea7y chuy\u1ec7n li k\u00ec qu\u00e1i d\u1ecb c\u1ee7a Jonas Jonasson, t\u00e1c gi\u1ea3 c\u1ee7a \u00d4ng tr\u0103m tu\u1ed5i tr\u00e8o qua c\u1eeda s\u1ed5 v\u00e0 bi\u1ebfn m\u1ea5t.<\/p>\n<p>Nombeko \u0111\u01b0\u1ee3c sinh ra trong m\u1ed9t c\u0103n l\u1ec1u b\u00e9 t\u00ed t\u1eb9o \u1edf Johannesburg, th\u00e0nh ph\u1ed1 l\u1edbn nh\u1ea5t Nam Phi. Ngay t\u1eeb l\u00fac nh\u1ecf x\u00edu, c\u00f4 \u0111\u00e3 mau ch\u00f3ng hi\u1ec3u r\u1eb1ng th\u1ebf gian n\u00e0y ch\u1eb3ng h\u1ee9a h\u1eb9n g\u00ec v\u1edbi c\u00f4 ngo\u00e0i vi\u1ec7c c\u00f4 ho\u1eb7c ch\u1ebft s\u1edbm, v\u00ec ma t\u00fay, v\u00ec r\u01b0\u1ee3u hay ch\u1ec9 v\u00ec \u0111\u01a1n gi\u1ea3n l\u00e0 tuy\u1ec7t v\u1ecdng v\u00ec m\u00e0u da ch\u00e2u Phi. Thay v\u00ec th\u1ebf, Nombeko c\u00f3 nh\u1eefng k\u1ebf ho\u1ea1ch v\u0129 \u0111\u1ea1i h\u01a1n nhi\u1ec1u. C\u00f4 t\u1ef1 h\u1ecdc \u0111\u1ecdc h\u1ecdc vi\u1ebft, b\u1eb1ng m\u01b0u m\u1eb9o v\u00e0 s\u1ef1 li\u1ec1u l\u0129nh \u0111\u00e1ng kinh ng\u1ea1c, c\u00f4 tho\u00e1t kh\u1ecfi khu \u1ed5 chu\u1ed9t v\u1edbi nh\u1eefng vi\u00ean kim c\u01b0\u01a1ng l\u1eadu b\u1ea1c tri\u1ec7u.<\/p>\n<p>\u0110\u1eddi c\u00f4 l\u00e0 chu\u1ed7i s\u1ef1 c\u1ed1 \u0111i\u00ean kh\u00f9ng n\u1ed1i ti\u1ebfp \u0111i\u00ean kh\u00f9ng. C\u00f4 ch\u1eb3ng h\u1ec1 mu\u1ed1n s\u1ed1ng \u0111\u1eddi n\u00f4 l\u1ec7 \u1edf \u0111\u1ea5t n\u01b0\u1edbc ph\u00e2n bi\u1ec7t ch\u1ee7ng t\u1ed9c nh\u01b0ng c\u0169ng ch\u1eb3ng mong m\u00ecnh tr\u1edf th\u00e0nh c\u1ed1 v\u1ea5n b\u1ea5t \u0111\u1eafc d\u0129 cho d\u1ef1 \u00e1n bom nguy\u00ean t\u1eed. V\u1eady m\u00e0 c\u00f4 ph\u1ea3i l\u00e0m c\u1ea3 hai v\u1edbi tr\u00ed tu\u1ec7 si\u00eau vi\u1ec7t v\u1ec1 t\u00ednh to\u00e1n. Nh\u01b0ng kh\u00f4ng g\u00ec c\u00f3 th\u1ec3 ng\u0103n c\u1ea3n c\u00f4 l\u1eadp k\u1ebf ho\u1ea1ch tr\u1ed1n tho\u00e1t t\u1edbi Th\u1ee5y \u0110i\u1ec3n, n\u01a1i c\u00f4 g\u1eb7p c\u1eb7p sinh \u0111\u00f4i Holger, m\u00e0 m\u1ed9t trong s\u1ed1 \u0111\u00f3 nu\u00f4i \u00e2m m\u01b0u l\u00e0m c\u00e1ch m\u1ea1ng l\u1eadt \u0111\u1ed5 v\u01b0\u01a1ng tri\u1ec1u.<\/p>\n<p>Cu\u1ed9c \u0111\u1eddi Nombeko \u0111an c\u00e0i \u0111\u1ea7y tr\u00e9o ngoe v\u00e0o cu\u1ed9c \u0111\u1eddi c\u1ee7a c\u1eb7p sinh \u0111\u00f4i, v\u00e0 khi c\u1eb7p \u0111\u00f4i d\u00e0n x\u1ebfp v\u1ee5 b\u1eaft c\u00f3c vua v\u00e0 th\u1ee7 t\u01b0\u1edbng Th\u1ee5y \u0110i\u1ec3n th\u00ec \u0111i\u1ec7p v\u1ee5 gi\u1ea3i c\u1ee9u \u0111\u00e3 s\u1eb5n \u0111\u1ee3i n\u1eef ng\u01b0\u1eddi h\u00f9ng ra tay &#8211; \u0111\u1ec3 c\u1ee9u c\u1ea3 th\u1ebf gi\u1edbi kh\u1ecfi th\u1ea3m h\u1ecda. Qu\u1ea3 bom nguy\u00ean t\u1eed s\u1ebd ho\u00e0n t\u1ea5t s\u1ee9 m\u1ec7nh c\u1ee7a n\u00f3 \u1edf \u0111\u00e2u, hay l\u00e0 trong tay m\u1ed9t si\u00eau c\u01b0\u1eddng c\u00f3 nhu c\u1ea7u?<\/p>\n<p>Cu\u1ed1n s\u00e1ch \u0103n kh\u00e1ch to\u00e0n c\u1ea7u c\u1ee7a Jonas Jonasson &#8211; C\u00f4 g\u00e1i m\u00f9 ch\u1eef ph\u00e1 bom nguy\u00ean t\u1eed &#8211; khi\u1ebfn ng\u01b0\u1eddi \u0111\u1ecdc ph\u1ea5n kh\u00edch v\u1ec1 c\u00e1ch \u0111\u00f9a v\u1edbi c\u00e1c nh\u00e2n v\u1eadt l\u1ecbch s\u1eed c\u00f3 th\u1ef1c v\u00e0 c\u00e1c c\u00e2u chuy\u1ec7n ch\u00ednh tr\u1ecb s\u1eb7c m\u00f9i thuy\u1ebft \u00e2m m\u01b0u \u1edf th\u1ebf gi\u1edbi n\u00e0y.<\/p>\n","protected":false},"featured_media":17822,"template":"","meta":{"_acf_changed":false},"product_brand":[],"product_cat":[15,45],"product_tag":[],"class_list":{"0":"post-17823","1":"product","2":"type-product","3":"status-publish","4":"has-post-thumbnail","6":"product_cat-sach-danh-cho-nguoi-lon","7":"product_cat-tieu-thuyet","9":"first","10":"outofstock","11":"taxable","12":"shipping-taxable","13":"purchasable","14":"product-type-simple"},"supplier_id":null,"supplier_sku":"","barcode":null,"atum_controlled":true,"out_stock_date":"2023-05-22 10:42:21","out_stock_threshold":null,"inheritable":false,"inbound_stock":0,"stock_on_hold":0,"sold_today":0,"sales_last_days":0,"reserved_stock":0,"customer_returns":0,"warehouse_damage":0,"lost_in_post":0,"other_logs":0,"out_stock_days":982,"lost_sales":0,"has_location":false,"update_date":"2026-01-28T23:11:01","atum_locations":[{"id":32,"name":"Helsinki","slug":"helsinki"}],"atum_stock_status":"outofstock","restock_status":false,"low_stock_amount":"","sales_update_date":"2026-01-28T23:11:01","calc_backorders":null,"acf":{"publisher":{"ID":1517,"post_author":"1","post_date":"2021-02-17 01:14:41","post_date_gmt":"2021-02-16 23:14:41","post_content":"","post_title":"NXB Tr\u1ebb","post_excerpt":"","post_status":"publish","comment_status":"closed","ping_status":"closed","post_password":"","post_name":"nxb-tre","to_ping":"","pinged":"","post_modified":"2021-02-17 01:14:41","post_modified_gmt":"2021-02-16 23:14:41","post_content_filtered":"","post_parent":0,"guid":"https:\/\/sachviet.eu\/nha-phat-hanh\/nxb-tre\/","menu_order":0,"post_type":"publisher","post_mime_type":"","comment_count":"0","filter":"raw"}},"_links":{"self":[{"href":"https:\/\/sachviet.eu\/en\/wp-json\/wp\/v2\/product\/17823","targetHints":{"allow":["GET"]}}],"collection":[{"href":"https:\/\/sachviet.eu\/en\/wp-json\/wp\/v2\/product"}],"about":[{"href":"https:\/\/sachviet.eu\/en\/wp-json\/wp\/v2\/types\/product"}],"wp:featuredmedia":[{"embeddable":true,"href":"https:\/\/sachviet.eu\/en\/wp-json\/wp\/v2\/media\/17822"}],"wp:attachment":[{"href":"https:\/\/sachviet.eu\/en\/wp-json\/wp\/v2\/media?parent=17823"}],"wp:term":[{"taxonomy":"product_brand","embeddable":true,"href":"https:\/\/sachviet.eu\/en\/wp-json\/wp\/v2\/product_brand?post=17823"},{"taxonomy":"product_cat","embeddable":true,"href":"https:\/\/sachviet.eu\/en\/wp-json\/wp\/v2\/product_cat?post=17823"},{"taxonomy":"product_tag","embeddable":true,"href":"https:\/\/sachviet.eu\/en\/wp-json\/wp\/v2\/product_tag?post=17823"}],"curies":[{"name":"wp","href":"https:\/\/api.w.org\/{rel}","templated":true}]}}