{"id":17821,"date":"2022-04-09T17:39:34","date_gmt":"2022-04-09T14:39:34","guid":{"rendered":"https:\/\/sachviet.eu\/shop\/anders-sat-thu-cung-be-lu\/"},"modified":"2022-12-19T18:23:35","modified_gmt":"2022-12-19T16:23:35","slug":"anders-sat-thu-cung-be-lu","status":"publish","type":"product","link":"https:\/\/sachviet.eu\/en\/shop\/anders-sat-thu-cung-be-lu\/","title":{"rendered":"Anders S\u00e1t Th\u1ee7 C\u00f9ng B\u00e8 L\u0169"},"content":{"rendered":"<p>T\u00e1c ph\u1ea9m h\u00e0i h\u01b0\u1edbc theo phong c\u00e1ch s\u00e2u cay quen thu\u1ed9c, m\u00e0 v\u1eabn h\u1ebft s\u1ee9c nh\u00e2n v\u0103n. Ba nh\u00e2n v\u1eadt b\u1ecb x\u00e3 h\u1ed9i g\u1ea1t xu\u1ed1ng \u0111\u00e1y: M\u1ed9t n\u1eef m\u1ee5c s\u01b0 b\u1ecb b\u1ea1o h\u00e0nh t\u1eeb nh\u1ecf v\u00e0 \u00e9p theo con \u0111\u01b0\u1eddng m\u00ecnh kh\u00f4ng mu\u1ed1n; t\u00ean l\u01b0u manh l\u00e0m cho m\u1ed9t kh\u00e1ch s\u1ea1n t\u00ecnh y\u00eau, v\u00e0 t\u00ean s\u00e1t th\u1ee7. B\u1ed9 ba c\u0103m th\u00f9 x\u00e3 h\u1ed9i n\u00e0y t\u00ecm m\u1ecdi c\u00e1ch \u0111\u1ec3 ki\u1ebfm ti\u1ec1n, b\u1ea5t k\u1ec3 th\u1ee7 \u0111o\u1ea1n, b\u00e1ng b\u1ecf v\u00e0o \u0111\u1ee9c tin v\u00e0 tr\u1ee5c l\u1ee3i t\u1eeb l\u00f2ng nh\u00e2n \u00e1i. Tr\u1edb tr\u00eau thay, nh\u1eefng th\u1ee7 \u0111o\u1ea1n \u1ea5y d\u00f9 gi\u00fap ch\u00fang ki\u1ebfm \u0111\u01b0\u1ee3c nhi\u1ec1u ti\u1ec1n nh\u01b0ng r\u1ed3i c\u0169ng c\u1ee7a thi\u00ean tr\u1ea3 \u0111\u1ecba. Cho \u0111\u1ebfn m\u1ed9t ng\u00e0y ch\u00fang c\u0169ng quy\u1ebft \u0111\u1ecbnh l\u00e0m h\u00f2a v\u1edbi cu\u1ed9c \u0111\u1eddi v\u00e0 con ng\u01b0\u1eddi.<\/p>\n","protected":false},"excerpt":{"rendered":"<p>T\u00e1c ph\u1ea9m h\u00e0i h\u01b0\u1edbc theo phong c\u00e1ch s\u00e2u cay quen thu\u1ed9c, m\u00e0 v\u1eabn h\u1ebft s\u1ee9c nh\u00e2n v\u0103n. Ba nh\u00e2n v\u1eadt b\u1ecb x\u00e3 h\u1ed9i g\u1ea1t xu\u1ed1ng \u0111\u00e1y: M\u1ed9t n\u1eef m\u1ee5c s\u01b0 b\u1ecb b\u1ea1o h\u00e0nh t\u1eeb nh\u1ecf v\u00e0 \u00e9p theo con \u0111\u01b0\u1eddng m\u00ecnh kh\u00f4ng mu\u1ed1n; t\u00ean l\u01b0u manh l\u00e0m cho m\u1ed9t kh\u00e1ch s\u1ea1n t\u00ecnh y\u00eau, v\u00e0 t\u00ean s\u00e1t th\u1ee7. B\u1ed9 ba c\u0103m th\u00f9 x\u00e3 h\u1ed9i n\u00e0y t\u00ecm m\u1ecdi c\u00e1ch \u0111\u1ec3 ki\u1ebfm ti\u1ec1n, b\u1ea5t k\u1ec3 th\u1ee7 \u0111o\u1ea1n, b\u00e1ng b\u1ecf v\u00e0o \u0111\u1ee9c tin v\u00e0 tr\u1ee5c l\u1ee3i t\u1eeb l\u00f2ng nh\u00e2n \u00e1i. Tr\u1edb tr\u00eau thay, nh\u1eefng th\u1ee7 \u0111o\u1ea1n \u1ea5y d\u00f9 gi\u00fap ch\u00fang ki\u1ebfm \u0111\u01b0\u1ee3c nhi\u1ec1u ti\u1ec1n nh\u01b0ng r\u1ed3i c\u0169ng c\u1ee7a thi\u00ean tr\u1ea3 \u0111\u1ecba. Cho \u0111\u1ebfn m\u1ed9t ng\u00e0y ch\u00fang c\u0169ng quy\u1ebft \u0111\u1ecbnh l\u00e0m h\u00f2a v\u1edbi cu\u1ed9c \u0111\u1eddi v\u00e0 con ng\u01b0\u1eddi.<\/p>\n","protected":false},"featured_media":17820,"template":"","meta":{"_acf_changed":false},"product_brand":[],"product_cat":[15,45],"product_tag":[],"class_list":{"0":"post-17821","1":"product","2":"type-product","3":"status-publish","4":"has-post-thumbnail","6":"product_cat-sach-danh-cho-nguoi-lon","7":"product_cat-tieu-thuyet","9":"first","10":"instock","11":"taxable","12":"shipping-taxable","13":"purchasable","14":"product-type-simple"},"supplier_id":null,"supplier_sku":"","barcode":null,"atum_controlled":true,"out_stock_date":null,"out_stock_threshold":null,"inheritable":false,"inbound_stock":0,"stock_on_hold":0,"sold_today":0,"sales_last_days":0,"reserved_stock":0,"customer_returns":0,"warehouse_damage":0,"lost_in_post":0,"other_logs":0,"out_stock_days":0,"lost_sales":0,"has_location":false,"update_date":"2026-01-28T23:11:01","atum_locations":[{"id":32,"name":"Helsinki","slug":"helsinki"}],"atum_stock_status":"instock","restock_status":false,"low_stock_amount":"","sales_update_date":"2026-01-28T23:11:01","calc_backorders":null,"acf":{"publisher":{"ID":1517,"post_author":"1","post_date":"2021-02-17 01:14:41","post_date_gmt":"2021-02-16 23:14:41","post_content":"","post_title":"NXB Tr\u1ebb","post_excerpt":"","post_status":"publish","comment_status":"closed","ping_status":"closed","post_password":"","post_name":"nxb-tre","to_ping":"","pinged":"","post_modified":"2021-02-17 01:14:41","post_modified_gmt":"2021-02-16 23:14:41","post_content_filtered":"","post_parent":0,"guid":"https:\/\/sachviet.eu\/nha-phat-hanh\/nxb-tre\/","menu_order":0,"post_type":"publisher","post_mime_type":"","comment_count":"0","filter":"raw"}},"_links":{"self":[{"href":"https:\/\/sachviet.eu\/en\/wp-json\/wp\/v2\/product\/17821","targetHints":{"allow":["GET"]}}],"collection":[{"href":"https:\/\/sachviet.eu\/en\/wp-json\/wp\/v2\/product"}],"about":[{"href":"https:\/\/sachviet.eu\/en\/wp-json\/wp\/v2\/types\/product"}],"wp:featuredmedia":[{"embeddable":true,"href":"https:\/\/sachviet.eu\/en\/wp-json\/wp\/v2\/media\/17820"}],"wp:attachment":[{"href":"https:\/\/sachviet.eu\/en\/wp-json\/wp\/v2\/media?parent=17821"}],"wp:term":[{"taxonomy":"product_brand","embeddable":true,"href":"https:\/\/sachviet.eu\/en\/wp-json\/wp\/v2\/product_brand?post=17821"},{"taxonomy":"product_cat","embeddable":true,"href":"https:\/\/sachviet.eu\/en\/wp-json\/wp\/v2\/product_cat?post=17821"},{"taxonomy":"product_tag","embeddable":true,"href":"https:\/\/sachviet.eu\/en\/wp-json\/wp\/v2\/product_tag?post=17821"}],"curies":[{"name":"wp","href":"https:\/\/api.w.org\/{rel}","templated":true}]}}