{"id":17819,"date":"2022-04-09T17:39:20","date_gmt":"2022-04-09T14:39:20","guid":{"rendered":"https:\/\/sachviet.eu\/shop\/dia-nguc-mon-tap-2\/"},"modified":"2022-12-19T18:23:40","modified_gmt":"2022-12-19T16:23:40","slug":"dia-nguc-mon-tap-2","status":"publish","type":"product","link":"https:\/\/sachviet.eu\/en\/shop\/dia-nguc-mon-tap-2\/","title":{"rendered":"\u0110\u1ecba Ng\u1ee5c M\u00f4n &#8211; T\u1eadp 2"},"content":{"rendered":"<p>Ngay khi v\u1eeba ra m\u1eaft, \u201c\u0110\u1ecba Ng\u1ee5c M\u00f4n\u201d ngay l\u1eadp t\u1ee9c \u0111\u00e3 g\u00e2y b\u00e3o trong c\u1ed9ng \u0111\u1ed3ng \u0111\u1ecdc truy\u1ec7n tranh b\u1edfi c\u1ed1t truy\u1ec7n huy\u1ec1n b\u00ed kinh d\u1ecb c\u00f9ng n\u00e9t v\u1ebd ma m\u1ecb v\u00e0 trau chu\u1ed1t. T\u00e1c ph\u1ea9m c\u1ee7a h\u1ecda s\u0129 Can Ti\u1ec3u Hy c\u0169ng \u0111\u00e3 \u0111\u1ea1t gi\u1ea3i B\u1ea1c cu\u1ed9c thi truy\u1ec7n tranh qu\u1ed1c t\u1ebf t\u1ea1i Nh\u1eadt B\u1ea3n \u2013 m\u1ed9t cu\u1ed9c thi uy t\u00edn v\u1ec1 truy\u1ec7n tranh tr\u00ean th\u1ebf gi\u1edbi \u2013 ch\u1ee9ng t\u1ecf s\u1ee9c h\u00fat kh\u00f4ng nh\u1ecf c\u1ee7a b\u1ed9 truy\u1ec7n.<\/p>\n<p>Kh\u00f4ng th\u1ec3 ph\u1ee7 nh\u1eadn \u0111\u1ed9 h\u1ea5p d\u1eabn c\u1ee7a \u201c\u0110\u1ecba Ng\u1ee5c M\u00f4n\u201d khi \u0111\u01b0a ng\u01b0\u1eddi \u0111\u1ecdc qua t\u1eebng cung b\u1eadc c\u1ea3m x\u00fac: s\u1ee3 h\u00e3i, kinh d\u1ecb, h\u1ed3i h\u1ed9p nh\u01b0ng kh\u00f4ng k\u00e9m ph\u1ea7n l\u00e3ng m\u1ea1n, h\u00e0i h\u01b0\u1edbc. Phong c\u00e1ch v\u1ebd l\u1ed9ng l\u1eaby c\u1ee7a Can Ti\u1ec3u Hy t\u1eebng \u0111\u01b0\u1ee3c \u0111\u1ed9c gi\u1ea3 \u0111\u00e1nh gia cao qua nh\u1eefng t\u00e1c ph\u1ea9m g\u00e2y b\u00e3o nh\u01b0 Th\u01a1 Duy\u00ean, Tam Th\u1ebf. V\u00ec v\u1eady, m\u1ed9t t\u00e1c ph\u1ea9m \u0111\u01b0\u1ee3c \u0111\u1ea7u t\u01b0 t\u00e2m huy\u1ebft nh\u01b0 \u0110\u1ecba Ng\u1ee5c M\u00f4n ch\u1eafc ch\u1eafn s\u1ebd khi\u1ebfn \u0111\u1ed9c gi\u1ea3 ph\u1ea3i tr\u1ea7m tr\u1ed3 b\u1edfi t\u1eebng \u0111\u01b0\u1eddng n\u00e9t tinh t\u1ebf v\u00e0 k\u00ec \u1ea3o.<\/p>\n<p>\u0110\u1ecba Ng\u1ee5c M\u00f4n l\u00e0 c\u00e2u chuy\u1ec7n v\u1ec1 th\u1ebf gi\u1edbi huy\u1ec1n \u1ea3o theo ch\u00e2n c\u00f4 g\u00e1i tr\u1ebb v\u00f4 t\u00ecnh b\u1ecb ch\u1ebft oan v\u00e0 \u0111\u01b0a xu\u1ed1ng n\u01a1i \u00e2m ty \u0111\u1ecba ph\u1ee7. Kh\u00f4ng ch\u1ea5p nh\u1eadn s\u1ed1 ph\u1eadn \u0111\u1ea7y oan \u1ee9c, c\u00f4 g\u00e1i \u0111\u00e3 \u0111i t\u00ecm nguy\u00ean nh\u00e2n v\u00e0 kh\u00e1m ph\u00e1 b\u00ed m\u1eadt c\u00e1i ch\u1ebft c\u1ee7a m\u00ecnh. \u0110\u1ed3ng h\u00e0nh c\u00f9ng c\u00f4 l\u00e0 m\u1ed9t ch\u00e0ng trai k\u00ec l\u1ea1, gi\u00fap \u0111\u1ee1 c\u00f4 quay v\u1ec1 d\u01b0\u01a1ng gian. Kh\u00f4ng \u0111\u01a1n gi\u1ea3n l\u00e0 c\u00e2u chuy\u1ec7n v\u1ec1 h\u00e0nh tr\u00ecnh \u0111\u00fang sai, t\u00e1c ph\u1ea9m c\u00f2n l\u1ed3ng gh\u00e9p nhi\u1ec1u \u00fd ngh\u0129a v\u1ec1 nh\u00e2n sinh v\u00e0 gi\u00e1 tr\u1ecb cu\u1ed9c s\u1ed1ng.<\/p>\n","protected":false},"excerpt":{"rendered":"<p>Ngay khi v\u1eeba ra m\u1eaft, \u201c\u0110\u1ecba Ng\u1ee5c M\u00f4n\u201d ngay l\u1eadp t\u1ee9c \u0111\u00e3 g\u00e2y b\u00e3o trong c\u1ed9ng \u0111\u1ed3ng \u0111\u1ecdc truy\u1ec7n tranh b\u1edfi c\u1ed1t truy\u1ec7n huy\u1ec1n b\u00ed kinh d\u1ecb c\u00f9ng n\u00e9t v\u1ebd ma m\u1ecb v\u00e0 trau chu\u1ed1t. T\u00e1c ph\u1ea9m c\u1ee7a h\u1ecda s\u0129 Can Ti\u1ec3u Hy c\u0169ng \u0111\u00e3 \u0111\u1ea1t gi\u1ea3i B\u1ea1c cu\u1ed9c thi truy\u1ec7n tranh qu\u1ed1c t\u1ebf t\u1ea1i Nh\u1eadt B\u1ea3n \u2013 m\u1ed9t cu\u1ed9c thi uy t\u00edn v\u1ec1 truy\u1ec7n tranh tr\u00ean th\u1ebf gi\u1edbi \u2013 ch\u1ee9ng t\u1ecf s\u1ee9c h\u00fat kh\u00f4ng nh\u1ecf c\u1ee7a b\u1ed9 truy\u1ec7n.<\/p>\n<p>Kh\u00f4ng th\u1ec3 ph\u1ee7 nh\u1eadn \u0111\u1ed9 h\u1ea5p d\u1eabn c\u1ee7a \u201c\u0110\u1ecba Ng\u1ee5c M\u00f4n\u201d khi \u0111\u01b0a ng\u01b0\u1eddi \u0111\u1ecdc qua t\u1eebng cung b\u1eadc c\u1ea3m x\u00fac: s\u1ee3 h\u00e3i, kinh d\u1ecb, h\u1ed3i h\u1ed9p nh\u01b0ng kh\u00f4ng k\u00e9m ph\u1ea7n l\u00e3ng m\u1ea1n, h\u00e0i h\u01b0\u1edbc. Phong c\u00e1ch v\u1ebd l\u1ed9ng l\u1eaby c\u1ee7a Can Ti\u1ec3u Hy t\u1eebng \u0111\u01b0\u1ee3c \u0111\u1ed9c gi\u1ea3 \u0111\u00e1nh gia cao qua nh\u1eefng t\u00e1c ph\u1ea9m g\u00e2y b\u00e3o nh\u01b0 Th\u01a1 Duy\u00ean, Tam Th\u1ebf. V\u00ec v\u1eady, m\u1ed9t t\u00e1c ph\u1ea9m \u0111\u01b0\u1ee3c \u0111\u1ea7u t\u01b0 t\u00e2m huy\u1ebft nh\u01b0 \u0110\u1ecba Ng\u1ee5c M\u00f4n ch\u1eafc ch\u1eafn s\u1ebd khi\u1ebfn \u0111\u1ed9c gi\u1ea3 ph\u1ea3i tr\u1ea7m tr\u1ed3 b\u1edfi t\u1eebng \u0111\u01b0\u1eddng n\u00e9t tinh t\u1ebf v\u00e0 k\u00ec \u1ea3o.<\/p>\n<p>\u0110\u1ecba Ng\u1ee5c M\u00f4n l\u00e0 c\u00e2u chuy\u1ec7n v\u1ec1 th\u1ebf gi\u1edbi huy\u1ec1n \u1ea3o theo ch\u00e2n c\u00f4 g\u00e1i tr\u1ebb v\u00f4 t\u00ecnh b\u1ecb ch\u1ebft oan v\u00e0 \u0111\u01b0a xu\u1ed1ng n\u01a1i \u00e2m ty \u0111\u1ecba ph\u1ee7. Kh\u00f4ng ch\u1ea5p nh\u1eadn s\u1ed1 ph\u1eadn \u0111\u1ea7y oan \u1ee9c, c\u00f4 g\u00e1i \u0111\u00e3 \u0111i t\u00ecm nguy\u00ean nh\u00e2n v\u00e0 kh\u00e1m ph\u00e1 b\u00ed m\u1eadt c\u00e1i ch\u1ebft c\u1ee7a m\u00ecnh. \u0110\u1ed3ng h\u00e0nh c\u00f9ng c\u00f4 l\u00e0 m\u1ed9t ch\u00e0ng trai k\u00ec l\u1ea1, gi\u00fap \u0111\u1ee1 c\u00f4 quay v\u1ec1 d\u01b0\u01a1ng gian. Kh\u00f4ng \u0111\u01a1n gi\u1ea3n l\u00e0 c\u00e2u chuy\u1ec7n v\u1ec1 h\u00e0nh tr\u00ecnh \u0111\u00fang sai, t\u00e1c ph\u1ea9m c\u00f2n l\u1ed3ng gh\u00e9p nhi\u1ec1u \u00fd ngh\u0129a v\u1ec1 nh\u00e2n sinh v\u00e0 gi\u00e1 tr\u1ecb cu\u1ed9c s\u1ed1ng.<\/p>\n","protected":false},"featured_media":17818,"template":"","meta":{"_acf_changed":false},"product_brand":[],"product_cat":[29,15,72],"product_tag":[],"class_list":{"0":"post-17819","1":"product","2":"type-product","3":"status-publish","4":"has-post-thumbnail","6":"product_cat-manga-comics","7":"product_cat-sach-danh-cho-nguoi-lon","8":"product_cat-trinh-tham-kinh-di","10":"first","11":"outofstock","12":"taxable","13":"shipping-taxable","14":"purchasable","15":"product-type-simple"},"supplier_id":null,"supplier_sku":"","barcode":null,"atum_controlled":true,"out_stock_date":"2022-12-19 12:59:15","out_stock_threshold":null,"inheritable":false,"inbound_stock":0,"stock_on_hold":0,"sold_today":0,"sales_last_days":0,"reserved_stock":0,"customer_returns":0,"warehouse_damage":0,"lost_in_post":0,"other_logs":0,"out_stock_days":1136,"lost_sales":0,"has_location":false,"update_date":"2026-01-28T23:11:01","atum_locations":[{"id":32,"name":"Helsinki","slug":"helsinki"}],"atum_stock_status":"outofstock","restock_status":false,"low_stock_amount":"","sales_update_date":"2026-01-28T23:11:01","calc_backorders":null,"acf":{"publisher":{"ID":17817,"post_author":"1","post_date":"2022-04-09 17:39:17","post_date_gmt":"2022-04-09 14:39:17","post_content":"","post_title":"Comicola","post_excerpt":"","post_status":"publish","comment_status":"closed","ping_status":"closed","post_password":"","post_name":"comicola","to_ping":"","pinged":"","post_modified":"2022-04-09 17:39:17","post_modified_gmt":"2022-04-09 14:39:17","post_content_filtered":"","post_parent":0,"guid":"https:\/\/sachviet.eu\/nha-phat-hanh\/comicola\/","menu_order":0,"post_type":"publisher","post_mime_type":"","comment_count":"0","filter":"raw"}},"_links":{"self":[{"href":"https:\/\/sachviet.eu\/en\/wp-json\/wp\/v2\/product\/17819","targetHints":{"allow":["GET"]}}],"collection":[{"href":"https:\/\/sachviet.eu\/en\/wp-json\/wp\/v2\/product"}],"about":[{"href":"https:\/\/sachviet.eu\/en\/wp-json\/wp\/v2\/types\/product"}],"wp:featuredmedia":[{"embeddable":true,"href":"https:\/\/sachviet.eu\/en\/wp-json\/wp\/v2\/media\/17818"}],"wp:attachment":[{"href":"https:\/\/sachviet.eu\/en\/wp-json\/wp\/v2\/media?parent=17819"}],"wp:term":[{"taxonomy":"product_brand","embeddable":true,"href":"https:\/\/sachviet.eu\/en\/wp-json\/wp\/v2\/product_brand?post=17819"},{"taxonomy":"product_cat","embeddable":true,"href":"https:\/\/sachviet.eu\/en\/wp-json\/wp\/v2\/product_cat?post=17819"},{"taxonomy":"product_tag","embeddable":true,"href":"https:\/\/sachviet.eu\/en\/wp-json\/wp\/v2\/product_tag?post=17819"}],"curies":[{"name":"wp","href":"https:\/\/api.w.org\/{rel}","templated":true}]}}