{"id":17816,"date":"2022-04-09T17:39:12","date_gmt":"2022-04-09T14:39:12","guid":{"rendered":"https:\/\/sachviet.eu\/shop\/lan-dau-lam-me-tong-hop-nhung-kien-thuc-moi-nhat-ve-mang-thai-va-sinh-no-tai-ban\/"},"modified":"2022-12-19T18:23:45","modified_gmt":"2022-12-19T16:23:45","slug":"lan-dau-lam-me-tong-hop-nhung-kien-thuc-moi-nhat-ve-mang-thai-va-sinh-no-tai-ban","status":"publish","type":"product","link":"https:\/\/sachviet.eu\/en\/shop\/lan-dau-lam-me-tong-hop-nhung-kien-thuc-moi-nhat-ve-mang-thai-va-sinh-no-tai-ban\/","title":{"rendered":"L\u1ea7n \u0110\u1ea7u L\u00e0m M\u1eb9 &#8211; T\u1ed5ng H\u1ee3p Nh\u1eefng Ki\u1ebfn Th\u1ee9c M\u1edbi Nh\u1ea5t V\u1ec1 Mang Thai V\u00e0 Sinh N\u1edf (T\u00e1i B\u1ea3n)"},"content":{"rendered":"<p>N\u00e0y nh\u1eefng ng\u01b0\u1eddi ph\u1ee5 n\u1eef l\u1ea7n \u0111\u1ea7u mang thai v\u00e0 s\u1eafp s\u1eeda \u0111\u01b0\u1ee3c l\u00e0m m\u1eb9, b\u1ea1n c\u00f3 c\u1ea3m th\u1ea5y hoang mang v\u1edbi th\u1eddi \u0111\u1ea1i n\u00e0y v\u00ec qu\u00e1 nhi\u1ec1u th\u00f4ng tin ki\u1ebfn th\u1ee9c li\u00ean quan \u0111\u1ebfn thai nhi v\u00e0 ki\u1ebfn th\u1ee9c sinh n\u1edf, nh\u01b0ng m\u1ed7i ki\u1ebfn th\u1ee9c l\u1ea1i kh\u00e1c nhau.<\/p>\n<p>C\u00e1ch t\u1ed1t nh\u1ea5t t\u00f4i mu\u1ed1n khuy\u00ean b\u1ea1n r\u1eb1ng: \u201cH\u00e3y thu th\u1eadp th\u00f4ng tin t\u1eeb ngu\u1ed3n ch\u00ednh th\u1ed1ng v\u00e0 l\u1eafng nghe ti\u1ebfng n\u00f3i c\u1ee7a b\u1ea3n th\u00e2n m\u00ecnh.\u201d<\/p>\n<p>\u201cL\u1ea7n \u0111\u1ea7u l\u00e0m m\u1eb9\u201d &#8211; T\u1ed5ng h\u1ee3p nh\u1eefng ki\u1ebfn th\u1ee9c m\u1edbi nh\u1ea5t v\u1ec1 mang thai v\u00e0 sinh n\u1edf c\u1ee7a b\u00e1c s\u0129 s\u1ea3n ph\u1ee5 khoa Masato Takeuchi s\u1ebd gi\u00fap b\u1ea1n th\u1ef1c s\u1ef1 y\u00ean t\u00e2m h\u01a1n v\u1edbi nh\u1eefng m\u1ed1i lo l\u1eafng c\u1ee7a b\u1ea1n. T\u1eadp h\u1ee3p m\u1ed9t c\u00e1ch t\u1ec9 m\u1ec9, chi ti\u1ebft t\u1ea5t c\u1ea3 c\u00e1c v\u1ea5n \u0111\u1ec1 m\u00e0 b\u1eaft bu\u1ed9c b\u1ea1n ph\u1ea3i bi\u1ebft v\u00e0 tr\u1ea3i qua khi l\u1ea7n \u0111\u1ea7u l\u00e0m m\u1eb9. Cu\u1ed1n s\u00e1ch n\u00e0y s\u1ebd gi\u1ea3i \u0111\u00e1p cho b\u1ea1n \u0111\u01b0\u1ee3c nh\u1eefng v\u1ea5n \u0111\u1ec1 sau:<\/p>\n<p>&#8211; Nh\u1eefng \u0111i\u1ec1u lo l\u1eafng c\u1ee7a nh\u1eefng ng\u01b0\u1eddi l\u00e0m m\u1eb9.<\/p>\n<p>&#8211; Nh\u1eefng \u0111i\u1ec1u c\u1ea7n bi\u1ebft, n\u00ean l\u00e0m v\u00e0 kh\u00f4ng n\u00ean l\u00e0m d\u00e0nh cho nh\u1eefng ng\u01b0\u1eddi l\u1ea7n \u0111\u1ea7u l\u00e0m m\u1eb9.<\/p>\n<p>&#8211; Nh\u1eefng d\u1ea5u hi\u1ec7u m\u00e0 ng\u01b0\u1eddi mang thai s\u1ebd ph\u1ea3i tr\u1ea3i qua.<\/p>\n<p>&#8211; C\u00f3 m\u1ed9t \u0111i\u1ec1u m\u00e0 c\u00e1c b\u00e0 m\u1eb9 l\u01b0u \u00fd \u0111\u00f3 l\u00e0 v\u1ea5n \u0111\u1ec1 v\u1ec1 quy lu\u1eadt sinh n\u1edf t\u1ef1 nhi\u00ean. C\u00e1ch s\u1ed1ng v\u00e0 m\u00f4i tr\u01b0\u1eddng s\u1ed1ng hi\u1ec7n t\u1ea1i l\u00e0 \u0111i\u1ec1u l\u00e0m b\u1ea1n kh\u00f4ng th\u1ec3 so s\u00e1nh v\u1edbi nh\u1eefng \u00f4ng b\u00e0 ta khi x\u01b0a, th\u1ebf n\u00ean b\u1ea1n ph\u1ea3i hi\u1ec3u \u0111\u00fang v\u1ec1 lu\u1eadt sinh n\u1edf t\u1ef1 nhi\u00ean \u0111\u1ec3 m\u1ecdi th\u1ee9 s\u1ebd \u0111\u01b0\u1ee3c di\u1ec5n ra t\u1ed1t \u0111\u1eb9p nh\u1ea5t.<\/p>\n","protected":false},"excerpt":{"rendered":"<p>N\u00e0y nh\u1eefng ng\u01b0\u1eddi ph\u1ee5 n\u1eef l\u1ea7n \u0111\u1ea7u mang thai v\u00e0 s\u1eafp s\u1eeda \u0111\u01b0\u1ee3c l\u00e0m m\u1eb9, b\u1ea1n c\u00f3 c\u1ea3m th\u1ea5y hoang mang v\u1edbi th\u1eddi \u0111\u1ea1i n\u00e0y v\u00ec qu\u00e1 nhi\u1ec1u th\u00f4ng tin ki\u1ebfn th\u1ee9c li\u00ean quan \u0111\u1ebfn thai nhi v\u00e0 ki\u1ebfn th\u1ee9c sinh n\u1edf, nh\u01b0ng m\u1ed7i ki\u1ebfn th\u1ee9c l\u1ea1i kh\u00e1c nhau.<\/p>\n<p>C\u00e1ch t\u1ed1t nh\u1ea5t t\u00f4i mu\u1ed1n khuy\u00ean b\u1ea1n r\u1eb1ng: \u201cH\u00e3y thu th\u1eadp th\u00f4ng tin t\u1eeb ngu\u1ed3n ch\u00ednh th\u1ed1ng v\u00e0 l\u1eafng nghe ti\u1ebfng n\u00f3i c\u1ee7a b\u1ea3n th\u00e2n m\u00ecnh.\u201d<\/p>\n<p>\u201cL\u1ea7n \u0111\u1ea7u l\u00e0m m\u1eb9\u201d &#8211; T\u1ed5ng h\u1ee3p nh\u1eefng ki\u1ebfn th\u1ee9c m\u1edbi nh\u1ea5t v\u1ec1 mang thai v\u00e0 sinh n\u1edf c\u1ee7a b\u00e1c s\u0129 s\u1ea3n ph\u1ee5 khoa Masato Takeuchi s\u1ebd gi\u00fap b\u1ea1n th\u1ef1c s\u1ef1 y\u00ean t\u00e2m h\u01a1n v\u1edbi nh\u1eefng m\u1ed1i lo l\u1eafng c\u1ee7a b\u1ea1n. T\u1eadp h\u1ee3p m\u1ed9t c\u00e1ch t\u1ec9 m\u1ec9, chi ti\u1ebft t\u1ea5t c\u1ea3 c\u00e1c v\u1ea5n \u0111\u1ec1 m\u00e0 b\u1eaft bu\u1ed9c b\u1ea1n ph\u1ea3i bi\u1ebft v\u00e0 tr\u1ea3i qua khi l\u1ea7n \u0111\u1ea7u l\u00e0m m\u1eb9. Cu\u1ed1n s\u00e1ch n\u00e0y s\u1ebd gi\u1ea3i \u0111\u00e1p cho b\u1ea1n \u0111\u01b0\u1ee3c nh\u1eefng v\u1ea5n \u0111\u1ec1 sau:<\/p>\n<p>&#8211; Nh\u1eefng \u0111i\u1ec1u lo l\u1eafng c\u1ee7a nh\u1eefng ng\u01b0\u1eddi l\u00e0m m\u1eb9.<\/p>\n<p>&#8211; Nh\u1eefng \u0111i\u1ec1u c\u1ea7n bi\u1ebft, n\u00ean l\u00e0m v\u00e0 kh\u00f4ng n\u00ean l\u00e0m d\u00e0nh cho nh\u1eefng ng\u01b0\u1eddi l\u1ea7n \u0111\u1ea7u l\u00e0m m\u1eb9.<\/p>\n<p>&#8211; Nh\u1eefng d\u1ea5u hi\u1ec7u m\u00e0 ng\u01b0\u1eddi mang thai s\u1ebd ph\u1ea3i tr\u1ea3i qua.<\/p>\n<p>&#8211; C\u00f3 m\u1ed9t \u0111i\u1ec1u m\u00e0 c\u00e1c b\u00e0 m\u1eb9 l\u01b0u \u00fd \u0111\u00f3 l\u00e0 v\u1ea5n \u0111\u1ec1 v\u1ec1 quy lu\u1eadt sinh n\u1edf t\u1ef1 nhi\u00ean. C\u00e1ch s\u1ed1ng v\u00e0 m\u00f4i tr\u01b0\u1eddng s\u1ed1ng hi\u1ec7n t\u1ea1i l\u00e0 \u0111i\u1ec1u l\u00e0m b\u1ea1n kh\u00f4ng th\u1ec3 so s\u00e1nh v\u1edbi nh\u1eefng \u00f4ng b\u00e0 ta khi x\u01b0a, th\u1ebf n\u00ean b\u1ea1n ph\u1ea3i hi\u1ec3u \u0111\u00fang v\u1ec1 lu\u1eadt sinh n\u1edf t\u1ef1 nhi\u00ean \u0111\u1ec3 m\u1ecdi th\u1ee9 s\u1ebd \u0111\u01b0\u1ee3c di\u1ec5n ra t\u1ed1t \u0111\u1eb9p nh\u1ea5t.<\/p>\n","protected":false},"featured_media":17811,"template":"","meta":{"_acf_changed":false},"product_brand":[],"product_cat":[19],"product_tag":[],"class_list":{"0":"post-17816","1":"product","2":"type-product","3":"status-publish","4":"has-post-thumbnail","6":"product_cat-nuoi-day-con","8":"first","9":"outofstock","10":"taxable","11":"shipping-taxable","12":"purchasable","13":"product-type-simple"},"supplier_id":null,"supplier_sku":"","barcode":null,"atum_controlled":true,"out_stock_date":"2022-12-19 12:59:16","out_stock_threshold":null,"inheritable":false,"inbound_stock":0,"stock_on_hold":0,"sold_today":0,"sales_last_days":0,"reserved_stock":0,"customer_returns":0,"warehouse_damage":0,"lost_in_post":0,"other_logs":0,"out_stock_days":1136,"lost_sales":0,"has_location":false,"update_date":"2026-01-28T23:11:00","atum_locations":[{"id":32,"name":"Helsinki","slug":"helsinki"}],"atum_stock_status":"outofstock","restock_status":false,"low_stock_amount":"","sales_update_date":"2026-01-28T23:11:00","calc_backorders":null,"acf":{"publisher":{"ID":1474,"post_author":"1","post_date":"2021-02-17 01:12:51","post_date_gmt":"2021-02-16 23:12:51","post_content":"","post_title":"Th\u00e1i H\u00e0","post_excerpt":"","post_status":"publish","comment_status":"closed","ping_status":"closed","post_password":"","post_name":"thai-ha","to_ping":"","pinged":"","post_modified":"2021-02-17 01:12:51","post_modified_gmt":"2021-02-16 23:12:51","post_content_filtered":"","post_parent":0,"guid":"https:\/\/sachviet.eu\/nha-phat-hanh\/thai-ha\/","menu_order":0,"post_type":"publisher","post_mime_type":"","comment_count":"0","filter":"raw"}},"_links":{"self":[{"href":"https:\/\/sachviet.eu\/en\/wp-json\/wp\/v2\/product\/17816","targetHints":{"allow":["GET"]}}],"collection":[{"href":"https:\/\/sachviet.eu\/en\/wp-json\/wp\/v2\/product"}],"about":[{"href":"https:\/\/sachviet.eu\/en\/wp-json\/wp\/v2\/types\/product"}],"wp:featuredmedia":[{"embeddable":true,"href":"https:\/\/sachviet.eu\/en\/wp-json\/wp\/v2\/media\/17811"}],"wp:attachment":[{"href":"https:\/\/sachviet.eu\/en\/wp-json\/wp\/v2\/media?parent=17816"}],"wp:term":[{"taxonomy":"product_brand","embeddable":true,"href":"https:\/\/sachviet.eu\/en\/wp-json\/wp\/v2\/product_brand?post=17816"},{"taxonomy":"product_cat","embeddable":true,"href":"https:\/\/sachviet.eu\/en\/wp-json\/wp\/v2\/product_cat?post=17816"},{"taxonomy":"product_tag","embeddable":true,"href":"https:\/\/sachviet.eu\/en\/wp-json\/wp\/v2\/product_tag?post=17816"}],"curies":[{"name":"wp","href":"https:\/\/api.w.org\/{rel}","templated":true}]}}