{"id":17807,"date":"2022-04-09T17:38:34","date_gmt":"2022-04-09T14:38:34","guid":{"rendered":"https:\/\/sachviet.eu\/shop\/co-phong-cach-rieng-ban-thong-thuong\/"},"modified":"2022-12-19T18:23:55","modified_gmt":"2022-12-19T16:23:55","slug":"co-phong-cach-rieng-ban-thong-thuong","status":"publish","type":"product","link":"https:\/\/sachviet.eu\/en\/shop\/co-phong-cach-rieng-ban-thong-thuong\/","title":{"rendered":"C\u00f3 Phong C\u00e1ch Ri\u00eang (B\u1ea3n Th\u00f4ng Th\u01b0\u1eddng)"},"content":{"rendered":"<p>\u201cC\u00d3 PHONG C\u00c1CH RI\u00caNG\u201d \u2013  Gi\u1ea3n v\u00e0 m\u1ed9c nh\u01b0 ch\u00ednh con ng\u01b0\u1eddi t\u00e1c gi\u1ea3 \u0110\u1eb7ng Tr\u1ea7m!<\/p>\n<p>N\u1ebfu b\u1ea1n ngh\u0129, th\u1eddi trang l\u00e0 xa x\u1ec9 v\u00e0 sang ch\u1ea3nh, h\u1eb3n s\u1ebd ph\u1ea3i ng\u1ea1c nhi\u00ean tr\u01b0\u1edbc nh\u1eefng b\u1ee9c h\u00ecnh OOTD m\u00e0 \u0110\u1eb7ng Tr\u1ea7m \u0111\u0103ng l\u00ean facebook m\u1ed7i ng\u00e0y. M\u1ed9t phong c\u00e1ch ch\u1eb3ng xa x\u00f4i c\u1ea7u k\u1ef3. Khi th\u00ec chi\u1ebfc qu\u1ea7n jean boyfriend b\u1ee5i \u0111\u1eddi, \u0111i c\u00f9ng gi\u00e0y cao g\u00f3t \u0111\u1ecf, v\u00e0 chi\u1ebfc \u00e1o s\u01a1 mi c\u00e0i n\u00fat l\u1ec7ch h\u1eefng h\u1edd. Khi th\u00ec m\u1ed9t b\u1ed9 \u0111\u1ea7m h\u1ebft s\u1ee9c b\u00ecnh th\u01b0\u1eddng, tay chi\u1ebfc gi\u1ecf m\u00e2y nh\u01b0 gi\u1ecf ng\u01b0\u1eddi ta l\u00f9a c\u00e1 b\u1ed1ng. Ch\u00ednh ni\u1ec1m \u0111am m\u00ea th\u1eddi trang l\u00e0 l\u00fd do khi\u1ebfn \u0110\u1eb7ng Tr\u1ea7m s\u00e1ng l\u1eadp v\u00e0 x\u00e2y d\u1ef1ng th\u00e0nh c\u00f4ng th\u01b0\u01a1ng hi\u1ec7u s\u00e1ch th\u1eddi trang v\u00e0 phong c\u00e1ch s\u1ed1ng STYLORY in s\u00e2u trong l\u00f2ng r\u1ea5t nhi\u1ec1u \u0111\u1ed9c gi\u1ea3. B\u00ean c\u1ea1nh \u0111\u00f3, vi\u1ec7c chia s\u1ebb c\u00e1c b\u1ee9c \u1ea3nh OOTD m\u1ed7i ng\u00e0y c\u1ee7a n\u1eef gi\u00e1m \u0111\u1ed1c th\u01b0\u01a1ng hi\u1ec7u 9x \u0111\u00e3 truy\u1ec1n c\u1ea3m h\u1ee9ng cho r\u1ea5t nhi\u1ec1u ng\u01b0\u1eddi ph\u1ee5 n\u1eef xung quanh. H\u1ecd kh\u00f4ng ph\u1ea3i nh\u1eefng t\u00edn \u0111\u1ed3 th\u1eddi trang s\u00e0nh s\u1ecfi, c\u00e0ng kh\u00f4ng ph\u1ea3i nh\u1eefng c\u00f4 n\u00e0ng s\u00e0nh \u0111i\u1ec7u. Nh\u01b0ng h\u00ecnh \u1ea3nh \u0110\u1eb7ng Tr\u1ea7m \u0111\u0103ng v\u1ec1 outfit m\u1ed7i ng\u00e0y c\u1ee9 th\u1ea5m d\u1ea7n trong h\u1ecd t\u1eebng ng\u00e0y t\u1eebng ng\u00e0y m\u1ed9t. T\u1eeb \u0111\u00f3 h\u1ecd ch\u1eb3ng th\u1ec3 l\u00e0m ng\u01a1 v\u1edbi nh\u1eefng g\u00ec m\u00ecnh m\u1eb7c m\u1ed7i ng\u00e0y. \u1ed2, h\u00f3a ra \u201cphong c\u00e1ch th\u1eddi trang\u201d ch\u1eb3ng ph\u1ea3i \u0111\u01b0\u1ee3c h\u00ecnh th\u00e0nh t\u1eeb nh\u1eefng c\u00e1i t\u00ean th\u01b0\u01a1ng hi\u1ec7u. \u201cPhong c\u00e1ch th\u1eddi trang\u201d ch\u1ec9 \u0111\u01a1n gi\u1ea3n l\u00e0 c\u00e1ch m\u00ecnh m\u1eb7c n\u00f3 m\u1ed7i ng\u00e0y. Nh\u1eefng ng\u01b0\u1eddi ph\u1ee5 n\u1eef nh\u1edb n\u1eb1m l\u00f2ng nh\u1eefng l\u01b0u \u00fd v\u1ec1 outfit c\u1ee7a \u0110\u1eb7ng Tr\u1ea7m m\u00e0 tr\u01b0\u1edbc \u0111\u00e2y th\u01b0\u1eddng xuy\u00ean ph\u1ea1m ph\u1ea3i: h\u1ec5 h\u1edf tr\u00ean th\u00ec nh\u1edb k\u00edn d\u01b0\u1edbi, h\u1edf sau nh\u1edb k\u00edn tr\u01b0\u1edbc m\u1ed9t ch\u00fat, qu\u1ea7n jean kh\u00f4ng nh\u1ea5t thi\u1ebft ph\u1ea3i \u0111i v\u1edbi gi\u00e0y th\u1ec3 thao v\u00e0 \u00e1o thun\u2026.<\/p>\n<p>\u0110\u00f3 ch\u00ednh l\u00e0 \u0111\u1ed9ng l\u1ef1c \u0111\u1ec3 \u0110\u1eb7ng Tr\u1ea7m vi\u1ebft cu\u1ed1n s\u00e1ch \u201cC\u00d3 PHONG C\u00c1CH RI\u00caNG\u201d, v\u1edbi mong mu\u1ed1n truy\u1ec1n c\u1ea3m h\u1ee9ng v\u00e0 s\u1ef1 vui v\u1ebb trong phong c\u00e1ch v\u00e0 th\u1eddi trang cho th\u1eadt nhi\u1ec1u ph\u1ee5 n\u1eef h\u01a1n n\u1eefa. H\u01a1n 200 trang s\u00e1ch, n\u1ebfu kh\u00f4ng ph\u1ea3i r\u1ea5t \u0111am m\u00ea v\u1edbi th\u1ee9 g\u1ecdi l\u00e0 phong c\u00e1ch s\u1ed1ng, phong c\u00e1ch th\u1eddi trang, n\u1ebfu kh\u00f4ng c\u00f3 t\u00ecnh y\u00eau v\u1edbi c\u00e1i \u0111\u1eb9p, th\u00ec sao c\u00f3 th\u1ec3 s\u1eafp x\u1ebfp \u0111\u01b0\u1ee3c nh\u1eefng ch\u01b0\u01a1ng s\u00e1ch g\u1ecdn g\u00e0ng ch\u1ec9n chu nh\u01b0 th\u1ebf. Tho\u1ea1t nh\u00ecn, c\u00f3 l\u1ebd nhi\u1ec1u ng\u01b0\u1eddi s\u1ebd t\u01b0\u1edfng \u0111\u00e2y l\u00e0 cu\u1ed1n s\u00e1ch vi\u1ebft v\u1ec1 \u00e1o qu\u1ea7n, v\u1ec1 c\u00e1ch ph\u1ed1i \u00e1o qu\u1ea7n cho h\u1ee3p m\u1ed1t. Kh\u00f4ng, th\u1ef1c s\u1ef1 kh\u00f4ng ch\u1ec9 nh\u01b0 v\u1eady. M\u1ed9t n\u1eeda \u0111\u1ea7u cu\u1ed1n s\u00e1ch ch\u1ec9 d\u00e0nh \u0111\u1ec3 n\u00f3i v\u1ec1 n\u1ee5 c\u01b0\u1eddi, v\u1ec1 \u00e1nh m\u1eaft, v\u1ec1 th\u1ea7n th\u00e1i, v\u1ec1 nh\u1eefng \u0111i\u1ec1u t\u1ea1o n\u00ean n\u00e9t \u0111\u1eb9p cu\u1ed1n h\u00fat \u1edf ng\u01b0\u1eddi ph\u1ee5 n\u1eef. H\u00ecnh \u1ea3nh, m\u00e0u s\u1eafc, font ch\u1eef, m\u1ecdi th\u1ee9 v\u1eeba ch\u1ec9n chu v\u1eeba t\u1ef1 do kh\u00f4ng khu\u00f4n kh\u1ed5. N\u1eeda sau cu\u1ed1n s\u00e1ch ch\u00ednh l\u00e0 m\u1ed9t \u0110\u1eb7ng Tr\u1ea7m qua nh\u1eefng g\u00ec c\u00f4 \u0111\u00e3 vi\u1ebft v\u1ec1 outfit, ki\u00ean tr\u00ec ch\u0103m ch\u1ec9 h\u1ecdc h\u1ecfi t\u1eeb r\u1ea5t l\u00e2u.<\/p>\n<p>N\u1ebfu c\u00f3 m\u1ed9t g\u00f3c n\u00e0o \u0111\u00f3 trong c\u0103n ph\u00f2ng \u0111\u01b0\u1ee3c g\u1ecdi t\u00ean \u201cg\u00f3c \u0111\u1eb9p\u201d, hy v\u1ecdng b\u1ea1n h\u00e3y \u0111\u1eb7t ngay ng\u1eafn cu\u1ed1n s\u00e1ch n\u00e0y v\u00e0o. \u0110\u1ec3 r\u1ed3i m\u1ed9t ng\u00e0y tr\u1eddi \u1ea9m \u01b0\u01a1ng hay ngo\u00e0i kia \u0111\u01b0\u1eddng tr\u01a1n \u01b0\u1edbt, t\u1ee5i m\u00ecnh ng\u1ed3i nh\u1ea9n nha \u0111\u1ecdc l\u1ea1i nh\u1eefng trang vi\u1ebft c\u1ee7a \u0110\u1eb7ng Tr\u1ea7m, pha cho m\u00ecnh m\u1ed9t ly tr\u00e0 b\u1ecf v\u00e0o l\u00e1t cam s\u1ea5y, m\u1eb7c m\u1ed9t b\u1ed9 outfit ph\u00e1 c\u00e1ch, c\u01b0\u1eddi thi\u1ec7t t\u01b0\u01a1i, r\u1ed3i tung t\u0103ng xu\u1ed1ng ph\u1ed1 v\u00e0 nh\u1ee7 th\u1ea7m \u201cD\u00f9 tr\u1eddi m\u01b0a gi\u00f3 em v\u1eabn ph\u1ea3i th\u1eadt xinh\u201d. \u201cFind yourself before you find love\u201d.<\/p>\n","protected":false},"excerpt":{"rendered":"<p>\u201cC\u00d3 PHONG C\u00c1CH RI\u00caNG\u201d \u2013  Gi\u1ea3n v\u00e0 m\u1ed9c nh\u01b0 ch\u00ednh con ng\u01b0\u1eddi t\u00e1c gi\u1ea3 \u0110\u1eb7ng Tr\u1ea7m!<\/p>\n<p>N\u1ebfu b\u1ea1n ngh\u0129, th\u1eddi trang l\u00e0 xa x\u1ec9 v\u00e0 sang ch\u1ea3nh, h\u1eb3n s\u1ebd ph\u1ea3i ng\u1ea1c nhi\u00ean tr\u01b0\u1edbc nh\u1eefng b\u1ee9c h\u00ecnh OOTD m\u00e0 \u0110\u1eb7ng Tr\u1ea7m \u0111\u0103ng l\u00ean facebook m\u1ed7i ng\u00e0y. M\u1ed9t phong c\u00e1ch ch\u1eb3ng xa x\u00f4i c\u1ea7u k\u1ef3. Khi th\u00ec chi\u1ebfc qu\u1ea7n jean boyfriend b\u1ee5i \u0111\u1eddi, \u0111i c\u00f9ng gi\u00e0y cao g\u00f3t \u0111\u1ecf, v\u00e0 chi\u1ebfc \u00e1o s\u01a1 mi c\u00e0i n\u00fat l\u1ec7ch h\u1eefng h\u1edd. Khi th\u00ec m\u1ed9t b\u1ed9 \u0111\u1ea7m h\u1ebft s\u1ee9c b\u00ecnh th\u01b0\u1eddng, tay chi\u1ebfc gi\u1ecf m\u00e2y nh\u01b0 gi\u1ecf ng\u01b0\u1eddi ta l\u00f9a c\u00e1 b\u1ed1ng. Ch\u00ednh ni\u1ec1m \u0111am m\u00ea th\u1eddi trang l\u00e0 l\u00fd do khi\u1ebfn \u0110\u1eb7ng Tr\u1ea7m s\u00e1ng l\u1eadp v\u00e0 x\u00e2y d\u1ef1ng th\u00e0nh c\u00f4ng th\u01b0\u01a1ng hi\u1ec7u s\u00e1ch th\u1eddi trang v\u00e0 phong c\u00e1ch s\u1ed1ng STYLORY in s\u00e2u trong l\u00f2ng r\u1ea5t nhi\u1ec1u \u0111\u1ed9c gi\u1ea3. B\u00ean c\u1ea1nh \u0111\u00f3, vi\u1ec7c chia s\u1ebb c\u00e1c b\u1ee9c \u1ea3nh OOTD m\u1ed7i ng\u00e0y c\u1ee7a n\u1eef gi\u00e1m \u0111\u1ed1c th\u01b0\u01a1ng hi\u1ec7u 9x \u0111\u00e3 truy\u1ec1n c\u1ea3m h\u1ee9ng cho r\u1ea5t nhi\u1ec1u ng\u01b0\u1eddi ph\u1ee5 n\u1eef xung quanh. H\u1ecd kh\u00f4ng ph\u1ea3i nh\u1eefng t\u00edn \u0111\u1ed3 th\u1eddi trang s\u00e0nh s\u1ecfi, c\u00e0ng kh\u00f4ng ph\u1ea3i nh\u1eefng c\u00f4 n\u00e0ng s\u00e0nh \u0111i\u1ec7u. Nh\u01b0ng h\u00ecnh \u1ea3nh \u0110\u1eb7ng Tr\u1ea7m \u0111\u0103ng v\u1ec1 outfit m\u1ed7i ng\u00e0y c\u1ee9 th\u1ea5m d\u1ea7n trong h\u1ecd t\u1eebng ng\u00e0y t\u1eebng ng\u00e0y m\u1ed9t. T\u1eeb \u0111\u00f3 h\u1ecd ch\u1eb3ng th\u1ec3 l\u00e0m ng\u01a1 v\u1edbi nh\u1eefng g\u00ec m\u00ecnh m\u1eb7c m\u1ed7i ng\u00e0y. \u1ed2, h\u00f3a ra \u201cphong c\u00e1ch th\u1eddi trang\u201d ch\u1eb3ng ph\u1ea3i \u0111\u01b0\u1ee3c h\u00ecnh th\u00e0nh t\u1eeb nh\u1eefng c\u00e1i t\u00ean th\u01b0\u01a1ng hi\u1ec7u. \u201cPhong c\u00e1ch th\u1eddi trang\u201d ch\u1ec9 \u0111\u01a1n gi\u1ea3n l\u00e0 c\u00e1ch m\u00ecnh m\u1eb7c n\u00f3 m\u1ed7i ng\u00e0y. Nh\u1eefng ng\u01b0\u1eddi ph\u1ee5 n\u1eef nh\u1edb n\u1eb1m l\u00f2ng nh\u1eefng l\u01b0u \u00fd v\u1ec1 outfit c\u1ee7a \u0110\u1eb7ng Tr\u1ea7m m\u00e0 tr\u01b0\u1edbc \u0111\u00e2y th\u01b0\u1eddng xuy\u00ean ph\u1ea1m ph\u1ea3i: h\u1ec5 h\u1edf tr\u00ean th\u00ec nh\u1edb k\u00edn d\u01b0\u1edbi, h\u1edf sau nh\u1edb k\u00edn tr\u01b0\u1edbc m\u1ed9t ch\u00fat, qu\u1ea7n jean kh\u00f4ng nh\u1ea5t thi\u1ebft ph\u1ea3i \u0111i v\u1edbi gi\u00e0y th\u1ec3 thao v\u00e0 \u00e1o thun\u2026.<\/p>\n","protected":false},"featured_media":17804,"template":"","meta":{"_acf_changed":false},"product_brand":[],"product_cat":[15,46],"product_tag":[],"class_list":{"0":"post-17807","1":"product","2":"type-product","3":"status-publish","4":"has-post-thumbnail","6":"product_cat-sach-danh-cho-nguoi-lon","7":"product_cat-ky-nang-song","9":"first","10":"instock","11":"taxable","12":"shipping-taxable","13":"purchasable","14":"product-type-simple"},"supplier_id":null,"supplier_sku":"","barcode":null,"atum_controlled":true,"out_stock_date":null,"out_stock_threshold":null,"inheritable":false,"inbound_stock":0,"stock_on_hold":0,"sold_today":0,"sales_last_days":0,"reserved_stock":0,"customer_returns":0,"warehouse_damage":0,"lost_in_post":0,"other_logs":0,"out_stock_days":0,"lost_sales":0,"has_location":false,"update_date":"2026-01-28T23:11:00","atum_locations":[{"id":32,"name":"Helsinki","slug":"helsinki"}],"atum_stock_status":"instock","restock_status":false,"low_stock_amount":"","sales_update_date":"2026-01-28T23:11:00","calc_backorders":null,"acf":{"publisher":{"ID":1785,"post_author":"1","post_date":"2021-02-17 01:54:46","post_date_gmt":"2021-02-16 23:54:46","post_content":"<!-- wp:flatsome\/uxbuilder -->\n<h1 style=\"text-align: center;\"><strong>AZ VIETNAM<\/strong><\/h1>\n[row]\n\n[col span=\"8\" span__sm=\"12\"]\n\n<p>Th\u00e0nh l\u1eadp n\u0103m: 2015<br \/>V\u1ed1n \u0111\u1ea7u t\u01b0: 4,000,000,000 \u0111\u1ed3ng<br \/><strong>L\u0129nh v\u1ef1c:<\/strong><br \/>- Xu\u1ea5t b\u1ea3n v\u00e0 ph\u00e1t h\u00e0nh v\u0103n h\u00f3a ph\u1ea9m<br \/>- Cung c\u1ea5p v\u0103n h\u00f3a ph\u1ea9m, c\u00e1c s\u1ea3n ph\u1ea9m cho in \u1ea5n, trang thi\u1ebft b\u1ecb cho c\u00e1c th\u01b0 vi\u1ec7n v\u00e0 trung t\u00e2m s\u00e1ch tr\u00ean c\u1ea3 n\u01b0\u1edbc.<br \/>- Th\u1eddi trang v\u00e0 c\u00e1c s\u1ea3n ph\u1ea9m li\u00ean quan \u0111\u1ebfn l\u0129nh v\u1ef1c th\u1eddi trang<br \/>- Xu\u1ea5t nh\u1eadp kh\u1ea9u c\u00e1c s\u1ea3n ph\u1ea9m v\u0103n h\u00f3a<\/p>\n<p><strong>Quy m\u00f4:<\/strong> 60 nh\u00e2n vi\u00ean<br \/>Kh\u1edfi ngu\u1ed3n c\u1ee7a AZ Vi\u1ec7t Nam ng\u00e0y nay l\u00e0 C\u00f4ng ty TNHH Trung t\u00e2m S\u00e1ch v\u00e0 Thi\u1ebft b\u1ecb Th\u01b0 vi\u1ec7n, v\u1edbi ho\u1ea1t \u0111\u1ed9ng \u0111\u1ea7u ti\u00ean l\u00e0 cung c\u1ea5p s\u00e1ch, trang thi\u1ebft b\u1ecb, v\u0103n h\u00f3a ph\u1ea9m cho c\u00e1c th\u01b0 vi\u1ec7n v\u00e0 trung t\u00e2m s\u00e1ch tr\u00ean c\u1ea3 n\u01b0\u1edbc. T\u1eeb cu\u1ed1i n\u0103m 2010 \u0111\u1ebfn nay, ch\u00fang t\u00f4i \u0111\u00e3 kh\u00f4ng ng\u1eebng n\u1ed7 l\u1ef1c khai ph\u00e1 v\u00e0 ph\u00e1t tri\u1ec3n c\u00e1c d\u00f2ng s\u1ea3n ph\u1ea9m m\u1edbi v\u1edbi 8 th\u01b0\u01a1ng hi\u1ec7u uy t\u00edn. \u0110\u1ec3 \u0111\u00e1p \u1ee9ng nhu c\u1ea7u ph\u00e1t tri\u1ec3n ng\u00e0y m\u1ed9t l\u1edbn m\u1ea1nh v\u00e0 t\u1eadp h\u1ee3p c\u00e1c th\u01b0\u01a1ng hi\u1ec7u \u0111\u00e3 \u0111\u01b0\u1ee3c ch\u00fang t\u00f4i x\u00e2y d\u1ef1ng, 2015 C\u00f4ng ty TNHH AZ Vi\u1ec7t Nam \u0111\u00e3 ra \u0111\u1eddi v\u1edbi s\u1ee9 m\u1ec7nh mang \u0111\u1ebfn nhi\u1ec1u h\u01a1n n\u1eefa nh\u1eefng gi\u00e1 tr\u1ecb tinh th\u1ea7n, tri th\u1ee9c ti\u00ean ti\u1ebfn cho ng\u01b0\u1eddi ti\u00eau d\u00f9ng b\u1eb1ng vi\u1ec7c cung c\u1ea5p nh\u1eefng s\u1ea3n ph\u1ea9m c\u00f3 ch\u1ea5t l\u01b0\u1ee3ng.<\/p>\n\n[\/col]\n[col span=\"4\" span__sm=\"12\"]\n\n[ux_image id=\"1836\" image_size=\"medium\"]\n\n\n[\/col]\n\n[\/row]\n\n<!-- \/wp:flatsome\/uxbuilder -->","post_title":"AZ Vi\u1ec7t Nam","post_excerpt":"","post_status":"publish","comment_status":"closed","ping_status":"closed","post_password":"","post_name":"az-viet-nam","to_ping":"","pinged":"","post_modified":"2021-02-17 22:07:10","post_modified_gmt":"2021-02-17 20:07:10","post_content_filtered":"","post_parent":0,"guid":"https:\/\/sachviet.eu\/nha-phat-hanh\/az-viet-nam\/","menu_order":0,"post_type":"publisher","post_mime_type":"","comment_count":"0","filter":"raw"}},"_links":{"self":[{"href":"https:\/\/sachviet.eu\/en\/wp-json\/wp\/v2\/product\/17807","targetHints":{"allow":["GET"]}}],"collection":[{"href":"https:\/\/sachviet.eu\/en\/wp-json\/wp\/v2\/product"}],"about":[{"href":"https:\/\/sachviet.eu\/en\/wp-json\/wp\/v2\/types\/product"}],"wp:featuredmedia":[{"embeddable":true,"href":"https:\/\/sachviet.eu\/en\/wp-json\/wp\/v2\/media\/17804"}],"wp:attachment":[{"href":"https:\/\/sachviet.eu\/en\/wp-json\/wp\/v2\/media?parent=17807"}],"wp:term":[{"taxonomy":"product_brand","embeddable":true,"href":"https:\/\/sachviet.eu\/en\/wp-json\/wp\/v2\/product_brand?post=17807"},{"taxonomy":"product_cat","embeddable":true,"href":"https:\/\/sachviet.eu\/en\/wp-json\/wp\/v2\/product_cat?post=17807"},{"taxonomy":"product_tag","embeddable":true,"href":"https:\/\/sachviet.eu\/en\/wp-json\/wp\/v2\/product_tag?post=17807"}],"curies":[{"name":"wp","href":"https:\/\/api.w.org\/{rel}","templated":true}]}}