{"id":17803,"date":"2022-04-09T17:38:25","date_gmt":"2022-04-09T14:38:25","guid":{"rendered":"https:\/\/sachviet.eu\/shop\/bac-si-rieng-cua-be-yeu-chao-con-ba-me-da-san-sang-tai-ban\/"},"modified":"2022-12-19T18:24:05","modified_gmt":"2022-12-19T16:24:05","slug":"bac-si-rieng-cua-be-yeu-chao-con-ba-me-da-san-sang-tai-ban","status":"publish","type":"product","link":"https:\/\/sachviet.eu\/en\/shop\/bac-si-rieng-cua-be-yeu-chao-con-ba-me-da-san-sang-tai-ban\/","title":{"rendered":"B\u00e1c S\u0129 Ri\u00eang C\u1ee7a B\u00e9 Y\u00eau &#8211; Ch\u00e0o Con! Ba M\u1eb9 \u0110\u00e3 S\u1eb5n S\u00e0ng (T\u00e1i B\u1ea3n)"},"content":{"rendered":"<p>&#8220;Ch\u00e0o con! Ba m\u1eb9 \u0111\u00e3 s\u1eb5n s\u00e0ng!&#8221; &#8211; Cu\u1ed1n s\u00e1ch kh\u00f4ng ch\u1ec9 \u0111\u01b0\u1ee3c vi\u1ebft tr\u00ean n\u1ec1n t\u1ea3ng khoa h\u1ecdc c\u1ee7a m\u1ed9t b\u00e1c s\u0129 m\u00e0 c\u00f2n ch\u1ee9a chan t\u00ecnh y\u00eau c\u1ee7a m\u1ed9t ng\u01b0\u1eddi m\u1eb9.<\/p>\n<p>Ch\u1eafc ch\u1eafn b\u1ea1n c\u0169ng s\u1ebd c\u1ea3m nh\u1eadn \u0111\u01b0\u1ee3c nh\u1eefng \u0111i\u1ec3m hay v\u00e0 th\u1ef1c t\u1ebf trong quy\u1ec3n s\u00e1ch n\u00e0y, t\u1eeb n\u1ec1n t\u1ea3ng khoa h\u1ecdc v\u1eefng ch\u1eafc cho \u0111\u1ebfn ki\u1ebfn th\u1ee9c ch\u0103m s\u00f3c tr\u1ebb m\u1edbi nh\u1ea5t, v\u00e0 nh\u1ea5t l\u00e0 ph\u00f9 h\u1ee3p v\u1edbi ho\u00e0n c\u1ea3nh c\u1ee7a Vi\u1ec7t Nam.<\/p>\n","protected":false},"excerpt":{"rendered":"<p>&#8220;Ch\u00e0o con! Ba m\u1eb9 \u0111\u00e3 s\u1eb5n s\u00e0ng!&#8221; &#8211; Cu\u1ed1n s\u00e1ch kh\u00f4ng ch\u1ec9 \u0111\u01b0\u1ee3c vi\u1ebft tr\u00ean n\u1ec1n t\u1ea3ng khoa h\u1ecdc c\u1ee7a m\u1ed9t b\u00e1c s\u0129 m\u00e0 c\u00f2n ch\u1ee9a chan t\u00ecnh y\u00eau c\u1ee7a m\u1ed9t ng\u01b0\u1eddi m\u1eb9.<\/p>\n<p>Ch\u1eafc ch\u1eafn b\u1ea1n c\u0169ng s\u1ebd c\u1ea3m nh\u1eadn \u0111\u01b0\u1ee3c nh\u1eefng \u0111i\u1ec3m hay v\u00e0 th\u1ef1c t\u1ebf trong quy\u1ec3n s\u00e1ch n\u00e0y, t\u1eeb n\u1ec1n t\u1ea3ng khoa h\u1ecdc v\u1eefng ch\u1eafc cho \u0111\u1ebfn ki\u1ebfn th\u1ee9c ch\u0103m s\u00f3c tr\u1ebb m\u1edbi nh\u1ea5t, v\u00e0 nh\u1ea5t l\u00e0 ph\u00f9 h\u1ee3p v\u1edbi ho\u00e0n c\u1ea3nh c\u1ee7a Vi\u1ec7t Nam.<\/p>\n","protected":false},"featured_media":17801,"template":"","meta":{"_acf_changed":false},"product_brand":[],"product_cat":[19],"product_tag":[],"class_list":{"0":"post-17803","1":"product","2":"type-product","3":"status-publish","4":"has-post-thumbnail","6":"product_cat-nuoi-day-con","8":"first","9":"outofstock","10":"taxable","11":"shipping-taxable","12":"purchasable","13":"product-type-simple"},"supplier_id":null,"supplier_sku":"","barcode":null,"atum_controlled":true,"out_stock_date":"2022-12-19 12:59:19","out_stock_threshold":null,"inheritable":false,"inbound_stock":0,"stock_on_hold":0,"sold_today":0,"sales_last_days":0,"reserved_stock":0,"customer_returns":0,"warehouse_damage":0,"lost_in_post":0,"other_logs":0,"out_stock_days":1136,"lost_sales":0,"has_location":false,"update_date":"2026-01-28T23:11:00","atum_locations":[{"id":32,"name":"Helsinki","slug":"helsinki"}],"atum_stock_status":"outofstock","restock_status":false,"low_stock_amount":"","sales_update_date":"2026-01-28T23:11:00","calc_backorders":null,"acf":{"publisher":{"ID":1517,"post_author":"1","post_date":"2021-02-17 01:14:41","post_date_gmt":"2021-02-16 23:14:41","post_content":"","post_title":"NXB Tr\u1ebb","post_excerpt":"","post_status":"publish","comment_status":"closed","ping_status":"closed","post_password":"","post_name":"nxb-tre","to_ping":"","pinged":"","post_modified":"2021-02-17 01:14:41","post_modified_gmt":"2021-02-16 23:14:41","post_content_filtered":"","post_parent":0,"guid":"https:\/\/sachviet.eu\/nha-phat-hanh\/nxb-tre\/","menu_order":0,"post_type":"publisher","post_mime_type":"","comment_count":"0","filter":"raw"}},"_links":{"self":[{"href":"https:\/\/sachviet.eu\/en\/wp-json\/wp\/v2\/product\/17803","targetHints":{"allow":["GET"]}}],"collection":[{"href":"https:\/\/sachviet.eu\/en\/wp-json\/wp\/v2\/product"}],"about":[{"href":"https:\/\/sachviet.eu\/en\/wp-json\/wp\/v2\/types\/product"}],"wp:featuredmedia":[{"embeddable":true,"href":"https:\/\/sachviet.eu\/en\/wp-json\/wp\/v2\/media\/17801"}],"wp:attachment":[{"href":"https:\/\/sachviet.eu\/en\/wp-json\/wp\/v2\/media?parent=17803"}],"wp:term":[{"taxonomy":"product_brand","embeddable":true,"href":"https:\/\/sachviet.eu\/en\/wp-json\/wp\/v2\/product_brand?post=17803"},{"taxonomy":"product_cat","embeddable":true,"href":"https:\/\/sachviet.eu\/en\/wp-json\/wp\/v2\/product_cat?post=17803"},{"taxonomy":"product_tag","embeddable":true,"href":"https:\/\/sachviet.eu\/en\/wp-json\/wp\/v2\/product_tag?post=17803"}],"curies":[{"name":"wp","href":"https:\/\/api.w.org\/{rel}","templated":true}]}}