{"id":17794,"date":"2022-04-09T17:37:50","date_gmt":"2022-04-09T14:37:50","guid":{"rendered":"https:\/\/sachviet.eu\/shop\/xuyen-thanh-phan-dien-biet-song-sao-day-tap-2-ban-thuong\/"},"modified":"2022-12-19T18:24:33","modified_gmt":"2022-12-19T16:24:33","slug":"xuyen-thanh-phan-dien-biet-song-sao-day-tap-2-ban-thuong","status":"publish","type":"product","link":"https:\/\/sachviet.eu\/en\/shop\/xuyen-thanh-phan-dien-biet-song-sao-day-tap-2-ban-thuong\/","title":{"rendered":"Xuy\u00ean Th\u00e0nh Ph\u1ea3n Di\u1ec7n Bi\u1ebft S\u1ed1ng Sao \u0110\u00e2y &#8211; T\u1eadp 2 &#8211; B\u1ea3n Th\u01b0\u1eddng"},"content":{"rendered":"<p>\u201cTi\u00eau D\u01b0 An t\u01b0\u1edfng r\u1eb1ng m\u1ecdi chuy\u1ec7n \u0111ang \u0111i \u0111\u00fang h\u01b0\u1edbng nh\u01b0ng h\u1eafn \u0111\u00e2u bi\u1ebft r\u1eb1ng b\u00e1nh xe v\u1eadn m\u1ec7nh \u0111ang d\u1ea7n r\u1ebd sang h\u01b0\u1edbng kh\u00e1c. Ch\u00ednh nh\u1eefng vi\u1ec7c l\u00e0m d\u00f9 l\u00e0 nh\u1ecf nh\u1ea5t c\u1ee7a h\u1eafn \u0111\u00e3 thay \u0111\u1ed5i k\u1ebft c\u1ee5c c\u1ee7a r\u1ea5t nhi\u1ec1u ng\u01b0\u1eddi, trong \u0111\u00f3 c\u00f3 c\u1ea3 Y\u1ebfn H\u00e0 Thanh v\u00e0 h\u1eafn.<\/p>\n<p>Ti\u00eau D\u01b0 An c\u00f3 \u0111\u1ec3 \u00fd \u0111\u1ebfn \u00e1nh m\u1eaft c\u1ee7a Y\u1ebfn H\u00e0 Thanh \u0111ang nh\u00ecn m\u00ecnh kh\u00f4ng? H\u1eafn c\u00f3 nh\u1eadn ra m\u1ed7i m\u1ed9t c\u00e2u n\u00f3i, m\u1ed9t c\u1eed ch\u1ec9 kh\u00e1c th\u01b0\u1edbc m\u00e0 y d\u00e0nh cho m\u00ecnh kh\u00f4ng?<\/p>\n","protected":false},"excerpt":{"rendered":"<p>\u201cTi\u00eau D\u01b0 An t\u01b0\u1edfng r\u1eb1ng m\u1ecdi chuy\u1ec7n \u0111ang \u0111i \u0111\u00fang h\u01b0\u1edbng nh\u01b0ng h\u1eafn \u0111\u00e2u bi\u1ebft r\u1eb1ng b\u00e1nh xe v\u1eadn m\u1ec7nh \u0111ang d\u1ea7n r\u1ebd sang h\u01b0\u1edbng kh\u00e1c. Ch\u00ednh nh\u1eefng vi\u1ec7c l\u00e0m d\u00f9 l\u00e0 nh\u1ecf nh\u1ea5t c\u1ee7a h\u1eafn \u0111\u00e3 thay \u0111\u1ed5i k\u1ebft c\u1ee5c c\u1ee7a r\u1ea5t nhi\u1ec1u ng\u01b0\u1eddi, trong \u0111\u00f3 c\u00f3 c\u1ea3 Y\u1ebfn H\u00e0 Thanh v\u00e0 h\u1eafn.<\/p>\n<p>Ti\u00eau D\u01b0 An c\u00f3 \u0111\u1ec3 \u00fd \u0111\u1ebfn \u00e1nh m\u1eaft c\u1ee7a Y\u1ebfn H\u00e0 Thanh \u0111ang nh\u00ecn m\u00ecnh kh\u00f4ng? H\u1eafn c\u00f3 nh\u1eadn ra m\u1ed7i m\u1ed9t c\u00e2u n\u00f3i, m\u1ed9t c\u1eed ch\u1ec9 kh\u00e1c th\u01b0\u1edbc m\u00e0 y d\u00e0nh cho m\u00ecnh kh\u00f4ng?<\/p>\n","protected":false},"featured_media":17792,"template":"","meta":{"_acf_changed":false},"product_brand":[],"product_cat":[79,73,29,15],"product_tag":[],"class_list":{"0":"post-17794","1":"product","2":"type-product","3":"status-publish","4":"has-post-thumbnail","6":"product_cat-uncategorized","7":"product_cat-dam-my-ngon-tinh","8":"product_cat-manga-comics","9":"product_cat-sach-danh-cho-nguoi-lon","11":"first","12":"outofstock","13":"taxable","14":"shipping-taxable","15":"purchasable","16":"product-type-simple"},"supplier_id":null,"supplier_sku":"","barcode":null,"atum_controlled":true,"out_stock_date":"2022-12-19 16:24:33","out_stock_threshold":null,"inheritable":false,"inbound_stock":0,"stock_on_hold":0,"sold_today":0,"sales_last_days":0,"reserved_stock":0,"customer_returns":0,"warehouse_damage":0,"lost_in_post":0,"other_logs":0,"out_stock_days":1136,"lost_sales":0,"has_location":false,"update_date":"2026-01-28T23:11:00","atum_locations":[{"id":32,"name":"Helsinki","slug":"helsinki"}],"atum_stock_status":"outofstock","restock_status":false,"low_stock_amount":"","sales_update_date":"2026-01-28T23:11:00","calc_backorders":null,"acf":{"publisher":{"ID":1785,"post_author":"1","post_date":"2021-02-17 01:54:46","post_date_gmt":"2021-02-16 23:54:46","post_content":"<!-- wp:flatsome\/uxbuilder -->\n<h1 style=\"text-align: center;\"><strong>AZ VIETNAM<\/strong><\/h1>\n[row]\n\n[col span=\"8\" span__sm=\"12\"]\n\n<p>Th\u00e0nh l\u1eadp n\u0103m: 2015<br \/>V\u1ed1n \u0111\u1ea7u t\u01b0: 4,000,000,000 \u0111\u1ed3ng<br \/><strong>L\u0129nh v\u1ef1c:<\/strong><br \/>- Xu\u1ea5t b\u1ea3n v\u00e0 ph\u00e1t h\u00e0nh v\u0103n h\u00f3a ph\u1ea9m<br \/>- Cung c\u1ea5p v\u0103n h\u00f3a ph\u1ea9m, c\u00e1c s\u1ea3n ph\u1ea9m cho in \u1ea5n, trang thi\u1ebft b\u1ecb cho c\u00e1c th\u01b0 vi\u1ec7n v\u00e0 trung t\u00e2m s\u00e1ch tr\u00ean c\u1ea3 n\u01b0\u1edbc.<br \/>- Th\u1eddi trang v\u00e0 c\u00e1c s\u1ea3n ph\u1ea9m li\u00ean quan \u0111\u1ebfn l\u0129nh v\u1ef1c th\u1eddi trang<br \/>- Xu\u1ea5t nh\u1eadp kh\u1ea9u c\u00e1c s\u1ea3n ph\u1ea9m v\u0103n h\u00f3a<\/p>\n<p><strong>Quy m\u00f4:<\/strong> 60 nh\u00e2n vi\u00ean<br \/>Kh\u1edfi ngu\u1ed3n c\u1ee7a AZ Vi\u1ec7t Nam ng\u00e0y nay l\u00e0 C\u00f4ng ty TNHH Trung t\u00e2m S\u00e1ch v\u00e0 Thi\u1ebft b\u1ecb Th\u01b0 vi\u1ec7n, v\u1edbi ho\u1ea1t \u0111\u1ed9ng \u0111\u1ea7u ti\u00ean l\u00e0 cung c\u1ea5p s\u00e1ch, trang thi\u1ebft b\u1ecb, v\u0103n h\u00f3a ph\u1ea9m cho c\u00e1c th\u01b0 vi\u1ec7n v\u00e0 trung t\u00e2m s\u00e1ch tr\u00ean c\u1ea3 n\u01b0\u1edbc. T\u1eeb cu\u1ed1i n\u0103m 2010 \u0111\u1ebfn nay, ch\u00fang t\u00f4i \u0111\u00e3 kh\u00f4ng ng\u1eebng n\u1ed7 l\u1ef1c khai ph\u00e1 v\u00e0 ph\u00e1t tri\u1ec3n c\u00e1c d\u00f2ng s\u1ea3n ph\u1ea9m m\u1edbi v\u1edbi 8 th\u01b0\u01a1ng hi\u1ec7u uy t\u00edn. \u0110\u1ec3 \u0111\u00e1p \u1ee9ng nhu c\u1ea7u ph\u00e1t tri\u1ec3n ng\u00e0y m\u1ed9t l\u1edbn m\u1ea1nh v\u00e0 t\u1eadp h\u1ee3p c\u00e1c th\u01b0\u01a1ng hi\u1ec7u \u0111\u00e3 \u0111\u01b0\u1ee3c ch\u00fang t\u00f4i x\u00e2y d\u1ef1ng, 2015 C\u00f4ng ty TNHH AZ Vi\u1ec7t Nam \u0111\u00e3 ra \u0111\u1eddi v\u1edbi s\u1ee9 m\u1ec7nh mang \u0111\u1ebfn nhi\u1ec1u h\u01a1n n\u1eefa nh\u1eefng gi\u00e1 tr\u1ecb tinh th\u1ea7n, tri th\u1ee9c ti\u00ean ti\u1ebfn cho ng\u01b0\u1eddi ti\u00eau d\u00f9ng b\u1eb1ng vi\u1ec7c cung c\u1ea5p nh\u1eefng s\u1ea3n ph\u1ea9m c\u00f3 ch\u1ea5t l\u01b0\u1ee3ng.<\/p>\n\n[\/col]\n[col span=\"4\" span__sm=\"12\"]\n\n[ux_image id=\"1836\" image_size=\"medium\"]\n\n\n[\/col]\n\n[\/row]\n\n<!-- \/wp:flatsome\/uxbuilder -->","post_title":"AZ Vi\u1ec7t Nam","post_excerpt":"","post_status":"publish","comment_status":"closed","ping_status":"closed","post_password":"","post_name":"az-viet-nam","to_ping":"","pinged":"","post_modified":"2021-02-17 22:07:10","post_modified_gmt":"2021-02-17 20:07:10","post_content_filtered":"","post_parent":0,"guid":"https:\/\/sachviet.eu\/nha-phat-hanh\/az-viet-nam\/","menu_order":0,"post_type":"publisher","post_mime_type":"","comment_count":"0","filter":"raw"}},"_links":{"self":[{"href":"https:\/\/sachviet.eu\/en\/wp-json\/wp\/v2\/product\/17794","targetHints":{"allow":["GET"]}}],"collection":[{"href":"https:\/\/sachviet.eu\/en\/wp-json\/wp\/v2\/product"}],"about":[{"href":"https:\/\/sachviet.eu\/en\/wp-json\/wp\/v2\/types\/product"}],"wp:featuredmedia":[{"embeddable":true,"href":"https:\/\/sachviet.eu\/en\/wp-json\/wp\/v2\/media\/17792"}],"wp:attachment":[{"href":"https:\/\/sachviet.eu\/en\/wp-json\/wp\/v2\/media?parent=17794"}],"wp:term":[{"taxonomy":"product_brand","embeddable":true,"href":"https:\/\/sachviet.eu\/en\/wp-json\/wp\/v2\/product_brand?post=17794"},{"taxonomy":"product_cat","embeddable":true,"href":"https:\/\/sachviet.eu\/en\/wp-json\/wp\/v2\/product_cat?post=17794"},{"taxonomy":"product_tag","embeddable":true,"href":"https:\/\/sachviet.eu\/en\/wp-json\/wp\/v2\/product_tag?post=17794"}],"curies":[{"name":"wp","href":"https:\/\/api.w.org\/{rel}","templated":true}]}}