{"id":17788,"date":"2022-04-09T17:37:28","date_gmt":"2022-04-09T14:37:28","guid":{"rendered":"https:\/\/sachviet.eu\/shop\/tien-man-cung-duong-tap-3\/"},"modified":"2022-12-19T18:24:44","modified_gmt":"2022-12-19T16:24:44","slug":"tien-man-cung-duong-tap-3","status":"publish","type":"product","link":"https:\/\/sachviet.eu\/en\/shop\/tien-man-cung-duong-tap-3\/","title":{"rendered":"Ti\u00ean M\u00e3n Cung \u0110\u01b0\u1eddng &#8211; T\u1eadp 3"},"content":{"rendered":"<p>Meo\u2026 meo\u2026<\/p>\n<p>Ch\u00e0ng thi\u1ebfu ni\u00ean T\u00f4 D\u1ef1 b\u1eaft g\u1eb7p m\u1ed9t con m\u00e8o con c\u00f3 b\u1ed9 l\u00f4ng v\u00e0ng \u00f3ng \u00e1nh. Cu\u1ed9c g\u1eb7p g\u1ee1 k\u1ef3 l\u1ea1 \u0111\u00f3 \u0111\u00e3 \u0111\u1ea9y cu\u1ed9c s\u1ed1ng c\u1ee7a ch\u00e0ng trai \u0111am m\u00ea \u1ea9m th\u1ef1c sang m\u1ed9t ng\u00e3 r\u1ebd kh\u00e1c m\u00e0 \u0111\u1ebfn c\u1eadu c\u0169ng kh\u00f4ng ng\u1edd \u0111\u01b0\u1ee3c\u2026<\/p>\n<p>R\u1ed1t cu\u1ed9c th\u00ec con m\u00e8o \u0111\u00f3 l\u00e0 ai\u2026<\/p>\n<p>\u0110\u00f4i n\u00e9t t\u00e1c gi\u1ea3<\/p>\n<p>L\u1ee5c D\u00e3 Thi\u00ean H\u1ea1c: M\u1ed9t c\u00e2y b\u00fat tr\u1ebb \u0111\u1ea7y nhi\u1ec7t huy\u1ebft c\u1ee7a trang v\u0103n h\u1ecdc m\u1ea1ng T\u1ea5n Giang.<\/p>\n","protected":false},"excerpt":{"rendered":"<p>Meo\u2026 meo\u2026<\/p>\n<p>Ch\u00e0ng thi\u1ebfu ni\u00ean T\u00f4 D\u1ef1 b\u1eaft g\u1eb7p m\u1ed9t con m\u00e8o con c\u00f3 b\u1ed9 l\u00f4ng v\u00e0ng \u00f3ng \u00e1nh. Cu\u1ed9c g\u1eb7p g\u1ee1 k\u1ef3 l\u1ea1 \u0111\u00f3 \u0111\u00e3 \u0111\u1ea9y cu\u1ed9c s\u1ed1ng c\u1ee7a ch\u00e0ng trai \u0111am m\u00ea \u1ea9m th\u1ef1c sang m\u1ed9t ng\u00e3 r\u1ebd kh\u00e1c m\u00e0 \u0111\u1ebfn c\u1eadu c\u0169ng kh\u00f4ng ng\u1edd \u0111\u01b0\u1ee3c\u2026<\/p>\n<p>R\u1ed1t cu\u1ed9c th\u00ec con m\u00e8o \u0111\u00f3 l\u00e0 ai\u2026<\/p>\n<p>\u0110\u00f4i n\u00e9t t\u00e1c gi\u1ea3<\/p>\n<p>L\u1ee5c D\u00e3 Thi\u00ean H\u1ea1c: M\u1ed9t c\u00e2y b\u00fat tr\u1ebb \u0111\u1ea7y nhi\u1ec7t huy\u1ebft c\u1ee7a trang v\u0103n h\u1ecdc m\u1ea1ng T\u1ea5n Giang.<\/p>\n","protected":false},"featured_media":17787,"template":"","meta":{"_acf_changed":false},"product_brand":[],"product_cat":[73,15],"product_tag":[],"class_list":{"0":"post-17788","1":"product","2":"type-product","3":"status-publish","4":"has-post-thumbnail","6":"product_cat-dam-my-ngon-tinh","7":"product_cat-sach-danh-cho-nguoi-lon","9":"first","10":"outofstock","11":"taxable","12":"shipping-taxable","13":"purchasable","14":"product-type-simple"},"supplier_id":null,"supplier_sku":"","barcode":null,"atum_controlled":true,"out_stock_date":"2022-12-19 12:59:22","out_stock_threshold":null,"inheritable":false,"inbound_stock":0,"stock_on_hold":0,"sold_today":0,"sales_last_days":0,"reserved_stock":0,"customer_returns":0,"warehouse_damage":0,"lost_in_post":0,"other_logs":0,"out_stock_days":1136,"lost_sales":0,"has_location":false,"update_date":"2026-01-28T23:11:00","atum_locations":[{"id":32,"name":"Helsinki","slug":"helsinki"}],"atum_stock_status":"outofstock","restock_status":false,"low_stock_amount":"","sales_update_date":"2026-01-28T23:11:00","calc_backorders":null,"acf":{"publisher":{"ID":12644,"post_author":"1","post_date":"2021-06-11 23:19:02","post_date_gmt":"2021-06-11 20:19:02","post_content":"","post_title":"C\u1ea9m Phong","post_excerpt":"","post_status":"publish","comment_status":"closed","ping_status":"closed","post_password":"","post_name":"cam-phong","to_ping":"","pinged":"","post_modified":"2021-06-11 23:19:02","post_modified_gmt":"2021-06-11 20:19:02","post_content_filtered":"","post_parent":0,"guid":"https:\/\/sachviet.eu\/nha-phat-hanh\/cam-phong\/","menu_order":0,"post_type":"publisher","post_mime_type":"","comment_count":"0","filter":"raw"}},"_links":{"self":[{"href":"https:\/\/sachviet.eu\/en\/wp-json\/wp\/v2\/product\/17788","targetHints":{"allow":["GET"]}}],"collection":[{"href":"https:\/\/sachviet.eu\/en\/wp-json\/wp\/v2\/product"}],"about":[{"href":"https:\/\/sachviet.eu\/en\/wp-json\/wp\/v2\/types\/product"}],"wp:featuredmedia":[{"embeddable":true,"href":"https:\/\/sachviet.eu\/en\/wp-json\/wp\/v2\/media\/17787"}],"wp:attachment":[{"href":"https:\/\/sachviet.eu\/en\/wp-json\/wp\/v2\/media?parent=17788"}],"wp:term":[{"taxonomy":"product_brand","embeddable":true,"href":"https:\/\/sachviet.eu\/en\/wp-json\/wp\/v2\/product_brand?post=17788"},{"taxonomy":"product_cat","embeddable":true,"href":"https:\/\/sachviet.eu\/en\/wp-json\/wp\/v2\/product_cat?post=17788"},{"taxonomy":"product_tag","embeddable":true,"href":"https:\/\/sachviet.eu\/en\/wp-json\/wp\/v2\/product_tag?post=17788"}],"curies":[{"name":"wp","href":"https:\/\/api.w.org\/{rel}","templated":true}]}}