{"id":17782,"date":"2022-04-09T17:36:57","date_gmt":"2022-04-09T14:36:57","guid":{"rendered":"https:\/\/sachviet.eu\/shop\/a-day-roi-ha-noi-7-mon\/"},"modified":"2024-08-14T21:40:00","modified_gmt":"2024-08-14T18:40:00","slug":"a-day-roi-ha-noi-7-mon","status":"publish","type":"product","link":"https:\/\/sachviet.eu\/en\/shop\/a-day-roi-ha-noi-7-mon\/","title":{"rendered":"A \u0110\u00e2y R\u1ed3i H\u00e0 N\u1ed9i 7 M\u00f3n"},"content":{"rendered":"<p>\u201cA \u0111\u00e2y r\u1ed3i H\u00e0 N\u1ed9i 7 m\u00f3n\u201d l\u00e0 tuy\u1ec3n t\u1eadp nh\u1eefng b\u00e0i vi\u1ebft c\u1ee7a nh\u00e0 v\u0103n Tr\u1ea7n Chi\u1ebfn v\u1ec1 H\u00e0 N\u1ed9i trong ng\u00f3t 30 n\u0103m qua v\u1edbi bi\u1ebft bao \u0111\u1ed5i thay. Cu\u1ed1n s\u00e1ch c\u00f3 th\u1ec3 khi\u1ebfn nhi\u1ec1u ng\u01b0\u1eddi \u0111ang s\u1ed1ng \u1edf H\u00e0 N\u1ed9i gi\u1eadt m\u00ecnh nh\u00ecn l\u1ea1i b\u1ea3n th\u00e2n v\u00e0 H\u00e0 N\u1ed9i m\u00e0 m\u00ecnh \u0111ang s\u1ed1ng. T\u00e1c gi\u1ea3 \u0111\u00e3 v\u1ebd l\u1ea1i H\u00e0 N\u1ed9i d\u01b0\u1edbi nhi\u1ec1u m\u00e0u s\u1eafc, g\u00f3c nh\u00ecn. \u1ede \u0111\u00f3, c\u00f3 m\u1ed9t H\u00e0 N\u1ed9i \u0111\u00e1ng th\u01b0\u01a1ng &#8211; m\u1ed9t H\u00e0 N\u1ed9i nh\u1ed1n nh\u00e1o, \u1ed3n \u00e0o, \u0111\u00f4ng \u0111\u00fac.<br \/>\nTr\u1ea7n Chi\u1ebfn v\u1ebd n\u00ean \u201cs\u01b0\u01a1ng ph\u1ed1, m\u1eb7t ng\u01b0\u1eddi\u201d H\u00e0 N\u1ed9i b\u1eb1ng m\u1ed9t gi\u1ecdng v\u0103n \u0111i\u1ec1m \u0111\u1ea1m quen thu\u1ed9c. C\u00f3 l\u1ebd, ch\u00ednh v\u00ec phong c\u00e1ch s\u1ed1ng t\u1eeb t\u1ed1n, ch\u1eadm r\u00e3i gi\u1eefa m\u1ed9t H\u00e0 N\u1ed9i nh\u1ed9n nh\u1ecbp, v\u1ed9i v\u00e3 \u0111\u00e3 gi\u00fap cho nh\u00e0 v\u0103n c\u00f3 c\u00e1i nh\u00ecn s\u00e2u  s\u1eafc, chi\u00eam nghi\u1ec7m nh\u01b0ng c\u0169ng \u0111\u1ea7y h\u00f3m h\u1ec9nh v\u1ec1 H\u00e0 N\u1ed9i. Nh\u01b0ng tr\u00ean h\u1ebft, l\u00e0 m\u1ed9t t\u1ea5m l\u00f2ng v\u1edbi H\u00e0 N\u1ed9i. Ch\u00ednh \u1edf \u0111i\u1ec3m n\u00e0y, th\u00f4ng qua c\u00e1c t\u00e1c ph\u1ea9m v\u1ec1 H\u00e0 N\u1ed9i, nh\u00e0 v\u0103n Tr\u1ea7n Chi\u1ebfn \u0111\u00e3 \u0111\u01b0\u1ee3c trao gi\u1ea3i th\u01b0\u1edfng \u201cB\u00f9i Xu\u00e2n Ph\u00e1i \u2013 V\u00ec t\u00ecnh y\u00eau H\u00e0 N\u1ed9i, n\u0103m 2015.<br \/>\nNh\u00e0 v\u0103n Tr\u1ea7n Chi\u1ebfn l\u00e0 con trai c\u1ee7a nh\u00e0 s\u1eed h\u1ecdc n\u1ed5i ti\u1ebfng Tr\u1ea7n Huy Li\u1ec7u, ch\u00e1u ngo\u1ea1i c\u1ee7a h\u1ecdc gi\u1ea3 Nguy\u1ec5n V\u0103n Ng\u1ecdc. \u00d4ng l\u00e0 ng\u01b0\u1eddi con duy nh\u1ea5t trong gia \u0111\u00ecnh theo nghi\u1ec7p v\u0103n ch\u01b0\u01a1ng c\u1ee7a cha. T\u1eadp truy\u1ec7n ng\u1eafn Con b\u1ee5i v\u00e0 t\u1eadp ti\u1ec3u thuy\u1ebft \u0110\u00e8n v\u00e0ng c\u1ee7a \u00f4ng \u0111\u00e3 hai l\u1ea7n gi\u00e0nh gi\u1ea3i th\u01b0\u1edfng c\u1ee7a h\u1ed9i V\u0103n h\u1ecdc ngh\u1ec7 thu\u1eadt v\u00e0 h\u1ed9i Nh\u00e0 v\u0103n.<\/p>\n","protected":false},"excerpt":{"rendered":"<p>\u201cA \u0111\u00e2y r\u1ed3i H\u00e0 N\u1ed9i 7 m\u00f3n\u201d l\u00e0 tuy\u1ec3n t\u1eadp nh\u1eefng b\u00e0i vi\u1ebft c\u1ee7a nh\u00e0 v\u0103n Tr\u1ea7n Chi\u1ebfn v\u1ec1 H\u00e0 N\u1ed9i trong ng\u00f3t 30 n\u0103m qua v\u1edbi bi\u1ebft bao \u0111\u1ed5i thay. Cu\u1ed1n s\u00e1ch c\u00f3 th\u1ec3 khi\u1ebfn nhi\u1ec1u ng\u01b0\u1eddi \u0111ang s\u1ed1ng \u1edf H\u00e0 N\u1ed9i gi\u1eadt m\u00ecnh nh\u00ecn l\u1ea1i b\u1ea3n th\u00e2n v\u00e0 H\u00e0 N\u1ed9i m\u00e0 m\u00ecnh \u0111ang s\u1ed1ng. T\u00e1c gi\u1ea3 \u0111\u00e3 v\u1ebd l\u1ea1i H\u00e0 N\u1ed9i d\u01b0\u1edbi nhi\u1ec1u m\u00e0u s\u1eafc, g\u00f3c nh\u00ecn. \u1ede \u0111\u00f3, c\u00f3 m\u1ed9t H\u00e0 N\u1ed9i \u0111\u00e1ng th\u01b0\u01a1ng &#8211; m\u1ed9t H\u00e0 N\u1ed9i nh\u1ed1n nh\u00e1o, \u1ed3n \u00e0o, \u0111\u00f4ng \u0111\u00fac.<br \/>\nTr\u1ea7n Chi\u1ebfn v\u1ebd n\u00ean \u201cs\u01b0\u01a1ng ph\u1ed1, m\u1eb7t ng\u01b0\u1eddi\u201d H\u00e0 N\u1ed9i b\u1eb1ng m\u1ed9t gi\u1ecdng v\u0103n \u0111i\u1ec1m \u0111\u1ea1m quen thu\u1ed9c. C\u00f3 l\u1ebd, ch\u00ednh v\u00ec phong c\u00e1ch s\u1ed1ng t\u1eeb t\u1ed1n, ch\u1eadm r\u00e3i gi\u1eefa m\u1ed9t H\u00e0 N\u1ed9i nh\u1ed9n nh\u1ecbp, v\u1ed9i v\u00e3 \u0111\u00e3 gi\u00fap cho nh\u00e0 v\u0103n c\u00f3 c\u00e1i nh\u00ecn s\u00e2u  s\u1eafc, chi\u00eam nghi\u1ec7m nh\u01b0ng c\u0169ng \u0111\u1ea7y h\u00f3m h\u1ec9nh v\u1ec1 H\u00e0 N\u1ed9i. Nh\u01b0ng tr\u00ean h\u1ebft, l\u00e0 m\u1ed9t t\u1ea5m l\u00f2ng v\u1edbi H\u00e0 N\u1ed9i. Ch\u00ednh \u1edf \u0111i\u1ec3m n\u00e0y, th\u00f4ng qua c\u00e1c t\u00e1c ph\u1ea9m v\u1ec1 H\u00e0 N\u1ed9i, nh\u00e0 v\u0103n Tr\u1ea7n Chi\u1ebfn \u0111\u00e3 \u0111\u01b0\u1ee3c trao gi\u1ea3i th\u01b0\u1edfng \u201cB\u00f9i Xu\u00e2n Ph\u00e1i \u2013 V\u00ec t\u00ecnh y\u00eau H\u00e0 N\u1ed9i, n\u0103m 2015.<br \/>\nNh\u00e0 v\u0103n Tr\u1ea7n Chi\u1ebfn l\u00e0 con trai c\u1ee7a nh\u00e0 s\u1eed h\u1ecdc n\u1ed5i ti\u1ebfng Tr\u1ea7n Huy Li\u1ec7u, ch\u00e1u ngo\u1ea1i c\u1ee7a h\u1ecdc gi\u1ea3 Nguy\u1ec5n V\u0103n Ng\u1ecdc. \u00d4ng l\u00e0 ng\u01b0\u1eddi con duy nh\u1ea5t trong gia \u0111\u00ecnh theo nghi\u1ec7p v\u0103n ch\u01b0\u01a1ng c\u1ee7a cha. T\u1eadp truy\u1ec7n ng\u1eafn Con b\u1ee5i v\u00e0 t\u1eadp ti\u1ec3u thuy\u1ebft \u0110\u00e8n v\u00e0ng c\u1ee7a \u00f4ng \u0111\u00e3 hai l\u1ea7n gi\u00e0nh gi\u1ea3i th\u01b0\u1edfng c\u1ee7a h\u1ed9i V\u0103n h\u1ecdc ngh\u1ec7 thu\u1eadt v\u00e0 h\u1ed9i Nh\u00e0 v\u0103n.<\/p>\n","protected":false},"featured_media":17780,"template":"","meta":{"_acf_changed":false},"product_brand":[],"product_cat":[47],"product_tag":[],"class_list":{"0":"post-17782","1":"product","2":"type-product","3":"status-publish","4":"has-post-thumbnail","6":"product_cat-truyen-ngan-tan-van","8":"first","9":"outofstock","10":"taxable","11":"shipping-taxable","12":"purchasable","13":"product-type-simple"},"supplier_id":null,"supplier_sku":"","barcode":null,"atum_controlled":true,"out_stock_date":"2024-08-14 18:40:00","out_stock_threshold":null,"inheritable":false,"inbound_stock":0,"stock_on_hold":0,"sold_today":0,"sales_last_days":0,"reserved_stock":0,"customer_returns":0,"warehouse_damage":0,"lost_in_post":0,"other_logs":0,"out_stock_days":532,"lost_sales":0,"has_location":false,"update_date":"2026-01-28T23:11:21","atum_locations":[{"id":32,"name":"Helsinki","slug":"helsinki"}],"atum_stock_status":"outofstock","restock_status":false,"low_stock_amount":"","sales_update_date":"2026-01-28T23:11:21","calc_backorders":null,"acf":{"publisher":{"ID":1517,"post_author":"1","post_date":"2021-02-17 01:14:41","post_date_gmt":"2021-02-16 23:14:41","post_content":"","post_title":"NXB Tr\u1ebb","post_excerpt":"","post_status":"publish","comment_status":"closed","ping_status":"closed","post_password":"","post_name":"nxb-tre","to_ping":"","pinged":"","post_modified":"2021-02-17 01:14:41","post_modified_gmt":"2021-02-16 23:14:41","post_content_filtered":"","post_parent":0,"guid":"https:\/\/sachviet.eu\/nha-phat-hanh\/nxb-tre\/","menu_order":0,"post_type":"publisher","post_mime_type":"","comment_count":"0","filter":"raw"}},"_links":{"self":[{"href":"https:\/\/sachviet.eu\/en\/wp-json\/wp\/v2\/product\/17782","targetHints":{"allow":["GET"]}}],"collection":[{"href":"https:\/\/sachviet.eu\/en\/wp-json\/wp\/v2\/product"}],"about":[{"href":"https:\/\/sachviet.eu\/en\/wp-json\/wp\/v2\/types\/product"}],"wp:featuredmedia":[{"embeddable":true,"href":"https:\/\/sachviet.eu\/en\/wp-json\/wp\/v2\/media\/17780"}],"wp:attachment":[{"href":"https:\/\/sachviet.eu\/en\/wp-json\/wp\/v2\/media?parent=17782"}],"wp:term":[{"taxonomy":"product_brand","embeddable":true,"href":"https:\/\/sachviet.eu\/en\/wp-json\/wp\/v2\/product_brand?post=17782"},{"taxonomy":"product_cat","embeddable":true,"href":"https:\/\/sachviet.eu\/en\/wp-json\/wp\/v2\/product_cat?post=17782"},{"taxonomy":"product_tag","embeddable":true,"href":"https:\/\/sachviet.eu\/en\/wp-json\/wp\/v2\/product_tag?post=17782"}],"curies":[{"name":"wp","href":"https:\/\/api.w.org\/{rel}","templated":true}]}}