{"id":17779,"date":"2022-04-09T17:36:38","date_gmt":"2022-04-09T14:36:38","guid":{"rendered":"https:\/\/sachviet.eu\/shop\/combo-cam-xuc-cua-con-4-quyen\/"},"modified":"2023-03-08T05:47:10","modified_gmt":"2023-03-08T03:47:10","slug":"combo-cam-xuc-cua-con-4-quyen","status":"publish","type":"product","link":"https:\/\/sachviet.eu\/en\/shop\/combo-cam-xuc-cua-con-4-quyen\/","title":{"rendered":"Combo C\u1ea3m x\u00fac c\u1ee7a con (4 Quy\u1ec3n)"},"content":{"rendered":"<p>N\u1ebfu ba m\u1eb9 \u0111ang t\u00ecm ki\u1ebfm m\u1ed9t cu\u1ed1n s\u00e1ch:<br \/>\nGi\u00fap b\u00e9 nh\u1eadn bi\u1ebft c\u1ea3m x\u00fac \u0111\u01a1n gi\u1ea3n trong giai \u0111o\u1ea1n \u0111\u1ea7u \u0111\u1eddi.<br \/>\nNu\u00f4i d\u01b0\u1ee1ng tr\u00ed tu\u1ec7 c\u1ea3m x\u00fac v\u00e0 lan t\u1ecfa s\u1ef1 t\u1ef1 tin, ni\u1ec1m y\u00eau th\u01b0\u01a1ng, h\u1ea1nh ph\u00fac \u0111\u1ebfn c\u00e1c em b\u00e9.<br \/>\nN\u1ed9i dung ph\u00f9 h\u1ee3p, minh h\u1ecda d\u00ed d\u1ecfm, m\u00e0u s\u1eafc t\u01b0\u01a1i s\u00e1ng d\u1ec5 th\u01b0\u01a1ng.<\/p>\n<p>Th\u00ec b\u1ed9 s\u00e1ch \u201cC\u1ea2M X\u00daC C\u1ee6A CON\u201d m\u00e0 Lionbooks ch\u00ednh th\u1ee9c ph\u00e1t h\u00e0nh d\u01b0\u1edbi \u0111\u00e2y l\u00e0 l\u1ef1a ch\u1ecdn c\u1ef1c k\u1ef3 ph\u00f9 h\u1ee3p d\u00e0nh cho ba m\u1eb9 \u0111\u00f3 \u1ea1.<\/p>\n","protected":false},"excerpt":{"rendered":"<p>N\u1ebfu ba m\u1eb9 \u0111ang t\u00ecm ki\u1ebfm m\u1ed9t cu\u1ed1n s\u00e1ch:<br \/>\nGi\u00fap b\u00e9 nh\u1eadn bi\u1ebft c\u1ea3m x\u00fac \u0111\u01a1n gi\u1ea3n trong giai \u0111o\u1ea1n \u0111\u1ea7u \u0111\u1eddi.<br \/>\nNu\u00f4i d\u01b0\u1ee1ng tr\u00ed tu\u1ec7 c\u1ea3m x\u00fac v\u00e0 lan t\u1ecfa s\u1ef1 t\u1ef1 tin, ni\u1ec1m y\u00eau th\u01b0\u01a1ng, h\u1ea1nh ph\u00fac \u0111\u1ebfn c\u00e1c em b\u00e9.<br \/>\nN\u1ed9i dung ph\u00f9 h\u1ee3p, minh h\u1ecda d\u00ed d\u1ecfm, m\u00e0u s\u1eafc t\u01b0\u01a1i s\u00e1ng d\u1ec5 th\u01b0\u01a1ng.<\/p>\n<p>Th\u00ec b\u1ed9 s\u00e1ch \u201cC\u1ea2M X\u00daC C\u1ee6A CON\u201d m\u00e0 Lionbooks ch\u00ednh th\u1ee9c ph\u00e1t h\u00e0nh d\u01b0\u1edbi \u0111\u00e2y l\u00e0 l\u1ef1a ch\u1ecdn c\u1ef1c k\u1ef3 ph\u00f9 h\u1ee3p d\u00e0nh cho ba m\u1eb9 \u0111\u00f3 \u1ea1.<\/p>\n","protected":false},"featured_media":17770,"template":"","meta":{"_acf_changed":false},"product_brand":[],"product_cat":[24,25,17],"product_tag":[],"class_list":{"0":"post-17779","1":"product","2":"type-product","3":"status-publish","4":"has-post-thumbnail","6":"product_cat-nha-tre-mau-giao-0-tuoi-6-tuoi","7":"product_cat-nhi-dong-6-tuoi-12-tuoi","8":"product_cat-sach-danh-cho-cac-be","10":"first","11":"outofstock","12":"taxable","13":"shipping-taxable","14":"purchasable","15":"product-type-simple"},"supplier_id":null,"supplier_sku":"","barcode":null,"atum_controlled":true,"out_stock_date":"2023-03-08 03:47:10","out_stock_threshold":null,"inheritable":false,"inbound_stock":0,"stock_on_hold":0,"sold_today":0,"sales_last_days":0,"reserved_stock":0,"customer_returns":0,"warehouse_damage":0,"lost_in_post":0,"other_logs":0,"out_stock_days":1057,"lost_sales":0,"has_location":false,"update_date":"2026-01-28T23:11:00","atum_locations":[{"id":32,"name":"Helsinki","slug":"helsinki"}],"atum_stock_status":"outofstock","restock_status":false,"low_stock_amount":"","sales_update_date":"2026-01-28T23:11:00","calc_backorders":null,"acf":{"publisher":{"ID":15270,"post_author":"1","post_date":"2021-08-04 15:01:56","post_date_gmt":"2021-08-04 12:01:56","post_content":"","post_title":"Lionbooks","post_excerpt":"","post_status":"publish","comment_status":"closed","ping_status":"closed","post_password":"","post_name":"lionbooks","to_ping":"","pinged":"","post_modified":"2021-08-04 15:01:56","post_modified_gmt":"2021-08-04 12:01:56","post_content_filtered":"","post_parent":0,"guid":"https:\/\/sachviet.eu\/nha-phat-hanh\/lionbooks\/","menu_order":0,"post_type":"publisher","post_mime_type":"","comment_count":"0","filter":"raw"}},"_links":{"self":[{"href":"https:\/\/sachviet.eu\/en\/wp-json\/wp\/v2\/product\/17779","targetHints":{"allow":["GET"]}}],"collection":[{"href":"https:\/\/sachviet.eu\/en\/wp-json\/wp\/v2\/product"}],"about":[{"href":"https:\/\/sachviet.eu\/en\/wp-json\/wp\/v2\/types\/product"}],"wp:featuredmedia":[{"embeddable":true,"href":"https:\/\/sachviet.eu\/en\/wp-json\/wp\/v2\/media\/17770"}],"wp:attachment":[{"href":"https:\/\/sachviet.eu\/en\/wp-json\/wp\/v2\/media?parent=17779"}],"wp:term":[{"taxonomy":"product_brand","embeddable":true,"href":"https:\/\/sachviet.eu\/en\/wp-json\/wp\/v2\/product_brand?post=17779"},{"taxonomy":"product_cat","embeddable":true,"href":"https:\/\/sachviet.eu\/en\/wp-json\/wp\/v2\/product_cat?post=17779"},{"taxonomy":"product_tag","embeddable":true,"href":"https:\/\/sachviet.eu\/en\/wp-json\/wp\/v2\/product_tag?post=17779"}],"curies":[{"name":"wp","href":"https:\/\/api.w.org\/{rel}","templated":true}]}}