{"id":17764,"date":"2022-04-09T17:34:47","date_gmt":"2022-04-09T14:34:47","guid":{"rendered":"https:\/\/sachviet.eu\/shop\/den-khong-hat-bong-tai-ban-2018\/"},"modified":"2024-08-25T22:41:46","modified_gmt":"2024-08-25T19:41:46","slug":"den-khong-hat-bong-tai-ban-2018","status":"publish","type":"product","link":"https:\/\/sachviet.eu\/en\/shop\/den-khong-hat-bong-tai-ban-2018\/","title":{"rendered":"\u0110\u00e8n Kh\u00f4ng H\u1eaft B\u00f3ng (T\u00e1i B\u1ea3n 2018)"},"content":{"rendered":"<p>\u0110\u00e8n kh\u00f4ng h\u1eaft b\u00f3ng l\u00e0 t\u00e1c ph\u1ea9m v\u0103n h\u1ecdc n\u1ed5i ti\u1ebfng nh\u1ea5t c\u1ee7a Wanatabe Dzunichi \u2013 v\u1eeba l\u00e0 nh\u00e0 v\u0103n v\u1eeba l\u00e0 Ti\u1ebfn s\u0129 Y khoa. Nhi\u1ec1u th\u1ebf h\u1ec7 thu\u1ed9c l\u00f2ng ti\u1ec3u thuy\u1ebft \u0111\u1ed9c \u0111\u00e1o n\u00e0y, b\u1edfi kh\u00f4ng kh\u00ed x\u00e1m b\u1ea1c d\u1ecbu d\u00e0ng \u0111\u1eb7c tr\u01b0ng c\u1ee7a Nh\u1eadt B\u1ea3n, b\u1edfi s\u1ef1 d\u1eb1n v\u1eb7t mu\u00f4n thu\u1edf tr\u01b0\u1edbc s\u1ef1 s\u1ed1ng v\u00e0 c\u00e1i ch\u1ebft, s\u1ef1 song h\u00e0nh gi\u1eefa t\u00ecnh y\u00eau v\u00e0 c\u00f4 \u0111\u1ed9c.<br \/>\nTinh hoa v\u0103n h\u1ecdc c\u1ee7a nh\u00e2n lo\u1ea1i n\u00e0o c\u0169ng c\u1ea7n \u0111\u01b0\u1ee3c kh\u00e1m ph\u00e1 v\u00e0 t\u00e1i kh\u00e1m ph\u00e1. M\u1ed7i t\u00e1c ph\u1ea9m l\u1edbn l\u00e0 m\u1ed9t s\u1ef1 k\u1ef3 di\u1ec7u v\u00e0 m\u1ed7i l\u1ea7n ta t\u00ecm \u0111\u1ebfn l\u00e0 th\u1ef1c hi\u1ec7n nh\u1eefng cu\u1ed9c phi\u00eau l\u01b0u hoan l\u1ea1c. \u0110\u1ebfn v\u1edbi ti\u1ec3u thuy\u1ebft \u0110\u00e8n Kh\u00f4ng H\u1eaft B\u00f3ng l\u00e0 ch\u00fang ta \u0111ang b\u01b0\u1edbc v\u00e0o c\u00e1nh c\u1eeda th\u1ee9 nh\u1ea5t c\u1ee7a T\u1ee7 s\u00e1ch tinh hoa v\u0103n h\u1ecdc &#8211; c\u00e1nh c\u1eeda v\u1edbi nh\u1eefng t\u00e1c ph\u1ea9m \u0111\u01b0\u1ee3c d\u1ecbch tr\u1ecdn v\u1eb9n v\u00e0 gi\u1edbi thi\u1ec7u c\u1ea3 t\u00e1c gi\u1ea3 l\u1eabn t\u00e1c ph\u1ea9m trong b\u1ed1i c\u1ea3nh v\u0103n ho\u00e1 v\u1edbi nh\u1eefng \u0111\u1eb7c \u0111i\u1ec3m thi\u1ebft y\u1ebfu &#8211; c\u00e1nh c\u1eeda Ki\u1ec7t T\u00e1c. Ti\u1ec3u thuy\u1ebft \u0110\u00e8n Kh\u00f4ng H\u1eaft B\u00f3ng l\u00e0 t\u00e1c ph\u1ea9m n\u1ed5i ti\u1ebfng nh\u1ea5t c\u1ee7a Watanabe Dzunuchi \u0111\u01b0\u1ee3c vi\u1ebft trong giai \u0111o\u1ea1n kho\u1ea3ng n\u0103m 1971.<\/p>\n<p>\u0110\u00e8n Kh\u00f4ng H\u1eaft B\u00f3ng kh\u00f4ng \u0111\u01a1n thu\u1ea7n k\u1ec3 v\u1ec1 \u0111\u1eddi s\u1ed1ng b\u1ec7nh vi\u1ec7n. Nh\u00ecn \u1edf g\u00f3c \u0111\u1ed9 kh\u00e1c, n\u00f3 l\u00e0 c\u00e2u chuy\u1ec7n t\u00ecnh y\u00eau l\u1ea1nh l\u00f9ng, b\u00ed \u1ea9n v\u00e0 \u0111au \u0111\u1edbn. M\u1ed1i quan h\u1ec7 gi\u1eefa Noriko v\u00e0 b\u00e1c s\u0129 Nao\u00ea ph\u1ea3i ch\u0103ng l\u00e0 t\u00ecnh y\u00eau m\u1ed9t chi\u1ec1u? \u0110\u1ee9ng b\u00ean c\u1ea1nh v\u1ecb b\u00e1c s\u0129 t\u00e0i hoa, h\u00ecnh \u1ea3nh c\u1ee7a Noriko kh\u00e1 l\u1eb7ng l\u1ebd. Y\u00eau Nao\u00ea, t\u1ef1 nguy\u1ec7n g\u1eafn b\u00f3 v\u1edbi anh, c\u00f4 v\u1eabn ph\u1ea3i ch\u1ee9ng ki\u1ebfn h\u00e0ng lo\u1ea1t m\u1ed1i quan h\u1ec7 b\u1ea5t th\u01b0\u1eddng c\u1ee7a Nao\u00ea v\u1edbi nh\u1eefng ph\u1ee5 n\u1eef kh\u00e1c, t\u1eeb v\u1ee3 v\u00e0 con g\u00e1i c\u1ee7a b\u00e1c s\u0129 vi\u1ec7n tr\u01b0\u1edfng, c\u00f4 g\u00e1i qu\u00e1n bar, cho \u0111\u1ebfn n\u00e0ng ca s\u0129 ng\u00f4i sao\u2026 Nh\u01b0ng \u0111au kh\u1ed5 h\u01a1n h\u1ebft, c\u00f4 nh\u1eadn ra Nao\u00ea l\u00e0 m\u1ed9t ph\u00e1o \u0111\u00e0i ri\u00eang, kh\u00f4ng cho c\u00f4 th\u00e2m nh\u1eadp, ngay c\u1ea3 nh\u1eefng gi\u00e2y ph\u00fat g\u1ea7n g\u0169i nh\u1ea5t c\u1ea3 v\u1ec1 th\u00e2n x\u00e1c l\u1eabn t\u00ecnh c\u1ea3m.<\/p>\n<p>Ch\u1ec9 \u0111\u1ebfn khi Nao\u00ea m\u1ea5t \u0111i, b\u1ee9c m\u00e0n b\u00ed m\u1eadt m\u1edbi \u0111\u01b0\u1ee3c v\u00e9n l\u00ean. Gi\u1eefa bao nhi\u00eau ph\u1ee5 n\u1eef v\u00e2y quanh, Nao\u00ea ch\u1ec9 y\u00eau m\u1ed9t m\u00ecnh Noriko. C\u00f4 ch\u00ednh l\u00e0 m\u1ea3nh g\u01b0\u01a1ng cu\u1ed9c \u0111\u1eddi \u0111\u1ec3 anh soi v\u00e0o, l\u00e0 ch\u1ed7 b\u1ea5u v\u00edu duy nh\u1ea5t trong nh\u1eefng c\u01a1n \u0111au \u0111\u1edbn tuy\u1ec7t v\u1ecdng v\u00ec c\u00e1i ch\u1ebft g\u1ea7n k\u1ec1\u2026 Nh\u01b0ng v\u00ec ki\u00eau h\u00e3nh v\u00e0 x\u00f3t th\u01b0\u01a1ng, anh kh\u00f4ng bao gi\u1edd ph\u01a1i b\u00e0y s\u1ef1 th\u1eadt v\u1edbi c\u00f4. T\u00ecnh y\u00eau b\u1ec1n b\u1ec9 c\u1ee7a Noriko \u0111\u00e3 \u0111\u01b0\u1ee3c \u0111\u1ec1n \u0111\u00e1p, d\u00f9 mu\u1ed9n m\u1eb1n\u2026<\/p>\n","protected":false},"excerpt":{"rendered":"<p>\u0110\u00e8n kh\u00f4ng h\u1eaft b\u00f3ng l\u00e0 t\u00e1c ph\u1ea9m v\u0103n h\u1ecdc n\u1ed5i ti\u1ebfng nh\u1ea5t c\u1ee7a Wanatabe Dzunichi \u2013 v\u1eeba l\u00e0 nh\u00e0 v\u0103n v\u1eeba l\u00e0 Ti\u1ebfn s\u0129 Y khoa. Nhi\u1ec1u th\u1ebf h\u1ec7 thu\u1ed9c l\u00f2ng ti\u1ec3u thuy\u1ebft \u0111\u1ed9c \u0111\u00e1o n\u00e0y, b\u1edfi kh\u00f4ng kh\u00ed x\u00e1m b\u1ea1c d\u1ecbu d\u00e0ng \u0111\u1eb7c tr\u01b0ng c\u1ee7a Nh\u1eadt B\u1ea3n, b\u1edfi s\u1ef1 d\u1eb1n v\u1eb7t mu\u00f4n thu\u1edf tr\u01b0\u1edbc s\u1ef1 s\u1ed1ng v\u00e0 c\u00e1i ch\u1ebft, s\u1ef1 song h\u00e0nh gi\u1eefa t\u00ecnh y\u00eau v\u00e0 c\u00f4 \u0111\u1ed9c.<br \/>\nTinh hoa v\u0103n h\u1ecdc c\u1ee7a nh\u00e2n lo\u1ea1i n\u00e0o c\u0169ng c\u1ea7n \u0111\u01b0\u1ee3c kh\u00e1m ph\u00e1 v\u00e0 t\u00e1i kh\u00e1m ph\u00e1. M\u1ed7i t\u00e1c ph\u1ea9m l\u1edbn l\u00e0 m\u1ed9t s\u1ef1 k\u1ef3 di\u1ec7u v\u00e0 m\u1ed7i l\u1ea7n ta t\u00ecm \u0111\u1ebfn l\u00e0 th\u1ef1c hi\u1ec7n nh\u1eefng cu\u1ed9c phi\u00eau l\u01b0u hoan l\u1ea1c. \u0110\u1ebfn v\u1edbi ti\u1ec3u thuy\u1ebft \u0110\u00e8n Kh\u00f4ng H\u1eaft B\u00f3ng l\u00e0 ch\u00fang ta \u0111ang b\u01b0\u1edbc v\u00e0o c\u00e1nh c\u1eeda th\u1ee9 nh\u1ea5t c\u1ee7a T\u1ee7 s\u00e1ch tinh hoa v\u0103n h\u1ecdc &#8211; c\u00e1nh c\u1eeda v\u1edbi nh\u1eefng t\u00e1c ph\u1ea9m \u0111\u01b0\u1ee3c d\u1ecbch tr\u1ecdn v\u1eb9n v\u00e0 gi\u1edbi thi\u1ec7u c\u1ea3 t\u00e1c gi\u1ea3 l\u1eabn t\u00e1c ph\u1ea9m trong b\u1ed1i c\u1ea3nh v\u0103n ho\u00e1 v\u1edbi nh\u1eefng \u0111\u1eb7c \u0111i\u1ec3m thi\u1ebft y\u1ebfu &#8211; c\u00e1nh c\u1eeda Ki\u1ec7t T\u00e1c. Ti\u1ec3u thuy\u1ebft \u0110\u00e8n Kh\u00f4ng H\u1eaft B\u00f3ng l\u00e0 t\u00e1c ph\u1ea9m n\u1ed5i ti\u1ebfng nh\u1ea5t c\u1ee7a Watanabe Dzunuchi \u0111\u01b0\u1ee3c vi\u1ebft trong giai \u0111o\u1ea1n kho\u1ea3ng n\u0103m 1971.<\/p>\n<p>\u0110\u00e8n Kh\u00f4ng H\u1eaft B\u00f3ng kh\u00f4ng \u0111\u01a1n thu\u1ea7n k\u1ec3 v\u1ec1 \u0111\u1eddi s\u1ed1ng b\u1ec7nh vi\u1ec7n. Nh\u00ecn \u1edf g\u00f3c \u0111\u1ed9 kh\u00e1c, n\u00f3 l\u00e0 c\u00e2u chuy\u1ec7n t\u00ecnh y\u00eau l\u1ea1nh l\u00f9ng, b\u00ed \u1ea9n v\u00e0 \u0111au \u0111\u1edbn. M\u1ed1i quan h\u1ec7 gi\u1eefa Noriko v\u00e0 b\u00e1c s\u0129 Nao\u00ea ph\u1ea3i ch\u0103ng l\u00e0 t\u00ecnh y\u00eau m\u1ed9t chi\u1ec1u? \u0110\u1ee9ng b\u00ean c\u1ea1nh v\u1ecb b\u00e1c s\u0129 t\u00e0i hoa, h\u00ecnh \u1ea3nh c\u1ee7a Noriko kh\u00e1 l\u1eb7ng l\u1ebd. Y\u00eau Nao\u00ea, t\u1ef1 nguy\u1ec7n g\u1eafn b\u00f3 v\u1edbi anh, c\u00f4 v\u1eabn ph\u1ea3i ch\u1ee9ng ki\u1ebfn h\u00e0ng lo\u1ea1t m\u1ed1i quan h\u1ec7 b\u1ea5t th\u01b0\u1eddng c\u1ee7a Nao\u00ea v\u1edbi nh\u1eefng ph\u1ee5 n\u1eef kh\u00e1c, t\u1eeb v\u1ee3 v\u00e0 con g\u00e1i c\u1ee7a b\u00e1c s\u0129 vi\u1ec7n tr\u01b0\u1edfng, c\u00f4 g\u00e1i qu\u00e1n bar, cho \u0111\u1ebfn n\u00e0ng ca s\u0129 ng\u00f4i sao\u2026 Nh\u01b0ng \u0111au kh\u1ed5 h\u01a1n h\u1ebft, c\u00f4 nh\u1eadn ra Nao\u00ea l\u00e0 m\u1ed9t ph\u00e1o \u0111\u00e0i ri\u00eang, kh\u00f4ng cho c\u00f4 th\u00e2m nh\u1eadp, ngay c\u1ea3 nh\u1eefng gi\u00e2y ph\u00fat g\u1ea7n g\u0169i nh\u1ea5t c\u1ea3 v\u1ec1 th\u00e2n x\u00e1c l\u1eabn t\u00ecnh c\u1ea3m.<\/p>\n<p>Ch\u1ec9 \u0111\u1ebfn khi Nao\u00ea m\u1ea5t \u0111i, b\u1ee9c m\u00e0n b\u00ed m\u1eadt m\u1edbi \u0111\u01b0\u1ee3c v\u00e9n l\u00ean. Gi\u1eefa bao nhi\u00eau ph\u1ee5 n\u1eef v\u00e2y quanh, Nao\u00ea ch\u1ec9 y\u00eau m\u1ed9t m\u00ecnh Noriko. C\u00f4 ch\u00ednh l\u00e0 m\u1ea3nh g\u01b0\u01a1ng cu\u1ed9c \u0111\u1eddi \u0111\u1ec3 anh soi v\u00e0o, l\u00e0 ch\u1ed7 b\u1ea5u v\u00edu duy nh\u1ea5t trong nh\u1eefng c\u01a1n \u0111au \u0111\u1edbn tuy\u1ec7t v\u1ecdng v\u00ec c\u00e1i ch\u1ebft g\u1ea7n k\u1ec1\u2026 Nh\u01b0ng v\u00ec ki\u00eau h\u00e3nh v\u00e0 x\u00f3t th\u01b0\u01a1ng, anh kh\u00f4ng bao gi\u1edd ph\u01a1i b\u00e0y s\u1ef1 th\u1eadt v\u1edbi c\u00f4. T\u00ecnh y\u00eau b\u1ec1n b\u1ec9 c\u1ee7a Noriko \u0111\u00e3 \u0111\u01b0\u1ee3c \u0111\u1ec1n \u0111\u00e1p, d\u00f9 mu\u1ed9n m\u1eb1n\u2026<\/p>\n","protected":false},"featured_media":17763,"template":"","meta":{"_acf_changed":false},"product_brand":[],"product_cat":[15,47],"product_tag":[],"class_list":{"0":"post-17764","1":"product","2":"type-product","3":"status-publish","4":"has-post-thumbnail","6":"product_cat-sach-danh-cho-nguoi-lon","7":"product_cat-truyen-ngan-tan-van","9":"first","10":"outofstock","11":"taxable","12":"shipping-taxable","13":"purchasable","14":"product-type-simple"},"supplier_id":null,"supplier_sku":"","barcode":null,"atum_controlled":true,"out_stock_date":null,"out_stock_threshold":null,"inheritable":false,"inbound_stock":0,"stock_on_hold":0,"sold_today":0,"sales_last_days":0,"reserved_stock":0,"customer_returns":0,"warehouse_damage":0,"lost_in_post":0,"other_logs":0,"out_stock_days":0,"lost_sales":0,"has_location":false,"update_date":"2026-01-28T23:11:24","atum_locations":[{"id":32,"name":"Helsinki","slug":"helsinki"}],"atum_stock_status":"outofstock","restock_status":false,"low_stock_amount":"","sales_update_date":"2026-01-28T23:11:24","calc_backorders":null,"acf":{"publisher":{"ID":10224,"post_author":"1","post_date":"2021-06-02 18:46:58","post_date_gmt":"2021-06-02 15:46:58","post_content":"","post_title":"Ph\u01b0\u01a1ng Nam","post_excerpt":"","post_status":"publish","comment_status":"closed","ping_status":"closed","post_password":"","post_name":"phuong-nam","to_ping":"","pinged":"","post_modified":"2021-06-02 18:46:58","post_modified_gmt":"2021-06-02 15:46:58","post_content_filtered":"","post_parent":0,"guid":"https:\/\/sachviet.eu\/nha-phat-hanh\/phuong-nam\/","menu_order":0,"post_type":"publisher","post_mime_type":"","comment_count":"0","filter":"raw"}},"_links":{"self":[{"href":"https:\/\/sachviet.eu\/en\/wp-json\/wp\/v2\/product\/17764","targetHints":{"allow":["GET"]}}],"collection":[{"href":"https:\/\/sachviet.eu\/en\/wp-json\/wp\/v2\/product"}],"about":[{"href":"https:\/\/sachviet.eu\/en\/wp-json\/wp\/v2\/types\/product"}],"wp:featuredmedia":[{"embeddable":true,"href":"https:\/\/sachviet.eu\/en\/wp-json\/wp\/v2\/media\/17763"}],"wp:attachment":[{"href":"https:\/\/sachviet.eu\/en\/wp-json\/wp\/v2\/media?parent=17764"}],"wp:term":[{"taxonomy":"product_brand","embeddable":true,"href":"https:\/\/sachviet.eu\/en\/wp-json\/wp\/v2\/product_brand?post=17764"},{"taxonomy":"product_cat","embeddable":true,"href":"https:\/\/sachviet.eu\/en\/wp-json\/wp\/v2\/product_cat?post=17764"},{"taxonomy":"product_tag","embeddable":true,"href":"https:\/\/sachviet.eu\/en\/wp-json\/wp\/v2\/product_tag?post=17764"}],"curies":[{"name":"wp","href":"https:\/\/api.w.org\/{rel}","templated":true}]}}