{"id":17762,"date":"2022-04-09T17:00:14","date_gmt":"2022-04-09T14:00:14","guid":{"rendered":"https:\/\/sachviet.eu\/shop\/phu-thuy-xu-oz-2\/"},"modified":"2024-08-12T09:59:36","modified_gmt":"2024-08-12T06:59:36","slug":"phu-thuy-xu-oz-2","status":"publish","type":"product","link":"https:\/\/sachviet.eu\/en\/shop\/phu-thuy-xu-oz-2\/","title":{"rendered":"Ph\u00f9 Th\u1ee7y X\u1ee9 Oz"},"content":{"rendered":"<p>Dorothy l\u00e0 c\u00f4 b\u00e9 m\u1ed3 c\u00f4i s\u1ed1ng c\u00f9ng ch\u00fa th\u00edm trong trang tr\u1ea1i nh\u1ecf n\u1eb1m gi\u1eefa v\u00f9ng th\u1ea3o nguy\u00ean Kansas bao la.<\/p>\n<p>Ng\u00e0y n\u1ecd, m\u1ed9t c\u01a1n l\u1ed1c xo\u00e1y b\u1ea5t ng\u1edd xu\u1ea5t hi\u1ec7n, cu\u1ed1n bay c\u0103n nh\u00e0 c\u00f3 Dorothy v\u00e0 ch\u00fa ch\u00f3 nh\u1ecf Toto b\u00ean trong, \u0111\u01b0a h\u1ecd \u0111\u1ebfn v\u1edbi mi\u1ec1n \u0111\u1ea5t xanh t\u01b0\u01a1i c\u00f3 t\u00ean g\u1ecdi x\u1ee9 Oz. Dorothy g\u1eb7p nh\u1eefng ng\u01b0\u1eddi Munchkin v\u00e0 \u0111\u01b0\u1ee3c h\u1ecd cho bi\u1ebft, mu\u1ed1n tr\u1edf v\u1ec1 nh\u00e0, em h\u00e3y \u0111i theo con \u0111\u01b0\u1eddng G\u1ea1ch V\u00e0ng \u0111\u1ebfn th\u00e0nh ph\u1ed1 Ng\u1ecdc L\u1ee5c B\u1ea3o nh\u1edd Ph\u00e1p S\u01b0 Oz Quy\u1ec1n N\u0103ng gi\u00fap \u0111\u1ee1.<\/p>\n<p>Tr\u00ean \u0111\u01b0\u1eddng \u0111i, Dorothy k\u1ebft b\u1ea1n v\u1edbi B\u00f9 Nh\u00ecn, Ng\u01b0\u1eddi Thi\u1ebfc, S\u01b0 T\u1eed Nh\u00e1t Gan. M\u1ed7i ng\u01b0\u1eddi \u0111\u1ec1u mang trong m\u00ecnh m\u1ed9t kh\u00e1t khao ch\u00e1y b\u1ecfng v\u00e0 s\u1eb5n l\u00f2ng v\u01b0\u1ee3t m\u1ecdi ch\u00f4ng gai \u0111\u1ec3 \u0111\u1ea1t \u0111\u01b0\u1ee3c nguy\u1ec7n \u01b0\u1edbc.<\/p>\n<p>T\u1eeb \u0111\u00e2y b\u1eaft \u0111\u1ea7u h\u00e0nh tr\u00ecnh gian nan nh\u01b0ng c\u0169ng \u0111\u1ea7y k\u1ef3 th\u00fa c\u1ee7a Dorothy, Toto v\u00e0 c\u00e1c b\u1ea1n, c\u00f9ng nhau v\u01b0\u1ee3t qua \u0111\u1ed3ng hoa ch\u1ebft ch\u00f3c, chi\u1ebfn th\u1eafng qu\u00e1i th\u00fa hung b\u1ea1o, ti\u00eau di\u1ec7t Ph\u00f9 Th\u1ee7y \u0110\u1ed9c \u00c1c, \u0111\u1ed1i m\u1eb7t v\u1edbi Ph\u00e1p S\u01b0 Oz h\u00f9ng m\u1ea1nh \u0111\u1ec3 ch\u1ea1m t\u1edbi \u01b0\u1edbc m\u01a1\u2026<\/p>\n<p>T\u1ea5t c\u1ea3 \u0111\u00e3 l\u00e0m n\u00ean m\u1ed9t Ph\u00f9 th\u1ee7y x\u1ee9 Oz h\u1ea5p d\u1eabn tuy\u1ec7t v\u1eddi, t\u00e1c ph\u1ea9m \u0111\u01b0\u1ee3c ng\u1ee3i ca l\u00e0 \u201cc\u00e2u chuy\u1ec7n th\u1ea7n ti\u00ean n\u1ed5i ti\u1ebfng nh\u1ea5t m\u1ecdi th\u1eddi \u0111\u1ea1i c\u1ee7a n\u01b0\u1edbc M\u1ef9\u201d.<\/p>\n","protected":false},"excerpt":{"rendered":"<p>Dorothy l\u00e0 c\u00f4 b\u00e9 m\u1ed3 c\u00f4i s\u1ed1ng c\u00f9ng ch\u00fa th\u00edm trong trang tr\u1ea1i nh\u1ecf n\u1eb1m gi\u1eefa v\u00f9ng th\u1ea3o nguy\u00ean Kansas bao la.<\/p>\n<p>Ng\u00e0y n\u1ecd, m\u1ed9t c\u01a1n l\u1ed1c xo\u00e1y b\u1ea5t ng\u1edd xu\u1ea5t hi\u1ec7n, cu\u1ed1n bay c\u0103n nh\u00e0 c\u00f3 Dorothy v\u00e0 ch\u00fa ch\u00f3 nh\u1ecf Toto b\u00ean trong, \u0111\u01b0a h\u1ecd \u0111\u1ebfn v\u1edbi mi\u1ec1n \u0111\u1ea5t xanh t\u01b0\u01a1i c\u00f3 t\u00ean g\u1ecdi x\u1ee9 Oz. Dorothy g\u1eb7p nh\u1eefng ng\u01b0\u1eddi Munchkin v\u00e0 \u0111\u01b0\u1ee3c h\u1ecd cho bi\u1ebft, mu\u1ed1n tr\u1edf v\u1ec1 nh\u00e0, em h\u00e3y \u0111i theo con \u0111\u01b0\u1eddng G\u1ea1ch V\u00e0ng \u0111\u1ebfn th\u00e0nh ph\u1ed1 Ng\u1ecdc L\u1ee5c B\u1ea3o nh\u1edd Ph\u00e1p S\u01b0 Oz Quy\u1ec1n N\u0103ng gi\u00fap \u0111\u1ee1.<\/p>\n<p>Tr\u00ean \u0111\u01b0\u1eddng \u0111i, Dorothy k\u1ebft b\u1ea1n v\u1edbi B\u00f9 Nh\u00ecn, Ng\u01b0\u1eddi Thi\u1ebfc, S\u01b0 T\u1eed Nh\u00e1t Gan. M\u1ed7i ng\u01b0\u1eddi \u0111\u1ec1u mang trong m\u00ecnh m\u1ed9t kh\u00e1t khao ch\u00e1y b\u1ecfng v\u00e0 s\u1eb5n l\u00f2ng v\u01b0\u1ee3t m\u1ecdi ch\u00f4ng gai \u0111\u1ec3 \u0111\u1ea1t \u0111\u01b0\u1ee3c nguy\u1ec7n \u01b0\u1edbc.<\/p>\n<p>T\u1eeb \u0111\u00e2y b\u1eaft \u0111\u1ea7u h\u00e0nh tr\u00ecnh gian nan nh\u01b0ng c\u0169ng \u0111\u1ea7y k\u1ef3 th\u00fa c\u1ee7a Dorothy, Toto v\u00e0 c\u00e1c b\u1ea1n, c\u00f9ng nhau v\u01b0\u1ee3t qua \u0111\u1ed3ng hoa ch\u1ebft ch\u00f3c, chi\u1ebfn th\u1eafng qu\u00e1i th\u00fa hung b\u1ea1o, ti\u00eau di\u1ec7t Ph\u00f9 Th\u1ee7y \u0110\u1ed9c \u00c1c, \u0111\u1ed1i m\u1eb7t v\u1edbi Ph\u00e1p S\u01b0 Oz h\u00f9ng m\u1ea1nh \u0111\u1ec3 ch\u1ea1m t\u1edbi \u01b0\u1edbc m\u01a1\u2026<\/p>\n<p>T\u1ea5t c\u1ea3 \u0111\u00e3 l\u00e0m n\u00ean m\u1ed9t Ph\u00f9 th\u1ee7y x\u1ee9 Oz h\u1ea5p d\u1eabn tuy\u1ec7t v\u1eddi, t\u00e1c ph\u1ea9m \u0111\u01b0\u1ee3c ng\u1ee3i ca l\u00e0 \u201cc\u00e2u chuy\u1ec7n th\u1ea7n ti\u00ean n\u1ed5i ti\u1ebfng nh\u1ea5t m\u1ecdi th\u1eddi \u0111\u1ea1i c\u1ee7a n\u01b0\u1edbc M\u1ef9\u201d.<\/p>\n","protected":false},"featured_media":17761,"template":"","meta":{"_acf_changed":false},"product_brand":[],"product_cat":[25,17,26,77],"product_tag":[],"class_list":{"0":"post-17762","1":"product","2":"type-product","3":"status-publish","4":"has-post-thumbnail","6":"product_cat-nhi-dong-6-tuoi-12-tuoi","7":"product_cat-sach-danh-cho-cac-be","8":"product_cat-thieu-nien-11-tuoi-18-tuoi","9":"product_cat-van-hoc-kinh-dien","11":"first","12":"outofstock","13":"taxable","14":"shipping-taxable","15":"purchasable","16":"product-type-simple"},"supplier_id":null,"supplier_sku":"","barcode":null,"atum_controlled":true,"out_stock_date":"2024-08-12 06:59:36","out_stock_threshold":null,"inheritable":false,"inbound_stock":0,"stock_on_hold":0,"sold_today":0,"sales_last_days":0,"reserved_stock":0,"customer_returns":0,"warehouse_damage":0,"lost_in_post":0,"other_logs":0,"out_stock_days":534,"lost_sales":0,"has_location":true,"update_date":"2026-01-28T23:11:20","atum_locations":[{"id":32,"name":"Helsinki","slug":"helsinki"}],"atum_stock_status":"outofstock","restock_status":false,"low_stock_amount":"","sales_update_date":"2026-01-28T23:11:20","calc_backorders":null,"acf":{"publisher":{"ID":1470,"post_author":"2","post_date":"2021-02-17 01:12:47","post_date_gmt":"2021-02-16 23:12:47","post_content":"<!-- wp:flatsome\/uxbuilder -->\n<h1 style=\"text-align: center\"><strong>\u0110inh T\u1ecb<\/strong><\/h1>\n[row]\n\n[col span=\"4\" span__sm=\"12\"]\n\n[ux_image id=\"1831\" image_size=\"medium\"]\n\n\n[\/col]\n[col span=\"8\" span__sm=\"12\"]\n\n<p><strong>\u0110inh T\u1ecb Books - Ti\u00ean phong s\u00e1ng t\u1ea1o<\/strong><\/p>\n<p>Th\u00e0nh l\u1eadp n\u0103m 2006, t\u1edbi nay \u0110inh T\u1ecb Books \u0111\u01b0\u1ee3c \u0111\u00e1nh gi\u1ea3 l\u00e0 \u0111\u01a1n v\u1ecb xu\u1ea5t b\u1ea3n uy t\u00edn c\u00f3 t\u1ed1c \u0111\u1ed9 ph\u00e1t tri\u1ec3n nhanh nh\u1ea5t g\u1eafn v\u1edbi th\u00e0nh c\u00f4ng c\u1ee7a hai t\u1ee7 s\u00e1ch l\u1edbn: T\u1ee7 s\u00e1ch Thi\u1ebfu nhi - T\u1ee7 s\u00e1ch V\u0103n h\u1ecdc. Trong \u0111\u00f3 ph\u1ea3i k\u1ec3 t\u1edbi b\u01b0\u1edbc chuy\u1ec3n m\u00ecnh \u0111\u1ea7y \u1ea5n t\u01b0\u1ee3ng, tr\u1edf th\u00e0nh \u0111\u01a1n v\u1ecb ti\u00ean phong s\u00e1ng t\u1ea1o d\u00f2ng S\u00c1CH T\u01af\u01a0NG T\u00c1C thi\u1ebfu nhi. V\u1edbi h\u01a1n 300 t\u1ef1a s\u00e1ch t\u01b0\u01a1ng t\u00e1c \u0111ang l\u01b0u h\u00e0nh, \u0110inh T\u1ecb Books \u0111\u00e3 mang \u0111\u1ebfn nh\u1eefng gi\u00e1 tr\u1ecb tr\u1ea3i nghi\u1ec7m tuy\u1ec7t v\u1eddi, \u0111\u01b0a vi\u1ec7c h\u1ecdc v\u00e0 ch\u01a1i c\u00f9ng s\u00e1ch tr\u1edf n\u00ean hi\u1ec7u qu\u1ea3 h\u01a1n, gi\u00fap tr\u1ebb th\u00f4ng minh, t\u0103ng tr\u01b0\u1edfng c\u00e1c ch\u1ec9 s\u1ed1 IQ, EQ.<\/p>\n<p><strong>Th\u1ebf m\u1ea1nh c\u1ee7a \u0110inh T\u1ecb Books<\/strong><\/p>\n<p>V\u1edbi kinh nghi\u1ec7m nhi\u1ec1u n\u0103m trong ng\u00e0nh xu\u1ea5t b\u1ea3n, \u0110inh T\u1ecb Books tin r\u1eb1ng c\u00e1c b\u1eadc cha m\u1eb9 lu\u00f4n d\u00e0nh nh\u1eefng \u0111i\u1ec1u t\u1ed1t \u0111\u1eb9p nh\u1ea5t cho c\u00e1c con c\u1ee7a m\u00ecnh. \u0110\u1ecdc s\u00e1ch c\u00f9ng con lu\u00f4n l\u00e0 l\u1ef1a ch\u1ecdn h\u00e0ng \u0111\u1ea7u gi\u00fap g\u1eafn k\u1ebft t\u00ecnh y\u00eau th\u01b0\u01a1ng \u0111\u1ed3ng th\u1eddi gi\u00fap con nu\u00f4i d\u01b0\u1ee1ng ni\u1ec1m \u0111am m\u00ea v\u1edbi s\u00e1ch.<\/p>\n\n[\/col]\n\n[\/row]\n<p><strong>T\u00ecnh y\u00eau l\u1edbn d\u00e0nh cho nh\u1eefng cu\u1ed1n s\u00e1ch.<\/strong><\/p>\n<p>Xu\u1ea5t ph\u00e1t t\u1eeb t\u00ecnh y\u00eau v\u1edbi nh\u1eefng cu\u1ed1n s\u00e1ch, l\u00f2ng t\u1eadn t\u00e2m mu\u1ed1n g\u00ecn gi\u1eef nh\u1eefng gi\u00e1 tr\u1ecb v\u0103n h\u00f3a truy\u1ec1n th\u1ed1ng c\u1ee7a Vi\u1ec7t Nam, mong mu\u1ed1n \u0111\u01b0a nh\u1eefng gi\u00e1 tr\u1ecb \u0111\u1eadm ch\u1ea5t Vi\u1ec7t Nam \u0111\u1ebfn v\u1edbi tr\u1ebb em Vi\u1ec7t, c\u00e1c th\u00e0nh vi\u00ean s\u00e1ng t\u1ea1o c\u1ee7a \u0110inh T\u1ecb Books \u0111\u00e3 kh\u00f4ng ng\u1eebng n\u1ed7 l\u1ef1c, t\u00ecm t\u00f2i v\u00e0 h\u1ecdc h\u1ecfi, \u0111\u1ec3 \u0111\u01b0a nh\u1eefng cu\u1ed1n s\u00e1ch \u201c100% made in Vietnam\u201d \u0111\u1ebfn v\u1edbi tr\u1ebb em Vi\u1ec7t. C\u00e1c ki\u1ebfn th\u1ee9c b\u1ed5 \u00edch \u0111\u01b0\u1ee3c truy\u1ec1n t\u1ea3i th\u00f4ng qua nh\u1eefng t\u01b0\u01a1ng t\u00e1c th\u00fa v\u1ecb gi\u00fap tr\u1ebb nh\u1edb l\u00e2u h\u01a1n, h\u1ecdc t\u1ed1t h\u01a1n.<\/p>\n<p>Nh\u1eadn ra \u0111\u01b0\u1ee3c s\u1ee9 m\u1ec7nh v\u00e0 t\u1ea7m nh\u00ecn c\u1ee7a \u0110inh T\u1ecb, <strong>SACHVIET.EU<\/strong> \u0111\u00e3 li\u00ean l\u1ea1c v\u1edbi \u0110inh T\u1ecb \u0111\u1ec3 \u0111\u01b0\u1ee3c h\u1ed7 tr\u1ee3 \u0111\u01b0a nh\u1eefng cu\u1ed1n s\u00e1ch mang gi\u00e1 tr\u1ecb \u0111\u1eadm ch\u1ea5t Vi\u1ec7t Nam \u0111\u1ebfn v\u1edbi tr\u1ebb em Vi\u1ec7t v\u00e0 c\u1ed9ng \u0111\u1ed3ng Vi\u1ec7t s\u1ed1ng t\u1ea1i Ch\u00e2u \u00c2u. SACHVIET.EU \u0111\u1eb7t l\u00f2ng tin \u1edf \u0110inh T\u1ecb s\u1ebd lu\u00f4n \u0111em \u0111\u1ebfn nh\u1eefng gi\u00e1 tr\u1ecb cao qua t\u1eebng trang s\u00e1ch v\u00e0 hy v\u1ecdng \u0111\u1ed9c gi\u1ea3 s\u1ebd lu\u00f4n h\u00e0i l\u00f2ng v\u1edbi ch\u1ea5t l\u01b0\u1ee3ng m\u00e0 \u0110inh T\u1ecb theo \u0111u\u1ed5i bao n\u0103m qua.<\/p>\n\n<!-- \/wp:flatsome\/uxbuilder -->","post_title":"\u0110inh T\u1ecb","post_excerpt":"","post_status":"publish","comment_status":"closed","ping_status":"closed","post_password":"","post_name":"dinh-ti","to_ping":"","pinged":"","post_modified":"2022-12-19 23:15:43","post_modified_gmt":"2022-12-19 21:15:43","post_content_filtered":"","post_parent":0,"guid":"https:\/\/sachviet.eu\/nha-phat-hanh\/dinh-ti\/","menu_order":0,"post_type":"publisher","post_mime_type":"","comment_count":"0","filter":"raw"}},"_links":{"self":[{"href":"https:\/\/sachviet.eu\/en\/wp-json\/wp\/v2\/product\/17762","targetHints":{"allow":["GET"]}}],"collection":[{"href":"https:\/\/sachviet.eu\/en\/wp-json\/wp\/v2\/product"}],"about":[{"href":"https:\/\/sachviet.eu\/en\/wp-json\/wp\/v2\/types\/product"}],"wp:featuredmedia":[{"embeddable":true,"href":"https:\/\/sachviet.eu\/en\/wp-json\/wp\/v2\/media\/17761"}],"wp:attachment":[{"href":"https:\/\/sachviet.eu\/en\/wp-json\/wp\/v2\/media?parent=17762"}],"wp:term":[{"taxonomy":"product_brand","embeddable":true,"href":"https:\/\/sachviet.eu\/en\/wp-json\/wp\/v2\/product_brand?post=17762"},{"taxonomy":"product_cat","embeddable":true,"href":"https:\/\/sachviet.eu\/en\/wp-json\/wp\/v2\/product_cat?post=17762"},{"taxonomy":"product_tag","embeddable":true,"href":"https:\/\/sachviet.eu\/en\/wp-json\/wp\/v2\/product_tag?post=17762"}],"curies":[{"name":"wp","href":"https:\/\/api.w.org\/{rel}","templated":true}]}}