{"id":17687,"date":"2022-04-04T17:29:58","date_gmt":"2022-04-04T14:29:58","guid":{"rendered":"https:\/\/sachviet.eu\/shop\/ganh-ganh-gong-gong\/"},"modified":"2022-04-04T22:39:58","modified_gmt":"2022-04-04T19:39:58","slug":"ganh-ganh-gong-gong","status":"publish","type":"product","link":"https:\/\/sachviet.eu\/en\/shop\/ganh-ganh-gong-gong\/","title":{"rendered":"G\u00e1nh G\u00e1nh&#8230; G\u1ed3ng G\u1ed3ng&#8230;"},"content":{"rendered":"<p>Cu\u1ed1n h\u1ed3i k\u00fd g\u1ed3m nh\u1eefng c\u00e2u chuy\u1ec7n v\u1ec1 nh\u1eefng th\u0103ng tr\u1ea7m cu\u1ed9c \u0111\u1eddi c\u1ee7a b\u00e0 Nguy\u1ec5n Th\u1ecb Xu\u00e2n Ph\u01b0\u1ee3ng t\u1eeb n\u0103m 1945. V\u00e0o nh\u1eefng n\u0103m 1967, khi \u0111ang l\u00e0 b\u00e1c s\u0129 c\u00f4ng t\u00e1c t\u1ea1i \u1ee6y ban Li\u00ean l\u1ea1c v\u0103n h\u00f3a v\u1edbi ng\u01b0\u1eddi n\u01b0\u1edbc ngo\u00e0i, do gi\u1ecfi ti\u1ebfng Ph\u00e1p, b\u00e0 Nguy\u1ec5n Th\u1ecb Xu\u00e2n Ph\u01b0\u1ee3ng \u0111\u01b0\u1ee3c Ch\u1ee7 t\u1ecbch H\u1ed3 Ch\u00ed Minh giao tr\u1ecdng tr\u00e1ch ch\u0103m s\u00f3c s\u1ee9c kh\u1ecfe cho v\u1ee3 ch\u1ed3ng \u0111\u1ea1o di\u1ec5n ng\u01b0\u1eddi H\u00e0 Lan Joris Ivens v\u00e0 Marceline Loridan khi h\u1ecd l\u00e0m phim t\u1ea1i V\u0129nh Linh. C\u01a1 duy\u00ean n\u00e0y \u0111\u00e3 t\u1ea1o n\u00ean b\u01b0\u1edbc ngo\u1eb7t, khi\u1ebfn b\u00e0 quy\u1ebft \u0111\u1ecbnh tr\u1edf th\u00e0nh n\u1eef \u0111\u1ea1o di\u1ec5n phim t\u00e0i li\u1ec7u. N\u0103m 1968, b\u00e0 tr\u1edf th\u00e0nh n\u1eef \u0111\u1ea1o di\u1ec5n, ph\u00f3ng vi\u00ean chi\u1ebfn tr\u01b0\u1eddng duy nh\u1ea5t \u1edf Vi\u1ec7t Nam l\u00e0m vi\u1ec7c t\u1ea1i Ph\u00f2ng Truy\u1ec1n h\u00ecnh, ti\u1ec1n th\u00e2n c\u1ee7a \u0110\u00e0i truy\u1ec1n h\u00ecnh Vi\u1ec7t Nam b\u00e2y gi\u1edd. B\u00e0 \u0111\u00e3 th\u1ef1c hi\u1ec7n h\u00e0ng lo\u1ea1t phim t\u00e0i li\u1ec7u mang t\u00ednh th\u1eddi s\u1ef1, ph\u1ea3n \u00e1nh nh\u1eefng s\u1ef1 ki\u1ec7n chi\u1ebfn s\u1ef1 t\u1ea1i chi\u1ebfn tr\u01b0\u1eddng Campuchia, bi\u00ean gi\u1edbi ph\u00eda b\u1eafc, v\u00e0 l\u00e0 m\u1ed9t trong nh\u1eefng ph\u00f3ng vi\u00ean \u0111\u1ea7u ti\u00ean v\u00e0o Dinh \u0110\u1ed9c l\u1eadp theo trung \u0111o\u00e0n xe t\u0103ng v\u00e0o ng\u00e0y 30.4.1975\u2026<\/p>\n","protected":false},"excerpt":{"rendered":"<p>Cu\u1ed1n h\u1ed3i k\u00fd g\u1ed3m nh\u1eefng c\u00e2u chuy\u1ec7n v\u1ec1 nh\u1eefng th\u0103ng tr\u1ea7m cu\u1ed9c \u0111\u1eddi c\u1ee7a b\u00e0 Nguy\u1ec5n Th\u1ecb Xu\u00e2n Ph\u01b0\u1ee3ng t\u1eeb n\u0103m 1945. V\u00e0o nh\u1eefng n\u0103m 1967, khi \u0111ang l\u00e0 b\u00e1c s\u0129 c\u00f4ng t\u00e1c t\u1ea1i \u1ee6y ban Li\u00ean l\u1ea1c v\u0103n h\u00f3a v\u1edbi ng\u01b0\u1eddi n\u01b0\u1edbc ngo\u00e0i, do gi\u1ecfi ti\u1ebfng Ph\u00e1p, b\u00e0 Nguy\u1ec5n Th\u1ecb Xu\u00e2n Ph\u01b0\u1ee3ng \u0111\u01b0\u1ee3c Ch\u1ee7 t\u1ecbch H\u1ed3 Ch\u00ed Minh giao tr\u1ecdng tr\u00e1ch ch\u0103m s\u00f3c s\u1ee9c kh\u1ecfe cho v\u1ee3 ch\u1ed3ng \u0111\u1ea1o di\u1ec5n ng\u01b0\u1eddi H\u00e0 Lan Joris Ivens v\u00e0 Marceline Loridan khi h\u1ecd l\u00e0m phim t\u1ea1i V\u0129nh Linh. C\u01a1 duy\u00ean n\u00e0y \u0111\u00e3 t\u1ea1o n\u00ean b\u01b0\u1edbc ngo\u1eb7t, khi\u1ebfn b\u00e0 quy\u1ebft \u0111\u1ecbnh tr\u1edf th\u00e0nh n\u1eef \u0111\u1ea1o di\u1ec5n phim t\u00e0i li\u1ec7u. N\u0103m 1968, b\u00e0 tr\u1edf th\u00e0nh n\u1eef \u0111\u1ea1o di\u1ec5n, ph\u00f3ng vi\u00ean chi\u1ebfn tr\u01b0\u1eddng duy nh\u1ea5t \u1edf Vi\u1ec7t Nam l\u00e0m vi\u1ec7c t\u1ea1i Ph\u00f2ng Truy\u1ec1n h\u00ecnh, ti\u1ec1n th\u00e2n c\u1ee7a \u0110\u00e0i truy\u1ec1n h\u00ecnh Vi\u1ec7t Nam b\u00e2y gi\u1edd. B\u00e0 \u0111\u00e3 th\u1ef1c hi\u1ec7n h\u00e0ng lo\u1ea1t phim t\u00e0i li\u1ec7u mang t\u00ednh th\u1eddi s\u1ef1, ph\u1ea3n \u00e1nh nh\u1eefng s\u1ef1 ki\u1ec7n chi\u1ebfn s\u1ef1 t\u1ea1i chi\u1ebfn tr\u01b0\u1eddng Campuchia, bi\u00ean gi\u1edbi ph\u00eda b\u1eafc, v\u00e0 l\u00e0 m\u1ed9t trong nh\u1eefng ph\u00f3ng vi\u00ean \u0111\u1ea7u ti\u00ean v\u00e0o Dinh \u0110\u1ed9c l\u1eadp theo trung \u0111o\u00e0n xe t\u0103ng v\u00e0o ng\u00e0y 30.4.1975\u2026<\/p>\n","protected":false},"featured_media":17686,"template":"","meta":{"_acf_changed":false},"product_brand":[],"product_cat":[15,47],"product_tag":[],"class_list":{"0":"post-17687","1":"product","2":"type-product","3":"status-publish","4":"has-post-thumbnail","6":"product_cat-sach-danh-cho-nguoi-lon","7":"product_cat-truyen-ngan-tan-van","9":"first","10":"outofstock","11":"taxable","12":"shipping-taxable","13":"purchasable","14":"product-type-simple"},"supplier_id":null,"supplier_sku":"","barcode":null,"atum_controlled":true,"out_stock_date":"2022-04-04 16:39:59","out_stock_threshold":null,"inheritable":false,"inbound_stock":0,"stock_on_hold":0,"sold_today":0,"sales_last_days":0,"reserved_stock":0,"customer_returns":0,"warehouse_damage":0,"lost_in_post":0,"other_logs":0,"out_stock_days":1395,"lost_sales":0,"has_location":false,"update_date":"2026-01-28T23:11:00","atum_locations":[],"atum_stock_status":"outofstock","restock_status":false,"low_stock_amount":"","sales_update_date":"2026-01-28T23:11:00","calc_backorders":null,"acf":{"publisher":{"ID":17685,"post_author":"1","post_date":"2022-04-04 17:29:54","post_date_gmt":"2022-04-04 14:29:54","post_content":"","post_title":"NXB V\u0103n H\u00f3a","post_excerpt":"","post_status":"publish","comment_status":"closed","ping_status":"closed","post_password":"","post_name":"nxb-van-hoa","to_ping":"","pinged":"","post_modified":"2022-04-04 17:29:54","post_modified_gmt":"2022-04-04 14:29:54","post_content_filtered":"","post_parent":0,"guid":"https:\/\/sachviet.eu\/nha-phat-hanh\/nxb-van-hoa\/","menu_order":0,"post_type":"publisher","post_mime_type":"","comment_count":"0","filter":"raw"}},"_links":{"self":[{"href":"https:\/\/sachviet.eu\/en\/wp-json\/wp\/v2\/product\/17687","targetHints":{"allow":["GET"]}}],"collection":[{"href":"https:\/\/sachviet.eu\/en\/wp-json\/wp\/v2\/product"}],"about":[{"href":"https:\/\/sachviet.eu\/en\/wp-json\/wp\/v2\/types\/product"}],"wp:featuredmedia":[{"embeddable":true,"href":"https:\/\/sachviet.eu\/en\/wp-json\/wp\/v2\/media\/17686"}],"wp:attachment":[{"href":"https:\/\/sachviet.eu\/en\/wp-json\/wp\/v2\/media?parent=17687"}],"wp:term":[{"taxonomy":"product_brand","embeddable":true,"href":"https:\/\/sachviet.eu\/en\/wp-json\/wp\/v2\/product_brand?post=17687"},{"taxonomy":"product_cat","embeddable":true,"href":"https:\/\/sachviet.eu\/en\/wp-json\/wp\/v2\/product_cat?post=17687"},{"taxonomy":"product_tag","embeddable":true,"href":"https:\/\/sachviet.eu\/en\/wp-json\/wp\/v2\/product_tag?post=17687"}],"curies":[{"name":"wp","href":"https:\/\/api.w.org\/{rel}","templated":true}]}}