{"id":17684,"date":"2022-04-04T17:29:52","date_gmt":"2022-04-04T14:29:52","guid":{"rendered":"https:\/\/sachviet.eu\/shop\/dau-mo-tien-bac-va-quyen-luc-bia-cung\/"},"modified":"2022-04-06T19:34:47","modified_gmt":"2022-04-06T16:34:47","slug":"dau-mo-tien-bac-va-quyen-luc-bia-cung","status":"publish","type":"product","link":"https:\/\/sachviet.eu\/en\/shop\/dau-mo-tien-bac-va-quyen-luc-bia-cung\/","title":{"rendered":"D\u1ea7u M\u1ecf, Ti\u1ec1n B\u1ea1c V\u00e0 Quy\u1ec1n L\u1ef1c (B\u00eca C\u1ee9ng)"},"content":{"rendered":"<p>D\u1ea7u m\u1ecf, ti\u1ec1n b\u1ea1c v\u00e0 quy\u1ec1n l\u1ef1c kh\u1eafc h\u1ecda to\u00e0n c\u1ea3nh l\u1ecbch s\u1eed ng\u00e0nh c\u00f4ng nghi\u1ec7p d\u1ea7u m\u1ecf &#8211; cu\u1ed9c giao tranh gi\u00e0nh ti\u1ec1n b\u1ea1c v\u00e0 quy\u1ec1n l\u1ef1c c\u00f3 xung quanh v\u1ea5n \u0111\u1ec1 d\u1ea7u m\u1ecf. Cu\u1ed9c chi\u1ebfn n\u00e0y \u0111\u00e3 l\u00e0m rung chuy\u1ec3n n\u1ec1n kinh t\u1ebf to\u00e0n c\u1ea7u, ph\u1ea3n \u00e1nh h\u1eadu qu\u1ea3 c\u1ee7a c\u00e1c cu\u1ed9c chi\u1ebfn tranh th\u1ebf gi\u1edbi v\u00e0 khu v\u1ef1c, \u0111\u1ed3ng th\u1eddi thay \u0111\u1ed5i v\u1eadn m\u1ec7nh nh\u00e2n lo\u1ea1i n\u00f3i chung v\u00e0 c\u00e1c qu\u1ed1c gia n\u00f3i ri\u00eang.<\/p>\n<p>D\u1ea7u m\u1ecf, ti\u1ec1n b\u1ea1c v\u00e0 quy\u1ec1n l\u1ef1c l\u00e0 m\u1ed9t b\u1ee9c tranh v\u1ec1 l\u1ecbch s\u1eed th\u1ebf k\u1ef7 XX, c\u0169ng l\u00e0 v\u1ec1 ng\u00e0nh c\u00f4ng nghi\u1ec7p d\u1ea7u m\u1ecf. B\u1ee9c h\u1ecda kh\u1ed5ng l\u1ed3 n\u00e0y t\u00e1i hi\u1ec7n l\u1ecbch s\u1eed t\u1eeb khi ng\u01b0\u1eddi ta khoan gi\u1ebfng d\u1ea7u \u0111\u1ea7u ti\u00ean \u1edf Pennsylvania, tr\u1ea3i qua hai cu\u1ed9c \u0111\u1ea1i chi\u1ebfn, t\u1edbi khi Iraq x\u00e2m l\u01b0\u1ee3c Kuwait v\u00e0 Chi\u1ebfn d\u1ecbch b\u00e3o t\u00e1p sa m\u1ea1c.<\/p>\n<p>Nhi\u1ec1u nh\u00e2n v\u1eadt l\u1ecbch s\u1eed xu\u1ea5t hi\u1ec7n trong cu\u1ed1n s\u00e1ch, t\u1eeb nh\u1eefng ng\u01b0\u1eddi li\u1ec1u m\u1ea1ng \u0111i t\u00ecm d\u1ea7u m\u1ecf, nh\u1eefng k\u1ebb l\u1eeba \u0111\u1ea3o t\u1edbi nh\u1eefng \u00f4ng vua d\u1ea7u m\u1ecf, t\u1eeb c\u1ef1u Th\u1ee7 t\u01b0\u1edbng Anh Winston Churchill, v\u00e0 Qu\u1ed1c v\u01b0\u01a1ng \u1ea2-r\u1eadp X\u00ea-\u00fat Ibn Saud, t\u1edbi T\u1ed5ng th\u1ed1ng M\u1ef9 George Bush v\u00e0 c\u1ef1u T\u1ed5ng th\u1ed1ng Iraq Saddam Hussein. L\u00e0 cu\u1ed1n s\u00e1ch \u0111\u1ed3 s\u1ed9 v\u00e0 h\u00f9ng tr\u00e1ng v\u1ec1 ch\u1ee7 \u0111\u1ec1 d\u1ea7u m\u1ecf \u0111\u1ea7y b\u00ed \u1ea9n, l\u00f4i cu\u1ed1n v\u00e0 mang t\u00ednh s\u1ed1ng c\u00f2n v\u1edbi th\u1ebf gi\u1edbi, D\u1ea7u m\u1ecf, ti\u1ec1n b\u1ea1c v\u00e0 quy\u1ec1n l\u1ef1c kh\u00f4ng ch\u1ec9 tr\u00ecnh b\u00e0y nh\u1eefng nh\u1eadn th\u1ee9c c\u01a1 b\u1ea3n v\u1ec1 d\u1ea7u m\u1ecf, v\u1ec1 quy\u1ec1n l\u1ef1c, v\u1ec1 ti\u1ec1n b\u1ea1c m\u00e0 c\u00f2n v\u1ec1 c\u1ea3 th\u1ebf k\u1ef7 XX. T\u00e1c ph\u1ea9m c\u00f3 s\u1ee9c kh\u00e1i qu\u00e1t \u0111\u1eb7c bi\u1ec7t, t\u1ea7m quan tr\u1ecdng to l\u1edbn v\u00e0 l\u00f4i cu\u1ed1n t\u1edbi m\u1ee9c m\u00ea ho\u1eb7c.<\/p>\n<p>D\u1ea7u m\u1ecf, ti\u1ec1n b\u1ea1c v\u00e0 quy\u1ec1n l\u1ef1c \u0111\u00e3 \u0111\u01b0\u1ee3c h\u00e3ng PBS d\u1ef1ng th\u00e0nh b\u1ed9 phim c\u00f9ng t\u00ean v\u00e0 \u0111\u01b0\u1ee3c trao gi\u1ea3i Eccle cho t\u00e1c ph\u1ea9m kh\u00f4ng h\u01b0 c\u1ea5u xu\u1ea5t s\u1eafc nh\u1ea5t n\u0103m 1992.<\/p>\n","protected":false},"excerpt":{"rendered":"<p>D\u1ea7u m\u1ecf, ti\u1ec1n b\u1ea1c v\u00e0 quy\u1ec1n l\u1ef1c kh\u1eafc h\u1ecda to\u00e0n c\u1ea3nh l\u1ecbch s\u1eed ng\u00e0nh c\u00f4ng nghi\u1ec7p d\u1ea7u m\u1ecf &#8211; cu\u1ed9c giao tranh gi\u00e0nh ti\u1ec1n b\u1ea1c v\u00e0 quy\u1ec1n l\u1ef1c c\u00f3 xung quanh v\u1ea5n \u0111\u1ec1 d\u1ea7u m\u1ecf. Cu\u1ed9c chi\u1ebfn n\u00e0y \u0111\u00e3 l\u00e0m rung chuy\u1ec3n n\u1ec1n kinh t\u1ebf to\u00e0n c\u1ea7u, ph\u1ea3n \u00e1nh h\u1eadu qu\u1ea3 c\u1ee7a c\u00e1c cu\u1ed9c chi\u1ebfn tranh th\u1ebf gi\u1edbi v\u00e0 khu v\u1ef1c, \u0111\u1ed3ng th\u1eddi thay \u0111\u1ed5i v\u1eadn m\u1ec7nh nh\u00e2n lo\u1ea1i n\u00f3i chung v\u00e0 c\u00e1c qu\u1ed1c gia n\u00f3i ri\u00eang.<\/p>\n<p>D\u1ea7u m\u1ecf, ti\u1ec1n b\u1ea1c v\u00e0 quy\u1ec1n l\u1ef1c l\u00e0 m\u1ed9t b\u1ee9c tranh v\u1ec1 l\u1ecbch s\u1eed th\u1ebf k\u1ef7 XX, c\u0169ng l\u00e0 v\u1ec1 ng\u00e0nh c\u00f4ng nghi\u1ec7p d\u1ea7u m\u1ecf. B\u1ee9c h\u1ecda kh\u1ed5ng l\u1ed3 n\u00e0y t\u00e1i hi\u1ec7n l\u1ecbch s\u1eed t\u1eeb khi ng\u01b0\u1eddi ta khoan gi\u1ebfng d\u1ea7u \u0111\u1ea7u ti\u00ean \u1edf Pennsylvania, tr\u1ea3i qua hai cu\u1ed9c \u0111\u1ea1i chi\u1ebfn, t\u1edbi khi Iraq x\u00e2m l\u01b0\u1ee3c Kuwait v\u00e0 Chi\u1ebfn d\u1ecbch b\u00e3o t\u00e1p sa m\u1ea1c.<\/p>\n<p>Nhi\u1ec1u nh\u00e2n v\u1eadt l\u1ecbch s\u1eed xu\u1ea5t hi\u1ec7n trong cu\u1ed1n s\u00e1ch, t\u1eeb nh\u1eefng ng\u01b0\u1eddi li\u1ec1u m\u1ea1ng \u0111i t\u00ecm d\u1ea7u m\u1ecf, nh\u1eefng k\u1ebb l\u1eeba \u0111\u1ea3o t\u1edbi nh\u1eefng \u00f4ng vua d\u1ea7u m\u1ecf, t\u1eeb c\u1ef1u Th\u1ee7 t\u01b0\u1edbng Anh Winston Churchill, v\u00e0 Qu\u1ed1c v\u01b0\u01a1ng \u1ea2-r\u1eadp X\u00ea-\u00fat Ibn Saud, t\u1edbi T\u1ed5ng th\u1ed1ng M\u1ef9 George Bush v\u00e0 c\u1ef1u T\u1ed5ng th\u1ed1ng Iraq Saddam Hussein. L\u00e0 cu\u1ed1n s\u00e1ch \u0111\u1ed3 s\u1ed9 v\u00e0 h\u00f9ng tr\u00e1ng v\u1ec1 ch\u1ee7 \u0111\u1ec1 d\u1ea7u m\u1ecf \u0111\u1ea7y b\u00ed \u1ea9n, l\u00f4i cu\u1ed1n v\u00e0 mang t\u00ednh s\u1ed1ng c\u00f2n v\u1edbi th\u1ebf gi\u1edbi, D\u1ea7u m\u1ecf, ti\u1ec1n b\u1ea1c v\u00e0 quy\u1ec1n l\u1ef1c kh\u00f4ng ch\u1ec9 tr\u00ecnh b\u00e0y nh\u1eefng nh\u1eadn th\u1ee9c c\u01a1 b\u1ea3n v\u1ec1 d\u1ea7u m\u1ecf, v\u1ec1 quy\u1ec1n l\u1ef1c, v\u1ec1 ti\u1ec1n b\u1ea1c m\u00e0 c\u00f2n v\u1ec1 c\u1ea3 th\u1ebf k\u1ef7 XX. T\u00e1c ph\u1ea9m c\u00f3 s\u1ee9c kh\u00e1i qu\u00e1t \u0111\u1eb7c bi\u1ec7t, t\u1ea7m quan tr\u1ecdng to l\u1edbn v\u00e0 l\u00f4i cu\u1ed1n t\u1edbi m\u1ee9c m\u00ea ho\u1eb7c.<\/p>\n<p>D\u1ea7u m\u1ecf, ti\u1ec1n b\u1ea1c v\u00e0 quy\u1ec1n l\u1ef1c \u0111\u00e3 \u0111\u01b0\u1ee3c h\u00e3ng PBS d\u1ef1ng th\u00e0nh b\u1ed9 phim c\u00f9ng t\u00ean v\u00e0 \u0111\u01b0\u1ee3c trao gi\u1ea3i Eccle cho t\u00e1c ph\u1ea9m kh\u00f4ng h\u01b0 c\u1ea5u xu\u1ea5t s\u1eafc nh\u1ea5t n\u0103m 1992.<\/p>\n","protected":false},"featured_media":17683,"template":"","meta":{"_acf_changed":false},"product_brand":[],"product_cat":[18],"product_tag":[],"class_list":{"0":"post-17684","1":"product","2":"type-product","3":"status-publish","4":"has-post-thumbnail","6":"product_cat-kinh-te","8":"first","9":"outofstock","10":"taxable","11":"shipping-taxable","12":"purchasable","13":"product-type-simple"},"supplier_id":null,"supplier_sku":"","barcode":null,"atum_controlled":true,"out_stock_date":"2022-04-06 13:34:47","out_stock_threshold":null,"inheritable":false,"inbound_stock":0,"stock_on_hold":0,"sold_today":0,"sales_last_days":0,"reserved_stock":0,"customer_returns":0,"warehouse_damage":0,"lost_in_post":0,"other_logs":0,"out_stock_days":1393,"lost_sales":0,"has_location":false,"update_date":"2026-01-28T23:11:00","atum_locations":[],"atum_stock_status":"outofstock","restock_status":false,"low_stock_amount":"","sales_update_date":"2026-01-28T23:11:00","calc_backorders":null,"acf":{"publisher":{"ID":2817,"post_author":"1","post_date":"2021-02-27 00:00:35","post_date_gmt":"2021-02-26 22:00:35","post_content":"","post_title":"Alpha Books","post_excerpt":"","post_status":"publish","comment_status":"closed","ping_status":"closed","post_password":"","post_name":"alpha-books","to_ping":"","pinged":"","post_modified":"2021-02-27 00:00:35","post_modified_gmt":"2021-02-26 22:00:35","post_content_filtered":"","post_parent":0,"guid":"https:\/\/sachviet.eu\/nha-phat-hanh\/alpha-books\/","menu_order":0,"post_type":"publisher","post_mime_type":"","comment_count":"0","filter":"raw"}},"_links":{"self":[{"href":"https:\/\/sachviet.eu\/en\/wp-json\/wp\/v2\/product\/17684","targetHints":{"allow":["GET"]}}],"collection":[{"href":"https:\/\/sachviet.eu\/en\/wp-json\/wp\/v2\/product"}],"about":[{"href":"https:\/\/sachviet.eu\/en\/wp-json\/wp\/v2\/types\/product"}],"wp:featuredmedia":[{"embeddable":true,"href":"https:\/\/sachviet.eu\/en\/wp-json\/wp\/v2\/media\/17683"}],"wp:attachment":[{"href":"https:\/\/sachviet.eu\/en\/wp-json\/wp\/v2\/media?parent=17684"}],"wp:term":[{"taxonomy":"product_brand","embeddable":true,"href":"https:\/\/sachviet.eu\/en\/wp-json\/wp\/v2\/product_brand?post=17684"},{"taxonomy":"product_cat","embeddable":true,"href":"https:\/\/sachviet.eu\/en\/wp-json\/wp\/v2\/product_cat?post=17684"},{"taxonomy":"product_tag","embeddable":true,"href":"https:\/\/sachviet.eu\/en\/wp-json\/wp\/v2\/product_tag?post=17684"}],"curies":[{"name":"wp","href":"https:\/\/api.w.org\/{rel}","templated":true}]}}