{"id":17682,"date":"2022-04-04T17:29:46","date_gmt":"2022-04-04T14:29:46","guid":{"rendered":"https:\/\/sachviet.eu\/shop\/semantic-error-loi-logic-tap-1\/"},"modified":"2022-04-05T01:08:01","modified_gmt":"2022-04-04T22:08:01","slug":"semantic-error-loi-logic-tap-1","status":"publish","type":"product","link":"https:\/\/sachviet.eu\/en\/shop\/semantic-error-loi-logic-tap-1\/","title":{"rendered":"Semantic Error \u2013 L\u1ed7i Logic (T\u1eadp 1)"},"content":{"rendered":"<p>Chu Sang Woo l\u00e0 m\u1ed9t c\u1eadu nh\u00f3c sinh vi\u00ean n\u0103m nh\u1ea5t ng\u00e0nh l\u1eadp tr\u00ecnh m\u00e1y t\u00ednh, \u0111\u01b0\u1ee3c m\u1ec7nh danh l\u00e0 robot bi\u1ebft n\u00f3i ti\u1ebfng ng\u01b0\u1eddi c\u1ee7a Khoa l\u1eadp tr\u00ecnh v\u00ec t\u00ednh t\u00ecnh c\u1ee9ng nh\u1eafc c\u1ee7a m\u00ecnh. Trong m\u1ed9t b\u00e0i thuy\u1ebft tr\u00ecnh nh\u00f3m c\u1ee7a m\u1ed9t m\u00f4n si\u00eau ph\u1ee5, b\u1edfi v\u00ec t\u1ea5t c\u1ea3 c\u00e1c th\u00e0nh vi\u00ean \u0111\u1ec1u kh\u00f4ng l\u00e0m g\u00ec m\u00e0 \u0111\u1ea9y h\u1ebft vi\u1ec7c cho m\u1ed9t m\u00ecnh c\u1eadu, Sang Woo \u0111\u00e3 g\u1ea1ch to\u00e0n b\u1ed9 t\u00ean m\u1ecdi ng\u01b0\u1eddi ra kh\u1ecfi b\u00e0i t\u1eadp nh\u00f3m, trong \u0111\u00f3 c\u00f3 c\u1ea3 Jang Jae Young &#8211; thanh ni\u00ean sinh vi\u00ean n\u0103m cu\u1ed1i ch\u1ec9 c\u1ea7n c\u1ed1 n\u1ed1t 2 c\u00e1i t\u00edn ch\u1ec9 c\u1ee7a m\u00f4n n\u00e0y n\u1eefa th\u00f4i l\u00e0 \u0111\u1ee7 \u0111i\u1ec1u ki\u1ec7n t\u1ed1t nghi\u1ec7p.<\/p>\n<p>T\u00ecnh c\u1edd g\u1eb7p l\u1ea1i nhau trong m\u1ed9t project v\u1ec1 game, Jae Young nh\u1eadn ra ngay Sang Woo, v\u00ec c\u00f3 m\u1ed9t l\u1ea7n anh lang thang \u0111i ph\u1ecfng v\u1ea5n d\u01b0\u1edbi s\u00e2n tr\u01b0\u1eddng th\u00ec nh\u00ecn th\u1ea5y ngay m\u1ed9t &#8220;c\u00e1i g\u00e1y tr\u1eafng n\u00f5n&#8221; n\u00ean \u0111\u00e3 \u00e0o \u0111\u1ebfn b\u1eaft chuy\u1ec7n. Nh\u01b0ng bu\u1ed3n thay, d\u00f9 cho Jae Young c\u00f3 \u0111\u1eb9p trai, c\u00f3 xu\u1ea5t s\u1eafc, c\u00f3 nh\u1eadn \u0111\u01b0\u1ee3c gi\u1ea3i th\u01b0\u1edfng qu\u1ed1c t\u1ebf, th\u00ec Sang Woo v\u1eabn ch\u1eb3ng th\u1ec3 nh\u1eadn ra anh, v\u1eabn g\u1ecdi nh\u1ea7m t\u00ean anh th\u00e0nh Young Jae, v\u00e0 th\u1eadm ch\u00ed c\u00f2n ch\u1eb3ng th\u00e8m g\u1ecdi l\u00e0 &#8220;anh\u201d Sang Woo ng\u01b0\u1edbc l\u00ean, nh\u00ecn ch\u1eb1m ch\u1eb1m v\u00e0o k\u1ebft tinh c\u1ee7a t\u1ea5t c\u1ea3 nh\u1eefng \u0111i\u1ec1u v\u00f4 l\u00fd \u0111ang \u0111\u1ee9ng tr\u01b0\u1edbc m\u1eb7t c\u1eadu.<\/p>\n<p>\u201cM\u00f3n \u0103n gh\u00e9t nh\u1ea5t?\u201d<\/p>\n<p>\u201cPasta.\u201d<\/p>\n<p>Sang Woo kh\u00f4ng ph\u1ea3i l\u00e0 ng\u01b0\u1eddi k\u00e9n ch\u1ecdn \u0111\u1ed3 \u0103n, ch\u1ec9 l\u00e0 gi\u00e2y ph\u00fat n\u00e0y \u0111\u00e2y c\u1eadu \u0111ang c\u1ea3m th\u1ea5y ch\u00e1n gh\u00e9t t\u1ea5t c\u1ea3 m\u1ecdi th\u1ee9 li\u00ean quan \u0111\u1ebfn ng\u01b0\u1eddi n\u00e0y m\u00e0 th\u00f4i.<\/p>\n<p>\u201c\u0110\u1ecba \u0111i\u1ec3m gh\u00e9t nh\u1ea5t?\u201d<\/p>\n<p>\u201cB\u00e1n k\u00ednh 10m xung quanh ti\u1ec1n b\u1ed1i.\u201d<\/p>\n<p>\u201cV\u1eady n\u00ean l\u00e0m \u01a1n bi\u1ebfn gi\u00f9m c\u00e1i.\u201d<\/p>\n<p>Sau khi k\u1ebft th\u00fac m\u00e0n h\u1ecfi \u0111\u00e1p kh\u00f4 khan n\u00e0y,Jae Young n\u1edf m\u1ed9t n\u1ee5 c\u01b0\u1eddi c\u1ee9ng nh\u1eafc v\u00e0 th\u1ea5p gi\u1ecdng th\u00ec th\u1ea7m:<\/p>\n<p>\u201cC\u1eadu \u0111\u00fang l\u00e0 m\u1ed9t t\u00ean nh\u00f3c kh\u00f4ng b\u00ecnh th\u01b0\u1eddng. T\u00f4i \u0111\u00e3 \u0111\u1ecbnh cho qua m\u1ecdi chuy\u1ec7n, nh\u01b0ng gi\u1edd t\u00f4i \u0111\u1ed5i \u00fd r\u1ed3i. H\u00e3y c\u00f9ng ch\u00e0o \u0111\u00f3n h\u1ecdc k\u1ef3 sau nh\u00e9.\u201d<\/p>\n<p>Nh\u1eefng th\u00e0nh t\u00edch n\u1ed5i b\u1eadt c\u1ee7a SEMANTIC ERROR (L\u1ed6I LOGIC)<\/p>\n<p>T\u00e1c ph\u1ea9m \u0111\u1ea1t gi\u1ea3i th\u01b0\u1edfng cao nh\u1ea5t \u1edf h\u1ea1ng m\u1ee5c ti\u1ec3u thuy\u1ebft BL c\u1ee7a Ridibooks.<\/p>\n<p>Th\u00e1ng 7\/2020, phi\u00ean b\u1ea3n webtoon c\u00f9ng t\u00ean \u0111\u01b0\u1ee3c ph\u00e1t h\u00e0nh d\u01b0\u1edbi n\u00e9t v\u1ebd \u0111\u1eb7c s\u1eafc c\u1ee7a ho\u1ea1 s\u0129 minh ho\u1ea1 t\u00e0i n\u0103ng Angy Kim thu h\u00fat l\u01b0\u1ee3t \u0111\u1ecdc kh\u1ed5ng l\u1ed3.<\/p>\n<p>Phi\u00ean b\u1ea3n animation \u0111\u01b0\u1ee3c s\u1ea3n xu\u1ea5t v\u00e0 ph\u00e1t h\u00e0nh tr\u1ecdn b\u1ed9 g\u1ed3m 4 t\u1eadp \u0111i k\u00e8m v\u1edbi OST Error! th\u1ec3 hi\u1ec7n b\u1edfi The Hills, Plo6.<\/p>\n<p>\u0110\u01b0\u1ee3c chuy\u1ec3n th\u1ec3 th\u00e0nh web drama v\u1edbi s\u1ef1 tham gia di\u1ec5n xu\u1ea5t c\u1ee7a hai nam di\u1ec5n vi\u00ean Park Seoham &amp; Jaechan. D\u1ef1 ki\u1ebfn l\u00ean s\u00f3ng v\u00e0o n\u0103m 2022.<\/p>\n","protected":false},"excerpt":{"rendered":"<p>Chu Sang Woo l\u00e0 m\u1ed9t c\u1eadu nh\u00f3c sinh vi\u00ean n\u0103m nh\u1ea5t ng\u00e0nh l\u1eadp tr\u00ecnh m\u00e1y t\u00ednh, \u0111\u01b0\u1ee3c m\u1ec7nh danh l\u00e0 robot bi\u1ebft n\u00f3i ti\u1ebfng ng\u01b0\u1eddi c\u1ee7a Khoa l\u1eadp tr\u00ecnh v\u00ec t\u00ednh t\u00ecnh c\u1ee9ng nh\u1eafc c\u1ee7a m\u00ecnh. Trong m\u1ed9t b\u00e0i thuy\u1ebft tr\u00ecnh nh\u00f3m c\u1ee7a m\u1ed9t m\u00f4n si\u00eau ph\u1ee5, b\u1edfi v\u00ec t\u1ea5t c\u1ea3 c\u00e1c th\u00e0nh vi\u00ean \u0111\u1ec1u kh\u00f4ng l\u00e0m g\u00ec m\u00e0 \u0111\u1ea9y h\u1ebft vi\u1ec7c cho m\u1ed9t m\u00ecnh c\u1eadu, Sang Woo \u0111\u00e3 g\u1ea1ch to\u00e0n b\u1ed9 t\u00ean m\u1ecdi ng\u01b0\u1eddi ra kh\u1ecfi b\u00e0i t\u1eadp nh\u00f3m, trong \u0111\u00f3 c\u00f3 c\u1ea3 Jang Jae Young &#8211; thanh ni\u00ean sinh vi\u00ean n\u0103m cu\u1ed1i ch\u1ec9 c\u1ea7n c\u1ed1 n\u1ed1t 2 c\u00e1i t\u00edn ch\u1ec9 c\u1ee7a m\u00f4n n\u00e0y n\u1eefa th\u00f4i l\u00e0 \u0111\u1ee7 \u0111i\u1ec1u ki\u1ec7n t\u1ed1t nghi\u1ec7p.<\/p>\n<p>T\u00ecnh c\u1edd g\u1eb7p l\u1ea1i nhau trong m\u1ed9t project v\u1ec1 game, Jae Young nh\u1eadn ra ngay Sang Woo, v\u00ec c\u00f3 m\u1ed9t l\u1ea7n anh lang thang \u0111i ph\u1ecfng v\u1ea5n d\u01b0\u1edbi s\u00e2n tr\u01b0\u1eddng th\u00ec nh\u00ecn th\u1ea5y ngay m\u1ed9t &#8220;c\u00e1i g\u00e1y tr\u1eafng n\u00f5n&#8221; n\u00ean \u0111\u00e3 \u00e0o \u0111\u1ebfn b\u1eaft chuy\u1ec7n. Nh\u01b0ng bu\u1ed3n thay, d\u00f9 cho Jae Young c\u00f3 \u0111\u1eb9p trai, c\u00f3 xu\u1ea5t s\u1eafc, c\u00f3 nh\u1eadn \u0111\u01b0\u1ee3c gi\u1ea3i th\u01b0\u1edfng qu\u1ed1c t\u1ebf, th\u00ec Sang Woo v\u1eabn ch\u1eb3ng th\u1ec3 nh\u1eadn ra anh, v\u1eabn g\u1ecdi nh\u1ea7m t\u00ean anh th\u00e0nh Young Jae, v\u00e0 th\u1eadm ch\u00ed c\u00f2n ch\u1eb3ng th\u00e8m g\u1ecdi l\u00e0 &#8220;anh\u201d Sang Woo ng\u01b0\u1edbc l\u00ean, nh\u00ecn ch\u1eb1m ch\u1eb1m v\u00e0o k\u1ebft tinh c\u1ee7a t\u1ea5t c\u1ea3 nh\u1eefng \u0111i\u1ec1u v\u00f4 l\u00fd \u0111ang \u0111\u1ee9ng tr\u01b0\u1edbc m\u1eb7t c\u1eadu.<\/p>\n<p>\u201cM\u00f3n \u0103n gh\u00e9t nh\u1ea5t?\u201d<\/p>\n<p>\u201cPasta.\u201d<\/p>\n<p>Sang Woo kh\u00f4ng ph\u1ea3i l\u00e0 ng\u01b0\u1eddi k\u00e9n ch\u1ecdn \u0111\u1ed3 \u0103n, ch\u1ec9 l\u00e0 gi\u00e2y ph\u00fat n\u00e0y \u0111\u00e2y c\u1eadu \u0111ang c\u1ea3m th\u1ea5y ch\u00e1n gh\u00e9t t\u1ea5t c\u1ea3 m\u1ecdi th\u1ee9 li\u00ean quan \u0111\u1ebfn ng\u01b0\u1eddi n\u00e0y m\u00e0 th\u00f4i.<\/p>\n<p>\u201c\u0110\u1ecba \u0111i\u1ec3m gh\u00e9t nh\u1ea5t?\u201d<\/p>\n<p>\u201cB\u00e1n k\u00ednh 10m xung quanh ti\u1ec1n b\u1ed1i.\u201d<\/p>\n<p>\u201cV\u1eady n\u00ean l\u00e0m \u01a1n bi\u1ebfn gi\u00f9m c\u00e1i.\u201d<\/p>\n<p>Sau khi k\u1ebft th\u00fac m\u00e0n h\u1ecfi \u0111\u00e1p kh\u00f4 khan n\u00e0y,Jae Young n\u1edf m\u1ed9t n\u1ee5 c\u01b0\u1eddi c\u1ee9ng nh\u1eafc v\u00e0 th\u1ea5p gi\u1ecdng th\u00ec th\u1ea7m:<\/p>\n<p>\u201cC\u1eadu \u0111\u00fang l\u00e0 m\u1ed9t t\u00ean nh\u00f3c kh\u00f4ng b\u00ecnh th\u01b0\u1eddng. T\u00f4i \u0111\u00e3 \u0111\u1ecbnh cho qua m\u1ecdi chuy\u1ec7n, nh\u01b0ng gi\u1edd t\u00f4i \u0111\u1ed5i \u00fd r\u1ed3i. H\u00e3y c\u00f9ng ch\u00e0o \u0111\u00f3n h\u1ecdc k\u1ef3 sau nh\u00e9.\u201d<\/p>\n<p>Nh\u1eefng th\u00e0nh t\u00edch n\u1ed5i b\u1eadt c\u1ee7a SEMANTIC ERROR (L\u1ed6I LOGIC)<\/p>\n<p>T\u00e1c ph\u1ea9m \u0111\u1ea1t gi\u1ea3i th\u01b0\u1edfng cao nh\u1ea5t \u1edf h\u1ea1ng m\u1ee5c ti\u1ec3u thuy\u1ebft BL c\u1ee7a Ridibooks.<\/p>\n<p>Th\u00e1ng 7\/2020, phi\u00ean b\u1ea3n webtoon c\u00f9ng t\u00ean \u0111\u01b0\u1ee3c ph\u00e1t h\u00e0nh d\u01b0\u1edbi n\u00e9t v\u1ebd \u0111\u1eb7c s\u1eafc c\u1ee7a ho\u1ea1 s\u0129 minh ho\u1ea1 t\u00e0i n\u0103ng Angy Kim thu h\u00fat l\u01b0\u1ee3t \u0111\u1ecdc kh\u1ed5ng l\u1ed3.<\/p>\n<p>Phi\u00ean b\u1ea3n animation \u0111\u01b0\u1ee3c s\u1ea3n xu\u1ea5t v\u00e0 ph\u00e1t h\u00e0nh tr\u1ecdn b\u1ed9 g\u1ed3m 4 t\u1eadp \u0111i k\u00e8m v\u1edbi OST Error! th\u1ec3 hi\u1ec7n b\u1edfi The Hills, Plo6.<\/p>\n<p>\u0110\u01b0\u1ee3c chuy\u1ec3n th\u1ec3 th\u00e0nh web drama v\u1edbi s\u1ef1 tham gia di\u1ec5n xu\u1ea5t c\u1ee7a hai nam di\u1ec5n vi\u00ean Park Seoham &amp; Jaechan. D\u1ef1 ki\u1ebfn l\u00ean s\u00f3ng v\u00e0o n\u0103m 2022.<\/p>\n","protected":false},"featured_media":17680,"template":"","meta":{"_acf_changed":false},"product_brand":[],"product_cat":[73,15],"product_tag":[],"class_list":{"0":"post-17682","1":"product","2":"type-product","3":"status-publish","4":"has-post-thumbnail","6":"product_cat-dam-my-ngon-tinh","7":"product_cat-sach-danh-cho-nguoi-lon","9":"first","10":"outofstock","11":"taxable","12":"shipping-taxable","13":"purchasable","14":"product-type-simple"},"supplier_id":null,"supplier_sku":"","barcode":null,"atum_controlled":true,"out_stock_date":"2022-04-04 19:08:01","out_stock_threshold":null,"inheritable":false,"inbound_stock":0,"stock_on_hold":0,"sold_today":0,"sales_last_days":0,"reserved_stock":0,"customer_returns":0,"warehouse_damage":0,"lost_in_post":0,"other_logs":0,"out_stock_days":1395,"lost_sales":0,"has_location":false,"update_date":"2026-01-28T23:11:00","atum_locations":[],"atum_stock_status":"outofstock","restock_status":false,"low_stock_amount":"","sales_update_date":"2026-01-28T23:11:00","calc_backorders":null,"acf":{"publisher":{"ID":17679,"post_author":"1","post_date":"2022-04-04 17:29:41","post_date_gmt":"2022-04-04 14:29:41","post_content":"","post_title":"Usagi Novel","post_excerpt":"","post_status":"publish","comment_status":"closed","ping_status":"closed","post_password":"","post_name":"usagi-novel","to_ping":"","pinged":"","post_modified":"2022-04-04 17:29:41","post_modified_gmt":"2022-04-04 14:29:41","post_content_filtered":"","post_parent":0,"guid":"https:\/\/sachviet.eu\/nha-phat-hanh\/usagi-novel\/","menu_order":0,"post_type":"publisher","post_mime_type":"","comment_count":"0","filter":"raw"}},"_links":{"self":[{"href":"https:\/\/sachviet.eu\/en\/wp-json\/wp\/v2\/product\/17682","targetHints":{"allow":["GET"]}}],"collection":[{"href":"https:\/\/sachviet.eu\/en\/wp-json\/wp\/v2\/product"}],"about":[{"href":"https:\/\/sachviet.eu\/en\/wp-json\/wp\/v2\/types\/product"}],"wp:featuredmedia":[{"embeddable":true,"href":"https:\/\/sachviet.eu\/en\/wp-json\/wp\/v2\/media\/17680"}],"wp:attachment":[{"href":"https:\/\/sachviet.eu\/en\/wp-json\/wp\/v2\/media?parent=17682"}],"wp:term":[{"taxonomy":"product_brand","embeddable":true,"href":"https:\/\/sachviet.eu\/en\/wp-json\/wp\/v2\/product_brand?post=17682"},{"taxonomy":"product_cat","embeddable":true,"href":"https:\/\/sachviet.eu\/en\/wp-json\/wp\/v2\/product_cat?post=17682"},{"taxonomy":"product_tag","embeddable":true,"href":"https:\/\/sachviet.eu\/en\/wp-json\/wp\/v2\/product_tag?post=17682"}],"curies":[{"name":"wp","href":"https:\/\/api.w.org\/{rel}","templated":true}]}}