{"id":17678,"date":"2022-04-04T17:29:38","date_gmt":"2022-04-04T14:29:38","guid":{"rendered":"https:\/\/sachviet.eu\/shop\/awm-tuyet-dia-cau-sinh-tap-12-ban-dac-biet\/"},"modified":"2022-04-05T01:08:01","modified_gmt":"2022-04-04T22:08:01","slug":"awm-tuyet-dia-cau-sinh-tap-12-ban-dac-biet","status":"publish","type":"product","link":"https:\/\/sachviet.eu\/en\/shop\/awm-tuyet-dia-cau-sinh-tap-12-ban-dac-biet\/","title":{"rendered":"AWM Tuy\u1ec7t \u0110\u1ecba C\u1ea7u Sinh &#8211; T\u1eadp 1+2 (B\u1ea3n \u0110\u1eb7c Bi\u1ec7t)"},"content":{"rendered":"<p>B\u1ea3n \u0111\u1eb7c bi\u1ec7t s\u1ed1 l\u01b0\u1ee3ng gi\u1edbi h\u1ea1n: S\u00e1ch b\u00eca c\u1ee9ng  &#8211; 2 Bookmark in 2 m\u1eb7t  &#8211; 1 Postcard c\u00f3 ch\u1eef k\u00fd in + l\u1eddi nh\u1eafn c\u1ee7a t\u00e1c gi\u1ea3 &#8211; Set Card visit K\u1ef3 T\u00fay \u2013 Vu D\u01b0\u01a1ng in tr\u00ean ch\u1ea5t li\u1ec7u gi\u1ea5y Ivory 300 b\u1ed3i 2 l\u1edbp &#8211; 1 Huy hi\u1ec7u &#8211; 1 Standee l\u00f2 xo in 2 m\u1eb7t<\/p>\n<p>AWM [Tuy\u1ec7t \u0111\u1ecba c\u1ea7u sinh] l\u00e0 c\u00e2u chuy\u1ec7n v\u1eeba ng\u1ecdt ng\u00e0o h\u00e0i h\u01b0\u1edbc v\u1eeba th\u00fa v\u1ecb l\u00f4i cu\u1ed1n v\u1ec1 h\u00e0nh tr\u00ecnh th\u1ea3-th\u00ednh-ch\u1ec9-c\u1ea7n-m\u1ed9t-ng\u01b0\u1eddi-d\u00ednh ki\u00eam d\u1eabn d\u1eaft \u0111\u1ed9i ng\u0169 HOG b\u01b0\u1edbc l\u00ean \u0111\u1ec9nh cao gi\u1edbi eSports c\u1ee7a \u201cl\u00e3o l\u01b0u manh\u201d \u0111\u1ed9c mi\u1ec7ng K\u1ef3 T\u00fay (ID: Drunk) v\u00e0 c\u1eadu b\u1ea1n trai ngo\u00e0i l\u1ea1nh trong n\u00f3ng Vu D\u01b0\u01a1ng (ID: Youth)!<\/p>\n<p>Trong cu\u1ed1n s\u00e1ch n\u00e0y c\u00f3 t\u00ecnh y\u00eau, c\u00f3 \u0111\u1ed3ng \u0111\u1ed9i, c\u00f3 \u01b0\u1edbc m\u01a1 ch\u00e1y b\u1ecfng, c\u00f3 nhi\u1ec7t huy\u1ebft s\u00f4i tr\u00e0o.<\/p>\n<p>Tr\u00ean vai tr\u00e1i l\u00e0 chi\u1ebfn \u0111\u1ed9i, tr\u00ean vai ph\u1ea3i l\u00e0 ni\u1ec1m tin. M\u1ea5y t\u1ea7ng \u0111\u1ecba ng\u1ee5c v\u1eafng tanh, th\u00ec ra K\u1ef3 T\u00fay loanh quanh c\u00f5i ng\u01b0\u1eddi!<\/p>\n","protected":false},"excerpt":{"rendered":"<p>B\u1ea3n \u0111\u1eb7c bi\u1ec7t s\u1ed1 l\u01b0\u1ee3ng gi\u1edbi h\u1ea1n: S\u00e1ch b\u00eca c\u1ee9ng  &#8211; 2 Bookmark in 2 m\u1eb7t  &#8211; 1 Postcard c\u00f3 ch\u1eef k\u00fd in + l\u1eddi nh\u1eafn c\u1ee7a t\u00e1c gi\u1ea3 &#8211; Set Card visit K\u1ef3 T\u00fay \u2013 Vu D\u01b0\u01a1ng in tr\u00ean ch\u1ea5t li\u1ec7u gi\u1ea5y Ivory 300 b\u1ed3i 2 l\u1edbp &#8211; 1 Huy hi\u1ec7u &#8211; 1 Standee l\u00f2 xo in 2 m\u1eb7t<\/p>\n<p>AWM [Tuy\u1ec7t \u0111\u1ecba c\u1ea7u sinh] l\u00e0 c\u00e2u chuy\u1ec7n v\u1eeba ng\u1ecdt ng\u00e0o h\u00e0i h\u01b0\u1edbc v\u1eeba th\u00fa v\u1ecb l\u00f4i cu\u1ed1n v\u1ec1 h\u00e0nh tr\u00ecnh th\u1ea3-th\u00ednh-ch\u1ec9-c\u1ea7n-m\u1ed9t-ng\u01b0\u1eddi-d\u00ednh ki\u00eam d\u1eabn d\u1eaft \u0111\u1ed9i ng\u0169 HOG b\u01b0\u1edbc l\u00ean \u0111\u1ec9nh cao gi\u1edbi eSports c\u1ee7a \u201cl\u00e3o l\u01b0u manh\u201d \u0111\u1ed9c mi\u1ec7ng K\u1ef3 T\u00fay (ID: Drunk) v\u00e0 c\u1eadu b\u1ea1n trai ngo\u00e0i l\u1ea1nh trong n\u00f3ng Vu D\u01b0\u01a1ng (ID: Youth)!<\/p>\n<p>Trong cu\u1ed1n s\u00e1ch n\u00e0y c\u00f3 t\u00ecnh y\u00eau, c\u00f3 \u0111\u1ed3ng \u0111\u1ed9i, c\u00f3 \u01b0\u1edbc m\u01a1 ch\u00e1y b\u1ecfng, c\u00f3 nhi\u1ec7t huy\u1ebft s\u00f4i tr\u00e0o.<\/p>\n<p>Tr\u00ean vai tr\u00e1i l\u00e0 chi\u1ebfn \u0111\u1ed9i, tr\u00ean vai ph\u1ea3i l\u00e0 ni\u1ec1m tin. M\u1ea5y t\u1ea7ng \u0111\u1ecba ng\u1ee5c v\u1eafng tanh, th\u00ec ra K\u1ef3 T\u00fay loanh quanh c\u00f5i ng\u01b0\u1eddi!<\/p>\n","protected":false},"featured_media":17677,"template":"","meta":{"_acf_changed":false},"product_brand":[],"product_cat":[73,15],"product_tag":[],"class_list":{"0":"post-17678","1":"product","2":"type-product","3":"status-publish","4":"has-post-thumbnail","6":"product_cat-dam-my-ngon-tinh","7":"product_cat-sach-danh-cho-nguoi-lon","9":"first","10":"outofstock","11":"taxable","12":"shipping-taxable","13":"purchasable","14":"product-type-simple"},"supplier_id":null,"supplier_sku":"","barcode":null,"atum_controlled":true,"out_stock_date":"2022-04-04 19:08:01","out_stock_threshold":null,"inheritable":false,"inbound_stock":0,"stock_on_hold":0,"sold_today":0,"sales_last_days":0,"reserved_stock":0,"customer_returns":0,"warehouse_damage":0,"lost_in_post":0,"other_logs":0,"out_stock_days":1395,"lost_sales":0,"has_location":false,"update_date":"2026-01-28T23:11:00","atum_locations":[],"atum_stock_status":"outofstock","restock_status":false,"low_stock_amount":"","sales_update_date":"2026-01-28T23:11:00","calc_backorders":null,"acf":{"publisher":{"ID":17676,"post_author":"1","post_date":"2022-04-04 17:29:33","post_date_gmt":"2022-04-04 14:29:33","post_content":"","post_title":"Meibooks","post_excerpt":"","post_status":"publish","comment_status":"closed","ping_status":"closed","post_password":"","post_name":"meibooks","to_ping":"","pinged":"","post_modified":"2022-04-04 17:29:33","post_modified_gmt":"2022-04-04 14:29:33","post_content_filtered":"","post_parent":0,"guid":"https:\/\/sachviet.eu\/nha-phat-hanh\/meibooks\/","menu_order":0,"post_type":"publisher","post_mime_type":"","comment_count":"0","filter":"raw"}},"_links":{"self":[{"href":"https:\/\/sachviet.eu\/en\/wp-json\/wp\/v2\/product\/17678","targetHints":{"allow":["GET"]}}],"collection":[{"href":"https:\/\/sachviet.eu\/en\/wp-json\/wp\/v2\/product"}],"about":[{"href":"https:\/\/sachviet.eu\/en\/wp-json\/wp\/v2\/types\/product"}],"wp:featuredmedia":[{"embeddable":true,"href":"https:\/\/sachviet.eu\/en\/wp-json\/wp\/v2\/media\/17677"}],"wp:attachment":[{"href":"https:\/\/sachviet.eu\/en\/wp-json\/wp\/v2\/media?parent=17678"}],"wp:term":[{"taxonomy":"product_brand","embeddable":true,"href":"https:\/\/sachviet.eu\/en\/wp-json\/wp\/v2\/product_brand?post=17678"},{"taxonomy":"product_cat","embeddable":true,"href":"https:\/\/sachviet.eu\/en\/wp-json\/wp\/v2\/product_cat?post=17678"},{"taxonomy":"product_tag","embeddable":true,"href":"https:\/\/sachviet.eu\/en\/wp-json\/wp\/v2\/product_tag?post=17678"}],"curies":[{"name":"wp","href":"https:\/\/api.w.org\/{rel}","templated":true}]}}