{"id":17673,"date":"2022-04-04T17:29:26","date_gmt":"2022-04-04T14:29:26","guid":{"rendered":"https:\/\/sachviet.eu\/shop\/giup-con-phat-trien-ngon-ngu\/"},"modified":"2023-05-15T16:01:34","modified_gmt":"2023-05-15T13:01:34","slug":"giup-con-phat-trien-ngon-ngu","status":"publish","type":"product","link":"https:\/\/sachviet.eu\/en\/shop\/giup-con-phat-trien-ngon-ngu\/","title":{"rendered":"Gi\u00fap Con Ph\u00e1t Tri\u1ec3n Ng\u00f4n Ng\u1eef"},"content":{"rendered":"<p>&#8220;N\u1ebfu y\u00eau th\u01b0\u01a1ng con th\u1ef1c s\u1ef1, th\u00ec tr\u01b0\u1edbc khi ph\u00f3 m\u1eb7c con cho \u201cnh\u1eefng-ng\u01b0\u1eddi-ngo\u00e0i-c\u00f3-v\u1ebb-t\u1ed1t-b\u1ee5ng\u201d, \u201cnh\u1eefng-ng\u01b0\u1eddi-ngo\u00e0i-c\u00f3-v\u1ebb-\u0111\u00e1ng-tin-c\u1eady\u201d, ch\u1eb3ng ph\u1ea3i tr\u01b0\u1edbc ti\u00ean cha m\u1eb9 n\u00ean c\u1ed1 g\u1eafng h\u1ebft s\u1ee9c \u0111\u1ec3 l\u00e0m cho con nh\u1eefng \u0111i\u1ec1u m\u00e0 m\u00ecnh c\u00f3 th\u1ec3 l\u00e0m hay sao?&#8230;V\u00e0 \u0111i\u1ec1u ti\u00ean quy\u1ebft: cha m\u1eb9 h\u00e3y tr\u1edf th\u00e0nh nh\u1eefng ng\u01b0\u1eddi m\u00e0 con c\u00f3 th\u1ec3 g\u1eedi g\u1eafm ni\u1ec1m tin, h\u00e3y x\u00e2y d\u1ef1ng m\u1ed1i quan h\u1ec7 tin c\u1eady v\u1edbi con. B\u1edfi v\u00ec, t\u00f4i tin t\u01b0\u1edfng ch\u1eafc ch\u1eafn, \u0111i\u1ec1u n\u00e0y li\u00ean quan m\u1eadt thi\u1ebft \u0111\u1ebfn vi\u1ec7c nu\u00f4i d\u01b0\u1ee1ng con th\u00e0nh m\u1ed9t \u0111\u1ee9a tr\u1ebb th\u00f4ng minh, m\u1ed9t \u0111\u1ee9a tr\u1ebb bi\u1ebft ngh\u0129 cho ng\u01b0\u1eddi kh\u00e1c, h\u01a1n b\u1ea5t c\u1ee9 trwingf h\u1ecdc t\u1ed1t n\u00e0o, h\u01a1n b\u1ea5t c\u1ee9 t\u00e0i li\u1ec7u gi\u00e1o d\u1ee5c tuy\u1ec7t v\u1eddi n\u00e0o kh\u00e1c\u2026<\/p>\n<p>Ph\u01b0\u01a1ng ph\u00e1p \u201cd\u1ea1y con b\u1eb1ng danh t\u1eeb v\u1ed1n c\u00f3\u201d trong cu\u1ed1n s\u00e1ch n\u00e0y, th\u1ef1c ra ch\u1ec9 l\u00e0 m\u1ed9t c\u00e1ch nu\u00f4i d\u1ea1y con c\u1ee5 th\u1ec3 \u0111\u1ec3 cha m\u1eb9 v\u1eeba c\u00f3 th\u1ec3 x\u00e2y d\u1ef1ng m\u1ed1i quan h\u1ec7 tin t\u01b0\u1edfng v\u1edbi con, v\u1eeba \u0111\u1ed3ng h\u00e0nh c\u00f9ng con l\u1edbn l\u00ean m\u00e0 th\u00f4i\u2026 T\u1ea5t c\u1ea3 nh\u1eefng n\u1ed9i dung c\u1ee7a cu\u1ed1n s\u00e1ch n\u00e0y \u0111\u1ec1u l\u00e0 nh\u1eefng c\u00e2u chuy\u1ec7n c\u00f3 th\u1eadt. V\u00ec th\u1ebf d\u00f9 hay d\u00f9 d\u1edf, n\u00f3 c\u0169ng l\u00e0 m\u1ed9t cu\u1ed1n s\u00e1ch \u201ctham kh\u1ea3o\u201d d\u00e0nh cho c\u00e1c b\u1eadc cha m\u1eb9 tr\u00ean con \u0111\u01b0\u1eddng d\u1ef1ng x\u00e2y m\u1ed1i quan h\u1ec7 v\u1edbi con m\u00ecnh.&#8221;<\/p>\n<p>(Kato Kumiko)<\/p>\n","protected":false},"excerpt":{"rendered":"<p>&#8220;N\u1ebfu y\u00eau th\u01b0\u01a1ng con th\u1ef1c s\u1ef1, th\u00ec tr\u01b0\u1edbc khi ph\u00f3 m\u1eb7c con cho \u201cnh\u1eefng-ng\u01b0\u1eddi-ngo\u00e0i-c\u00f3-v\u1ebb-t\u1ed1t-b\u1ee5ng\u201d, \u201cnh\u1eefng-ng\u01b0\u1eddi-ngo\u00e0i-c\u00f3-v\u1ebb-\u0111\u00e1ng-tin-c\u1eady\u201d, ch\u1eb3ng ph\u1ea3i tr\u01b0\u1edbc ti\u00ean cha m\u1eb9 n\u00ean c\u1ed1 g\u1eafng h\u1ebft s\u1ee9c \u0111\u1ec3 l\u00e0m cho con nh\u1eefng \u0111i\u1ec1u m\u00e0 m\u00ecnh c\u00f3 th\u1ec3 l\u00e0m hay sao?&#8230;V\u00e0 \u0111i\u1ec1u ti\u00ean quy\u1ebft: cha m\u1eb9 h\u00e3y tr\u1edf th\u00e0nh nh\u1eefng ng\u01b0\u1eddi m\u00e0 con c\u00f3 th\u1ec3 g\u1eedi g\u1eafm ni\u1ec1m tin, h\u00e3y x\u00e2y d\u1ef1ng m\u1ed1i quan h\u1ec7 tin c\u1eady v\u1edbi con. B\u1edfi v\u00ec, t\u00f4i tin t\u01b0\u1edfng ch\u1eafc ch\u1eafn, \u0111i\u1ec1u n\u00e0y li\u00ean quan m\u1eadt thi\u1ebft \u0111\u1ebfn vi\u1ec7c nu\u00f4i d\u01b0\u1ee1ng con th\u00e0nh m\u1ed9t \u0111\u1ee9a tr\u1ebb th\u00f4ng minh, m\u1ed9t \u0111\u1ee9a tr\u1ebb bi\u1ebft ngh\u0129 cho ng\u01b0\u1eddi kh\u00e1c, h\u01a1n b\u1ea5t c\u1ee9 trwingf h\u1ecdc t\u1ed1t n\u00e0o, h\u01a1n b\u1ea5t c\u1ee9 t\u00e0i li\u1ec7u gi\u00e1o d\u1ee5c tuy\u1ec7t v\u1eddi n\u00e0o kh\u00e1c\u2026<\/p>\n<p>Ph\u01b0\u01a1ng ph\u00e1p \u201cd\u1ea1y con b\u1eb1ng danh t\u1eeb v\u1ed1n c\u00f3\u201d trong cu\u1ed1n s\u00e1ch n\u00e0y, th\u1ef1c ra ch\u1ec9 l\u00e0 m\u1ed9t c\u00e1ch nu\u00f4i d\u1ea1y con c\u1ee5 th\u1ec3 \u0111\u1ec3 cha m\u1eb9 v\u1eeba c\u00f3 th\u1ec3 x\u00e2y d\u1ef1ng m\u1ed1i quan h\u1ec7 tin t\u01b0\u1edfng v\u1edbi con, v\u1eeba \u0111\u1ed3ng h\u00e0nh c\u00f9ng con l\u1edbn l\u00ean m\u00e0 th\u00f4i\u2026 T\u1ea5t c\u1ea3 nh\u1eefng n\u1ed9i dung c\u1ee7a cu\u1ed1n s\u00e1ch n\u00e0y \u0111\u1ec1u l\u00e0 nh\u1eefng c\u00e2u chuy\u1ec7n c\u00f3 th\u1eadt. V\u00ec th\u1ebf d\u00f9 hay d\u00f9 d\u1edf, n\u00f3 c\u0169ng l\u00e0 m\u1ed9t cu\u1ed1n s\u00e1ch \u201ctham kh\u1ea3o\u201d d\u00e0nh cho c\u00e1c b\u1eadc cha m\u1eb9 tr\u00ean con \u0111\u01b0\u1eddng d\u1ef1ng x\u00e2y m\u1ed1i quan h\u1ec7 v\u1edbi con m\u00ecnh.&#8221;<\/p>\n<p>(Kato Kumiko)<\/p>\n","protected":false},"featured_media":17672,"template":"","meta":{"_acf_changed":false},"product_brand":[],"product_cat":[19],"product_tag":[],"class_list":{"0":"post-17673","1":"product","2":"type-product","3":"status-publish","4":"has-post-thumbnail","6":"product_cat-nuoi-day-con","8":"first","9":"outofstock","10":"taxable","11":"shipping-taxable","12":"purchasable","13":"product-type-simple"},"supplier_id":null,"supplier_sku":"","barcode":null,"atum_controlled":true,"out_stock_date":"2023-05-15 13:01:34","out_stock_threshold":null,"inheritable":false,"inbound_stock":0,"stock_on_hold":0,"sold_today":0,"sales_last_days":0,"reserved_stock":0,"customer_returns":0,"warehouse_damage":0,"lost_in_post":0,"other_logs":0,"out_stock_days":989,"lost_sales":0,"has_location":false,"update_date":"2026-01-28T23:11:00","atum_locations":[],"atum_stock_status":"outofstock","restock_status":false,"low_stock_amount":"","sales_update_date":"2026-01-28T23:11:00","calc_backorders":null,"acf":{"publisher":{"ID":1453,"post_author":"1","post_date":"2021-02-17 01:11:32","post_date_gmt":"2021-02-16 23:11:32","post_content":"<!-- wp:flatsome\/uxbuilder -->\n<h1 style=\"text-align: center;\"><strong>Qu\u1ea3ng V\u0103n<\/strong><\/h1>\n[row]\n\n[col span=\"6\" span__sm=\"12\"]\n\n[ux_image id=\"1552\" image_size=\"medium\"]\n\n\n[\/col]\n[col span=\"6\" span__sm=\"12\"]\n\n<p><strong>Quangvanbooks<\/strong><br \/>Qu\u1ea3ng V\u0103n l\u00e0 t\u1ed5 h\u1ee3p xu\u1ea5t b\u1ea3n, gi\u00e1o d\u1ee5c v\u00e0 nh\u01b0\u1ee3ng quy\u1ec1n h\u00e0ng \u0111\u1ea7u trong ng\u00e0nh c\u00f4ng nghi\u1ec7p s\u00e1ng t\u1ea1o v\u1edbi c\u00e1c th\u01b0\u01a1ng hi\u1ec7u nh\u00e1nh:<\/p>\n<p>Quangvanbooks - Th\u01b0\u01a1ng hi\u1ec7u s\u00e1ch v\u0103n h\u00f3a gi\u00e1o d\u1ee5c v\u00e0 v\u0103n h\u00f3a gi\u1ea3i tr\u00ed<br \/>Ehomebooks - Th\u01b0\u01a1ng hi\u1ec7u s\u00e1ch gi\u00e1o d\u1ee5c gia \u0111\u00ecnh<br \/>Sakurabooks - Th\u01b0\u01a1ng hi\u1ec7u s\u00e1ch Nh\u1eadt B\u1ea3n<br \/>IPERbooks - Th\u01b0\u01a1ng hi\u1ec7u s\u00e1ch gi\u00e1o d\u1ee5c nh\u00e0 tr\u01b0\u1eddng<br \/>IPER - Vi\u1ec7n nghi\u00ean c\u1ee9u xu\u1ea5t b\u1ea3n v\u00e0 gi\u00e1o d\u1ee5c IPER<\/p>\n<p><strong>T\u1ea7m nh\u00ecn<\/strong><br \/>Tr\u1edf th\u00e0nh th\u01b0\u01a1ng hi\u1ec7u s\u00e1ch v\u0103n h\u00f3a gi\u00e1o d\u1ee5c v\u00e0 v\u0103n h\u00f3a gi\u1ea3i tr\u00ed t\u1ed1t nh\u1ea5t v\u00e0 \u0111a d\u1ea1ng nh\u1ea5t Vi\u1ec7t Nam.<\/p>\n<p><br \/><strong>S\u1ee9 m\u1ec7nh<\/strong><br \/>Mang \u0111\u1ebfn nh\u1eefng cu\u1ed1n s\u00e1ch v\u0103n h\u00f3a gi\u00e1o d\u1ee5c v\u00e0 v\u0103n h\u00f3a gi\u1ea3i tr\u00ed \u0111\u1ebfn v\u1edbi \u0111\u1ed9c gi\u1ea3 Vi\u1ec7t Nam v\u00e0 th\u1ebf gi\u1edbi nh\u1eb1m gi\u00fap \u0111\u1ed9c gi\u1ea3 ph\u00e1t tri\u1ec3n b\u1ea3n th\u00e2n, gi\u00e1o d\u1ee5c, gi\u1ea3i tr\u00ed v\u00e0 khai s\u00e1ng nh\u1eb1m x\u00e2y d\u1ef1ng x\u00e3 h\u1ed9i th\u1ecbnh v\u01b0\u1ee3ng, h\u1ea1nh ph\u00fac.<\/p>\n<p><strong>Gi\u00e1 tr\u1ecb c\u1ed1t l\u00f5i<\/strong><\/p>\n<p>S\u00e1ng t\u1ea1o - Linh ho\u1ea1t - H\u1ee3p t\u00e1c - Ch\u00ednh tr\u1ef1c - Nhi\u1ec7t huy\u1ebft - C\u00e2n b\u1eb1ng - H\u1ea1nh ph\u00fac<\/p>\n\n[\/col]\n\n[\/row]\n\n<!-- \/wp:flatsome\/uxbuilder -->","post_title":"Qu\u1ea3ng V\u0103n","post_excerpt":"","post_status":"publish","comment_status":"closed","ping_status":"closed","post_password":"","post_name":"quang-van","to_ping":"","pinged":"","post_modified":"2021-02-17 01:26:44","post_modified_gmt":"2021-02-16 23:26:44","post_content_filtered":"","post_parent":0,"guid":"https:\/\/sachviet.eu\/nha-phat-hanh\/quang-van\/","menu_order":0,"post_type":"publisher","post_mime_type":"","comment_count":"0","filter":"raw"}},"_links":{"self":[{"href":"https:\/\/sachviet.eu\/en\/wp-json\/wp\/v2\/product\/17673","targetHints":{"allow":["GET"]}}],"collection":[{"href":"https:\/\/sachviet.eu\/en\/wp-json\/wp\/v2\/product"}],"about":[{"href":"https:\/\/sachviet.eu\/en\/wp-json\/wp\/v2\/types\/product"}],"wp:featuredmedia":[{"embeddable":true,"href":"https:\/\/sachviet.eu\/en\/wp-json\/wp\/v2\/media\/17672"}],"wp:attachment":[{"href":"https:\/\/sachviet.eu\/en\/wp-json\/wp\/v2\/media?parent=17673"}],"wp:term":[{"taxonomy":"product_brand","embeddable":true,"href":"https:\/\/sachviet.eu\/en\/wp-json\/wp\/v2\/product_brand?post=17673"},{"taxonomy":"product_cat","embeddable":true,"href":"https:\/\/sachviet.eu\/en\/wp-json\/wp\/v2\/product_cat?post=17673"},{"taxonomy":"product_tag","embeddable":true,"href":"https:\/\/sachviet.eu\/en\/wp-json\/wp\/v2\/product_tag?post=17673"}],"curies":[{"name":"wp","href":"https:\/\/api.w.org\/{rel}","templated":true}]}}