{"id":17669,"date":"2022-04-04T17:29:16","date_gmt":"2022-04-04T14:29:16","guid":{"rendered":"https:\/\/sachviet.eu\/shop\/cay-thuoc-quanh-em\/"},"modified":"2022-04-04T22:39:59","modified_gmt":"2022-04-04T19:39:59","slug":"cay-thuoc-quanh-em","status":"publish","type":"product","link":"https:\/\/sachviet.eu\/en\/shop\/cay-thuoc-quanh-em\/","title":{"rendered":"C\u00c2Y THU\u1ed0C QUANH EM"},"content":{"rendered":"<p>M\u1ed7i lo\u00e0i c\u00e2y l\u00e0 v\u00f4 s\u1ed1 m\u00f3n \u0103n ngon.<\/p>\n<p>M\u1ed7i lo\u00e0i c\u00e2y l\u00e0 m\u1ed9t c\u00e2u chuy\u1ec7n.<\/p>\n<p>V\u00e0 m\u1ed7i lo\u00e0i c\u00e2y l\u00e0 m\u1ed9t v\u1ecb thu\u1ed1c qu\u00fd.<\/p>\n<p>B\u1ea1n c\u00f3 bi\u1ebft c\u00e2y g\u1ea5c ngo\u00e0i ph\u1ea7n th\u1ecbt qu\u1ea3 th\u00ec r\u1ec5 g\u1ea5c c\u0169ng l\u00e0 m\u1ed9t v\u1ecb thu\u1ed1c trong \u0110\u00f4ng y? T\u00eda t\u00f4, \u0111\u00e0o, l\u1ef1u,&#8230; c\u00f3 nh\u1eefng c\u00f4ng d\u1ee5ng g\u00ec? \u2013 C\u00c2Y THU\u1ed0C QUANH EM s\u1ebd ph\u1ea7n n\u00e0o gi\u1ea3i \u0111\u00e1p nh\u1eefng b\u0103n kho\u0103n tr\u00ean.<\/p>\n<p>Cu\u1ed1n s\u00e1ch n\u00e0y nh\u01b0 m\u1ed9t ch\u1ec9 d\u1eabn nh\u1ecf, gi\u00fap ch\u00fang ta hi\u1ec3u \u0111\u01b0\u1ee3c t\u00e1c d\u1ee5ng d\u01b0\u1ee3c l\u00ed c\u1ee7a m\u1ed9t s\u1ed1 c\u00e2y c\u1ecf r\u1ea5t \u0111\u1ed7i quen thu\u1ed9c, nh\u01b0ng nhi\u1ec1u khi ch\u1eb3ng \u0111\u1ec3 \u00fd t\u1edbi. C\u00e1c lo\u00e0i c\u00e2y n\u00e0y xu\u1ea5t hi\u1ec7n \u1edf kh\u1eafp m\u1ecdi n\u01a1i, trong v\u01b0\u1eddn nh\u00e0, tr\u00ean ban c\u00f4ng, hay th\u1eadm ch\u00ed tr\u00ean m\u00e2m c\u01a1m. Ch\u00fang b\u00e9 nh\u1ecf v\u00e0 khi\u00eam nh\u01b0\u1eddng, nh\u01b0ng l\u00e0m \u0111\u1eb9p cho cu\u1ed9c s\u1ed1ng v\u00e0 \u00e2m th\u1ea7m ch\u0103m lo cho s\u1ee9c kh\u1ecfe c\u1ee7a ch\u00fang ta.<\/p>\n<p>V\u1edbi h\u00ecnh minh h\u1ecda c\u1ee5 th\u1ec3, chi ti\u1ebft t\u1eebng lo\u00e0i c\u00e2y c\u1ecf, c\u00f9ng m\u1ed9t s\u1ed1 h\u01b0\u1edbng d\u1eabn c\u00e1ch ch\u1ebf bi\u1ebfn, s\u1eed d\u1ee5ng ho\u1eb7c nh\u1eefng tr\u00edch d\u1eabn t\u1eeb kho t\u00e0ng v\u0103n h\u1ecdc d\u00e2n gian, C\u00c2Y THU\u1ed0C QUANH EM kh\u00f4ng ch\u1ec9 l\u00e0 m\u1ed9t c\u1ea9m nang n\u00ean-c\u00f3 trong T\u1ee7 s\u00e1ch Dinh d\u01b0\u1ee1ng c\u1ee7a m\u1ed7i gia \u0111\u00ecnh, m\u00e0 c\u00f2n kh\u01a1i g\u1ee3i cho b\u1ea1n \u0111\u1ecdc nh\u1ecf tu\u1ed5i t\u00ecnh y\u00eau \u0111\u1ed1i v\u1edbi thi\u00ean nhi\u00ean \u0111\u1ea5t n\u01b0\u1edbc, \u0111\u1ed1i v\u1edbi nh\u1eefng c\u1ecf c\u00e2y b\u00e9 nh\u1ecf \u0111\u1eddi th\u01b0\u1eddng.<\/p>\n","protected":false},"excerpt":{"rendered":"<p>M\u1ed7i lo\u00e0i c\u00e2y l\u00e0 v\u00f4 s\u1ed1 m\u00f3n \u0103n ngon.<\/p>\n<p>M\u1ed7i lo\u00e0i c\u00e2y l\u00e0 m\u1ed9t c\u00e2u chuy\u1ec7n.<\/p>\n<p>V\u00e0 m\u1ed7i lo\u00e0i c\u00e2y l\u00e0 m\u1ed9t v\u1ecb thu\u1ed1c qu\u00fd.<\/p>\n<p>B\u1ea1n c\u00f3 bi\u1ebft c\u00e2y g\u1ea5c ngo\u00e0i ph\u1ea7n th\u1ecbt qu\u1ea3 th\u00ec r\u1ec5 g\u1ea5c c\u0169ng l\u00e0 m\u1ed9t v\u1ecb thu\u1ed1c trong \u0110\u00f4ng y? T\u00eda t\u00f4, \u0111\u00e0o, l\u1ef1u,&#8230; c\u00f3 nh\u1eefng c\u00f4ng d\u1ee5ng g\u00ec? \u2013 C\u00c2Y THU\u1ed0C QUANH EM s\u1ebd ph\u1ea7n n\u00e0o gi\u1ea3i \u0111\u00e1p nh\u1eefng b\u0103n kho\u0103n tr\u00ean.<\/p>\n<p>Cu\u1ed1n s\u00e1ch n\u00e0y nh\u01b0 m\u1ed9t ch\u1ec9 d\u1eabn nh\u1ecf, gi\u00fap ch\u00fang ta hi\u1ec3u \u0111\u01b0\u1ee3c t\u00e1c d\u1ee5ng d\u01b0\u1ee3c l\u00ed c\u1ee7a m\u1ed9t s\u1ed1 c\u00e2y c\u1ecf r\u1ea5t \u0111\u1ed7i quen thu\u1ed9c, nh\u01b0ng nhi\u1ec1u khi ch\u1eb3ng \u0111\u1ec3 \u00fd t\u1edbi. C\u00e1c lo\u00e0i c\u00e2y n\u00e0y xu\u1ea5t hi\u1ec7n \u1edf kh\u1eafp m\u1ecdi n\u01a1i, trong v\u01b0\u1eddn nh\u00e0, tr\u00ean ban c\u00f4ng, hay th\u1eadm ch\u00ed tr\u00ean m\u00e2m c\u01a1m. Ch\u00fang b\u00e9 nh\u1ecf v\u00e0 khi\u00eam nh\u01b0\u1eddng, nh\u01b0ng l\u00e0m \u0111\u1eb9p cho cu\u1ed9c s\u1ed1ng v\u00e0 \u00e2m th\u1ea7m ch\u0103m lo cho s\u1ee9c kh\u1ecfe c\u1ee7a ch\u00fang ta.<\/p>\n<p>V\u1edbi h\u00ecnh minh h\u1ecda c\u1ee5 th\u1ec3, chi ti\u1ebft t\u1eebng lo\u00e0i c\u00e2y c\u1ecf, c\u00f9ng m\u1ed9t s\u1ed1 h\u01b0\u1edbng d\u1eabn c\u00e1ch ch\u1ebf bi\u1ebfn, s\u1eed d\u1ee5ng ho\u1eb7c nh\u1eefng tr\u00edch d\u1eabn t\u1eeb kho t\u00e0ng v\u0103n h\u1ecdc d\u00e2n gian, C\u00c2Y THU\u1ed0C QUANH EM kh\u00f4ng ch\u1ec9 l\u00e0 m\u1ed9t c\u1ea9m nang n\u00ean-c\u00f3 trong T\u1ee7 s\u00e1ch Dinh d\u01b0\u1ee1ng c\u1ee7a m\u1ed7i gia \u0111\u00ecnh, m\u00e0 c\u00f2n kh\u01a1i g\u1ee3i cho b\u1ea1n \u0111\u1ecdc nh\u1ecf tu\u1ed5i t\u00ecnh y\u00eau \u0111\u1ed1i v\u1edbi thi\u00ean nhi\u00ean \u0111\u1ea5t n\u01b0\u1edbc, \u0111\u1ed1i v\u1edbi nh\u1eefng c\u1ecf c\u00e2y b\u00e9 nh\u1ecf \u0111\u1eddi th\u01b0\u1eddng.<\/p>\n","protected":false},"featured_media":17668,"template":"","meta":{"_acf_changed":false},"product_brand":[],"product_cat":[25,17,26],"product_tag":[],"class_list":{"0":"post-17669","1":"product","2":"type-product","3":"status-publish","4":"has-post-thumbnail","6":"product_cat-nhi-dong-6-tuoi-12-tuoi","7":"product_cat-sach-danh-cho-cac-be","8":"product_cat-thieu-nien-11-tuoi-18-tuoi","10":"first","11":"outofstock","12":"taxable","13":"shipping-taxable","14":"purchasable","15":"product-type-simple"},"supplier_id":null,"supplier_sku":"","barcode":null,"atum_controlled":true,"out_stock_date":"2022-04-04 16:39:59","out_stock_threshold":null,"inheritable":false,"inbound_stock":0,"stock_on_hold":0,"sold_today":0,"sales_last_days":0,"reserved_stock":0,"customer_returns":0,"warehouse_damage":0,"lost_in_post":0,"other_logs":0,"out_stock_days":1395,"lost_sales":0,"has_location":false,"update_date":"2026-01-28T23:11:00","atum_locations":[],"atum_stock_status":"outofstock","restock_status":false,"low_stock_amount":"","sales_update_date":"2026-01-28T23:11:00","calc_backorders":null,"acf":{"publisher":{"ID":1454,"post_author":"1","post_date":"2021-02-17 01:11:34","post_date_gmt":"2021-02-16 23:11:34","post_content":"<!-- wp:flatsome\/uxbuilder -->\n<h1 style=\"text-align: center;\"><strong>Kim \u0110\u1ed3ng<\/strong><\/h1>\n[row]\n\n[col span=\"3\" span__sm=\"12\"]\n\n[ux_image id=\"1534\" image_size=\"medium\"]\n\n\n[\/col]\n[col span=\"9\" span__sm=\"12\"]\n\n<p>Nh\u00e0 xu\u1ea5t b\u1ea3n Kim \u0110\u1ed3ng tr\u1ef1c thu\u1ed9c Trung \u01b0\u01a1ng \u0110o\u00e0n TNCS H\u1ed3 Ch\u00ed Minh l\u00e0 Nh\u00e0 xu\u1ea5t b\u1ea3n t\u1ed5ng h\u1ee3p c\u00f3 ch\u1ee9c n\u0103ng xu\u1ea5t b\u1ea3n s\u00e1ch v\u00e0 v\u0103n h\u00f3a ph\u1ea9m ph\u1ee5c v\u1ee5 thi\u1ebfu nhi v\u00e0 c\u00e1c b\u1eadc ph\u1ee5 huynh trong c\u1ea3 n\u01b0\u1edbc, qu\u1ea3ng b\u00e1 v\u00e0 gi\u1edbi thi\u1ec7u v\u0103n h\u00f3a Vi\u1ec7t Nam ra th\u1ebf gi\u1edbi.<br \/>Nh\u00e0 xu\u1ea5t b\u1ea3n c\u00f3 nhi\u1ec7m v\u1ee5 t\u1ed5 ch\u1ee9c b\u1ea3n th\u1ea3o, bi\u00ean so\u1ea1n, bi\u00ean d\u1ecbch, xu\u1ea5t b\u1ea3n v\u00e0 ph\u00e1t h\u00e0nh c\u00e1c xu\u1ea5t b\u1ea3n ph\u1ea9m c\u00f3 n\u1ed9i dung: gi\u00e1o d\u1ee5c truy\u1ec1n th\u1ed1ng d\u00e2n t\u1ed9c, gi\u00e1o d\u1ee5c v\u1ec1 tri th\u1ee9c, ki\u1ebfn th\u1ee9c\u2026 tr\u00ean c\u00e1c l\u0129nh v\u1ef1c v\u0103n h\u1ecdc, ngh\u1ec7 thu\u1eadt, khoa h\u1ecdc k\u1ef9 thu\u1eadt nh\u1eb1m cung c\u1ea5p cho c\u00e1c em thi\u1ebfu nhi c\u0169ng nh\u01b0 c\u00e1c b\u1eadc ph\u1ee5 huynh c\u00e1c ki\u1ebfn th\u1ee9c c\u1ea7n thi\u1ebft trong cu\u1ed9c s\u1ed1ng, nh\u1eefng tinh hoa c\u1ee7a tri th\u1ee9c nh\u00e2n lo\u1ea1i nh\u1eb1m g\u00f3p ph\u1ea7n gi\u00e1o d\u1ee5c v\u00e0 h\u00ecnh th\u00e0nh nh\u00e2n c\u00e1ch th\u1ebf h\u1ec7 tr\u1ebb.<br \/>\u0110\u1ed1i t\u01b0\u1ee3ng ph\u1ee5c v\u1ee5 c\u1ee7a Nh\u00e0 xu\u1ea5t b\u1ea3n l\u00e0 c\u00e1c em t\u1eeb tu\u1ed5i nh\u00e0 tr\u1ebb m\u1eabu gi\u00e1o (1 \u0111\u1ebfn 5 tu\u1ed5i), nhi \u0111\u1ed3ng (6 \u0111\u1ebfn 9 tu\u1ed5i), thi\u1ebfu ni\u00ean (10 \u0111\u1ebfn 15 tu\u1ed5i) \u0111\u1ebfn c\u00e1c em tu\u1ed5i m\u1edbi l\u1edbn (16 \u0111\u1ebfn 18 tu\u1ed5i) v\u00e0 c\u00e1c b\u1eadc ph\u1ee5 huynh.<\/p>\n\n[\/col]\n\n[\/row]\n\n<!-- \/wp:flatsome\/uxbuilder -->","post_title":"Kim \u0110\u1ed3ng","post_excerpt":"","post_status":"publish","comment_status":"closed","ping_status":"closed","post_password":"","post_name":"kim-dong","to_ping":"","pinged":"","post_modified":"2021-02-17 01:31:56","post_modified_gmt":"2021-02-16 23:31:56","post_content_filtered":"","post_parent":0,"guid":"https:\/\/sachviet.eu\/nha-phat-hanh\/kim-dong\/","menu_order":0,"post_type":"publisher","post_mime_type":"","comment_count":"0","filter":"raw"}},"_links":{"self":[{"href":"https:\/\/sachviet.eu\/en\/wp-json\/wp\/v2\/product\/17669","targetHints":{"allow":["GET"]}}],"collection":[{"href":"https:\/\/sachviet.eu\/en\/wp-json\/wp\/v2\/product"}],"about":[{"href":"https:\/\/sachviet.eu\/en\/wp-json\/wp\/v2\/types\/product"}],"wp:featuredmedia":[{"embeddable":true,"href":"https:\/\/sachviet.eu\/en\/wp-json\/wp\/v2\/media\/17668"}],"wp:attachment":[{"href":"https:\/\/sachviet.eu\/en\/wp-json\/wp\/v2\/media?parent=17669"}],"wp:term":[{"taxonomy":"product_brand","embeddable":true,"href":"https:\/\/sachviet.eu\/en\/wp-json\/wp\/v2\/product_brand?post=17669"},{"taxonomy":"product_cat","embeddable":true,"href":"https:\/\/sachviet.eu\/en\/wp-json\/wp\/v2\/product_cat?post=17669"},{"taxonomy":"product_tag","embeddable":true,"href":"https:\/\/sachviet.eu\/en\/wp-json\/wp\/v2\/product_tag?post=17669"}],"curies":[{"name":"wp","href":"https:\/\/api.w.org\/{rel}","templated":true}]}}