{"id":17667,"date":"2022-04-04T17:29:12","date_gmt":"2022-04-04T14:29:12","guid":{"rendered":"https:\/\/sachviet.eu\/shop\/gen-vi-ky\/"},"modified":"2022-04-06T19:34:47","modified_gmt":"2022-04-06T16:34:47","slug":"gen-vi-ky","status":"publish","type":"product","link":"https:\/\/sachviet.eu\/en\/shop\/gen-vi-ky\/","title":{"rendered":"Gen V\u1ecb K\u1ef7"},"content":{"rendered":"<p>Gen v\u1ecb k\u1ef7 l\u00e0 cu\u1ed1n s\u00e1ch \u0111\u1ea7u tay c\u1ee7a Richard Dawkins, \u0111\u01b0\u1ee3c c\u00f4ng b\u1ed1 n\u0103m 1976, v\u00e0 c\u0169ng n\u1ed5i ti\u1ebfng nh\u1ea5t trong s\u1ed1 c\u00e1c c\u00f4ng tr\u00ecnh khoa h\u1ecdc c\u1ee7a \u00f4ng.<\/p>\n<p>Kh\u00f4ng ch\u1ec9 s\u1eed d\u1ee5ng r\u1ea5t t\u00e0i t\u00ecnh h\u00ecnh \u1ea3nh so s\u00e1nh v\u00e0 ph\u00e9p nh\u00e2n c\u00e1ch h\u00f3a \u0111\u1ec3 gi\u1ea3i th\u00edch khoa h\u1ecdc, Richard c\u00f2n s\u00e1ng t\u1ea1o ra thu\u1eadt ng\u1eef \u201cgen v\u1ecb k\u1ef7\u201d \u0111\u1ec3 ch\u1ee9ng minh gen l\u00e0 trung t\u00e2m c\u1ee7a thuy\u1ebft ti\u1ebfn h\u00f3a. Th\u1ebf gi\u1edbi c\u1ee7a gen v\u1ecb k\u1ef7 c\u00f3 nh\u1eefng cu\u1ed9c ch\u1ea1y \u0111ua kh\u1ed1c li\u1ec7t, s\u1ef1 l\u1eeba d\u1ed1i v\u00e0 b\u00f3c l\u1ed9t kh\u00f4ng khoan nh\u01b0\u1ee3ng, v\u00e0 t\u1ed3n t\u1ea1i c\u1ea3 ch\u1ee7 ngh\u0129a v\u1ecb tha.<\/p>\n<p>Gen v\u1ecb k\u1ef7 gi\u00fap x\u00f3a \u0111i nhi\u1ec1u ng\u1ed9 nh\u1eadn tr\u01b0\u1edbc \u0111\u00f3 trong gi\u1edbi khoa h\u1ecdc v\u1ec1 c\u00e1c v\u1ea5n \u0111\u1ec1 li\u00ean quan \u0111\u1ebfn gen v\u00e0 ti\u1ebfn h\u00f3a. Richard \u0111\u1ecbnh ngh\u0129a \u0111\u01b0\u1ee3c s\u1ef1 t\u1ed3n t\u1ea1i c\u1ee7a con ng\u01b0\u1eddi th\u00f4ng qua m\u1ecdi ho\u1ea1t \u0111\u1ed9ng c\u1ee7a gen, nh\u1eefng ho\u1ea1t \u0111\u1ed9ng \u201cl\u1ea1 h\u01a1n vi\u1ec5n t\u01b0\u1edfng\u201d.<\/p>\n<p>C\u00f4ng tr\u00ecnh \u0111\u01b0\u1ee3c x\u00e2y d\u1ef1ng d\u1ef1a tr\u00ean l\u00fd thuy\u1ebft ch\u00ednh c\u1ee7a George C. Williams v\u1ec1 ch\u1ecdn l\u1ecdc t\u1ef1 nhi\u00ean. Thu\u1eadt ng\u1eef \u201cgen v\u1ecb k\u1ef7\u201d th\u1ec3 hi\u1ec7n quan \u0111i\u1ec3m m\u1edbi v\u1ec1 \u0111\u1ed9ng l\u1ef1c c\u1ee7a ti\u1ebfn h\u00f3a, tr\u00e1i ng\u01b0\u1ee3c v\u1edbi quan \u0111i\u1ec3m ti\u1ebfn h\u00f3a t\u1eadp trung ch\u1ee7 y\u1ebfu v\u00e0o c\u00e1 th\u1ec3 sinh v\u1eadt v\u00e0 c\u00e1c nh\u00f3m. T\u1eeb quan \u0111i\u1ec3m l\u1ea5y gen l\u00e0m trung t\u00e2m, Richard Dawkins cho r\u1eb1ng t\u00ednh v\u1ecb k\u1ef7 c\u00f3 th\u1ec3 ch\u00ednh l\u00e0 m\u00f4 h\u00ecnh c\u1ee7a v\u0103n h\u00f3a nh\u00e2n lo\u1ea1i.<\/p>\n<p>T\u1eeb sau l\u1ea7n xu\u1ea5t b\u1ea3n l\u1ea7n \u0111\u1ea7u ti\u00ean, \u0111\u1ebfn nay, Selfish Gene (Gen v\u1ecb k\u1ef7) \u0111\u00e3 \u0111\u01b0\u1ee3c d\u1ecbch ra h\u01a1n 25 ng\u00f4n ng\u1eef, \u0111\u01b0\u1ee3c t\u1ea1p ch\u00ed The Guardian \u0111\u01b0a v\u00e0o danh s\u00e1ch 100 cu\u1ed1n s\u00e1ch phi h\u01b0 c\u1ea5u hay nh\u1ea5t (2016), v\u00e0 \u0111\u01b0\u1ee3c b\u00ecnh ch\u1ecdn l\u00e0 m\u1ed9t trong nh\u1eefng cu\u1ed1n s\u00e1ch khoa h\u1ecdc c\u00f3 \u1ea3nh h\u01b0\u1edfng nh\u1ea5t m\u1ecdi th\u1eddi \u0111\u1ea1i trong d\u1ecbp k\u1ec9 ni\u1ec7m l\u1ea7n th\u1ee9 30 Gi\u1ea3i th\u01b0\u1edfng S\u00e1ch Khoa h\u1ecdc Royal Society, s\u00e1nh c\u00f9ng c\u00e1c t\u00e1c ph\u1ea9m c\u1ee7a Charles Darwin v\u00e0 Isaac Newton (2017). Trong nh\u1eefng l\u1ea7n ra m\u1eaft c\u00e1c cu\u1ed1n s\u00e1ch ti\u1ebfp theo, \u0111\u1ed9c gi\u1ea3 v\u1eabn lu\u00f4n x\u1ebfp h\u00e0ng \u0111\u1ec3 mua v\u00e0 y\u00eau c\u1ea7u \u00f4ng k\u00fd t\u1eb7ng Gen v\u1ecb k\u1ef7.<\/p>\n","protected":false},"excerpt":{"rendered":"<p>Gen v\u1ecb k\u1ef7 l\u00e0 cu\u1ed1n s\u00e1ch \u0111\u1ea7u tay c\u1ee7a Richard Dawkins, \u0111\u01b0\u1ee3c c\u00f4ng b\u1ed1 n\u0103m 1976, v\u00e0 c\u0169ng n\u1ed5i ti\u1ebfng nh\u1ea5t trong s\u1ed1 c\u00e1c c\u00f4ng tr\u00ecnh khoa h\u1ecdc c\u1ee7a \u00f4ng.<\/p>\n<p>Kh\u00f4ng ch\u1ec9 s\u1eed d\u1ee5ng r\u1ea5t t\u00e0i t\u00ecnh h\u00ecnh \u1ea3nh so s\u00e1nh v\u00e0 ph\u00e9p nh\u00e2n c\u00e1ch h\u00f3a \u0111\u1ec3 gi\u1ea3i th\u00edch khoa h\u1ecdc, Richard c\u00f2n s\u00e1ng t\u1ea1o ra thu\u1eadt ng\u1eef \u201cgen v\u1ecb k\u1ef7\u201d \u0111\u1ec3 ch\u1ee9ng minh gen l\u00e0 trung t\u00e2m c\u1ee7a thuy\u1ebft ti\u1ebfn h\u00f3a. Th\u1ebf gi\u1edbi c\u1ee7a gen v\u1ecb k\u1ef7 c\u00f3 nh\u1eefng cu\u1ed9c ch\u1ea1y \u0111ua kh\u1ed1c li\u1ec7t, s\u1ef1 l\u1eeba d\u1ed1i v\u00e0 b\u00f3c l\u1ed9t kh\u00f4ng khoan nh\u01b0\u1ee3ng, v\u00e0 t\u1ed3n t\u1ea1i c\u1ea3 ch\u1ee7 ngh\u0129a v\u1ecb tha.<\/p>\n<p>Gen v\u1ecb k\u1ef7 gi\u00fap x\u00f3a \u0111i nhi\u1ec1u ng\u1ed9 nh\u1eadn tr\u01b0\u1edbc \u0111\u00f3 trong gi\u1edbi khoa h\u1ecdc v\u1ec1 c\u00e1c v\u1ea5n \u0111\u1ec1 li\u00ean quan \u0111\u1ebfn gen v\u00e0 ti\u1ebfn h\u00f3a. Richard \u0111\u1ecbnh ngh\u0129a \u0111\u01b0\u1ee3c s\u1ef1 t\u1ed3n t\u1ea1i c\u1ee7a con ng\u01b0\u1eddi th\u00f4ng qua m\u1ecdi ho\u1ea1t \u0111\u1ed9ng c\u1ee7a gen, nh\u1eefng ho\u1ea1t \u0111\u1ed9ng \u201cl\u1ea1 h\u01a1n vi\u1ec5n t\u01b0\u1edfng\u201d.<\/p>\n<p>C\u00f4ng tr\u00ecnh \u0111\u01b0\u1ee3c x\u00e2y d\u1ef1ng d\u1ef1a tr\u00ean l\u00fd thuy\u1ebft ch\u00ednh c\u1ee7a George C. Williams v\u1ec1 ch\u1ecdn l\u1ecdc t\u1ef1 nhi\u00ean. Thu\u1eadt ng\u1eef \u201cgen v\u1ecb k\u1ef7\u201d th\u1ec3 hi\u1ec7n quan \u0111i\u1ec3m m\u1edbi v\u1ec1 \u0111\u1ed9ng l\u1ef1c c\u1ee7a ti\u1ebfn h\u00f3a, tr\u00e1i ng\u01b0\u1ee3c v\u1edbi quan \u0111i\u1ec3m ti\u1ebfn h\u00f3a t\u1eadp trung ch\u1ee7 y\u1ebfu v\u00e0o c\u00e1 th\u1ec3 sinh v\u1eadt v\u00e0 c\u00e1c nh\u00f3m. T\u1eeb quan \u0111i\u1ec3m l\u1ea5y gen l\u00e0m trung t\u00e2m, Richard Dawkins cho r\u1eb1ng t\u00ednh v\u1ecb k\u1ef7 c\u00f3 th\u1ec3 ch\u00ednh l\u00e0 m\u00f4 h\u00ecnh c\u1ee7a v\u0103n h\u00f3a nh\u00e2n lo\u1ea1i.<\/p>\n<p>T\u1eeb sau l\u1ea7n xu\u1ea5t b\u1ea3n l\u1ea7n \u0111\u1ea7u ti\u00ean, \u0111\u1ebfn nay, Selfish Gene (Gen v\u1ecb k\u1ef7) \u0111\u00e3 \u0111\u01b0\u1ee3c d\u1ecbch ra h\u01a1n 25 ng\u00f4n ng\u1eef, \u0111\u01b0\u1ee3c t\u1ea1p ch\u00ed The Guardian \u0111\u01b0a v\u00e0o danh s\u00e1ch 100 cu\u1ed1n s\u00e1ch phi h\u01b0 c\u1ea5u hay nh\u1ea5t (2016), v\u00e0 \u0111\u01b0\u1ee3c b\u00ecnh ch\u1ecdn l\u00e0 m\u1ed9t trong nh\u1eefng cu\u1ed1n s\u00e1ch khoa h\u1ecdc c\u00f3 \u1ea3nh h\u01b0\u1edfng nh\u1ea5t m\u1ecdi th\u1eddi \u0111\u1ea1i trong d\u1ecbp k\u1ec9 ni\u1ec7m l\u1ea7n th\u1ee9 30 Gi\u1ea3i th\u01b0\u1edfng S\u00e1ch Khoa h\u1ecdc Royal Society, s\u00e1nh c\u00f9ng c\u00e1c t\u00e1c ph\u1ea9m c\u1ee7a Charles Darwin v\u00e0 Isaac Newton (2017). Trong nh\u1eefng l\u1ea7n ra m\u1eaft c\u00e1c cu\u1ed1n s\u00e1ch ti\u1ebfp theo, \u0111\u1ed9c gi\u1ea3 v\u1eabn lu\u00f4n x\u1ebfp h\u00e0ng \u0111\u1ec3 mua v\u00e0 y\u00eau c\u1ea7u \u00f4ng k\u00fd t\u1eb7ng Gen v\u1ecb k\u1ef7.<\/p>\n","protected":false},"featured_media":17666,"template":"","meta":{"_acf_changed":false},"product_brand":[],"product_cat":[18],"product_tag":[],"class_list":{"0":"post-17667","1":"product","2":"type-product","3":"status-publish","4":"has-post-thumbnail","6":"product_cat-kinh-te","8":"first","9":"outofstock","10":"taxable","11":"shipping-taxable","12":"purchasable","13":"product-type-simple"},"supplier_id":null,"supplier_sku":"","barcode":null,"atum_controlled":true,"out_stock_date":"2022-04-06 13:34:47","out_stock_threshold":null,"inheritable":false,"inbound_stock":0,"stock_on_hold":0,"sold_today":0,"sales_last_days":0,"reserved_stock":0,"customer_returns":0,"warehouse_damage":0,"lost_in_post":0,"other_logs":0,"out_stock_days":1393,"lost_sales":0,"has_location":false,"update_date":"2026-01-28T23:11:00","atum_locations":[],"atum_stock_status":"outofstock","restock_status":false,"low_stock_amount":"","sales_update_date":"2026-01-28T23:11:00","calc_backorders":null,"acf":{"publisher":{"ID":17665,"post_author":"1","post_date":"2022-04-04 17:29:09","post_date_gmt":"2022-04-04 14:29:09","post_content":"","post_title":"Omega Plus","post_excerpt":"","post_status":"publish","comment_status":"closed","ping_status":"closed","post_password":"","post_name":"omega-plus","to_ping":"","pinged":"","post_modified":"2022-04-04 17:29:09","post_modified_gmt":"2022-04-04 14:29:09","post_content_filtered":"","post_parent":0,"guid":"https:\/\/sachviet.eu\/nha-phat-hanh\/omega-plus\/","menu_order":0,"post_type":"publisher","post_mime_type":"","comment_count":"0","filter":"raw"}},"_links":{"self":[{"href":"https:\/\/sachviet.eu\/en\/wp-json\/wp\/v2\/product\/17667","targetHints":{"allow":["GET"]}}],"collection":[{"href":"https:\/\/sachviet.eu\/en\/wp-json\/wp\/v2\/product"}],"about":[{"href":"https:\/\/sachviet.eu\/en\/wp-json\/wp\/v2\/types\/product"}],"wp:featuredmedia":[{"embeddable":true,"href":"https:\/\/sachviet.eu\/en\/wp-json\/wp\/v2\/media\/17666"}],"wp:attachment":[{"href":"https:\/\/sachviet.eu\/en\/wp-json\/wp\/v2\/media?parent=17667"}],"wp:term":[{"taxonomy":"product_brand","embeddable":true,"href":"https:\/\/sachviet.eu\/en\/wp-json\/wp\/v2\/product_brand?post=17667"},{"taxonomy":"product_cat","embeddable":true,"href":"https:\/\/sachviet.eu\/en\/wp-json\/wp\/v2\/product_cat?post=17667"},{"taxonomy":"product_tag","embeddable":true,"href":"https:\/\/sachviet.eu\/en\/wp-json\/wp\/v2\/product_tag?post=17667"}],"curies":[{"name":"wp","href":"https:\/\/api.w.org\/{rel}","templated":true}]}}