{"id":17662,"date":"2022-04-04T17:29:00","date_gmt":"2022-04-04T14:29:00","guid":{"rendered":"https:\/\/sachviet.eu\/shop\/bo-sach-ke-chuyen-van-hoa-viet-3-cuon-chuyen-o-cua-nguoi-xua-nguoi-xua-da-mac-nhu-the-nao-loi-ru-cua-me\/"},"modified":"2023-05-22T13:42:20","modified_gmt":"2023-05-22T10:42:20","slug":"bo-sach-ke-chuyen-van-hoa-viet-3-cuon-chuyen-o-cua-nguoi-xua-nguoi-xua-da-mac-nhu-the-nao-loi-ru-cua-me","status":"publish","type":"product","link":"https:\/\/sachviet.eu\/en\/shop\/bo-sach-ke-chuyen-van-hoa-viet-3-cuon-chuyen-o-cua-nguoi-xua-nguoi-xua-da-mac-nhu-the-nao-loi-ru-cua-me\/","title":{"rendered":"B\u1ed9 s\u00e1ch k\u1ec3 chuy\u1ec3n v\u0103n h\u00f3a Vi\u1ec7t 3 cu\u1ed1n: Chuy\u1ec7n \u1ede C\u1ee7a Ng\u01b0\u1eddi X\u01b0a, Ng\u01b0\u1eddi X\u01b0a \u0110\u00e3 M\u1eb7c Nh\u01b0 Th\u1ebf N\u00e0o, L\u1eddi Ru C\u1ee7a M\u1eb9"},"content":{"rendered":"<p>C\u00e1m \u01a1n Th\u00e1i H\u00e0 v\u1edbi b\u1ed9 s\u00e1ch K\u1ec2 CHUY\u1ec6N V\u0102N H\u00d3A VI\u1ec6T: B\u1ed9 s\u00e1ch gi\u00fap tr\u1ebb c\u00f3 v\u1ed1n t\u1eeb v\u1ef1ng phong ph\u00fa v\u00e0 hi\u1ec3u h\u01a1n v\u1ec1 v\u0103n h\u00f3a Vi\u1ec7t, c\u0169ng nh\u01b0 d\u00e0nh cho c\u1ea3 ng\u01b0\u1eddi l\u1edbn th\u00edch t\u00ecm hi\u1ec3u v\u1ec1 v\u0103n ho\u00e1 d\u00e2n t\u1ed9c. Hay c\u1ea7n ch\u1ea5t li\u1ec7u \u0111\u1ec3 h\u1ed7 tr\u1ee3 tr\u1ebb, \u0111\u1ec3 tr\u1ea3 l\u1eddi c\u00e1c c\u00e2u h\u1ecfi xo\u00e1y l\u1eb1ng nh\u1eb1ng c\u1ee7a t\u1ee5i nh\u1ecf \ud83c\udf8b<br \/>\nTrong cu\u1ed9c s\u1ed1ng th\u01b0\u1eddng ng\u00e0y, b\u1ed1 m\u1eb9 c\u00f3 th\u01b0\u1eddng k\u1ec3 cho tr\u1ebb nghe nh\u1eefng c\u00e2u chuy\u1ec7n nh\u01b0 &#8220;c\u00e2y \u0111a &#8211; gi\u1ebfng n\u01b0\u1edbc &#8211; s\u00e2n \u0111\u00ecnh&#8221;, &#8220;nh\u00e0 s\u00e0n &#8211; nh\u00e0 thuy\u1ec1n&#8221;, &#8220;\u00e1o d\u00e0i &#8211; \u00e1o t\u1ee9 th\u00e2n&#8221; ch\u01b0a? Nh\u1eefng l\u00fac v\u1eady c\u00e1c b\u1ea1n nh\u1ecf c\u00f3 hi\u1ec3u h\u1ebft kh\u00f4ng nh\u1ec9? N\u1ebfu c\u00e1c b\u1ea1n \u1ea5y kh\u00f4ng hi\u1ec3u v\u00e0 b\u1ed1 m\u1eb9 mu\u1ed1n l\u00e0m gi\u00e0u th\u00eam v\u1ed1n ng\u00f4n ng\u1eef c\u1ee7a c\u00e1c b\u1ea1n \u1ea5y \u0111\u1ec3 c\u00f3 th\u1ec3 hi\u1ec3u v\u1ec1 v\u0103n h\u00f3a th\u00ec tham kh\u1ea3o b\u1ed9 s\u00e1ch K\u1ec3 chuy\u1ec7n v\u0103n h\u00f3a Vi\u1ec7t n\u00e0y nh\u00e9!<br \/>\n\u0110i\u1ec3m \u1ea5n t\u01b0\u1ee3ng nh\u1ea5t c\u1ee7a b\u1ed9 s\u00e1ch n\u00e0y l\u00e0 c\u00e1c m\u1ed7i c\u00e2u chuy\u1ec7n \u0111\u1ec1u c\u00f3 h\u00ecnh minh h\u1ecda r\u1ea5t ng\u1ed9 ngh\u0129nh, thu\u1ea7n Vi\u1ec7t gi\u1ed1ng nh\u01b0 phong c\u00e1ch v\u1ebd tranh d\u00e2n gian v\u1eady. T\u1eeb trang ph\u1ee5c \u00e1o d\u00e0i kh\u0103n, \u0111\u1ed9i n\u00f3n, nh\u00e0 s\u00e0n\u2026 \u0111\u1ec1u to\u00e1t l\u00ean n\u00e9t g\u1ea7n g\u0169i t\u1eeb truy\u1ec1n th\u1ed1ng nh\u01b0ng c\u0169ng kh\u00f4ng k\u00e9m ph\u1ea7n ng\u1ed9 ngh\u0129nh.<br \/>\nM\u1ed7i c\u00e2u chuy\u1ec7n \u0111\u1ec1u \u0111\u01b0\u1ee3c tr\u00ecnh b\u00e0y tr\u00ean 1 trang, bao g\u1ed3m c\u1ea3 tranh minh h\u1ecda, gi\u1ea3i th\u00edch ngh\u0129a trong c\u00e2u, \u00fd ngh\u0129a c\u1ee7a s\u1ef1 ra doi c\u1ee7a s\u1ef1 v\u1eadt do, v\u1eeba c\u00f3 nhi\u1ec1u th\u00f4ng tin l\u1ea1i r\u1ea5t h\u00e0i h\u01b0\u1edbc n\u00ean s\u1ebd khi\u1ebfn c\u00e1c b\u1ea1n nh\u1ecf c\u1ea3m th\u1ea5y thu h\u00fat v\u00e0 d\u1ec5 ti\u1ebfp nh\u1eadn h\u01a1n.<br \/>\n\u0110\u1ec3 c\u00f3 th\u1ec3 gi\u00fap c\u00e1c b\u1ea1n nh\u1ecf hi\u1ec3u s\u00e2u s\u1eafc th\u00ec v\u1edbi m\u1ed7i c\u00e2u chuy\u1ec7n, ngo\u00e0i vi\u1ec7c xem tranh v\u00e0 \u0111\u1ecdc ph\u1ea7n gi\u1ea3i th\u00edch, b\u1ed1 m\u1eb9 n\u00ean c\u00f9ng b\u00e9 th\u1ea3o lu\u1eadn m\u1ed9t v\u00e0i t\u00ecnh hu\u1ed1ng. V\u00ed d\u1ee5 nh\u01b0: &#8220;Con c\u00f3 th\u1ea5y s\u1ef1 kh\u00e1c nhau gi\u1eefa \u00e1o d\u00e0i c\u1ee7a m\u1eb9 v\u00e0 c\u1ee7a b\u00e0 kh\u00f4ng?&#8221;, &#8220;V\u00ec sao nh\u00e0 \u1edf \u0111\u00e2y l\u1ea1i n\u1ed5i tr\u00ean m\u1eb7t n\u01b0\u1edbc nh\u1ec9?&#8221;&#8230;<br \/>\nL\u00e0 m\u1ed9t cu\u1ed1n s\u00e1ch v\u1edbi ch\u1ea5t li\u1ec7u r\u1ea5t x\u01b0a nh\u01b0ng K\u1ec3 chuy\u1ec7n v\u0103n h\u00f3a Vi\u1ec7t l\u1ea1i kh\u00f4ng h\u1ec1 mang m\u00e0u s\u1eafc c\u0169 hay \u201cqu\u00ea\u201d nh\u1edd v\u00e0o nh\u1eefng h\u00ecnh \u1ea3nh minh h\u1ecda \u0111\u00e1ng y\u00eau, r\u1ef1c r\u1ee1 v\u00e0 r\u1ea5t m\u1edbi, r\u1ea5t hi\u1ec7n \u0111\u1ea1i v\u00e0 quen thu\u1ed9c v\u1edbi tr\u1ebb em th\u1eddi nay. V\u1eabn c\u00f2n \u0111\u00f3 c\u00e2y \u0111a, gi\u1ebfng n\u01b0\u1edbc m\u00e1i \u0111\u00ecnh nh\u01b0 trong k\u00fd \u1ee9c c\u1ee7a ng\u01b0\u1eddi l\u1edbn, nh\u01b0ng ngo\u00e0i ra c\u00f2n l\u00e0 h\u00ecnh \u1ea3nh nh\u1eefng c\u00f4 b\u00e9 m\u1eb7c qu\u1ea7n y\u1ebfm, \u00e1o d\u00e0i v\u00f4 c\u00f9ng d\u1ec5 th\u01b0\u01a1ng, nh\u1eefng chi\u1ebfc n\u01a1 d\u1ec5 th\u01b0\u01a1ng\u2026 V\u00ec th\u1ebf, c\u00e1c b\u1ed1 m\u1eb9 kh\u00f4ng c\u1ea7n ph\u1ea3i lo l\u1eafng b\u00e9 s\u1ebd th\u1ea5y xa l\u1ea1 v\u00e0 thi\u1ebfu h\u1ee9ng th\u00fa v\u1edbi b\u1ed9 s\u00e1ch n\u00e0y nh\u00e9.<\/p>\n","protected":false},"excerpt":{"rendered":"<p>C\u00e1m \u01a1n Th\u00e1i H\u00e0 v\u1edbi b\u1ed9 s\u00e1ch K\u1ec2 CHUY\u1ec6N V\u0102N H\u00d3A VI\u1ec6T: B\u1ed9 s\u00e1ch gi\u00fap tr\u1ebb c\u00f3 v\u1ed1n t\u1eeb v\u1ef1ng phong ph\u00fa v\u00e0 hi\u1ec3u h\u01a1n v\u1ec1 v\u0103n h\u00f3a Vi\u1ec7t, c\u0169ng nh\u01b0 d\u00e0nh cho c\u1ea3 ng\u01b0\u1eddi l\u1edbn th\u00edch t\u00ecm hi\u1ec3u v\u1ec1 v\u0103n ho\u00e1 d\u00e2n t\u1ed9c. Hay c\u1ea7n ch\u1ea5t li\u1ec7u \u0111\u1ec3 h\u1ed7 tr\u1ee3 tr\u1ebb, \u0111\u1ec3 tr\u1ea3 l\u1eddi c\u00e1c c\u00e2u h\u1ecfi xo\u00e1y l\u1eb1ng nh\u1eb1ng c\u1ee7a t\u1ee5i nh\u1ecf<br \/>\nTrong cu\u1ed9c s\u1ed1ng th\u01b0\u1eddng ng\u00e0y, b\u1ed1 m\u1eb9 c\u00f3 th\u01b0\u1eddng k\u1ec3 cho tr\u1ebb nghe nh\u1eefng c\u00e2u chuy\u1ec7n nh\u01b0 &#8220;c\u00e2y \u0111a &#8211; gi\u1ebfng n\u01b0\u1edbc &#8211; s\u00e2n \u0111\u00ecnh&#8221;, &#8220;nh\u00e0 s\u00e0n &#8211; nh\u00e0 thuy\u1ec1n&#8221;, &#8220;\u00e1o d\u00e0i &#8211; \u00e1o t\u1ee9 th\u00e2n&#8221; ch\u01b0a? Nh\u1eefng l\u00fac v\u1eady c\u00e1c b\u1ea1n nh\u1ecf c\u00f3 hi\u1ec3u h\u1ebft kh\u00f4ng nh\u1ec9? N\u1ebfu c\u00e1c b\u1ea1n \u1ea5y kh\u00f4ng hi\u1ec3u v\u00e0 b\u1ed1 m\u1eb9 mu\u1ed1n l\u00e0m gi\u00e0u th\u00eam v\u1ed1n ng\u00f4n ng\u1eef c\u1ee7a c\u00e1c b\u1ea1n \u1ea5y \u0111\u1ec3 c\u00f3 th\u1ec3 hi\u1ec3u v\u1ec1 v\u0103n h\u00f3a th\u00ec tham kh\u1ea3o b\u1ed9 s\u00e1ch K\u1ec3 chuy\u1ec7n v\u0103n h\u00f3a Vi\u1ec7t n\u00e0y nh\u00e9!<br \/>\n\u0110i\u1ec3m \u1ea5n t\u01b0\u1ee3ng nh\u1ea5t c\u1ee7a b\u1ed9 s\u00e1ch n\u00e0y l\u00e0 c\u00e1c m\u1ed7i c\u00e2u chuy\u1ec7n \u0111\u1ec1u c\u00f3 h\u00ecnh minh h\u1ecda r\u1ea5t ng\u1ed9 ngh\u0129nh, thu\u1ea7n Vi\u1ec7t gi\u1ed1ng nh\u01b0 phong c\u00e1ch v\u1ebd tranh d\u00e2n gian v\u1eady. T\u1eeb trang ph\u1ee5c \u00e1o d\u00e0i kh\u0103n, \u0111\u1ed9i n\u00f3n, nh\u00e0 s\u00e0n\u2026 \u0111\u1ec1u to\u00e1t l\u00ean n\u00e9t g\u1ea7n g\u0169i t\u1eeb truy\u1ec1n th\u1ed1ng nh\u01b0ng c\u0169ng kh\u00f4ng k\u00e9m ph\u1ea7n ng\u1ed9 ngh\u0129nh.<br \/>\nM\u1ed7i c\u00e2u chuy\u1ec7n \u0111\u1ec1u \u0111\u01b0\u1ee3c tr\u00ecnh b\u00e0y tr\u00ean 1 trang, bao g\u1ed3m c\u1ea3 tranh minh h\u1ecda, gi\u1ea3i th\u00edch ngh\u0129a trong c\u00e2u, \u00fd ngh\u0129a c\u1ee7a s\u1ef1 ra doi c\u1ee7a s\u1ef1 v\u1eadt do, v\u1eeba c\u00f3 nhi\u1ec1u th\u00f4ng tin l\u1ea1i r\u1ea5t h\u00e0i h\u01b0\u1edbc n\u00ean s\u1ebd khi\u1ebfn c\u00e1c b\u1ea1n nh\u1ecf c\u1ea3m th\u1ea5y thu h\u00fat v\u00e0 d\u1ec5 ti\u1ebfp nh\u1eadn h\u01a1n.<br \/>\n\u0110\u1ec3 c\u00f3 th\u1ec3 gi\u00fap c\u00e1c b\u1ea1n nh\u1ecf hi\u1ec3u s\u00e2u s\u1eafc th\u00ec v\u1edbi m\u1ed7i c\u00e2u chuy\u1ec7n, ngo\u00e0i vi\u1ec7c xem tranh v\u00e0 \u0111\u1ecdc ph\u1ea7n gi\u1ea3i th\u00edch, b\u1ed1 m\u1eb9 n\u00ean c\u00f9ng b\u00e9 th\u1ea3o lu\u1eadn m\u1ed9t v\u00e0i t\u00ecnh hu\u1ed1ng. V\u00ed d\u1ee5 nh\u01b0: &#8220;Con c\u00f3 th\u1ea5y s\u1ef1 kh\u00e1c nhau gi\u1eefa \u00e1o d\u00e0i c\u1ee7a m\u1eb9 v\u00e0 c\u1ee7a b\u00e0 kh\u00f4ng?&#8221;, &#8220;V\u00ec sao nh\u00e0 \u1edf \u0111\u00e2y l\u1ea1i n\u1ed5i tr\u00ean m\u1eb7t n\u01b0\u1edbc nh\u1ec9?&#8221;&#8230;<br \/>\nL\u00e0 m\u1ed9t cu\u1ed1n s\u00e1ch v\u1edbi ch\u1ea5t li\u1ec7u r\u1ea5t x\u01b0a nh\u01b0ng K\u1ec3 chuy\u1ec7n v\u0103n h\u00f3a Vi\u1ec7t l\u1ea1i kh\u00f4ng h\u1ec1 mang m\u00e0u s\u1eafc c\u0169 hay \u201cqu\u00ea\u201d nh\u1edd v\u00e0o nh\u1eefng h\u00ecnh \u1ea3nh minh h\u1ecda \u0111\u00e1ng y\u00eau, r\u1ef1c r\u1ee1 v\u00e0 r\u1ea5t m\u1edbi, r\u1ea5t hi\u1ec7n \u0111\u1ea1i v\u00e0 quen thu\u1ed9c v\u1edbi tr\u1ebb em th\u1eddi nay. V\u1eabn c\u00f2n \u0111\u00f3 c\u00e2y \u0111a, gi\u1ebfng n\u01b0\u1edbc m\u00e1i \u0111\u00ecnh nh\u01b0 trong k\u00fd \u1ee9c c\u1ee7a ng\u01b0\u1eddi l\u1edbn, nh\u01b0ng ngo\u00e0i ra c\u00f2n l\u00e0 h\u00ecnh \u1ea3nh nh\u1eefng c\u00f4 b\u00e9 m\u1eb7c qu\u1ea7n y\u1ebfm, \u00e1o d\u00e0i v\u00f4 c\u00f9ng d\u1ec5 th\u01b0\u01a1ng, nh\u1eefng chi\u1ebfc n\u01a1 d\u1ec5 th\u01b0\u01a1ng\u2026 V\u00ec th\u1ebf, c\u00e1c b\u1ed1 m\u1eb9 kh\u00f4ng c\u1ea7n ph\u1ea3i lo l\u1eafng b\u00e9 s\u1ebd th\u1ea5y xa l\u1ea1 v\u00e0 thi\u1ebfu h\u1ee9ng th\u00fa v\u1edbi b\u1ed9 s\u00e1ch n\u00e0y nh\u00e9.<\/p>\n","protected":false},"featured_media":17659,"template":"","meta":{"_acf_changed":false},"product_brand":[],"product_cat":[25,17,71,26],"product_tag":[],"class_list":{"0":"post-17662","1":"product","2":"type-product","3":"status-publish","4":"has-post-thumbnail","6":"product_cat-nhi-dong-6-tuoi-12-tuoi","7":"product_cat-sach-danh-cho-cac-be","8":"product_cat-sach-tre-em-thuan-viet","9":"product_cat-thieu-nien-11-tuoi-18-tuoi","11":"first","12":"outofstock","13":"taxable","14":"shipping-taxable","15":"purchasable","16":"product-type-simple"},"supplier_id":null,"supplier_sku":"","barcode":null,"atum_controlled":true,"out_stock_date":"2023-05-22 10:42:20","out_stock_threshold":null,"inheritable":false,"inbound_stock":0,"stock_on_hold":0,"sold_today":0,"sales_last_days":0,"reserved_stock":0,"customer_returns":0,"warehouse_damage":0,"lost_in_post":0,"other_logs":0,"out_stock_days":982,"lost_sales":0,"has_location":false,"update_date":"2026-01-28T23:11:00","atum_locations":[],"atum_stock_status":"outofstock","restock_status":false,"low_stock_amount":"","sales_update_date":"2026-01-28T23:11:00","calc_backorders":null,"acf":{"publisher":{"ID":1474,"post_author":"1","post_date":"2021-02-17 01:12:51","post_date_gmt":"2021-02-16 23:12:51","post_content":"","post_title":"Th\u00e1i H\u00e0","post_excerpt":"","post_status":"publish","comment_status":"closed","ping_status":"closed","post_password":"","post_name":"thai-ha","to_ping":"","pinged":"","post_modified":"2021-02-17 01:12:51","post_modified_gmt":"2021-02-16 23:12:51","post_content_filtered":"","post_parent":0,"guid":"https:\/\/sachviet.eu\/nha-phat-hanh\/thai-ha\/","menu_order":0,"post_type":"publisher","post_mime_type":"","comment_count":"0","filter":"raw"}},"_links":{"self":[{"href":"https:\/\/sachviet.eu\/en\/wp-json\/wp\/v2\/product\/17662","targetHints":{"allow":["GET"]}}],"collection":[{"href":"https:\/\/sachviet.eu\/en\/wp-json\/wp\/v2\/product"}],"about":[{"href":"https:\/\/sachviet.eu\/en\/wp-json\/wp\/v2\/types\/product"}],"wp:featuredmedia":[{"embeddable":true,"href":"https:\/\/sachviet.eu\/en\/wp-json\/wp\/v2\/media\/17659"}],"wp:attachment":[{"href":"https:\/\/sachviet.eu\/en\/wp-json\/wp\/v2\/media?parent=17662"}],"wp:term":[{"taxonomy":"product_brand","embeddable":true,"href":"https:\/\/sachviet.eu\/en\/wp-json\/wp\/v2\/product_brand?post=17662"},{"taxonomy":"product_cat","embeddable":true,"href":"https:\/\/sachviet.eu\/en\/wp-json\/wp\/v2\/product_cat?post=17662"},{"taxonomy":"product_tag","embeddable":true,"href":"https:\/\/sachviet.eu\/en\/wp-json\/wp\/v2\/product_tag?post=17662"}],"curies":[{"name":"wp","href":"https:\/\/api.w.org\/{rel}","templated":true}]}}