{"id":17658,"date":"2022-04-04T17:28:51","date_gmt":"2022-04-04T14:28:51","guid":{"rendered":"https:\/\/sachviet.eu\/shop\/nuoi-day-dua-tre-tu-chu\/"},"modified":"2022-04-04T18:49:59","modified_gmt":"2022-04-04T15:49:59","slug":"nuoi-day-dua-tre-tu-chu","status":"publish","type":"product","link":"https:\/\/sachviet.eu\/en\/shop\/nuoi-day-dua-tre-tu-chu\/","title":{"rendered":"Nu\u00f4i D\u1ea1y \u0110\u1ee9a Tr\u1ebb T\u1ef1 Ch\u1ee7"},"content":{"rendered":"<p>S\u1ed1 li\u1ec7u nghi\u00ean c\u1ee9u trong nh\u1eefng n\u0103m g\u1ea7n \u0111\u00e2y \u0111\u00e3 ch\u1ec9 ra m\u1ed9t th\u1ef1c t\u1ebf \u0111\u00e1ng bu\u1ed3n r\u1eb1ng t\u1ec9 l\u1ec7 tr\u1ebb v\u1ecb th\u00e0nh ni\u00ean b\u1ecb tr\u1ea7m c\u1ea3m v\u00e0 t\u1ed5n h\u1ea1i tinh th\u1ea7n ng\u00e0y c\u00e0ng cao do ch\u00ednh s\u1ef1 ki\u1ec3m so\u00e1t c\u1ee7a cha m\u1eb9. Nhi\u1ec1u tr\u1ebb cho r\u1eb1ng ch\u00fang kh\u00f4ng c\u00f3 quy\u1ec3n ki\u1ec3m so\u00e1t cu\u1ed9c \u0111\u1eddi, kh\u00f4ng c\u00f3 quy\u1ec1n t\u1ef1 quy\u1ebft. V\u00e0 th\u1ef1c t\u1ebf ch\u00ednh s\u1ef1 can thi\u1ec7p qu\u00e1 m\u1ee9c c\u1ee7a cha m\u1eb9 \u0111\u00e3 khi\u1ebfn tr\u1ebb kh\u00f4ng th\u1ec3 c\u00f3 \u0111\u01b0\u1ee3c m\u1ed9t s\u1ee9c kh\u1ecfe t\u00e2m th\u1ea7n v\u00e0 m\u1ed9t b\u1ed9 n\u00e3o kh\u1ecfe m\u1ea1nh. Cha m\u1eb9 lu\u00f4n c\u1ed1 g\u1eafng u\u1ed1n n\u1eafn tr\u1ebb theo h\u01b0\u1edbng \u0111i m\u00e0 m\u00ecnh mong mu\u1ed1n, l\u00e0m nh\u1eefng vi\u1ec7c m\u00e0 h\u1ecd ngh\u0129 l\u00e0 \u0111i\u1ec1u t\u1ed1t nh\u1ea5t cho tr\u1ebb. Nh\u01b0ng th\u1ef1c ra, ch\u00ednh s\u1ef1 ki\u1ec3m so\u00e1t n\u00e0y \u0111\u00e3 \u201cc\u01b0\u1edbp \u0111i\u201d c\u1ee7a tr\u1ebb r\u1ea5t nhi\u1ec1u th\u1ee9: s\u1ef1 ki\u00ean c\u01b0\u1eddng, kh\u1ea3 n\u0103ng \u0111\u1ed1i m\u1eb7t, gi\u1ea3i quy\u1ebft v\u1ea5n \u0111\u1ec1\u2026<\/p>\n<p>Cu\u1ed1n s\u00e1ch Nu\u00f4i d\u1ea1y \u0111\u1ee9a tr\u1ebb t\u1ef1 ch\u1ee7 c\u1ee7a hai t\u00e1c gi\u1ea3 William Stixrud v\u00e0 Ned Johnson s\u1ebd ti\u1ebft l\u1ed9 c\u00e1ch cha m\u1eb9 c\u00f3 th\u1ec3 ch\u1ee7 \u0111\u1ed9ng gi\u00fap con tr\u1ebb \u201c\u0111i\u00eau kh\u1eafc\u201d m\u1ed9t b\u1ed9 n\u00e3o ki\u00ean c\u01b0\u1eddng, s\u1eb5n s\u00e0ng \u0111\u00f3n nh\u1eadn nh\u1eefng th\u00e1ch th\u1ee9c m\u1edbi, c\u00e1ch gi\u00fap tr\u1ebb t\u1ef1 v\u1ea1ch ra l\u1ed9 tr\u00ecnh c\u1ee7a b\u1ea3n th\u00e2n \u2013 con \u0111\u01b0\u1eddng gi\u00fap tr\u1ebb \u0111i \u0111\u1ebfn th\u00e0nh c\u00f4ng.<\/p>\n<p>Cu\u1ed1n s\u00e1ch n\u00e0y s\u1ebd gi\u00fap c\u00e1c b\u1eadc cha m\u1eb9 nh\u1eadn ra r\u1eb1ng: Cha m\u1eb9 kh\u00f4ng ki\u1ec3m so\u00e1t \u0111\u01b0\u1ee3c b\u1ecdn tr\u1ebb, v\u00e0 ki\u1ec3m so\u00e1t tr\u1ebb kh\u00f4ng n\u00ean l\u00e0 m\u1ee5c ti\u00eau c\u1ee7a cha m\u1eb9. &#8220;M\u1ee5c ti\u00eau c\u1ee7a ch\u00fang ta l\u00e0 tr\u00e1nh xa m\u00f4 h\u00ecnh cha m\u1eb9 g\u00e2y \u00e1p l\u1ef1c cho con c\u00e1i, chuy\u1ec3n sang m\u00f4 h\u00ecnh nu\u00f4i d\u01b0\u1ee1ng \u0111\u1ed9ng l\u1ef1c n\u1ed9i t\u1ea1i c\u1ee7a ch\u00ednh tr\u1ebb.&#8221;<\/p>\n<p>Th\u00f4ng tin trong cu\u1ed1n s\u00e1ch d\u1ef1a tr\u00ean s\u1ef1 k\u1ebft h\u1ee3p gi\u1eefa khoa h\u1ecdc n\u00e3o b\u1ed9 v\u00e0 ph\u01b0\u01a1ng ph\u00e1p tr\u1ecb li\u1ec7u h\u00e0nh vi. Tuy nhi\u00ean kh\u00f4ng v\u00ec th\u1ebf m\u00e0 cu\u1ed1n s\u00e1ch tr\u1edf n\u00ean kh\u00f3 hi\u1ec3u, h\u1ecdc thu\u1eadt b\u1edfi c\u00e1c th\u00f4ng tin nghi\u00ean c\u1ee9u \u0111\u00e3 \u0111\u01b0\u1ee3c ch\u1ecdn l\u1ecdc v\u00e0 gi\u1ea3i th\u00edch c\u1eb7n k\u1ebd c\u00f9ng nh\u1eefng minh h\u1ecda \u0111i\u1ec3n h\u00ecnh gi\u00fap c\u00e1c b\u1eadc ph\u1ee5 huynh d\u1ec5 d\u00e0ng ti\u1ebfp nh\u1eadn.<\/p>\n","protected":false},"excerpt":{"rendered":"<p>S\u1ed1 li\u1ec7u nghi\u00ean c\u1ee9u trong nh\u1eefng n\u0103m g\u1ea7n \u0111\u00e2y \u0111\u00e3 ch\u1ec9 ra m\u1ed9t th\u1ef1c t\u1ebf \u0111\u00e1ng bu\u1ed3n r\u1eb1ng t\u1ec9 l\u1ec7 tr\u1ebb v\u1ecb th\u00e0nh ni\u00ean b\u1ecb tr\u1ea7m c\u1ea3m v\u00e0 t\u1ed5n h\u1ea1i tinh th\u1ea7n ng\u00e0y c\u00e0ng cao do ch\u00ednh s\u1ef1 ki\u1ec3m so\u00e1t c\u1ee7a cha m\u1eb9. Nhi\u1ec1u tr\u1ebb cho r\u1eb1ng ch\u00fang kh\u00f4ng c\u00f3 quy\u1ec3n ki\u1ec3m so\u00e1t cu\u1ed9c \u0111\u1eddi, kh\u00f4ng c\u00f3 quy\u1ec1n t\u1ef1 quy\u1ebft. V\u00e0 th\u1ef1c t\u1ebf ch\u00ednh s\u1ef1 can thi\u1ec7p qu\u00e1 m\u1ee9c c\u1ee7a cha m\u1eb9 \u0111\u00e3 khi\u1ebfn tr\u1ebb kh\u00f4ng th\u1ec3 c\u00f3 \u0111\u01b0\u1ee3c m\u1ed9t s\u1ee9c kh\u1ecfe t\u00e2m th\u1ea7n v\u00e0 m\u1ed9t b\u1ed9 n\u00e3o kh\u1ecfe m\u1ea1nh. Cha m\u1eb9 lu\u00f4n c\u1ed1 g\u1eafng u\u1ed1n n\u1eafn tr\u1ebb theo h\u01b0\u1edbng \u0111i m\u00e0 m\u00ecnh mong mu\u1ed1n, l\u00e0m nh\u1eefng vi\u1ec7c m\u00e0 h\u1ecd ngh\u0129 l\u00e0 \u0111i\u1ec1u t\u1ed1t nh\u1ea5t cho tr\u1ebb. Nh\u01b0ng th\u1ef1c ra, ch\u00ednh s\u1ef1 ki\u1ec3m so\u00e1t n\u00e0y \u0111\u00e3 \u201cc\u01b0\u1edbp \u0111i\u201d c\u1ee7a tr\u1ebb r\u1ea5t nhi\u1ec1u th\u1ee9: s\u1ef1 ki\u00ean c\u01b0\u1eddng, kh\u1ea3 n\u0103ng \u0111\u1ed1i m\u1eb7t, gi\u1ea3i quy\u1ebft v\u1ea5n \u0111\u1ec1\u2026<\/p>\n<p>Cu\u1ed1n s\u00e1ch Nu\u00f4i d\u1ea1y \u0111\u1ee9a tr\u1ebb t\u1ef1 ch\u1ee7 c\u1ee7a hai t\u00e1c gi\u1ea3 William Stixrud v\u00e0 Ned Johnson s\u1ebd ti\u1ebft l\u1ed9 c\u00e1ch cha m\u1eb9 c\u00f3 th\u1ec3 ch\u1ee7 \u0111\u1ed9ng gi\u00fap con tr\u1ebb \u201c\u0111i\u00eau kh\u1eafc\u201d m\u1ed9t b\u1ed9 n\u00e3o ki\u00ean c\u01b0\u1eddng, s\u1eb5n s\u00e0ng \u0111\u00f3n nh\u1eadn nh\u1eefng th\u00e1ch th\u1ee9c m\u1edbi, c\u00e1ch gi\u00fap tr\u1ebb t\u1ef1 v\u1ea1ch ra l\u1ed9 tr\u00ecnh c\u1ee7a b\u1ea3n th\u00e2n \u2013 con \u0111\u01b0\u1eddng gi\u00fap tr\u1ebb \u0111i \u0111\u1ebfn th\u00e0nh c\u00f4ng.<\/p>\n<p>Cu\u1ed1n s\u00e1ch n\u00e0y s\u1ebd gi\u00fap c\u00e1c b\u1eadc cha m\u1eb9 nh\u1eadn ra r\u1eb1ng: Cha m\u1eb9 kh\u00f4ng ki\u1ec3m so\u00e1t \u0111\u01b0\u1ee3c b\u1ecdn tr\u1ebb, v\u00e0 ki\u1ec3m so\u00e1t tr\u1ebb kh\u00f4ng n\u00ean l\u00e0 m\u1ee5c ti\u00eau c\u1ee7a cha m\u1eb9. &#8220;M\u1ee5c ti\u00eau c\u1ee7a ch\u00fang ta l\u00e0 tr\u00e1nh xa m\u00f4 h\u00ecnh cha m\u1eb9 g\u00e2y \u00e1p l\u1ef1c cho con c\u00e1i, chuy\u1ec3n sang m\u00f4 h\u00ecnh nu\u00f4i d\u01b0\u1ee1ng \u0111\u1ed9ng l\u1ef1c n\u1ed9i t\u1ea1i c\u1ee7a ch\u00ednh tr\u1ebb.&#8221;<\/p>\n<p>Th\u00f4ng tin trong cu\u1ed1n s\u00e1ch d\u1ef1a tr\u00ean s\u1ef1 k\u1ebft h\u1ee3p gi\u1eefa khoa h\u1ecdc n\u00e3o b\u1ed9 v\u00e0 ph\u01b0\u01a1ng ph\u00e1p tr\u1ecb li\u1ec7u h\u00e0nh vi. Tuy nhi\u00ean kh\u00f4ng v\u00ec th\u1ebf m\u00e0 cu\u1ed1n s\u00e1ch tr\u1edf n\u00ean kh\u00f3 hi\u1ec3u, h\u1ecdc thu\u1eadt b\u1edfi c\u00e1c th\u00f4ng tin nghi\u00ean c\u1ee9u \u0111\u00e3 \u0111\u01b0\u1ee3c ch\u1ecdn l\u1ecdc v\u00e0 gi\u1ea3i th\u00edch c\u1eb7n k\u1ebd c\u00f9ng nh\u1eefng minh h\u1ecda \u0111i\u1ec3n h\u00ecnh gi\u00fap c\u00e1c b\u1eadc ph\u1ee5 huynh d\u1ec5 d\u00e0ng ti\u1ebfp nh\u1eadn.<\/p>\n","protected":false},"featured_media":17657,"template":"","meta":{"_acf_changed":false},"product_brand":[],"product_cat":[19],"product_tag":[],"class_list":{"0":"post-17658","1":"product","2":"type-product","3":"status-publish","4":"has-post-thumbnail","6":"product_cat-nuoi-day-con","8":"first","9":"instock","10":"taxable","11":"shipping-taxable","12":"purchasable","13":"product-type-simple"},"supplier_id":null,"supplier_sku":"","barcode":null,"atum_controlled":true,"out_stock_date":null,"out_stock_threshold":null,"inheritable":false,"inbound_stock":0,"stock_on_hold":0,"sold_today":0,"sales_last_days":0,"reserved_stock":0,"customer_returns":0,"warehouse_damage":0,"lost_in_post":0,"other_logs":0,"out_stock_days":0,"lost_sales":0,"has_location":false,"update_date":"2026-01-28T23:11:00","atum_locations":[],"atum_stock_status":"instock","restock_status":false,"low_stock_amount":"","sales_update_date":"2026-01-28T23:11:00","calc_backorders":null,"acf":{"publisher":{"ID":1453,"post_author":"1","post_date":"2021-02-17 01:11:32","post_date_gmt":"2021-02-16 23:11:32","post_content":"<!-- wp:flatsome\/uxbuilder -->\n<h1 style=\"text-align: center;\"><strong>Qu\u1ea3ng V\u0103n<\/strong><\/h1>\n[row]\n\n[col span=\"6\" span__sm=\"12\"]\n\n[ux_image id=\"1552\" image_size=\"medium\"]\n\n\n[\/col]\n[col span=\"6\" span__sm=\"12\"]\n\n<p><strong>Quangvanbooks<\/strong><br \/>Qu\u1ea3ng V\u0103n l\u00e0 t\u1ed5 h\u1ee3p xu\u1ea5t b\u1ea3n, gi\u00e1o d\u1ee5c v\u00e0 nh\u01b0\u1ee3ng quy\u1ec1n h\u00e0ng \u0111\u1ea7u trong ng\u00e0nh c\u00f4ng nghi\u1ec7p s\u00e1ng t\u1ea1o v\u1edbi c\u00e1c th\u01b0\u01a1ng hi\u1ec7u nh\u00e1nh:<\/p>\n<p>Quangvanbooks - Th\u01b0\u01a1ng hi\u1ec7u s\u00e1ch v\u0103n h\u00f3a gi\u00e1o d\u1ee5c v\u00e0 v\u0103n h\u00f3a gi\u1ea3i tr\u00ed<br \/>Ehomebooks - Th\u01b0\u01a1ng hi\u1ec7u s\u00e1ch gi\u00e1o d\u1ee5c gia \u0111\u00ecnh<br \/>Sakurabooks - Th\u01b0\u01a1ng hi\u1ec7u s\u00e1ch Nh\u1eadt B\u1ea3n<br \/>IPERbooks - Th\u01b0\u01a1ng hi\u1ec7u s\u00e1ch gi\u00e1o d\u1ee5c nh\u00e0 tr\u01b0\u1eddng<br \/>IPER - Vi\u1ec7n nghi\u00ean c\u1ee9u xu\u1ea5t b\u1ea3n v\u00e0 gi\u00e1o d\u1ee5c IPER<\/p>\n<p><strong>T\u1ea7m nh\u00ecn<\/strong><br \/>Tr\u1edf th\u00e0nh th\u01b0\u01a1ng hi\u1ec7u s\u00e1ch v\u0103n h\u00f3a gi\u00e1o d\u1ee5c v\u00e0 v\u0103n h\u00f3a gi\u1ea3i tr\u00ed t\u1ed1t nh\u1ea5t v\u00e0 \u0111a d\u1ea1ng nh\u1ea5t Vi\u1ec7t Nam.<\/p>\n<p><br \/><strong>S\u1ee9 m\u1ec7nh<\/strong><br \/>Mang \u0111\u1ebfn nh\u1eefng cu\u1ed1n s\u00e1ch v\u0103n h\u00f3a gi\u00e1o d\u1ee5c v\u00e0 v\u0103n h\u00f3a gi\u1ea3i tr\u00ed \u0111\u1ebfn v\u1edbi \u0111\u1ed9c gi\u1ea3 Vi\u1ec7t Nam v\u00e0 th\u1ebf gi\u1edbi nh\u1eb1m gi\u00fap \u0111\u1ed9c gi\u1ea3 ph\u00e1t tri\u1ec3n b\u1ea3n th\u00e2n, gi\u00e1o d\u1ee5c, gi\u1ea3i tr\u00ed v\u00e0 khai s\u00e1ng nh\u1eb1m x\u00e2y d\u1ef1ng x\u00e3 h\u1ed9i th\u1ecbnh v\u01b0\u1ee3ng, h\u1ea1nh ph\u00fac.<\/p>\n<p><strong>Gi\u00e1 tr\u1ecb c\u1ed1t l\u00f5i<\/strong><\/p>\n<p>S\u00e1ng t\u1ea1o - Linh ho\u1ea1t - H\u1ee3p t\u00e1c - Ch\u00ednh tr\u1ef1c - Nhi\u1ec7t huy\u1ebft - C\u00e2n b\u1eb1ng - H\u1ea1nh ph\u00fac<\/p>\n\n[\/col]\n\n[\/row]\n\n<!-- \/wp:flatsome\/uxbuilder -->","post_title":"Qu\u1ea3ng V\u0103n","post_excerpt":"","post_status":"publish","comment_status":"closed","ping_status":"closed","post_password":"","post_name":"quang-van","to_ping":"","pinged":"","post_modified":"2021-02-17 01:26:44","post_modified_gmt":"2021-02-16 23:26:44","post_content_filtered":"","post_parent":0,"guid":"https:\/\/sachviet.eu\/nha-phat-hanh\/quang-van\/","menu_order":0,"post_type":"publisher","post_mime_type":"","comment_count":"0","filter":"raw"}},"_links":{"self":[{"href":"https:\/\/sachviet.eu\/en\/wp-json\/wp\/v2\/product\/17658","targetHints":{"allow":["GET"]}}],"collection":[{"href":"https:\/\/sachviet.eu\/en\/wp-json\/wp\/v2\/product"}],"about":[{"href":"https:\/\/sachviet.eu\/en\/wp-json\/wp\/v2\/types\/product"}],"wp:featuredmedia":[{"embeddable":true,"href":"https:\/\/sachviet.eu\/en\/wp-json\/wp\/v2\/media\/17657"}],"wp:attachment":[{"href":"https:\/\/sachviet.eu\/en\/wp-json\/wp\/v2\/media?parent=17658"}],"wp:term":[{"taxonomy":"product_brand","embeddable":true,"href":"https:\/\/sachviet.eu\/en\/wp-json\/wp\/v2\/product_brand?post=17658"},{"taxonomy":"product_cat","embeddable":true,"href":"https:\/\/sachviet.eu\/en\/wp-json\/wp\/v2\/product_cat?post=17658"},{"taxonomy":"product_tag","embeddable":true,"href":"https:\/\/sachviet.eu\/en\/wp-json\/wp\/v2\/product_tag?post=17658"}],"curies":[{"name":"wp","href":"https:\/\/api.w.org\/{rel}","templated":true}]}}