{"id":17656,"date":"2022-04-04T17:28:47","date_gmt":"2022-04-04T14:28:47","guid":{"rendered":"https:\/\/sachviet.eu\/shop\/nguoi-dan-ong-mang-ten-ove\/"},"modified":"2023-09-28T06:37:43","modified_gmt":"2023-09-28T03:37:43","slug":"nguoi-dan-ong-mang-ten-ove","status":"publish","type":"product","link":"https:\/\/sachviet.eu\/en\/shop\/nguoi-dan-ong-mang-ten-ove\/","title":{"rendered":"Ng\u01b0\u1eddi \u0110\u00e0n \u00d4ng Mang T\u00ean Ove"},"content":{"rendered":"<p>Ng\u01b0\u1eddi \u0110\u00e0n \u00d4ng Mang T\u00ean Ove<\/p>\n<p>Ng\u01b0\u1eddi \u0111\u00e0n \u00f4ng mang t\u00ean Ove n\u0103m nay n\u0103m m\u01b0\u01a1i ch\u00edn tu\u1ed5i. \u00d4ng l\u00e0 ki\u1ec3u ng\u01b0\u1eddi hay ch\u1ec9 th\u1eb3ng m\u1eb7t nh\u1eefng k\u1ebb m\u00e0 \u00f4ng kh\u00f4ng \u01b0a nh\u01b0 th\u1ec3 h\u1ecd l\u00e0 b\u1ecdn \u0103n tr\u1ed9m v\u00e0 ng\u00f3n tr\u1ecf c\u1ee7a \u00f4ng l\u00e0 c\u00e2y \u0111\u00e8n pin c\u1ee7a c\u1ea3nh s\u00e1t. Ove tin t\u1ea5t c\u1ea3 nh\u1eefng ng\u01b0\u1eddi \u1edf n\u01a1i \u00f4ng s\u1ed1ng \u0111\u1ec1u k\u00e9m c\u1ecfi, ngu d\u1ed1t v\u00e0 kh\u00f4ng \u0111\u00e1ng l\u00e0m h\u00e0ng x\u00f3m c\u1ee7a \u00f4ng. Ove nguy\u00ean t\u1eafc, c\u1ee9ng nh\u1eafc, c\u1ea5m c\u1ea3u v\u00e0 cay nghi\u1ec7t.<\/p>\n<p>Ng\u01b0\u1eddi \u0111\u00e0n \u00f4ng mang t\u00ean Ove l\u00ean k\u1ebf ho\u1ea1ch t\u1ef1 t\u1eed. Nh\u01b0ng nh\u1eefng n\u1ed7 l\u1ef1c c\u1ee7a \u00f4ng li\u00ean ti\u1ebfp b\u1ecb ph\u00e1 \u0111\u00e1m. B\u1eaft \u0111\u1ea7u t\u1eeb vi\u1ec7c m\u1ed9t bu\u1ed5i s\u00e1ng, m\u1ed9t c\u1eb7p \u0111\u00f4i tr\u1ebb trung hay chuy\u1ec7n v\u1edbi hai \u0111\u1ee9a con c\u0169ng hay chuy\u1ec7n kh\u00f4ng k\u00e9m chuy\u1ec3n \u0111\u1ebfn g\u1ea7n nh\u00e0 Ove v\u00e0 v\u00f4 t\u00ecnh l\u00f9i xe \u0111\u00e2m s\u1ea7m v\u00e0o t\u01b0\u1eddng nh\u00e0 \u00f4ng. R\u1ed3i \u0111\u1ebfn con m\u00e8o hoang nh\u1ebfch nh\u00e1c, t\u00ecnh b\u1ea1n kh\u00f4ng ng\u1edd\u2026 cu\u1ed9c s\u1ed1ng c\u1ee7a \u00f4ng gi\u00e0 mang t\u00ean Ove thay \u0111\u1ed5i ho\u00e0n to\u00e0n.<\/p>\n<p>Mang ch\u1ea5t tr\u00e0o l\u1ed9ng duy\u00ean d\u00e1ng ki\u1ec3u B\u1eafc \u00c2u nh\u01b0ng c\u0169ng tr\u00e0n \u0111\u1ea7y t\u00ednh nh\u00e2n v\u0103n, cu\u1ed1n s\u00e1ch tr\u1edf th\u00e0nh m\u1ed9t hi\u1ec7n t\u01b0\u1ee3ng to\u00e0n c\u1ea7u v\u1edbi g\u1ea7n 3 tri\u1ec7u b\u1ea3n in \u0111\u01b0\u1ee3c b\u00e1n ra, v\u00e0 \u0111\u01b0\u1ee3c d\u1ecbch sang 40 ng\u00f4n ng\u1eef. B\u1ed9 phim c\u00f9ng t\u00ean chuy\u1ec3n th\u1ec3 t\u1eeb cu\u1ed1n ti\u1ec3u thuy\u1ebft \u0111\u00e3 \u0111\u01b0\u1ee3c \u0111\u1ec1 c\u1eed \u1edf h\u1ea1ng m\u1ee5c phim n\u00f3i ti\u1ebfng n\u01b0\u1edbc ngo\u00e0i hay nh\u1ea5t t\u1ea1i Oscar 2017.<\/p>\n","protected":false},"excerpt":{"rendered":"<p>Ng\u01b0\u1eddi \u0110\u00e0n \u00d4ng Mang T\u00ean Ove<\/p>\n<p>Ng\u01b0\u1eddi \u0111\u00e0n \u00f4ng mang t\u00ean Ove n\u0103m nay n\u0103m m\u01b0\u01a1i ch\u00edn tu\u1ed5i. \u00d4ng l\u00e0 ki\u1ec3u ng\u01b0\u1eddi hay ch\u1ec9 th\u1eb3ng m\u1eb7t nh\u1eefng k\u1ebb m\u00e0 \u00f4ng kh\u00f4ng \u01b0a nh\u01b0 th\u1ec3 h\u1ecd l\u00e0 b\u1ecdn \u0103n tr\u1ed9m v\u00e0 ng\u00f3n tr\u1ecf c\u1ee7a \u00f4ng l\u00e0 c\u00e2y \u0111\u00e8n pin c\u1ee7a c\u1ea3nh s\u00e1t. Ove tin t\u1ea5t c\u1ea3 nh\u1eefng ng\u01b0\u1eddi \u1edf n\u01a1i \u00f4ng s\u1ed1ng \u0111\u1ec1u k\u00e9m c\u1ecfi, ngu d\u1ed1t v\u00e0 kh\u00f4ng \u0111\u00e1ng l\u00e0m h\u00e0ng x\u00f3m c\u1ee7a \u00f4ng. Ove nguy\u00ean t\u1eafc, c\u1ee9ng nh\u1eafc, c\u1ea5m c\u1ea3u v\u00e0 cay nghi\u1ec7t.<\/p>\n<p>Ng\u01b0\u1eddi \u0111\u00e0n \u00f4ng mang t\u00ean Ove l\u00ean k\u1ebf ho\u1ea1ch t\u1ef1 t\u1eed. Nh\u01b0ng nh\u1eefng n\u1ed7 l\u1ef1c c\u1ee7a \u00f4ng li\u00ean ti\u1ebfp b\u1ecb ph\u00e1 \u0111\u00e1m. B\u1eaft \u0111\u1ea7u t\u1eeb vi\u1ec7c m\u1ed9t bu\u1ed5i s\u00e1ng, m\u1ed9t c\u1eb7p \u0111\u00f4i tr\u1ebb trung hay chuy\u1ec7n v\u1edbi hai \u0111\u1ee9a con c\u0169ng hay chuy\u1ec7n kh\u00f4ng k\u00e9m chuy\u1ec3n \u0111\u1ebfn g\u1ea7n nh\u00e0 Ove v\u00e0 v\u00f4 t\u00ecnh l\u00f9i xe \u0111\u00e2m s\u1ea7m v\u00e0o t\u01b0\u1eddng nh\u00e0 \u00f4ng. R\u1ed3i \u0111\u1ebfn con m\u00e8o hoang nh\u1ebfch nh\u00e1c, t\u00ecnh b\u1ea1n kh\u00f4ng ng\u1edd\u2026 cu\u1ed9c s\u1ed1ng c\u1ee7a \u00f4ng gi\u00e0 mang t\u00ean Ove thay \u0111\u1ed5i ho\u00e0n to\u00e0n.<\/p>\n<p>Mang ch\u1ea5t tr\u00e0o l\u1ed9ng duy\u00ean d\u00e1ng ki\u1ec3u B\u1eafc \u00c2u nh\u01b0ng c\u0169ng tr\u00e0n \u0111\u1ea7y t\u00ednh nh\u00e2n v\u0103n, cu\u1ed1n s\u00e1ch tr\u1edf th\u00e0nh m\u1ed9t hi\u1ec7n t\u01b0\u1ee3ng to\u00e0n c\u1ea7u v\u1edbi g\u1ea7n 3 tri\u1ec7u b\u1ea3n in \u0111\u01b0\u1ee3c b\u00e1n ra, v\u00e0 \u0111\u01b0\u1ee3c d\u1ecbch sang 40 ng\u00f4n ng\u1eef. B\u1ed9 phim c\u00f9ng t\u00ean chuy\u1ec3n th\u1ec3 t\u1eeb cu\u1ed1n ti\u1ec3u thuy\u1ebft \u0111\u00e3 \u0111\u01b0\u1ee3c \u0111\u1ec1 c\u1eed \u1edf h\u1ea1ng m\u1ee5c phim n\u00f3i ti\u1ebfng n\u01b0\u1edbc ngo\u00e0i hay nh\u1ea5t t\u1ea1i Oscar 2017.<\/p>\n","protected":false},"featured_media":17655,"template":"","meta":{"_acf_changed":false},"product_brand":[],"product_cat":[15,45],"product_tag":[],"class_list":{"0":"post-17656","1":"product","2":"type-product","3":"status-publish","4":"has-post-thumbnail","6":"product_cat-sach-danh-cho-nguoi-lon","7":"product_cat-tieu-thuyet","9":"first","10":"outofstock","11":"taxable","12":"shipping-taxable","13":"purchasable","14":"product-type-simple"},"supplier_id":null,"supplier_sku":"","barcode":null,"atum_controlled":true,"out_stock_date":"2023-09-28 03:37:43","out_stock_threshold":null,"inheritable":false,"inbound_stock":0,"stock_on_hold":0,"sold_today":0,"sales_last_days":0,"reserved_stock":0,"customer_returns":0,"warehouse_damage":0,"lost_in_post":0,"other_logs":0,"out_stock_days":853,"lost_sales":0,"has_location":false,"update_date":"2026-01-28T23:11:00","atum_locations":[],"atum_stock_status":"outofstock","restock_status":false,"low_stock_amount":"","sales_update_date":"2026-01-28T23:11:00","calc_backorders":null,"acf":{"publisher":{"ID":1517,"post_author":"1","post_date":"2021-02-17 01:14:41","post_date_gmt":"2021-02-16 23:14:41","post_content":"","post_title":"NXB Tr\u1ebb","post_excerpt":"","post_status":"publish","comment_status":"closed","ping_status":"closed","post_password":"","post_name":"nxb-tre","to_ping":"","pinged":"","post_modified":"2021-02-17 01:14:41","post_modified_gmt":"2021-02-16 23:14:41","post_content_filtered":"","post_parent":0,"guid":"https:\/\/sachviet.eu\/nha-phat-hanh\/nxb-tre\/","menu_order":0,"post_type":"publisher","post_mime_type":"","comment_count":"0","filter":"raw"}},"_links":{"self":[{"href":"https:\/\/sachviet.eu\/en\/wp-json\/wp\/v2\/product\/17656","targetHints":{"allow":["GET"]}}],"collection":[{"href":"https:\/\/sachviet.eu\/en\/wp-json\/wp\/v2\/product"}],"about":[{"href":"https:\/\/sachviet.eu\/en\/wp-json\/wp\/v2\/types\/product"}],"wp:featuredmedia":[{"embeddable":true,"href":"https:\/\/sachviet.eu\/en\/wp-json\/wp\/v2\/media\/17655"}],"wp:attachment":[{"href":"https:\/\/sachviet.eu\/en\/wp-json\/wp\/v2\/media?parent=17656"}],"wp:term":[{"taxonomy":"product_brand","embeddable":true,"href":"https:\/\/sachviet.eu\/en\/wp-json\/wp\/v2\/product_brand?post=17656"},{"taxonomy":"product_cat","embeddable":true,"href":"https:\/\/sachviet.eu\/en\/wp-json\/wp\/v2\/product_cat?post=17656"},{"taxonomy":"product_tag","embeddable":true,"href":"https:\/\/sachviet.eu\/en\/wp-json\/wp\/v2\/product_tag?post=17656"}],"curies":[{"name":"wp","href":"https:\/\/api.w.org\/{rel}","templated":true}]}}