{"id":17654,"date":"2022-04-04T17:28:42","date_gmt":"2022-04-04T14:28:42","guid":{"rendered":"https:\/\/sachviet.eu\/shop\/cau-lac-bo-sach-cua-tho-con\/"},"modified":"2023-04-26T13:42:41","modified_gmt":"2023-04-26T10:42:41","slug":"cau-lac-bo-sach-cua-tho-con","status":"publish","type":"product","link":"https:\/\/sachviet.eu\/en\/shop\/cau-lac-bo-sach-cua-tho-con\/","title":{"rendered":"C\u00e2u L\u1ea1c B\u1ed9 S\u00e1ch C\u1ee7a Th\u1ecf Con"},"content":{"rendered":"<p>M\u1ed9t cu\u1ed1n s\u00e1ch m\u1edf ra, c\u1ea3 th\u1ebf gi\u1edbi bao la, \u0111ang ch\u1edd b\u1ea1n kh\u00e1m ph\u00e1\u2026<\/p>\n<p>Th\u1ecf con r\u1ea5t y\u00eau nh\u1eefng cu\u1ed1n s\u00e1ch, c\u1eadu \u0111\u00e3 y\u00eau ngay khi l\u1ea7n \u0111\u1ea7u ti\u00ean \u0111\u01b0\u1ee3c nghe \u0111\u1ecdc s\u00e1ch \u1edf b\u00ean ngo\u00e0i th\u01b0 vi\u1ec7n. Trong khi l\u1eafng nghe, Th\u1ecf con t\u01b0\u1edfng t\u01b0\u1ee3ng ra ch\u00ednh m\u00ecnh \u0111ang leo l\u00ean nh\u1eefng ng\u1ecdn n\u00fai, l\u00e0m thuy\u1ec1n tr\u01b0\u1edfng tr\u00ean m\u1ed9t con t\u00e0u hay tr\u1ecb v\u00ec m\u1ed9t v\u01b0\u01a1ng qu\u1ed1c\u2026Nh\u01b0ng khi m\u00f9a h\u00e8 k\u1ebft th\u00fac, gi\u1edd \u0111\u1ecdc truy\u1ec7n cho c\u00e1c b\u1ea1n nh\u1ecf b\u1ecb chuy\u1ec3n v\u00e0o trong th\u01b0 vi\u1ec7n. Th\u1ebf l\u00e0 Th\u1ecf l\u1ea1i kh\u00f4ng \u0111\u01b0\u1ee3c nghe \u0111\u1ecdc s\u00e1ch n\u1eefa r\u1ed3i. H\u1ebft \u0111\u00eam n\u00e0y \u0111\u1ebfn \u0111\u00eam kh\u00e1c c\u1eadu tr\u1eb1n tr\u1ecdc v\u00ec lo l\u1eafng v\u00e0 t\u00ecm m\u1ecdi c\u00e1ch \u0111\u1ec3 c\u00f3 th\u1ec3 l\u1ecdt v\u00e0o th\u01b0 vi\u1ec7n. V\u00e0 li\u1ec7u Th\u1ecf con c\u00f3 t\u00ecm \u0111\u01b0\u1ee3c \u0111\u01b0\u1eddng v\u00e0o th\u01b0 vi\u1ec7n hay kh\u00f4ng, c\u1eadu s\u1ebd l\u00e0m g\u00ec v\u1edbi nh\u1eefng cu\u1ed1n s\u00e1ch? C\u00e1c b\u00e9 h\u00e3y \u0111\u00f3n \u0111\u1ecdc cu\u1ed1n s\u00e1ch tranh  song ng\u1eef \u201cC\u00e2u l\u1ea1c b\u1ed9 s\u00e1ch c\u1ee7a Th\u1ecf con\u201d \u0111\u1ec3 t\u00ecm ra c\u00e2u tr\u1ea3 l\u1eddi nh\u00e9!<\/p>\n<p>C\u00e2u chuy\u1ec7n \u201cC\u00e2u l\u1ea1c b\u1ed9 s\u00e1ch c\u1ee7a Th\u1ecf Con\u201d \u0111\u01b0\u1ee3c vi\u1ebft b\u1edfi t\u00e1c gi\u1ea3 Annie Silvestro v\u00e0 minh  h\u1ecda b\u1edfi Tatjana Mai \u2013 Wys ch\u1eafc ch\u1eafn s\u1ebd mang l\u1ea1i nh\u1eefng ph\u00fat gi\u00e2y h\u1ed3i h\u1ed9p, k\u1ecbch t\u00ednh cho  c\u00e1c b\u1ea1n nh\u1ecf. Cu\u1ed1n s\u00e1ch n\u00e0y s\u1ebd gi\u00fap c\u00e1c b\u00e9 h\u00ecnh th\u00e0nh v\u00e0 nu\u00f4i d\u01b0\u1ee1ng \u0111\u01b0\u1ee3c t\u00ecnh y\u00eau v\u1edbi nh\u1eefng cu\u1ed1n s\u00e1ch gi\u1ed1ng nh\u01b0 b\u1ea1n Th\u1ecf con trong truy\u1ec7n. \u0110\u1ed3ng th\u1eddi cu\u1ed1n s\u00e1ch n\u00e0y c\u0169ng s\u1ebd gi\u00fap b\u00e9 hi\u1ec3u \u0111\u01b0\u1ee3c nh\u1eefng \u00fd ngh\u0129a c\u1ee7a lu\u1eadt l\u1ec7, quy tr\u00ecnh. B\u00e9 c\u0169ng s\u1ebd h\u1ecdc \u0111\u01b0\u1ee3c c\u00e1c ph\u01b0\u01a1ng th\u1ee9c l\u00e0m vi\u1ec7c nh\u00f3m sao cho hi\u1ec7u qu\u1ea3 nh\u1ea5t.<\/p>\n","protected":false},"excerpt":{"rendered":"<p>M\u1ed9t cu\u1ed1n s\u00e1ch m\u1edf ra, c\u1ea3 th\u1ebf gi\u1edbi bao la, \u0111ang ch\u1edd b\u1ea1n kh\u00e1m ph\u00e1\u2026<\/p>\n<p>Th\u1ecf con r\u1ea5t y\u00eau nh\u1eefng cu\u1ed1n s\u00e1ch, c\u1eadu \u0111\u00e3 y\u00eau ngay khi l\u1ea7n \u0111\u1ea7u ti\u00ean \u0111\u01b0\u1ee3c nghe \u0111\u1ecdc s\u00e1ch \u1edf b\u00ean ngo\u00e0i th\u01b0 vi\u1ec7n. Trong khi l\u1eafng nghe, Th\u1ecf con t\u01b0\u1edfng t\u01b0\u1ee3ng ra ch\u00ednh m\u00ecnh \u0111ang leo l\u00ean nh\u1eefng ng\u1ecdn n\u00fai, l\u00e0m thuy\u1ec1n tr\u01b0\u1edfng tr\u00ean m\u1ed9t con t\u00e0u hay tr\u1ecb v\u00ec m\u1ed9t v\u01b0\u01a1ng qu\u1ed1c\u2026Nh\u01b0ng khi m\u00f9a h\u00e8 k\u1ebft th\u00fac, gi\u1edd \u0111\u1ecdc truy\u1ec7n cho c\u00e1c b\u1ea1n nh\u1ecf b\u1ecb chuy\u1ec3n v\u00e0o trong th\u01b0 vi\u1ec7n. Th\u1ebf l\u00e0 Th\u1ecf l\u1ea1i kh\u00f4ng \u0111\u01b0\u1ee3c nghe \u0111\u1ecdc s\u00e1ch n\u1eefa r\u1ed3i. H\u1ebft \u0111\u00eam n\u00e0y \u0111\u1ebfn \u0111\u00eam kh\u00e1c c\u1eadu tr\u1eb1n tr\u1ecdc v\u00ec lo l\u1eafng v\u00e0 t\u00ecm m\u1ecdi c\u00e1ch \u0111\u1ec3 c\u00f3 th\u1ec3 l\u1ecdt v\u00e0o th\u01b0 vi\u1ec7n. V\u00e0 li\u1ec7u Th\u1ecf con c\u00f3 t\u00ecm \u0111\u01b0\u1ee3c \u0111\u01b0\u1eddng v\u00e0o th\u01b0 vi\u1ec7n hay kh\u00f4ng, c\u1eadu s\u1ebd l\u00e0m g\u00ec v\u1edbi nh\u1eefng cu\u1ed1n s\u00e1ch? C\u00e1c b\u00e9 h\u00e3y \u0111\u00f3n \u0111\u1ecdc cu\u1ed1n s\u00e1ch tranh  song ng\u1eef \u201cC\u00e2u l\u1ea1c b\u1ed9 s\u00e1ch c\u1ee7a Th\u1ecf con\u201d \u0111\u1ec3 t\u00ecm ra c\u00e2u tr\u1ea3 l\u1eddi nh\u00e9!<\/p>\n<p>C\u00e2u chuy\u1ec7n \u201cC\u00e2u l\u1ea1c b\u1ed9 s\u00e1ch c\u1ee7a Th\u1ecf Con\u201d \u0111\u01b0\u1ee3c vi\u1ebft b\u1edfi t\u00e1c gi\u1ea3 Annie Silvestro v\u00e0 minh  h\u1ecda b\u1edfi Tatjana Mai \u2013 Wys ch\u1eafc ch\u1eafn s\u1ebd mang l\u1ea1i nh\u1eefng ph\u00fat gi\u00e2y h\u1ed3i h\u1ed9p, k\u1ecbch t\u00ednh cho  c\u00e1c b\u1ea1n nh\u1ecf. Cu\u1ed1n s\u00e1ch n\u00e0y s\u1ebd gi\u00fap c\u00e1c b\u00e9 h\u00ecnh th\u00e0nh v\u00e0 nu\u00f4i d\u01b0\u1ee1ng \u0111\u01b0\u1ee3c t\u00ecnh y\u00eau v\u1edbi nh\u1eefng cu\u1ed1n s\u00e1ch gi\u1ed1ng nh\u01b0 b\u1ea1n Th\u1ecf con trong truy\u1ec7n. \u0110\u1ed3ng th\u1eddi cu\u1ed1n s\u00e1ch n\u00e0y c\u0169ng s\u1ebd gi\u00fap b\u00e9 hi\u1ec3u \u0111\u01b0\u1ee3c nh\u1eefng \u00fd ngh\u0129a c\u1ee7a lu\u1eadt l\u1ec7, quy tr\u00ecnh. B\u00e9 c\u0169ng s\u1ebd h\u1ecdc \u0111\u01b0\u1ee3c c\u00e1c ph\u01b0\u01a1ng th\u1ee9c l\u00e0m vi\u1ec7c nh\u00f3m sao cho hi\u1ec7u qu\u1ea3 nh\u1ea5t.<\/p>\n","protected":false},"featured_media":17652,"template":"","meta":{"_acf_changed":false},"product_brand":[],"product_cat":[25,17,26],"product_tag":[],"class_list":{"0":"post-17654","1":"product","2":"type-product","3":"status-publish","4":"has-post-thumbnail","6":"product_cat-nhi-dong-6-tuoi-12-tuoi","7":"product_cat-sach-danh-cho-cac-be","8":"product_cat-thieu-nien-11-tuoi-18-tuoi","10":"first","11":"outofstock","12":"taxable","13":"shipping-taxable","14":"purchasable","15":"product-type-simple"},"supplier_id":null,"supplier_sku":"","barcode":null,"atum_controlled":true,"out_stock_date":"2023-04-26 10:42:41","out_stock_threshold":null,"inheritable":false,"inbound_stock":0,"stock_on_hold":0,"sold_today":0,"sales_last_days":0,"reserved_stock":0,"customer_returns":0,"warehouse_damage":0,"lost_in_post":0,"other_logs":0,"out_stock_days":1008,"lost_sales":0,"has_location":false,"update_date":"2026-01-28T23:11:00","atum_locations":[],"atum_stock_status":"outofstock","restock_status":false,"low_stock_amount":"","sales_update_date":"2026-01-28T23:11:00","calc_backorders":null,"acf":{"publisher":{"ID":1453,"post_author":"1","post_date":"2021-02-17 01:11:32","post_date_gmt":"2021-02-16 23:11:32","post_content":"<!-- wp:flatsome\/uxbuilder -->\n<h1 style=\"text-align: center;\"><strong>Qu\u1ea3ng V\u0103n<\/strong><\/h1>\n[row]\n\n[col span=\"6\" span__sm=\"12\"]\n\n[ux_image id=\"1552\" image_size=\"medium\"]\n\n\n[\/col]\n[col span=\"6\" span__sm=\"12\"]\n\n<p><strong>Quangvanbooks<\/strong><br \/>Qu\u1ea3ng V\u0103n l\u00e0 t\u1ed5 h\u1ee3p xu\u1ea5t b\u1ea3n, gi\u00e1o d\u1ee5c v\u00e0 nh\u01b0\u1ee3ng quy\u1ec1n h\u00e0ng \u0111\u1ea7u trong ng\u00e0nh c\u00f4ng nghi\u1ec7p s\u00e1ng t\u1ea1o v\u1edbi c\u00e1c th\u01b0\u01a1ng hi\u1ec7u nh\u00e1nh:<\/p>\n<p>Quangvanbooks - Th\u01b0\u01a1ng hi\u1ec7u s\u00e1ch v\u0103n h\u00f3a gi\u00e1o d\u1ee5c v\u00e0 v\u0103n h\u00f3a gi\u1ea3i tr\u00ed<br \/>Ehomebooks - Th\u01b0\u01a1ng hi\u1ec7u s\u00e1ch gi\u00e1o d\u1ee5c gia \u0111\u00ecnh<br \/>Sakurabooks - Th\u01b0\u01a1ng hi\u1ec7u s\u00e1ch Nh\u1eadt B\u1ea3n<br \/>IPERbooks - Th\u01b0\u01a1ng hi\u1ec7u s\u00e1ch gi\u00e1o d\u1ee5c nh\u00e0 tr\u01b0\u1eddng<br \/>IPER - Vi\u1ec7n nghi\u00ean c\u1ee9u xu\u1ea5t b\u1ea3n v\u00e0 gi\u00e1o d\u1ee5c IPER<\/p>\n<p><strong>T\u1ea7m nh\u00ecn<\/strong><br \/>Tr\u1edf th\u00e0nh th\u01b0\u01a1ng hi\u1ec7u s\u00e1ch v\u0103n h\u00f3a gi\u00e1o d\u1ee5c v\u00e0 v\u0103n h\u00f3a gi\u1ea3i tr\u00ed t\u1ed1t nh\u1ea5t v\u00e0 \u0111a d\u1ea1ng nh\u1ea5t Vi\u1ec7t Nam.<\/p>\n<p><br \/><strong>S\u1ee9 m\u1ec7nh<\/strong><br \/>Mang \u0111\u1ebfn nh\u1eefng cu\u1ed1n s\u00e1ch v\u0103n h\u00f3a gi\u00e1o d\u1ee5c v\u00e0 v\u0103n h\u00f3a gi\u1ea3i tr\u00ed \u0111\u1ebfn v\u1edbi \u0111\u1ed9c gi\u1ea3 Vi\u1ec7t Nam v\u00e0 th\u1ebf gi\u1edbi nh\u1eb1m gi\u00fap \u0111\u1ed9c gi\u1ea3 ph\u00e1t tri\u1ec3n b\u1ea3n th\u00e2n, gi\u00e1o d\u1ee5c, gi\u1ea3i tr\u00ed v\u00e0 khai s\u00e1ng nh\u1eb1m x\u00e2y d\u1ef1ng x\u00e3 h\u1ed9i th\u1ecbnh v\u01b0\u1ee3ng, h\u1ea1nh ph\u00fac.<\/p>\n<p><strong>Gi\u00e1 tr\u1ecb c\u1ed1t l\u00f5i<\/strong><\/p>\n<p>S\u00e1ng t\u1ea1o - Linh ho\u1ea1t - H\u1ee3p t\u00e1c - Ch\u00ednh tr\u1ef1c - Nhi\u1ec7t huy\u1ebft - C\u00e2n b\u1eb1ng - H\u1ea1nh ph\u00fac<\/p>\n\n[\/col]\n\n[\/row]\n\n<!-- \/wp:flatsome\/uxbuilder -->","post_title":"Qu\u1ea3ng V\u0103n","post_excerpt":"","post_status":"publish","comment_status":"closed","ping_status":"closed","post_password":"","post_name":"quang-van","to_ping":"","pinged":"","post_modified":"2021-02-17 01:26:44","post_modified_gmt":"2021-02-16 23:26:44","post_content_filtered":"","post_parent":0,"guid":"https:\/\/sachviet.eu\/nha-phat-hanh\/quang-van\/","menu_order":0,"post_type":"publisher","post_mime_type":"","comment_count":"0","filter":"raw"}},"_links":{"self":[{"href":"https:\/\/sachviet.eu\/en\/wp-json\/wp\/v2\/product\/17654","targetHints":{"allow":["GET"]}}],"collection":[{"href":"https:\/\/sachviet.eu\/en\/wp-json\/wp\/v2\/product"}],"about":[{"href":"https:\/\/sachviet.eu\/en\/wp-json\/wp\/v2\/types\/product"}],"wp:featuredmedia":[{"embeddable":true,"href":"https:\/\/sachviet.eu\/en\/wp-json\/wp\/v2\/media\/17652"}],"wp:attachment":[{"href":"https:\/\/sachviet.eu\/en\/wp-json\/wp\/v2\/media?parent=17654"}],"wp:term":[{"taxonomy":"product_brand","embeddable":true,"href":"https:\/\/sachviet.eu\/en\/wp-json\/wp\/v2\/product_brand?post=17654"},{"taxonomy":"product_cat","embeddable":true,"href":"https:\/\/sachviet.eu\/en\/wp-json\/wp\/v2\/product_cat?post=17654"},{"taxonomy":"product_tag","embeddable":true,"href":"https:\/\/sachviet.eu\/en\/wp-json\/wp\/v2\/product_tag?post=17654"}],"curies":[{"name":"wp","href":"https:\/\/api.w.org\/{rel}","templated":true}]}}