{"id":17651,"date":"2022-04-04T17:28:35","date_gmt":"2022-04-04T14:28:35","guid":{"rendered":"https:\/\/sachviet.eu\/shop\/di-ngu-nao-be-ngoan-oi-bo-03-cuon-sach-ky-nang\/"},"modified":"2024-01-25T20:33:59","modified_gmt":"2024-01-25T18:33:59","slug":"di-ngu-nao-be-ngoan-oi-bo-03-cuon-sach-ky-nang","status":"publish","type":"product","link":"https:\/\/sachviet.eu\/en\/shop\/di-ngu-nao-be-ngoan-oi-bo-03-cuon-sach-ky-nang\/","title":{"rendered":"\u0110i ng\u1ee7 n\u00e0o, b\u00e9 ngoan \u01a1i &#8211; B\u1ed9 03 cu\u1ed1n &#8211; S\u00e1ch k\u1ef9 n\u0103ng"},"content":{"rendered":"<p>Ng\u1ee7 ngon nh\u00e9 c\u1ea3 nh\u00e0: B\u1eb1ng h\u00e0nh \u0111\u1ed9ng ch\u00fac ng\u1ee7 ngon l\u1ea7n l\u01b0\u1ee3t t\u1eebng th\u00e0nh vi\u00ean trong gia \u0111\u00ecnh, b\u00e9 \u0111\u01b0\u1ee3c nu\u00f4i d\u01b0\u1ee1ng s\u1ef1 quan t\u00e2m v\u00e0 t\u00ecnh c\u1ea3m g\u1eafn b\u00f3 v\u1edbi ng\u01b0\u1eddi th\u00e2n c\u1ee7a m\u00ecnh. C\u1ed1t truy\u1ec7n li\u00ean t\u1ee5c l\u1eb7p l\u1ea1i nh\u01b0ng theo m\u1ed9t nh\u1ecbp \u0111i\u1ec7u th\u1eadt nh\u1ecbp nh\u00e0ng, khi\u1ebfn cho cu\u1ed1n s\u00e1ch tr\u1edf n\u00ean \u00eam \u00e1i h\u01a1n, d\u1ea7n d\u1ea7n \u0111\u01b0a b\u00e9 v\u00e0o gi\u1ea5c ng\u1ee7 ngon l\u00e0nh.<\/p>\n<p>Ng\u1ee7 ngon nh\u00e9 ph\u1ed1 ph\u01b0\u1eddng: Cu\u1ed1n s\u00e1ch m\u1edf r\u1ed9ng nh\u1eadn th\u1ee9c c\u1ee7a b\u00e9 v\u1ec1 th\u1ebf gi\u1edbi xung quanh th\u00f4ng qua c\u00e1c h\u00ecnh \u1ea3nh \u0111i ng\u1ee7 c\u1ee7a thi\u00ean nhi\u00ean, s\u1ef1 v\u1eadt theo b\u1ed1i c\u1ea3nh t\u1eeb xa \u0111\u1ebfn g\u1ea7n. C\u00e1c gam m\u00e0u gradient tr\u1ea7m t\u0129nh trong tranh minh h\u1ecda t\u1ea1o c\u1ea3m gi\u00e1c tr\u1eddi t\u1ed1i, gi\u00fap b\u00e9 d\u1ec5 d\u00e0ng v\u00e0o gi\u1ea5c ng\u1ee7 h\u01a1n.<\/p>\n<p>Ng\u1ee7 ngon nh\u00e9 th\u1ecf c\u01b0ng: L\u1ed3ng gh\u00e9p trong c\u00e2u chuy\u1ec7n \u0111i ng\u1ee7 c\u1ee7a c\u00e1c ch\u00fa th\u1ecf l\u00e0 b\u00e0i h\u1ecdc t\u1eadp \u0111\u1ebfm s\u1ed1 th\u00fa v\u1ecb d\u00e0nh cho b\u00e9. Kh\u00e1c v\u1edbi th\u00f4ng th\u01b0\u1eddng, \u1edf \u0111\u00e2y b\u00e9 s\u1ebd \u0111\u01b0\u1ee3c h\u1ecdc \u0111\u1ebfm l\u00f9i d\u1ea7n th\u00f4ng qua c\u00e1c chi ti\u1ebft \u0111\u01b0\u1ee3c x\u00e2y d\u1ef1ng \u0111\u1ea7y logic, th\u00f4ng minh.<\/p>\n<p>C\u1ea3 3 cu\u1ed1n s\u00e1ch \u0111\u1ec1u kh\u00e9p l\u1ea1i b\u1eb1ng h\u00ecnh \u1ea3nh nh\u1eefng ng\u01b0\u1eddi b\u1ea1n nh\u1ecf kh\u00e9p \u0111\u00f4i mi v\u00e0 ch\u00ecm v\u00e0o gi\u1ea5c ng\u1ee7 d\u1ecbu \u00eam b\u00ean c\u1ea1nh m\u1eb9 ho\u1eb7c th\u00fa b\u00f4ng y\u00eau d\u1ea5u c\u1ee7a m\u00ecnh. H\u00ecnh \u1ea3nh ng\u1ecdt ng\u00e0o, \u00e2u y\u1ebfm n\u00e0y s\u1ebd \u0111\u1ecdng l\u1ea1i trong t\u00e2m tr\u00ed tr\u1ebb, gi\u00fap c\u00e1c em th\u01b0 th\u00e1i \u0111i ng\u1ee7 h\u01a1n. \u201c\u0110i ng\u1ee7 n\u00e0o, b\u00e9 ngoan\u201d c\u00f2n t\u1ea1o ra kh\u00f4ng gian \u0111\u1ea7y y\u00eau th\u01b0\u01a1ng \u0111\u1ec3 b\u00e9 \u0111\u01b0\u1ee3c r\u00fac v\u00e0o l\u00f2ng m\u1eb9, \u0111\u01b0\u1ee3c l\u1eafng nghe gi\u1ecdng m\u1eb9 du d\u01b0\u01a1ng \u0111\u1ecdc s\u00e1ch v\u00e0 \u0111\u01b0\u1ee3c xoa d\u1ecbu t\u00e2m tr\u00ed \u0111\u1ec3 v\u00e0o gi\u1ea5c nh\u1eb9 nh\u00e0ng h\u01a1n. V\u00e0 khi \u1ea5y, nh\u1eefng \u0111i\u1ec1u k\u1ef3 di\u1ec7u mang l\u1ea1i l\u1ee3i \u00edch to l\u1edbn m\u00e0 ch\u00fang ta kh\u00f4ng th\u1ea5y \u0111\u01b0\u1ee3c c\u0169ng \u0111\u1ed3ng th\u1eddi t\u1ef1 nhi\u00ean x\u1ea3y ra trong n\u00e3o c\u1ee7a b\u00e9.<\/p>\n","protected":false},"excerpt":{"rendered":"<p>B\u1ed9 s\u00e1ch \u201c\u0110i ng\u1ee7 n\u00e0o, b\u00e9 ngoan!\u201d l\u00e0 \u201cnguy\u00ean li\u1ec7u\u201d kh\u00f4ng th\u1ec3 thi\u1ebfu \u0111\u1ec3 t\u1ea1o n\u00ean m\u1ed9t \u201cc\u00e1i \u00f4m b\u00ecnh t\u0129nh\u201d th\u1eadt ch\u1ea5t l\u01b0\u1ee3ng m\u00e0 b\u1ed1 m\u1eb9 c\u1ea7n. V\u1edbi thi\u1ebft k\u1ebf b\u1ed3i c\u1ee9ng an to\u00e0n, ph\u00f9 h\u1ee3p cho c\u00e1c b\u00e9 t\u1eeb 3 th\u00e1ng tu\u1ed5i, nh\u1eefng cu\u1ed1n s\u00e1ch ng\u1ecdt ng\u00e0o xoay quanh gi\u1edd \u0111i ng\u1ee7 c\u1ee7a thi\u00ean nhi\u00ean, \u0111\u1ed9ng v\u1eadt, gia \u0111\u00ecnh cho b\u00e9 c\u1ea3m gi\u00e1c g\u1ea7n g\u0169i, \u0111\u01b0\u1ee3c g\u1eafn k\u1ebft. \u0110\u1eb7c bi\u1ec7t, c\u1ea5u tr\u00fac l\u1eb7p l\u1ea1i nh\u1ecbp nh\u00e0ng, minh h\u1ecda ng\u1ed9 ngh\u0129nh c\u00f9ng c\u00e1c m\u00e0u s\u1eafc tr\u1ea7m t\u0129nh t\u1ea1o c\u1ea3m gi\u00e1c an to\u00e0n, th\u01b0 th\u00e1i cho b\u00e9 d\u1ec5 v\u00e0o gi\u1ea5c.<\/p>\n","protected":false},"featured_media":17648,"template":"","meta":{"_acf_changed":false},"product_brand":[],"product_cat":[24,17],"product_tag":[],"class_list":{"0":"post-17651","1":"product","2":"type-product","3":"status-publish","4":"has-post-thumbnail","6":"product_cat-nha-tre-mau-giao-0-tuoi-6-tuoi","7":"product_cat-sach-danh-cho-cac-be","9":"first","10":"outofstock","11":"taxable","12":"shipping-taxable","13":"purchasable","14":"product-type-simple"},"supplier_id":null,"supplier_sku":"","barcode":null,"atum_controlled":true,"out_stock_date":"2024-01-25 18:33:59","out_stock_threshold":null,"inheritable":false,"inbound_stock":0,"stock_on_hold":0,"sold_today":0,"sales_last_days":0,"reserved_stock":0,"customer_returns":0,"warehouse_damage":0,"lost_in_post":0,"other_logs":0,"out_stock_days":734,"lost_sales":0,"has_location":false,"update_date":"2026-01-28T23:11:00","atum_locations":[],"atum_stock_status":"outofstock","restock_status":false,"low_stock_amount":"","sales_update_date":"2026-01-28T23:11:00","calc_backorders":null,"acf":{"publisher":{"ID":1458,"post_author":"1","post_date":"2021-02-17 01:12:22","post_date_gmt":"2021-02-16 23:12:22","post_content":"<!-- wp:flatsome\/uxbuilder -->\n<h1 style=\"text-align: center\"><strong>Crabit Kidbooks<\/strong><\/h1>\n[row]\n\n[col span=\"8\" span__sm=\"12\"]\n\n<p>Crabit Kidbooks l\u00e0 nh\u00e0 ph\u00e1t h\u00e0nh s\u00e1ch thi\u1ebfu nhi thu\u1ed9c C\u00f4ng ty CPTM &amp; XNK Ng\u1ecdc \u00c1nh \u2013 \u0111\u01a1n v\u1ecb h\u01a1n 20 n\u0103m kinh nghi\u1ec7m trong ng\u00e0nh in \u1ea5n v\u00e0 l\u00e0 \u0111\u1ed1i t\u00e1c uy t\u00edn cung c\u1ea5p h\u1ecdc li\u1ec7u, s\u00e1ch v\u1edf h\u1ecdc sinh cho h\u01a1n 5000 kh\u00e1ch h\u00e0ng kh\u1eafp 28 t\u1ec9nh th\u00e0nh ph\u00eda B\u1eafc Vi\u1ec7t Nam H\u1ec7 th\u1ed1ng s\u1ea3n ph\u1ea9m Crabit Kidbooks<\/p>\n<p>Theo s\u1ef1 t\u00ecm hi\u1ec3u c\u1ee7a <strong>SACHVIET.EU<\/strong><strong>\u00a0<\/strong>tuy Crabit Kidbooks l\u00e0 m\u1ed9t nh\u00e0 ph\u00e1t h\u00e0nh tr\u1ebb t\u1ea1i Vi\u1ec7t Nam nh\u01b0ng l\u1ea1i mang \u0111\u1ebfn s\u1ef1 ch\u1ec9n chu qua t\u1eebng trang s\u00e1ch, t\u1eeb ch\u1ea5t li\u1ec7u gi\u1ea5y cao c\u1ea5p, b\u00eca c\u1ee9ng gi\u1eef g\u00ecn s\u00e1ch \u0111\u01b0\u1ee3c b\u1ec1n l\u00e2u \u0111\u1ebfn l\u1eddi v\u0103n c\u00e2u ch\u1eef \u0111\u01b0\u1ee3c ch\u1ecdn l\u1ecdc ch\u1ec9nh s\u1eeda sao cho ti\u1ebfp c\u1eadn th\u00e2n thi\u1ec7n nh\u1ea5t v\u1edbi tr\u1ebb em. <strong>SACHVIET.EU<\/strong> th\u1ef1c s\u1ef1 \u1ea5n t\u01b0\u1ee3ng b\u1edfi t\u1ea7m nh\u00ecn v\u00e0 s\u1ef1 c\u1ed1 g\u1eafng ho\u00e0n thi\u1ec7n nh\u1eefng t\u00e1c ph\u1ea9m c\u00f3 gi\u00e1 tr\u1ecb tuy\u1ec7t v\u1eddi m\u00e0 Crabit Kidbooks mang l\u1ea1i. \u0110\u00e2y c\u0169ng l\u00e0 nh\u00e0 ph\u00e1t h\u00e0nh duy nh\u1ea5t t\u1edbi th\u1eddi \u0111i\u1ec3m n\u00e0y m\u00e0 <strong>SACHVIET.EU<\/strong> quy\u1ebft t\u00e2m h\u1ee3p t\u00e1c mang h\u1ebft t\u1ea5t c\u1ea3 c\u00e1c \u0111\u1ea7u s\u00e1ch m\u00e0 Crabit Kidbooks c\u00f3 \u0111\u1ec3 \u0111em \u0111\u1ebfn Ch\u00e2u \u00c2u ph\u1ee5c v\u1ee5 m\u1ecdi ng\u01b0\u1eddi. \u0110\u00e2y th\u1ef1c s\u1ef1 l\u00e0 m\u1ed9t s\u1ef1 li\u1ec1u l\u0129nh c\u1ee7a <strong>SACHVIET.EU<\/strong>, tuy nhi\u00ean ch\u00fang m\u00ecnh tin t\u01b0\u1edfng v\u00e0 t\u1ef1 tin r\u1eb1ng t\u1eebng cu\u1ed1n s\u00e1ch m\u00e0 ch\u00fang m\u00ecnh gi\u1edbi thi\u1ec7u x\u1ee9ng \u0111\u00e1ng v\u1edbi nh\u1eefng g\u00ec ch\u00fang m\u00ecnh theo \u0111u\u1ed5i.<\/p>\n\n[\/col]\n[col span=\"4\" span__sm=\"12\"]\n\n[ux_image id=\"1701\" image_size=\"medium\"]\n\n\n[\/col]\n\n[\/row]\n\n<!-- \/wp:flatsome\/uxbuilder -->","post_title":"Crabit Kidbooks","post_excerpt":"","post_status":"publish","comment_status":"closed","ping_status":"closed","post_password":"","post_name":"crabit-kidbooks","to_ping":"","pinged":"","post_modified":"2022-12-19 23:12:10","post_modified_gmt":"2022-12-19 21:12:10","post_content_filtered":"","post_parent":0,"guid":"https:\/\/sachviet.eu\/nha-phat-hanh\/crabitkidbooks\/","menu_order":0,"post_type":"publisher","post_mime_type":"","comment_count":"0","filter":"raw"}},"_links":{"self":[{"href":"https:\/\/sachviet.eu\/en\/wp-json\/wp\/v2\/product\/17651","targetHints":{"allow":["GET"]}}],"collection":[{"href":"https:\/\/sachviet.eu\/en\/wp-json\/wp\/v2\/product"}],"about":[{"href":"https:\/\/sachviet.eu\/en\/wp-json\/wp\/v2\/types\/product"}],"wp:featuredmedia":[{"embeddable":true,"href":"https:\/\/sachviet.eu\/en\/wp-json\/wp\/v2\/media\/17648"}],"wp:attachment":[{"href":"https:\/\/sachviet.eu\/en\/wp-json\/wp\/v2\/media?parent=17651"}],"wp:term":[{"taxonomy":"product_brand","embeddable":true,"href":"https:\/\/sachviet.eu\/en\/wp-json\/wp\/v2\/product_brand?post=17651"},{"taxonomy":"product_cat","embeddable":true,"href":"https:\/\/sachviet.eu\/en\/wp-json\/wp\/v2\/product_cat?post=17651"},{"taxonomy":"product_tag","embeddable":true,"href":"https:\/\/sachviet.eu\/en\/wp-json\/wp\/v2\/product_tag?post=17651"}],"curies":[{"name":"wp","href":"https:\/\/api.w.org\/{rel}","templated":true}]}}