{"id":17647,"date":"2022-04-04T17:27:45","date_gmt":"2022-04-04T14:27:45","guid":{"rendered":"https:\/\/sachviet.eu\/shop\/vo-luyen-viet-cho-hoc-sinh-lop-1-theo-chuong-trinh-canh-dieu\/"},"modified":"2022-04-04T18:50:00","modified_gmt":"2022-04-04T15:50:00","slug":"vo-luyen-viet-cho-hoc-sinh-lop-1-theo-chuong-trinh-canh-dieu","status":"publish","type":"product","link":"https:\/\/sachviet.eu\/en\/shop\/vo-luyen-viet-cho-hoc-sinh-lop-1-theo-chuong-trinh-canh-dieu\/","title":{"rendered":"V\u1edf Luy\u1ec7n vi\u1ebft cho h\u1ecdc sinh l\u1edbp 1 &#8211; Theo ch\u01b0\u01a1ng tr\u00ecnh C\u00e1nh Di\u1ec1u"},"content":{"rendered":"<p>M\u1ed7i b\u1ed9 g\u1ed3m 2 quy\u1ec3n: quy\u1ec3n 1 v\u00e0 quy\u1ec3n 2.<\/p>\n<p>\u0110\u00e2y l\u00e0 l\u00e0 c\u00f4ng c\u1ee5 h\u1ed7 tr\u1ee3 \u0111\u1eafc l\u1ef1c \u0111\u1ec3 &#8220;N\u0103m \u0111\u1ea7u \u0111\u1ea1i h\u1ecdc ch\u1eef to&#8221; kh\u00f4ng ph\u1ea3i l\u00e0 cu\u1ed9c chi\u1ebfn.<\/p>\n<p>&#8211; C\u00e1c b\u00e0i t\u1eadp vi\u1ebft \u0111\u01b0\u1ee3c l\u1ef1a ch\u1ecdn b\u00e1m s\u00e1t theo ch\u01b0\u01a1ng tr\u00ecnh s\u00e1ch gi\u00e1o khoa Ti\u1ebfng Vi\u1ec7t 1 m\u1edbi xu\u1ea5t b\u1ea3n n\u0103m 2021;<\/p>\n<p>&#8211; C\u1ea5u tr\u00fac t\u1eebng b\u00e0i vi\u1ebft \u0111\u1ec1u c\u00f3 m\u1eabu ch\u1eef h\u01b0\u1edbng d\u1eabn t\u1eadp vi\u1ebft, ch\u1ea5m \u0111i\u1ec3m b\u1eaft \u0111\u1ea7u \u0111\u1eb7t b\u00fat vi\u1ebft s\u1ebd gi\u00fap tr\u1ebb nhanh ch\u00f3ng n\u1eafm b\u1eaft \u0111\u01b0\u1ee3c c\u00e1ch \u0111\u1eb7t b\u00fat vi\u1ebft, quy tr\u00ecnh vi\u1ebft \u0111\u00fang, vi\u1ebft \u0111\u1eb9p m\u1ed9t c\u00e1ch hi\u1ec7u qu\u1ea3 nh\u1ea5t;<\/p>\n<p>&#8211; M\u1ed7i quy\u1ec3n g\u1ed3m 48 trang, kh\u1ed5 to 19&#215;26.5 cm chu\u1ea9n theo kh\u1ed5 s\u00e1ch gi\u00e1o khoa m\u1edbi;<\/p>\n<p>&#8211; In m\u00e0u tr\u00ean ch\u1ea5t li\u1ec7u gi\u1ea5y tr\u1eafng d\u00e0y \u0111\u1ecbnh l\u01b0\u1ee3ng 100g ch\u1ed1ng l\u00f3a, ch\u1ed1ng th\u1ea5m m\u1ef1c.<\/p>\n","protected":false},"excerpt":{"rendered":"<p>M\u1ed7i b\u1ed9 g\u1ed3m 2 quy\u1ec3n: quy\u1ec3n 1 v\u00e0 quy\u1ec3n 2.<\/p>\n<p>\u0110\u00e2y l\u00e0 l\u00e0 c\u00f4ng c\u1ee5 h\u1ed7 tr\u1ee3 \u0111\u1eafc l\u1ef1c \u0111\u1ec3 &#8220;N\u0103m \u0111\u1ea7u \u0111\u1ea1i h\u1ecdc ch\u1eef to&#8221; kh\u00f4ng ph\u1ea3i l\u00e0 cu\u1ed9c chi\u1ebfn.<\/p>\n<p>&#8211; C\u00e1c b\u00e0i t\u1eadp vi\u1ebft \u0111\u01b0\u1ee3c l\u1ef1a ch\u1ecdn b\u00e1m s\u00e1t theo ch\u01b0\u01a1ng tr\u00ecnh s\u00e1ch gi\u00e1o khoa Ti\u1ebfng Vi\u1ec7t 1 m\u1edbi xu\u1ea5t b\u1ea3n n\u0103m 2021;<\/p>\n<p>&#8211; C\u1ea5u tr\u00fac t\u1eebng b\u00e0i vi\u1ebft \u0111\u1ec1u c\u00f3 m\u1eabu ch\u1eef h\u01b0\u1edbng d\u1eabn t\u1eadp vi\u1ebft, ch\u1ea5m \u0111i\u1ec3m b\u1eaft \u0111\u1ea7u \u0111\u1eb7t b\u00fat vi\u1ebft s\u1ebd gi\u00fap tr\u1ebb nhanh ch\u00f3ng n\u1eafm b\u1eaft \u0111\u01b0\u1ee3c c\u00e1ch \u0111\u1eb7t b\u00fat vi\u1ebft, quy tr\u00ecnh vi\u1ebft \u0111\u00fang, vi\u1ebft \u0111\u1eb9p m\u1ed9t c\u00e1ch hi\u1ec7u qu\u1ea3 nh\u1ea5t;<\/p>\n<p>&#8211; M\u1ed7i quy\u1ec3n g\u1ed3m 48 trang, kh\u1ed5 to 19&#215;26.5 cm chu\u1ea9n theo kh\u1ed5 s\u00e1ch gi\u00e1o khoa m\u1edbi;<\/p>\n<p>&#8211; In m\u00e0u tr\u00ean ch\u1ea5t li\u1ec7u gi\u1ea5y tr\u1eafng d\u00e0y \u0111\u1ecbnh l\u01b0\u1ee3ng 100g ch\u1ed1ng l\u00f3a, ch\u1ed1ng th\u1ea5m m\u1ef1c.<\/p>\n","protected":false},"featured_media":17646,"template":"","meta":{"_acf_changed":false},"product_brand":[],"product_cat":[20],"product_tag":[],"class_list":{"0":"post-17647","1":"product","2":"type-product","3":"status-publish","4":"has-post-thumbnail","6":"product_cat-be-vua-hoc-vua-choi","8":"first","9":"instock","10":"taxable","11":"shipping-taxable","12":"purchasable","13":"product-type-simple"},"supplier_id":null,"supplier_sku":"","barcode":null,"atum_controlled":true,"out_stock_date":null,"out_stock_threshold":null,"inheritable":false,"inbound_stock":0,"stock_on_hold":0,"sold_today":0,"sales_last_days":0,"reserved_stock":0,"customer_returns":0,"warehouse_damage":0,"lost_in_post":0,"other_logs":0,"out_stock_days":0,"lost_sales":0,"has_location":false,"update_date":"2026-01-28T23:11:00","atum_locations":[],"atum_stock_status":"instock","restock_status":false,"low_stock_amount":"","sales_update_date":"2026-01-28T23:11:00","calc_backorders":null,"acf":{"publisher":{"ID":17645,"post_author":"1","post_date":"2022-04-04 17:27:42","post_date_gmt":"2022-04-04 14:27:42","post_content":"","post_title":"Vi\u1ec7t H\u00e0","post_excerpt":"","post_status":"publish","comment_status":"closed","ping_status":"closed","post_password":"","post_name":"viet-ha","to_ping":"","pinged":"","post_modified":"2022-04-04 17:27:42","post_modified_gmt":"2022-04-04 14:27:42","post_content_filtered":"","post_parent":0,"guid":"https:\/\/sachviet.eu\/nha-phat-hanh\/viet-ha\/","menu_order":0,"post_type":"publisher","post_mime_type":"","comment_count":"0","filter":"raw"}},"_links":{"self":[{"href":"https:\/\/sachviet.eu\/en\/wp-json\/wp\/v2\/product\/17647","targetHints":{"allow":["GET"]}}],"collection":[{"href":"https:\/\/sachviet.eu\/en\/wp-json\/wp\/v2\/product"}],"about":[{"href":"https:\/\/sachviet.eu\/en\/wp-json\/wp\/v2\/types\/product"}],"wp:featuredmedia":[{"embeddable":true,"href":"https:\/\/sachviet.eu\/en\/wp-json\/wp\/v2\/media\/17646"}],"wp:attachment":[{"href":"https:\/\/sachviet.eu\/en\/wp-json\/wp\/v2\/media?parent=17647"}],"wp:term":[{"taxonomy":"product_brand","embeddable":true,"href":"https:\/\/sachviet.eu\/en\/wp-json\/wp\/v2\/product_brand?post=17647"},{"taxonomy":"product_cat","embeddable":true,"href":"https:\/\/sachviet.eu\/en\/wp-json\/wp\/v2\/product_cat?post=17647"},{"taxonomy":"product_tag","embeddable":true,"href":"https:\/\/sachviet.eu\/en\/wp-json\/wp\/v2\/product_tag?post=17647"}],"curies":[{"name":"wp","href":"https:\/\/api.w.org\/{rel}","templated":true}]}}