{"id":17626,"date":"2022-04-04T17:27:00","date_gmt":"2022-04-04T14:27:00","guid":{"rendered":"https:\/\/sachviet.eu\/shop\/am-thanh-cua-thinh-lang\/"},"modified":"2025-03-19T16:03:51","modified_gmt":"2025-03-19T14:03:51","slug":"am-thanh-cua-thinh-lang","status":"publish","type":"product","link":"https:\/\/sachviet.eu\/en\/shop\/am-thanh-cua-thinh-lang\/","title":{"rendered":"\u00c2m Thanh C\u1ee7a Thinh L\u1eb7ng"},"content":{"rendered":"<p>\u00c2m Thanh C\u1ee7a Thinh L\u1eb7ng<\/p>\n<p>\u201c\u00c2m thanh m\u00e0 b\u00e0 y\u00eau th\u00edch nh\u1ea5t l\u00e0 g\u00ec \u1ea1?\u201d \u201c \u00c2m thanh \u0111\u1eb9p nh\u1ea5t,\u201d ngh\u1ec7 s\u0129 \u0111\u00e0n koto \u0111\u00e1p, \u201cl\u00e0 \u00e2m thanh c\u1ee7a thinh l\u1eb7ng, ch\u00e1u \u1ea1.\u201d Nh\u01b0ng Yoshio s\u1ed1ng \u1edf Tokyo, Nh\u1eadt B\u1ea3n: m\u1ed9t th\u00e0nh ph\u1ed1 r\u1ed9ng l\u1edbn, n\u00e1o nhi\u1ec7t v\u00e0 lu\u00f4n h\u1ed1i h\u1ea3. C\u1eadu nghe ti\u1ebfng \u1ee7ng c\u1ee7a m\u00ecnh l\u1ed9i b\u00ec b\u00f5m qua c\u00e1c v\u0169ng n\u01b0\u1edbc, ti\u1ebfng c\u00f2i t\u00e0u h\u00fa vang, c\u00f2i xe inh \u1ecfi, ti\u1ebfng n\u00f3i c\u01b0\u1eddi huy\u00ean n\u00e1o. Tokyo ch\u1eb3ng kh\u00e1c n\u00e0o m\u1ed9t ph\u00f2ng h\u00f2a nh\u1ea1c kh\u1ed5ng l\u1ed3. Thinh l\u1eb7ng \u1edf ch\u1ed1n n\u00e0o? Theo ch\u00e2n c\u1eadu b\u00e9 Yoshio qua nh\u1eefng \u1ed3n \u00e0o v\u00e0 t\u1ea5t b\u1eadt c\u1ee7a ph\u1ed1 x\u00e1, ta s\u1ebd t\u00ecm th\u1ea5y \u00e2m thanh tuy\u1ec7t di\u1ec7u nh\u1ea5t tr\u00ean \u0111\u1eddi.<\/p>\n","protected":false},"excerpt":{"rendered":"<p>\u00c2m Thanh C\u1ee7a Thinh L\u1eb7ng<\/p>\n<p>\u201c\u00c2m thanh m\u00e0 b\u00e0 y\u00eau th\u00edch nh\u1ea5t l\u00e0 g\u00ec \u1ea1?\u201d \u201c \u00c2m thanh \u0111\u1eb9p nh\u1ea5t,\u201d ngh\u1ec7 s\u0129 \u0111\u00e0n koto \u0111\u00e1p, \u201cl\u00e0 \u00e2m thanh c\u1ee7a thinh l\u1eb7ng, ch\u00e1u \u1ea1.\u201d Nh\u01b0ng Yoshio s\u1ed1ng \u1edf Tokyo, Nh\u1eadt B\u1ea3n: m\u1ed9t th\u00e0nh ph\u1ed1 r\u1ed9ng l\u1edbn, n\u00e1o nhi\u1ec7t v\u00e0 lu\u00f4n h\u1ed1i h\u1ea3. C\u1eadu nghe ti\u1ebfng \u1ee7ng c\u1ee7a m\u00ecnh l\u1ed9i b\u00ec b\u00f5m qua c\u00e1c v\u0169ng n\u01b0\u1edbc, ti\u1ebfng c\u00f2i t\u00e0u h\u00fa vang, c\u00f2i xe inh \u1ecfi, ti\u1ebfng n\u00f3i c\u01b0\u1eddi huy\u00ean n\u00e1o. Tokyo ch\u1eb3ng kh\u00e1c n\u00e0o m\u1ed9t ph\u00f2ng h\u00f2a nh\u1ea1c kh\u1ed5ng l\u1ed3. Thinh l\u1eb7ng \u1edf ch\u1ed1n n\u00e0o? Theo ch\u00e2n c\u1eadu b\u00e9 Yoshio qua nh\u1eefng \u1ed3n \u00e0o v\u00e0 t\u1ea5t b\u1eadt c\u1ee7a ph\u1ed1 x\u00e1, ta s\u1ebd t\u00ecm th\u1ea5y \u00e2m thanh tuy\u1ec7t di\u1ec7u nh\u1ea5t tr\u00ean \u0111\u1eddi.<\/p>\n","protected":false},"featured_media":17625,"template":"","meta":{"_acf_changed":false},"product_brand":[],"product_cat":[25,17,26],"product_tag":[],"class_list":{"0":"post-17626","1":"product","2":"type-product","3":"status-publish","4":"has-post-thumbnail","6":"product_cat-nhi-dong-6-tuoi-12-tuoi","7":"product_cat-sach-danh-cho-cac-be","8":"product_cat-thieu-nien-11-tuoi-18-tuoi","10":"first","11":"outofstock","12":"taxable","13":"shipping-taxable","14":"purchasable","15":"product-type-simple"},"supplier_id":null,"supplier_sku":"","barcode":null,"atum_controlled":true,"out_stock_date":"2025-03-19 14:03:52","out_stock_threshold":null,"inheritable":false,"inbound_stock":0,"stock_on_hold":0,"sold_today":0,"sales_last_days":0,"reserved_stock":0,"customer_returns":0,"warehouse_damage":0,"lost_in_post":0,"other_logs":0,"out_stock_days":315,"lost_sales":0,"has_location":false,"update_date":"2026-01-28T23:11:28","atum_locations":[],"atum_stock_status":"outofstock","restock_status":false,"low_stock_amount":"","sales_update_date":"2026-01-28T23:11:28","calc_backorders":null,"acf":{"publisher":{"ID":1454,"post_author":"1","post_date":"2021-02-17 01:11:34","post_date_gmt":"2021-02-16 23:11:34","post_content":"<!-- wp:flatsome\/uxbuilder -->\n<h1 style=\"text-align: center;\"><strong>Kim \u0110\u1ed3ng<\/strong><\/h1>\n[row]\n\n[col span=\"3\" span__sm=\"12\"]\n\n[ux_image id=\"1534\" image_size=\"medium\"]\n\n\n[\/col]\n[col span=\"9\" span__sm=\"12\"]\n\n<p>Nh\u00e0 xu\u1ea5t b\u1ea3n Kim \u0110\u1ed3ng tr\u1ef1c thu\u1ed9c Trung \u01b0\u01a1ng \u0110o\u00e0n TNCS H\u1ed3 Ch\u00ed Minh l\u00e0 Nh\u00e0 xu\u1ea5t b\u1ea3n t\u1ed5ng h\u1ee3p c\u00f3 ch\u1ee9c n\u0103ng xu\u1ea5t b\u1ea3n s\u00e1ch v\u00e0 v\u0103n h\u00f3a ph\u1ea9m ph\u1ee5c v\u1ee5 thi\u1ebfu nhi v\u00e0 c\u00e1c b\u1eadc ph\u1ee5 huynh trong c\u1ea3 n\u01b0\u1edbc, qu\u1ea3ng b\u00e1 v\u00e0 gi\u1edbi thi\u1ec7u v\u0103n h\u00f3a Vi\u1ec7t Nam ra th\u1ebf gi\u1edbi.<br \/>Nh\u00e0 xu\u1ea5t b\u1ea3n c\u00f3 nhi\u1ec7m v\u1ee5 t\u1ed5 ch\u1ee9c b\u1ea3n th\u1ea3o, bi\u00ean so\u1ea1n, bi\u00ean d\u1ecbch, xu\u1ea5t b\u1ea3n v\u00e0 ph\u00e1t h\u00e0nh c\u00e1c xu\u1ea5t b\u1ea3n ph\u1ea9m c\u00f3 n\u1ed9i dung: gi\u00e1o d\u1ee5c truy\u1ec1n th\u1ed1ng d\u00e2n t\u1ed9c, gi\u00e1o d\u1ee5c v\u1ec1 tri th\u1ee9c, ki\u1ebfn th\u1ee9c\u2026 tr\u00ean c\u00e1c l\u0129nh v\u1ef1c v\u0103n h\u1ecdc, ngh\u1ec7 thu\u1eadt, khoa h\u1ecdc k\u1ef9 thu\u1eadt nh\u1eb1m cung c\u1ea5p cho c\u00e1c em thi\u1ebfu nhi c\u0169ng nh\u01b0 c\u00e1c b\u1eadc ph\u1ee5 huynh c\u00e1c ki\u1ebfn th\u1ee9c c\u1ea7n thi\u1ebft trong cu\u1ed9c s\u1ed1ng, nh\u1eefng tinh hoa c\u1ee7a tri th\u1ee9c nh\u00e2n lo\u1ea1i nh\u1eb1m g\u00f3p ph\u1ea7n gi\u00e1o d\u1ee5c v\u00e0 h\u00ecnh th\u00e0nh nh\u00e2n c\u00e1ch th\u1ebf h\u1ec7 tr\u1ebb.<br \/>\u0110\u1ed1i t\u01b0\u1ee3ng ph\u1ee5c v\u1ee5 c\u1ee7a Nh\u00e0 xu\u1ea5t b\u1ea3n l\u00e0 c\u00e1c em t\u1eeb tu\u1ed5i nh\u00e0 tr\u1ebb m\u1eabu gi\u00e1o (1 \u0111\u1ebfn 5 tu\u1ed5i), nhi \u0111\u1ed3ng (6 \u0111\u1ebfn 9 tu\u1ed5i), thi\u1ebfu ni\u00ean (10 \u0111\u1ebfn 15 tu\u1ed5i) \u0111\u1ebfn c\u00e1c em tu\u1ed5i m\u1edbi l\u1edbn (16 \u0111\u1ebfn 18 tu\u1ed5i) v\u00e0 c\u00e1c b\u1eadc ph\u1ee5 huynh.<\/p>\n\n[\/col]\n\n[\/row]\n\n<!-- \/wp:flatsome\/uxbuilder -->","post_title":"Kim \u0110\u1ed3ng","post_excerpt":"","post_status":"publish","comment_status":"closed","ping_status":"closed","post_password":"","post_name":"kim-dong","to_ping":"","pinged":"","post_modified":"2021-02-17 01:31:56","post_modified_gmt":"2021-02-16 23:31:56","post_content_filtered":"","post_parent":0,"guid":"https:\/\/sachviet.eu\/nha-phat-hanh\/kim-dong\/","menu_order":0,"post_type":"publisher","post_mime_type":"","comment_count":"0","filter":"raw"}},"_links":{"self":[{"href":"https:\/\/sachviet.eu\/en\/wp-json\/wp\/v2\/product\/17626","targetHints":{"allow":["GET"]}}],"collection":[{"href":"https:\/\/sachviet.eu\/en\/wp-json\/wp\/v2\/product"}],"about":[{"href":"https:\/\/sachviet.eu\/en\/wp-json\/wp\/v2\/types\/product"}],"wp:featuredmedia":[{"embeddable":true,"href":"https:\/\/sachviet.eu\/en\/wp-json\/wp\/v2\/media\/17625"}],"wp:attachment":[{"href":"https:\/\/sachviet.eu\/en\/wp-json\/wp\/v2\/media?parent=17626"}],"wp:term":[{"taxonomy":"product_brand","embeddable":true,"href":"https:\/\/sachviet.eu\/en\/wp-json\/wp\/v2\/product_brand?post=17626"},{"taxonomy":"product_cat","embeddable":true,"href":"https:\/\/sachviet.eu\/en\/wp-json\/wp\/v2\/product_cat?post=17626"},{"taxonomy":"product_tag","embeddable":true,"href":"https:\/\/sachviet.eu\/en\/wp-json\/wp\/v2\/product_tag?post=17626"}],"curies":[{"name":"wp","href":"https:\/\/api.w.org\/{rel}","templated":true}]}}