{"id":17619,"date":"2022-04-04T17:26:31","date_gmt":"2022-04-04T14:26:31","guid":{"rendered":"https:\/\/sachviet.eu\/shop\/willow-nhut-nhat\/"},"modified":"2023-01-20T23:34:48","modified_gmt":"2023-01-20T21:34:48","slug":"willow-nhut-nhat","status":"publish","type":"product","link":"https:\/\/sachviet.eu\/en\/shop\/willow-nhut-nhat\/","title":{"rendered":"Willow Nh\u00fat Nh\u00e1t"},"content":{"rendered":"<p>T\u00e1c gi\u1ea3<br \/>\nCat Min<br \/>\nCat Min l\u00e0 m\u1ed9t h\u1ecda s\u0129 v\u1ebd tranh minh h\u1ecda, ho\u1ea1t h\u1ecda v\u00e0 nh\u00e0 v\u0103n. Cat l\u1edbn l\u00ean l\u00e0 m\u1ed9t \u0111\u1ee9a tr\u1ebb nh\u00fat nh\u00e1t \u1edf H\u1ed3ng K\u00f4ng, n\u01a1i c\u00f4 d\u00e0nh ph\u1ea7n l\u1edbn th\u1eddi th\u01a1 \u0111\u1ec3 v\u1ebd v\u00e0 l\u00e0m truy\u1ec7n tranh t\u1eeb gi\u1ea5y in v\u00e0 kim b\u1ea5m c\u00f9ng ng\u01b0\u1eddi b\u1ea1n th\u00e2n nh\u1ea5t c\u1ee7a m\u00ecnh. C\u00f4 theo h\u1ecdc ho\u1ea1t h\u00ecnh v\u00e0 \u0111i\u1ec7n \u1ea3nh t\u1ea1i \u0110\u1ea1i h\u1ecdc New York, Tr\u01b0\u1eddng Ngh\u1ec7 thu\u1eadt Tisch, v\u00e0 ho\u00e0n th\u00e0nh Ch\u01b0\u01a1ng tr\u00ecnh C\u01b0 tr\u00fa m\u00f9a h\u00e8 Minh h\u1ecda &amp; K\u1ec3 chuy\u1ec7n b\u1eb1ng H\u00ecnh \u1ea3nh t\u1ea1i Tr\u01b0\u1eddng Ngh\u1ec7 thu\u1eadt Th\u1ecb gi\u00e1c \u1edf New York. C\u00f4 c\u0169ng l\u00e0 th\u00e0nh vi\u00ean c\u1ee7a SCBWI. Nh\u1eefng th\u00fa vui &#8220;t\u1ed9i l\u1ed7i&#8221; c\u1ee7a c\u00f4 \u1ea5y bao g\u1ed3m: khoai t\u00e2y chi\u00ean McDonald, truy\u1ec7n tranh l\u00e3ng m\u1ea1n h\u1ea5p d\u1eabn, \u1ee9ng d\u1ee5ng tr\u00f2 ch\u01a1i tho\u00e1t hi\u1ec3m, v\u00e0 t\u1ea5t c\u1ea3 \u0111\u1ed3 \u0103n c\u00f3 ph\u00f4 mai!<\/p>\n","protected":false},"excerpt":{"rendered":"<p>Willow r\u1ea5t nh\u00e1t. C\u1ef0C K\u00cc nh\u00e1t. C\u00f4 s\u1ed1ng trong m\u1ed9t h\u00f2m th\u01b0 b\u1ecf hoang, v\u00e0 c\u00f4 kh\u00f4ng th\u00edch ra ngo\u00e0i cho l\u1eafm. Nh\u01b0ng r\u1ed3i m\u1ed9t ng\u00e0y n\u1ecd c\u00f3 phong th\u01b0 \u0111\u00e1p xu\u1ed1ng nh\u00e0 c\u00f4, trong th\u01b0 l\u00e0 l\u1eddi th\u1ec9nh c\u1ea7u c\u1ee7a c\u1eadu b\u00e9 g\u1eedi t\u1edbi m\u1eb7t tr\u0103ng trong ng\u00e0y sinh nh\u1eadt m\u1eb9. Willow bi\u1ebft r\u1eb1ng n\u1ebfu m\u00ecnh kh\u00f4ng d\u0169ng c\u1ea3m b\u01b0\u1edbc ra ngo\u00e0i, b\u1ee9c th\u01b0 s\u1ebd kh\u00f4ng bao gi\u1edd \u0111\u01b0\u1ee3c g\u1eedi v\u00e0 c\u1eadu b\u00e9 s\u1ebd bu\u1ed3n v\u00f4 c\u00f9ng. V\u1eady th\u00ec, c\u00f4 c\u00f3 n\u00ean th\u1eed kh\u00f4ng? C\u00f4 c\u00f3 l\u00e0m \u0111\u01b0\u1ee3c kh\u00f4ng?<\/p>\n","protected":false},"featured_media":17617,"template":"","meta":{"_acf_changed":false},"product_brand":[],"product_cat":[25,17,26],"product_tag":[],"class_list":{"0":"post-17619","1":"product","2":"type-product","3":"status-publish","4":"has-post-thumbnail","6":"product_cat-nhi-dong-6-tuoi-12-tuoi","7":"product_cat-sach-danh-cho-cac-be","8":"product_cat-thieu-nien-11-tuoi-18-tuoi","10":"first","11":"instock","12":"taxable","13":"shipping-taxable","14":"purchasable","15":"product-type-simple"},"supplier_id":null,"supplier_sku":"","barcode":null,"atum_controlled":true,"out_stock_date":null,"out_stock_threshold":null,"inheritable":false,"inbound_stock":0,"stock_on_hold":0,"sold_today":0,"sales_last_days":0,"reserved_stock":0,"customer_returns":0,"warehouse_damage":0,"lost_in_post":0,"other_logs":0,"out_stock_days":0,"lost_sales":0,"has_location":false,"update_date":"2026-01-28T23:11:00","atum_locations":[],"atum_stock_status":"instock","restock_status":false,"low_stock_amount":"","sales_update_date":"2026-01-28T23:11:00","calc_backorders":null,"acf":{"publisher":{"ID":17607,"post_author":"1","post_date":"2022-04-04 17:25:58","post_date_gmt":"2022-04-04 14:25:58","post_content":"","post_title":"Sanhobooks","post_excerpt":"","post_status":"publish","comment_status":"closed","ping_status":"closed","post_password":"","post_name":"sanhobooks","to_ping":"","pinged":"","post_modified":"2022-04-04 17:25:58","post_modified_gmt":"2022-04-04 14:25:58","post_content_filtered":"","post_parent":0,"guid":"https:\/\/sachviet.eu\/nha-phat-hanh\/sanhobooks\/","menu_order":0,"post_type":"publisher","post_mime_type":"","comment_count":"0","filter":"raw"}},"_links":{"self":[{"href":"https:\/\/sachviet.eu\/en\/wp-json\/wp\/v2\/product\/17619","targetHints":{"allow":["GET"]}}],"collection":[{"href":"https:\/\/sachviet.eu\/en\/wp-json\/wp\/v2\/product"}],"about":[{"href":"https:\/\/sachviet.eu\/en\/wp-json\/wp\/v2\/types\/product"}],"wp:featuredmedia":[{"embeddable":true,"href":"https:\/\/sachviet.eu\/en\/wp-json\/wp\/v2\/media\/17617"}],"wp:attachment":[{"href":"https:\/\/sachviet.eu\/en\/wp-json\/wp\/v2\/media?parent=17619"}],"wp:term":[{"taxonomy":"product_brand","embeddable":true,"href":"https:\/\/sachviet.eu\/en\/wp-json\/wp\/v2\/product_brand?post=17619"},{"taxonomy":"product_cat","embeddable":true,"href":"https:\/\/sachviet.eu\/en\/wp-json\/wp\/v2\/product_cat?post=17619"},{"taxonomy":"product_tag","embeddable":true,"href":"https:\/\/sachviet.eu\/en\/wp-json\/wp\/v2\/product_tag?post=17619"}],"curies":[{"name":"wp","href":"https:\/\/api.w.org\/{rel}","templated":true}]}}