{"id":17616,"date":"2022-04-04T17:26:21","date_gmt":"2022-04-04T14:26:21","guid":{"rendered":"https:\/\/sachviet.eu\/shop\/to-khong-biet-bay\/"},"modified":"2023-01-22T00:36:51","modified_gmt":"2023-01-21T22:36:51","slug":"to-khong-biet-bay","status":"publish","type":"product","link":"https:\/\/sachviet.eu\/en\/shop\/to-khong-biet-bay\/","title":{"rendered":"T\u1edb (Kh\u00f4ng) Bi\u1ebft Bay"},"content":{"rendered":"<p>Fifi Kuo<br \/>\nFifi Kuo \u0111\u1ebfn t\u1eeb \u0110\u00e0i Loan. C\u00f4 \u0111\u00e3 c\u00f3 b\u1eb1ng C\u1eed nh\u00e2n v\u1ec1 Thi\u1ebft k\u1ebf Ki\u1ebfn tr\u00fac C\u1ea3nh quan v\u00e0 b\u1eb1ng Th\u1ea1c s\u0129 Ngh\u1ec7 thu\u1eadt t\u1ea1i Tr\u01b0\u1eddng Ngh\u1ec7 thu\u1eadt Cambridge. Ngo\u00e0i ra c\u00f4 \u0111\u00e3 gi\u00e0nh \u0111\u01b0\u1ee3c m\u1ed9t s\u1ed1 gi\u1ea3i th\u01b0\u1edfng uy t\u00edn, bao g\u1ed3m Gi\u1ea3i th\u01b0\u1edfng Macmillan v\u00e0 Gi\u1ea3i th\u01b0\u1edfng Minh h\u1ecda iJungle<\/p>\n","protected":false},"excerpt":{"rendered":"<p>C\u00e1nh C\u1ee5t Nh\u1ecf b\u1ed1i r\u1ed1i qu\u00e1: c\u1eadu c\u00f3 c\u00e1nh, bi\u1ebft \u0111\u1eadp c\u00e1nh, bi\u1ebft ch\u1ea1y, bi\u1ebft nh\u1ea3y, v\u1eady m\u00e0 kh\u00f4ng th\u1ec3 bay! B\u1ed1 b\u1ea3o c\u1eadu r\u1eb1ng c\u00e1nh c\u1ee5t ch\u1ec9 b\u01a1i th\u00f4i, nh\u01b0ng C\u00e1nh C\u1ee5t Nh\u1ecf tin ch\u1eafc r\u1eb1ng m\u00ecnh bay \u0111\u01b0\u1ee3c. R\u1ed1t cu\u1ed9c c\u1eadu c\u00f3 t\u00ecm \u0111\u01b0\u1ee3c c\u00e1ch g\u00ec hay kh\u00f4ng?!<\/p>\n","protected":false},"featured_media":17614,"template":"","meta":{"_acf_changed":false},"product_brand":[],"product_cat":[25,17,26],"product_tag":[],"class_list":{"0":"post-17616","1":"product","2":"type-product","3":"status-publish","4":"has-post-thumbnail","6":"product_cat-nhi-dong-6-tuoi-12-tuoi","7":"product_cat-sach-danh-cho-cac-be","8":"product_cat-thieu-nien-11-tuoi-18-tuoi","10":"first","11":"instock","12":"taxable","13":"shipping-taxable","14":"purchasable","15":"product-type-simple"},"supplier_id":null,"supplier_sku":"","barcode":null,"atum_controlled":true,"out_stock_date":null,"out_stock_threshold":null,"inheritable":false,"inbound_stock":0,"stock_on_hold":0,"sold_today":0,"sales_last_days":0,"reserved_stock":0,"customer_returns":0,"warehouse_damage":0,"lost_in_post":0,"other_logs":0,"out_stock_days":0,"lost_sales":0,"has_location":false,"update_date":"2026-01-28T23:11:00","atum_locations":[],"atum_stock_status":"instock","restock_status":false,"low_stock_amount":"","sales_update_date":"2026-01-28T23:11:00","calc_backorders":null,"acf":{"publisher":{"ID":17607,"post_author":"1","post_date":"2022-04-04 17:25:58","post_date_gmt":"2022-04-04 14:25:58","post_content":"","post_title":"Sanhobooks","post_excerpt":"","post_status":"publish","comment_status":"closed","ping_status":"closed","post_password":"","post_name":"sanhobooks","to_ping":"","pinged":"","post_modified":"2022-04-04 17:25:58","post_modified_gmt":"2022-04-04 14:25:58","post_content_filtered":"","post_parent":0,"guid":"https:\/\/sachviet.eu\/nha-phat-hanh\/sanhobooks\/","menu_order":0,"post_type":"publisher","post_mime_type":"","comment_count":"0","filter":"raw"}},"_links":{"self":[{"href":"https:\/\/sachviet.eu\/en\/wp-json\/wp\/v2\/product\/17616","targetHints":{"allow":["GET"]}}],"collection":[{"href":"https:\/\/sachviet.eu\/en\/wp-json\/wp\/v2\/product"}],"about":[{"href":"https:\/\/sachviet.eu\/en\/wp-json\/wp\/v2\/types\/product"}],"wp:featuredmedia":[{"embeddable":true,"href":"https:\/\/sachviet.eu\/en\/wp-json\/wp\/v2\/media\/17614"}],"wp:attachment":[{"href":"https:\/\/sachviet.eu\/en\/wp-json\/wp\/v2\/media?parent=17616"}],"wp:term":[{"taxonomy":"product_brand","embeddable":true,"href":"https:\/\/sachviet.eu\/en\/wp-json\/wp\/v2\/product_brand?post=17616"},{"taxonomy":"product_cat","embeddable":true,"href":"https:\/\/sachviet.eu\/en\/wp-json\/wp\/v2\/product_cat?post=17616"},{"taxonomy":"product_tag","embeddable":true,"href":"https:\/\/sachviet.eu\/en\/wp-json\/wp\/v2\/product_tag?post=17616"}],"curies":[{"name":"wp","href":"https:\/\/api.w.org\/{rel}","templated":true}]}}