{"id":1759,"date":"2021-02-17T01:53:24","date_gmt":"2021-02-16T23:53:24","guid":{"rendered":"https:\/\/sachviet.eu\/shop\/nhung-cau-chuyen-khoa-hoc-danh-cho-thieu-nhi-set-6-quyen\/"},"modified":"2024-12-29T10:24:59","modified_gmt":"2024-12-29T08:24:59","slug":"nhung-cau-chuyen-khoa-hoc-danh-cho-thieu-nhi-set-6-quyen","status":"publish","type":"product","link":"https:\/\/sachviet.eu\/en\/shop\/nhung-cau-chuyen-khoa-hoc-danh-cho-thieu-nhi-set-6-quyen\/","title":{"rendered":"Nh\u1eefng C\u00e2u Chuy\u1ec7n Khoa H\u1ecdc D\u00e0nh Cho Thi\u1ebfu Nhi &#8211; set 6 quy\u1ec3n"},"content":{"rendered":"<p>M\u1ed7i m\u1ed9t cu\u1ed1n trong b\u1ed9 s\u00e1ch s\u1ebd cung c\u1ea5p cho \u0111\u1ed9c gi\u1ea3 nh\u00ed nh\u1eefng th\u00f4ng tin khoa h\u1ecdc th\u01b0\u1eddng th\u1ee9c v\u1ec1 c\u00e1c ch\u1ee7 \u0111\u1ec1 nh\u01b0 v\u00ec sao Tr\u00e1i \u0110\u1ea5t n\u00f3ng l\u00ean, l\u1ef1c h\u1ea5p d\u1eabn l\u00e0 g\u00ec, tr\u1ebb con sinh ra t\u1eeb \u0111\u00e2u, n\u01b0\u1edbc th\u1ea3i s\u1ebd \u0111i v\u1ec1 \u0111\u00e2u, chu\u1ed7i th\u1ee9c \u0103n l\u00e0 g\u00ec, x\u00ec h\u01a1i l\u00e0 nh\u01b0 th\u1ebf n\u00e0o.<\/p>\n<p>Tr\u01b0\u1edbc khi \u0111i v\u00e0o gi\u1ea3i th\u00edch c\u1ee5 th\u1ec3 t\u1eebng v\u1ea5n \u0111\u1ec1 n\u00eau ra \u1edf tr\u00ean, m\u1ed7i cu\u1ed1n s\u1ebd c\u00f3 m\u1ed9t c\u00e2u chuy\u1ec7n \u0111i k\u00e8m \u0111\u1ec3 d\u1eabn d\u1eaft, gi\u00fap c\u00e1c \u0111\u1ed9c gi\u1ea3 nh\u00ed ti\u1ebfp c\u1eadn v\u1ea5n \u0111\u1ec1 m\u1ed9t c\u00e1ch d\u1ec5 d\u00e0ng h\u01a1n. V\u00ed d\u1ee5 nh\u01b0 cu\u1ed1n n\u00f3i v\u1ec1 ch\u1ee7 \u0111\u1ec1 t\u1ea1i sao Tr\u00e1i \u0110\u1ea5t ng\u00e0y c\u00e0ng n\u00f3ng l\u00ean, tr\u01b0\u1edbc khi \u0111\u01b0a ra nguy\u00ean do l\u00e0 b\u1edfi hi\u1ec7n t\u01b0\u1ee3ng hi\u1ec7u \u1ee9ng nh\u00e0 k\u00ednh, m\u00e0 hi\u1ec7u \u1ee9ng nh\u00e0 k\u00ednh th\u00ec l\u1ea1i do c\u00e1c ch\u1ea5t kh\u00ed nh\u00e0 k\u00ednh t\u1ea1o th\u00e0nh&#8230;, cu\u1ed1n s\u00e1ch \u0111\u00e3 d\u1eabn ra m\u1ed9t c\u00e2u chuy\u1ec7n ng\u1eafn mang t\u00ednh ch\u1ea5t kh\u01a1i g\u1ee3i v\u1ea5n \u0111\u1ec1 l\u00e0 c\u00f3 m\u1ed9t b\u1ea1n Kh\u00ed Nh\u1ecf do m\u1ed9t c\u00f4 b\u00e9 t\u1ea1o ra, b\u1ea1n Kh\u00ed Nh\u1ecf n\u00e0y \u0111\u00e3 \u0111i \u0111\u1ebfn r\u1ea5t, r\u1ea5t nhi\u1ec1u n\u01a1i. M\u1ed7i n\u01a1i \u0111\u1ec1u mang \u0111\u1ebfn cho b\u1ea1n \u1ea5y r\u1ea5t nhi\u1ec1u lo\u1ea1i kh\u00ed \u0111\u1eb7c bi\u1ec7t, khi\u1ebfn cho c\u01a1 th\u1ec3 b\u1ea1n \u1ea5y ng\u00e0y c\u00e0ng l\u1edbn d\u1ea7n l\u00ean, ng\u00e0y c\u00e0ng n\u00f3ng&#8230;<\/p>\n<p>Th\u00f4ng tin b\u1ed9 s\u00e1ch: Nh\u1eefng c\u00e2u chuy\u1ec7n khoa h\u1ecdc d\u00e0nh cho thi\u1ebfu nhi<\/p>\n<p>B\u1ed9 s\u00e1ch g\u1ed3m 6 cu\u1ed1n:<\/p>\n<p>1. Ai b\u1ecb \u0103n m\u1ea5t r\u1ed3i? (Chu\u1ed7i th\u1ee9c \u0103n l\u00e0 g\u00ec?)<\/p>\n<p>2. Ai c\u0169ng \u0111\u1ec1u x\u00ec h\u01a1i (X\u00ec h\u01a1i l\u00e0 nh\u01b0 th\u1ebf n\u00e0o v\u1eady nh\u1ec9?)<\/p>\n<p>3. Cu\u1ed9c phi\u00eau l\u01b0u trong \u1ed1ng c\u1ed1ng (N\u01b0\u1edbc th\u1ea3i s\u1ebd \u0111i v\u1ec1 \u0111\u00e2u?)<\/p>\n<p>4. Ng\u01b0\u1eddi m\u1eb9 phi th\u01b0\u1eddng c\u1ee7a t\u1edb (Con t\u1eeb \u0111\u00e2u \u0111\u1ebfn?)<\/p>\n<p>5. Nh\u1ea3y cao tr\u00ean M\u1eb7t Tr\u0103ng (L\u1ef1c h\u1ea5p d\u1eabn l\u00e0 g\u00ec?)<\/p>\n<p>6. \u00d4i chao, m\u00ecnh n\u00f3ng qu\u00e1! (T\u1ea1i sao Tr\u00e1i \u0110\u1ea5t ng\u00e0y c\u00e0ng n\u00f3ng l\u00ean?)  <div class=\"banner-grid-wrapper\">\n  <div id=\"banner-grid-537785161\" class=\"banner-grid row row-grid row-small\" data-packery-options=\"\">\n            <style>\n    #banner-grid-537785161 .grid-col-1{height: 600px}\n    #banner-grid-537785161 .grid-col-1-2{height: 300px}\n    #banner-grid-537785161 .grid-col-1-3{height:200px}\n    #banner-grid-537785161 .grid-col-2-3{height: 400px}\n    #banner-grid-537785161 .grid-col-1-4{height: 150px}\n    #banner-grid-537785161 .grid-col-3-4{height: 450px}\n\n\n        \/* Tablet *\/\n    @media (max-width: 850px){\n      #banner-grid-537785161 .grid-col-1{height: 400px}\n      #banner-grid-537785161 .grid-col-1-2{height: 200px}\n      #banner-grid-537785161 .grid-col-1-3{height:133.33333333333px}\n      #banner-grid-537785161 .grid-col-2-3{height: 266.66666666667px}\n      #banner-grid-537785161 .grid-col-1-4{height: 100px}\n      #banner-grid-537785161 .grid-col-3-4{height: 300px}\n    }\n    \n        \/* Mobile *\/\n    @media (max-width: 550px){\n      #banner-grid-537785161 .grid-col-1{height: 400px}\n      #banner-grid-537785161 .grid-col-1-2{height: 200px}\n      #banner-grid-537785161 .grid-col-1-3{height:133.33333333333px}\n      #banner-grid-537785161 .grid-col-2-3{height: 266.66666666667px}\n      #banner-grid-537785161 .grid-col-1-4{height: 100px}\n      #banner-grid-537785161 .grid-col-3-4{height: 300px}\n    }\n    \n\n  <\/style>\n    <\/div>\n    <style>\n    #banner-grid-537785161 .grid-col-1{height: 600px}\n    #banner-grid-537785161 .grid-col-1-2{height: 300px}\n    #banner-grid-537785161 .grid-col-1-3{height:200px}\n    #banner-grid-537785161 .grid-col-2-3{height: 400px}\n    #banner-grid-537785161 .grid-col-1-4{height: 150px}\n    #banner-grid-537785161 .grid-col-3-4{height: 450px}\n\n\n    \n    \n\n  <\/style>\n    <\/div>\n  \n","protected":false},"excerpt":{"rendered":"<p>M\u1ed7i m\u1ed9t cu\u1ed1n trong b\u1ed9 s\u00e1ch s\u1ebd cung c\u1ea5p cho \u0111\u1ed9c gi\u1ea3 nh\u00ed nh\u1eefng th\u00f4ng tin khoa h\u1ecdc th\u01b0\u1eddng th\u1ee9c v\u1ec1 c\u00e1c ch\u1ee7 \u0111\u1ec1 nh\u01b0 v\u00ec sao Tr\u00e1i \u0110\u1ea5t n\u00f3ng l\u00ean, l\u1ef1c h\u1ea5p d\u1eabn l\u00e0 g\u00ec, tr\u1ebb con sinh ra t\u1eeb \u0111\u00e2u, n\u01b0\u1edbc th\u1ea3i s\u1ebd \u0111i v\u1ec1 \u0111\u00e2u, chu\u1ed7i th\u1ee9c \u0103n l\u00e0 g\u00ec, x\u00ec h\u01a1i l\u00e0 nh\u01b0 th\u1ebf n\u00e0o.<\/p>\n<p>Tr\u01b0\u1edbc khi \u0111i v\u00e0o gi\u1ea3i th\u00edch c\u1ee5 th\u1ec3 t\u1eebng v\u1ea5n \u0111\u1ec1 n\u00eau ra \u1edf tr\u00ean, m\u1ed7i cu\u1ed1n s\u1ebd c\u00f3 m\u1ed9t c\u00e2u chuy\u1ec7n \u0111i k\u00e8m \u0111\u1ec3 d\u1eabn d\u1eaft, gi\u00fap c\u00e1c \u0111\u1ed9c gi\u1ea3 nh\u00ed ti\u1ebfp c\u1eadn v\u1ea5n \u0111\u1ec1 m\u1ed9t c\u00e1ch d\u1ec5 d\u00e0ng h\u01a1n. V\u00ed d\u1ee5 nh\u01b0 cu\u1ed1n n\u00f3i v\u1ec1 ch\u1ee7 \u0111\u1ec1 t\u1ea1i sao Tr\u00e1i \u0110\u1ea5t ng\u00e0y c\u00e0ng n\u00f3ng l\u00ean, tr\u01b0\u1edbc khi \u0111\u01b0a ra nguy\u00ean do l\u00e0 b\u1edfi hi\u1ec7n t\u01b0\u1ee3ng hi\u1ec7u \u1ee9ng nh\u00e0 k\u00ednh, m\u00e0 hi\u1ec7u \u1ee9ng nh\u00e0 k\u00ednh th\u00ec l\u1ea1i do c\u00e1c ch\u1ea5t kh\u00ed nh\u00e0 k\u00ednh t\u1ea1o th\u00e0nh&#8230;, cu\u1ed1n s\u00e1ch \u0111\u00e3 d\u1eabn ra m\u1ed9t c\u00e2u chuy\u1ec7n ng\u1eafn mang t\u00ednh ch\u1ea5t kh\u01a1i g\u1ee3i v\u1ea5n \u0111\u1ec1 l\u00e0 c\u00f3 m\u1ed9t b\u1ea1n Kh\u00ed Nh\u1ecf do m\u1ed9t c\u00f4 b\u00e9 t\u1ea1o ra, b\u1ea1n Kh\u00ed Nh\u1ecf n\u00e0y \u0111\u00e3 \u0111i \u0111\u1ebfn r\u1ea5t, r\u1ea5t nhi\u1ec1u n\u01a1i. M\u1ed7i n\u01a1i \u0111\u1ec1u mang \u0111\u1ebfn cho b\u1ea1n \u1ea5y r\u1ea5t nhi\u1ec1u lo\u1ea1i kh\u00ed \u0111\u1eb7c bi\u1ec7t, khi\u1ebfn cho c\u01a1 th\u1ec3 b\u1ea1n \u1ea5y ng\u00e0y c\u00e0ng l\u1edbn d\u1ea7n l\u00ean, ng\u00e0y c\u00e0ng n\u00f3ng&#8230;<\/p>\n","protected":false},"featured_media":1735,"template":"","meta":{"_acf_changed":false},"product_brand":[],"product_cat":[25,17],"product_tag":[],"class_list":{"0":"post-1759","1":"product","2":"type-product","3":"status-publish","4":"has-post-thumbnail","6":"product_cat-nhi-dong-6-tuoi-12-tuoi","7":"product_cat-sach-danh-cho-cac-be","9":"first","10":"instock","11":"taxable","12":"shipping-taxable","13":"purchasable","14":"product-type-simple"},"supplier_id":null,"supplier_sku":"","barcode":null,"atum_controlled":true,"out_stock_date":null,"out_stock_threshold":null,"inheritable":false,"inbound_stock":0,"stock_on_hold":0,"sold_today":0,"sales_last_days":0,"reserved_stock":0,"customer_returns":0,"warehouse_damage":0,"lost_in_post":0,"other_logs":0,"out_stock_days":0,"lost_sales":0,"has_location":false,"update_date":"2026-01-28T23:11:27","atum_locations":[],"atum_stock_status":"instock","restock_status":false,"low_stock_amount":"","sales_update_date":"2026-01-28T23:11:27","calc_backorders":null,"acf":{"publisher":{"ID":1470,"post_author":"2","post_date":"2021-02-17 01:12:47","post_date_gmt":"2021-02-16 23:12:47","post_content":"<!-- wp:flatsome\/uxbuilder -->\n<h1 style=\"text-align: center\"><strong>\u0110inh T\u1ecb<\/strong><\/h1>\n[row]\n\n[col span=\"4\" span__sm=\"12\"]\n\n[ux_image id=\"1831\" image_size=\"medium\"]\n\n\n[\/col]\n[col span=\"8\" span__sm=\"12\"]\n\n<p><strong>\u0110inh T\u1ecb Books - Ti\u00ean phong s\u00e1ng t\u1ea1o<\/strong><\/p>\n<p>Th\u00e0nh l\u1eadp n\u0103m 2006, t\u1edbi nay \u0110inh T\u1ecb Books \u0111\u01b0\u1ee3c \u0111\u00e1nh gi\u1ea3 l\u00e0 \u0111\u01a1n v\u1ecb xu\u1ea5t b\u1ea3n uy t\u00edn c\u00f3 t\u1ed1c \u0111\u1ed9 ph\u00e1t tri\u1ec3n nhanh nh\u1ea5t g\u1eafn v\u1edbi th\u00e0nh c\u00f4ng c\u1ee7a hai t\u1ee7 s\u00e1ch l\u1edbn: T\u1ee7 s\u00e1ch Thi\u1ebfu nhi - T\u1ee7 s\u00e1ch V\u0103n h\u1ecdc. Trong \u0111\u00f3 ph\u1ea3i k\u1ec3 t\u1edbi b\u01b0\u1edbc chuy\u1ec3n m\u00ecnh \u0111\u1ea7y \u1ea5n t\u01b0\u1ee3ng, tr\u1edf th\u00e0nh \u0111\u01a1n v\u1ecb ti\u00ean phong s\u00e1ng t\u1ea1o d\u00f2ng S\u00c1CH T\u01af\u01a0NG T\u00c1C thi\u1ebfu nhi. V\u1edbi h\u01a1n 300 t\u1ef1a s\u00e1ch t\u01b0\u01a1ng t\u00e1c \u0111ang l\u01b0u h\u00e0nh, \u0110inh T\u1ecb Books \u0111\u00e3 mang \u0111\u1ebfn nh\u1eefng gi\u00e1 tr\u1ecb tr\u1ea3i nghi\u1ec7m tuy\u1ec7t v\u1eddi, \u0111\u01b0a vi\u1ec7c h\u1ecdc v\u00e0 ch\u01a1i c\u00f9ng s\u00e1ch tr\u1edf n\u00ean hi\u1ec7u qu\u1ea3 h\u01a1n, gi\u00fap tr\u1ebb th\u00f4ng minh, t\u0103ng tr\u01b0\u1edfng c\u00e1c ch\u1ec9 s\u1ed1 IQ, EQ.<\/p>\n<p><strong>Th\u1ebf m\u1ea1nh c\u1ee7a \u0110inh T\u1ecb Books<\/strong><\/p>\n<p>V\u1edbi kinh nghi\u1ec7m nhi\u1ec1u n\u0103m trong ng\u00e0nh xu\u1ea5t b\u1ea3n, \u0110inh T\u1ecb Books tin r\u1eb1ng c\u00e1c b\u1eadc cha m\u1eb9 lu\u00f4n d\u00e0nh nh\u1eefng \u0111i\u1ec1u t\u1ed1t \u0111\u1eb9p nh\u1ea5t cho c\u00e1c con c\u1ee7a m\u00ecnh. \u0110\u1ecdc s\u00e1ch c\u00f9ng con lu\u00f4n l\u00e0 l\u1ef1a ch\u1ecdn h\u00e0ng \u0111\u1ea7u gi\u00fap g\u1eafn k\u1ebft t\u00ecnh y\u00eau th\u01b0\u01a1ng \u0111\u1ed3ng th\u1eddi gi\u00fap con nu\u00f4i d\u01b0\u1ee1ng ni\u1ec1m \u0111am m\u00ea v\u1edbi s\u00e1ch.<\/p>\n\n[\/col]\n\n[\/row]\n<p><strong>T\u00ecnh y\u00eau l\u1edbn d\u00e0nh cho nh\u1eefng cu\u1ed1n s\u00e1ch.<\/strong><\/p>\n<p>Xu\u1ea5t ph\u00e1t t\u1eeb t\u00ecnh y\u00eau v\u1edbi nh\u1eefng cu\u1ed1n s\u00e1ch, l\u00f2ng t\u1eadn t\u00e2m mu\u1ed1n g\u00ecn gi\u1eef nh\u1eefng gi\u00e1 tr\u1ecb v\u0103n h\u00f3a truy\u1ec1n th\u1ed1ng c\u1ee7a Vi\u1ec7t Nam, mong mu\u1ed1n \u0111\u01b0a nh\u1eefng gi\u00e1 tr\u1ecb \u0111\u1eadm ch\u1ea5t Vi\u1ec7t Nam \u0111\u1ebfn v\u1edbi tr\u1ebb em Vi\u1ec7t, c\u00e1c th\u00e0nh vi\u00ean s\u00e1ng t\u1ea1o c\u1ee7a \u0110inh T\u1ecb Books \u0111\u00e3 kh\u00f4ng ng\u1eebng n\u1ed7 l\u1ef1c, t\u00ecm t\u00f2i v\u00e0 h\u1ecdc h\u1ecfi, \u0111\u1ec3 \u0111\u01b0a nh\u1eefng cu\u1ed1n s\u00e1ch \u201c100% made in Vietnam\u201d \u0111\u1ebfn v\u1edbi tr\u1ebb em Vi\u1ec7t. C\u00e1c ki\u1ebfn th\u1ee9c b\u1ed5 \u00edch \u0111\u01b0\u1ee3c truy\u1ec1n t\u1ea3i th\u00f4ng qua nh\u1eefng t\u01b0\u01a1ng t\u00e1c th\u00fa v\u1ecb gi\u00fap tr\u1ebb nh\u1edb l\u00e2u h\u01a1n, h\u1ecdc t\u1ed1t h\u01a1n.<\/p>\n<p>Nh\u1eadn ra \u0111\u01b0\u1ee3c s\u1ee9 m\u1ec7nh v\u00e0 t\u1ea7m nh\u00ecn c\u1ee7a \u0110inh T\u1ecb, <strong>SACHVIET.EU<\/strong> \u0111\u00e3 li\u00ean l\u1ea1c v\u1edbi \u0110inh T\u1ecb \u0111\u1ec3 \u0111\u01b0\u1ee3c h\u1ed7 tr\u1ee3 \u0111\u01b0a nh\u1eefng cu\u1ed1n s\u00e1ch mang gi\u00e1 tr\u1ecb \u0111\u1eadm ch\u1ea5t Vi\u1ec7t Nam \u0111\u1ebfn v\u1edbi tr\u1ebb em Vi\u1ec7t v\u00e0 c\u1ed9ng \u0111\u1ed3ng Vi\u1ec7t s\u1ed1ng t\u1ea1i Ch\u00e2u \u00c2u. SACHVIET.EU \u0111\u1eb7t l\u00f2ng tin \u1edf \u0110inh T\u1ecb s\u1ebd lu\u00f4n \u0111em \u0111\u1ebfn nh\u1eefng gi\u00e1 tr\u1ecb cao qua t\u1eebng trang s\u00e1ch v\u00e0 hy v\u1ecdng \u0111\u1ed9c gi\u1ea3 s\u1ebd lu\u00f4n h\u00e0i l\u00f2ng v\u1edbi ch\u1ea5t l\u01b0\u1ee3ng m\u00e0 \u0110inh T\u1ecb theo \u0111u\u1ed5i bao n\u0103m qua.<\/p>\n\n<!-- \/wp:flatsome\/uxbuilder -->","post_title":"\u0110inh T\u1ecb","post_excerpt":"","post_status":"publish","comment_status":"closed","ping_status":"closed","post_password":"","post_name":"dinh-ti","to_ping":"","pinged":"","post_modified":"2022-12-19 23:15:43","post_modified_gmt":"2022-12-19 21:15:43","post_content_filtered":"","post_parent":0,"guid":"https:\/\/sachviet.eu\/nha-phat-hanh\/dinh-ti\/","menu_order":0,"post_type":"publisher","post_mime_type":"","comment_count":"0","filter":"raw"}},"_links":{"self":[{"href":"https:\/\/sachviet.eu\/en\/wp-json\/wp\/v2\/product\/1759","targetHints":{"allow":["GET"]}}],"collection":[{"href":"https:\/\/sachviet.eu\/en\/wp-json\/wp\/v2\/product"}],"about":[{"href":"https:\/\/sachviet.eu\/en\/wp-json\/wp\/v2\/types\/product"}],"wp:featuredmedia":[{"embeddable":true,"href":"https:\/\/sachviet.eu\/en\/wp-json\/wp\/v2\/media\/1735"}],"wp:attachment":[{"href":"https:\/\/sachviet.eu\/en\/wp-json\/wp\/v2\/media?parent=1759"}],"wp:term":[{"taxonomy":"product_brand","embeddable":true,"href":"https:\/\/sachviet.eu\/en\/wp-json\/wp\/v2\/product_brand?post=1759"},{"taxonomy":"product_cat","embeddable":true,"href":"https:\/\/sachviet.eu\/en\/wp-json\/wp\/v2\/product_cat?post=1759"},{"taxonomy":"product_tag","embeddable":true,"href":"https:\/\/sachviet.eu\/en\/wp-json\/wp\/v2\/product_tag?post=1759"}],"curies":[{"name":"wp","href":"https:\/\/api.w.org\/{rel}","templated":true}]}}