{"id":17453,"date":"2022-03-11T23:50:50","date_gmt":"2022-03-11T21:50:50","guid":{"rendered":"https:\/\/sachviet.eu\/shop\/combo-3-cuon-ren-luyen-nao-trai-nao-phai-san-choi-tri-tue-tro-choi-tu-duy\/"},"modified":"2022-03-18T15:49:49","modified_gmt":"2022-03-18T13:49:49","slug":"combo-3-cuon-ren-luyen-nao-trai-nao-phai-san-choi-tri-tue-tro-choi-tu-duy","status":"publish","type":"product","link":"https:\/\/sachviet.eu\/en\/shop\/combo-3-cuon-ren-luyen-nao-trai-nao-phai-san-choi-tri-tue-tro-choi-tu-duy\/","title":{"rendered":"Combo 3 cu\u1ed1n R\u00c8N LUY\u1ec6N N\u00c3O TR\u00c1I, N\u00c3O PH\u1ea2I &#8211; S\u00e2n Ch\u01a1i Tr\u00ed Tu\u1ec7: Tr\u00f2 Ch\u01a1i T\u01b0 Duy"},"content":{"rendered":"<p>Nh\u01b0 ch\u00fang ta \u0111\u00e3 bi\u1ebft, b\u1ed9 n\u00e3o c\u1ee7a con ng\u01b0\u1eddi v\u00f4 c\u00f9ng k\u00ec di\u1ec7u, c\u00e1c nh\u00e0 khoa h\u1ecdc cho r\u1eb1ng con ng\u01b0\u1eddi th\u01b0\u1eddng ch\u1ec9 s\u1eed d\u1ee5ng 5% ~ 10% ti\u1ec1m n\u0103ng b\u1ed9 n\u00e3o c\u1ee7a m\u00ecnh. N\u00e3o tr\u00e1i ph\u1ee5 tr\u00e1ch c\u00e1c v\u1ea5n \u0111\u1ec1 v\u1ec1 ng\u00f4n ng\u1eef, to\u00e1n h\u1ecdc, l\u00ed lu\u1eadn; n\u00e3o ph\u1ea3i thi\u00ean v\u1ec1 h\u00ecnh \u1ea3nh, \u00e2m nh\u1ea1c, ngh\u1ec7 thu\u1eadt.<\/p>\n<p>\u273fV\u1edbi b\u1ed9 s\u00e1ch Ph\u00e1t tri\u1ec3n \u0111\u1ea1i n\u00e3o thi\u00ean t\u00e0i g\u1ed3m hai t\u1eadp R\u00e8n luy\u1ec7n n\u00e3o tr\u00e1i v\u00e0 R\u00e8n luy\u1ec7n n\u00e3o ph\u1ea3i, cha m\u1eb9 c\u00f3 th\u1ec3 gi\u00fap tr\u1ebb ph\u00e1t huy h\u1ebft ti\u1ec1m n\u0103ng n\u00e3o b\u1ed9 c\u1ee7a tr\u1ebb v\u1edbi c\u00e1c tr\u00f2 ch\u01a1i th\u00fa v\u1ecb nh\u01b0 m\u00ea cung, t\u00f4 m\u00e0u, ghi nh\u1edb, t\u00ecm \u0111i\u1ec3m kh\u00e1c nhau, suy lu\u1eadn logic, n\u1ed1i t\u1eeb, k\u1ec3 chuy\u1ec7n\u2026<\/p>\n<p>\u273fKh\u00f4ng ch\u1ec9 ph\u00e1t tri\u1ec3n tr\u00ed tu\u1ec7 c\u1ee7a tr\u1ebb, v\u1edbi b\u1ed9 s\u00e1ch n\u00e0y cha m\u1eb9 c\u00f3 th\u1ec3 c\u00f9ng ch\u01a1i c\u00f9ng h\u1ecdc v\u1edbi tr\u1ebb, h\u01b0\u1edbng d\u1eabn tr\u1ebb t\u01b0 duy logic, quan tr\u1ecdng h\u01a1n l\u00e0 th\u1eaft ch\u1eb7t t\u00ecnh c\u1ea3m gi\u1eefa cha m\u1eb9 v\u00e0 con c\u00e1i, \u0111\u00f3 l\u00e0 m\u00f3n qu\u00e0 l\u1edbn nh\u1ea5t m\u00e0 cha m\u1eb9 c\u00f3 th\u1ec3 d\u00e0nh cho tr\u1ebb.<\/p>\n","protected":false},"excerpt":{"rendered":"<p>Nh\u01b0 ch\u00fang ta \u0111\u00e3 bi\u1ebft, b\u1ed9 n\u00e3o c\u1ee7a con ng\u01b0\u1eddi v\u00f4 c\u00f9ng k\u00ec di\u1ec7u, c\u00e1c nh\u00e0 khoa h\u1ecdc cho r\u1eb1ng con ng\u01b0\u1eddi th\u01b0\u1eddng ch\u1ec9 s\u1eed d\u1ee5ng 5% ~ 10% ti\u1ec1m n\u0103ng b\u1ed9 n\u00e3o c\u1ee7a m\u00ecnh. N\u00e3o tr\u00e1i ph\u1ee5 tr\u00e1ch c\u00e1c v\u1ea5n \u0111\u1ec1 v\u1ec1 ng\u00f4n ng\u1eef, to\u00e1n h\u1ecdc, l\u00ed lu\u1eadn; n\u00e3o ph\u1ea3i thi\u00ean v\u1ec1 h\u00ecnh \u1ea3nh, \u00e2m nh\u1ea1c, ngh\u1ec7 thu\u1eadt.<\/p>\n<p>\u273fV\u1edbi b\u1ed9 s\u00e1ch Ph\u00e1t tri\u1ec3n \u0111\u1ea1i n\u00e3o thi\u00ean t\u00e0i g\u1ed3m hai t\u1eadp R\u00e8n luy\u1ec7n n\u00e3o tr\u00e1i v\u00e0 R\u00e8n luy\u1ec7n n\u00e3o ph\u1ea3i, cha m\u1eb9 c\u00f3 th\u1ec3 gi\u00fap tr\u1ebb ph\u00e1t huy h\u1ebft ti\u1ec1m n\u0103ng n\u00e3o b\u1ed9 c\u1ee7a tr\u1ebb v\u1edbi c\u00e1c tr\u00f2 ch\u01a1i th\u00fa v\u1ecb nh\u01b0 m\u00ea cung, t\u00f4 m\u00e0u, ghi nh\u1edb, t\u00ecm \u0111i\u1ec3m kh\u00e1c nhau, suy lu\u1eadn logic, n\u1ed1i t\u1eeb, k\u1ec3 chuy\u1ec7n\u2026<\/p>\n<p>\u273fKh\u00f4ng ch\u1ec9 ph\u00e1t tri\u1ec3n tr\u00ed tu\u1ec7 c\u1ee7a tr\u1ebb, v\u1edbi b\u1ed9 s\u00e1ch n\u00e0y cha m\u1eb9 c\u00f3 th\u1ec3 c\u00f9ng ch\u01a1i c\u00f9ng h\u1ecdc v\u1edbi tr\u1ebb, h\u01b0\u1edbng d\u1eabn tr\u1ebb t\u01b0 duy logic, quan tr\u1ecdng h\u01a1n l\u00e0 th\u1eaft ch\u1eb7t t\u00ecnh c\u1ea3m gi\u1eefa cha m\u1eb9 v\u00e0 con c\u00e1i, \u0111\u00f3 l\u00e0 m\u00f3n qu\u00e0 l\u1edbn nh\u1ea5t m\u00e0 cha m\u1eb9 c\u00f3 th\u1ec3 d\u00e0nh cho tr\u1ebb.<\/p>\n","protected":false},"featured_media":17452,"template":"","meta":{"_acf_changed":false},"product_brand":[],"product_cat":[20],"product_tag":[],"class_list":{"0":"post-17453","1":"product","2":"type-product","3":"status-publish","4":"has-post-thumbnail","6":"product_cat-be-vua-hoc-vua-choi","8":"first","9":"outofstock","10":"taxable","11":"shipping-taxable","12":"purchasable","13":"product-type-simple"},"supplier_id":null,"supplier_sku":"","barcode":null,"atum_controlled":true,"out_stock_date":"2022-03-18 11:49:49","out_stock_threshold":null,"inheritable":false,"inbound_stock":0,"stock_on_hold":0,"sold_today":0,"sales_last_days":0,"reserved_stock":0,"customer_returns":0,"warehouse_damage":0,"lost_in_post":0,"other_logs":0,"out_stock_days":1412,"lost_sales":0,"has_location":false,"update_date":"2026-01-28T23:11:00","atum_locations":[],"atum_stock_status":"outofstock","restock_status":false,"low_stock_amount":"","sales_update_date":"2026-01-28T23:11:00","calc_backorders":null,"acf":{"publisher":{"ID":17440,"post_author":"1","post_date":"2022-03-11 23:50:16","post_date_gmt":"2022-03-11 21:50:16","post_content":"","post_title":"\u0110\u1ea1i H\u1ecdc Qu\u1ed1c Gia H\u00e0 N\u1ed9i","post_excerpt":"","post_status":"publish","comment_status":"closed","ping_status":"closed","post_password":"","post_name":"dai-hoc-quoc-gia-ha-noi","to_ping":"","pinged":"","post_modified":"2022-03-11 23:50:16","post_modified_gmt":"2022-03-11 21:50:16","post_content_filtered":"","post_parent":0,"guid":"https:\/\/sachviet.eu\/nha-phat-hanh\/dai-hoc-quoc-gia-ha-noi\/","menu_order":0,"post_type":"publisher","post_mime_type":"","comment_count":"0","filter":"raw"}},"_links":{"self":[{"href":"https:\/\/sachviet.eu\/en\/wp-json\/wp\/v2\/product\/17453","targetHints":{"allow":["GET"]}}],"collection":[{"href":"https:\/\/sachviet.eu\/en\/wp-json\/wp\/v2\/product"}],"about":[{"href":"https:\/\/sachviet.eu\/en\/wp-json\/wp\/v2\/types\/product"}],"wp:featuredmedia":[{"embeddable":true,"href":"https:\/\/sachviet.eu\/en\/wp-json\/wp\/v2\/media\/17452"}],"wp:attachment":[{"href":"https:\/\/sachviet.eu\/en\/wp-json\/wp\/v2\/media?parent=17453"}],"wp:term":[{"taxonomy":"product_brand","embeddable":true,"href":"https:\/\/sachviet.eu\/en\/wp-json\/wp\/v2\/product_brand?post=17453"},{"taxonomy":"product_cat","embeddable":true,"href":"https:\/\/sachviet.eu\/en\/wp-json\/wp\/v2\/product_cat?post=17453"},{"taxonomy":"product_tag","embeddable":true,"href":"https:\/\/sachviet.eu\/en\/wp-json\/wp\/v2\/product_tag?post=17453"}],"curies":[{"name":"wp","href":"https:\/\/api.w.org\/{rel}","templated":true}]}}