{"id":17451,"date":"2022-03-11T23:50:46","date_gmt":"2022-03-11T21:50:46","guid":{"rendered":"https:\/\/sachviet.eu\/shop\/sach-tuong-tac-bia-cung-ren-luyen-thoi-quen-di-ve-sinh-cho-tre-cuc-i-o-dau-tang-kem-bo-sticker-con-vat-gom-9-hinh\/"},"modified":"2023-05-15T16:01:33","modified_gmt":"2023-05-15T13:01:33","slug":"sach-tuong-tac-bia-cung-ren-luyen-thoi-quen-di-ve-sinh-cho-tre-cuc-i-o-dau-tang-kem-bo-sticker-con-vat-gom-9-hinh","status":"publish","type":"product","link":"https:\/\/sachviet.eu\/en\/shop\/sach-tuong-tac-bia-cung-ren-luyen-thoi-quen-di-ve-sinh-cho-tre-cuc-i-o-dau-tang-kem-bo-sticker-con-vat-gom-9-hinh\/","title":{"rendered":"S\u00e1ch T\u01b0\u01a1ng T\u00e1c B\u00eca C\u1ee9ng &#8211; R\u00e8n Luy\u1ec7n Th\u00f3i Quen \u0110i V\u1ec7 Sinh Cho Tr\u1ebb &#8211; C\u1ee5c \u1eca \u1ede \u0110\u00e2u? (T\u1eb7ng K\u00e8m : B\u1ed9 Sticker Con V\u1eadt G\u1ed3m 9 H\u00ecnh)"},"content":{"rendered":"<p>CU\u1ed0N S\u00c1CH L\u1eacT M\u1ede T\u01af\u01a0NG T\u00c1C X\u00d3A TAN N\u1ed6I S\u1ee2 \u0110I V\u1ec6 SINH C\u1ee6A TR\u1eba<\/p>\n<p>\u201cC\u1ee5c \u1ecb \u1edf \u0111\u00e2u\u201d l\u00e0 m\u1ed9t cu\u1ed1n s\u00e1ch t\u01b0\u01a1ng t\u00e1c v\u00f4 c\u00f9ng th\u00fa v\u1ecb xoay quanh ch\u1ee7 \u0111\u1ec1 v\u1ec1 ho\u1ea1t \u0111\u1ed9ng \u0111i v\u1ec7 sinh. Cu\u1ed1n s\u00e1ch k\u1ec3 cho b\u00e9 nghe m\u1ed9t chu\u1ed7i c\u00e2u chuy\u1ec7n v\u1ec1 vi\u1ec7c c\u00e1c lo\u00e0i \u0111\u1ed9ng v\u1eadt \u0111i \u1ecb th\u1ebf n\u00e0o, gi\u00fap b\u00e9 hi\u1ec3u r\u1eb1ng m\u1ed7i lo\u00e0i v\u1eadt \u0111\u1ec1u c\u00f3 m\u1ed9t n\u01a1i b\u00ed m\u1eadt \u0111\u1ec3 \u0111i \u1ecb v\u00e0 con ng\u01b0\u1eddi c\u0169ng v\u1eady. N\u1ed9i dung \u0111\u1ed9c l\u1ea1 v\u1edbi c\u00e1ch truy\u1ec1n t\u1ea3i tinh t\u1ebf khi\u1ebfn cho vi\u1ec7c \u0111i \u1ecb tr\u1edf n\u00ean v\u00f4 c\u00f9ng \u0111\u00e1ng y\u00eau v\u00e0 quen thu\u1ed9c h\u01a1n bao gi\u1edd h\u1ebft \u0111\u1ed1i v\u1edbi c\u00e1c b\u00e9.<\/p>\n<p>Kh\u00e1c bi\u1ec7t kh\u00e1c v\u1edbi nh\u1eefng s\u1ea3n ph\u1ea9m s\u00e1ch thi\u1ebfu nhi \u0111\u01b0\u1ee3c in tr\u00ean ch\u1ea5t li\u1ec7u gi\u1ea5y th\u00f4ng th\u01b0\u1eddng, \u201cC\u1ee5c \u1ecb \u1edf \u0111\u00e2u?\u201d \u0111\u01b0\u1ee3c b\u1ed3i c\u1ee9ng t\u1ea5t c\u1ea3 c\u00e1c trang gi\u00fap b\u00e9 tho\u1ea3i m\u00e1i l\u1eadt m\u1edf, kh\u00f4ng lo b\u1ecb r\u00e1ch ho\u1eb7c bong trong qu\u00e1 tr\u00ecnh b\u00e9 \u0111\u1ecdc v\u00e0 ch\u01a1i \u0111\u00f9a c\u00f9ng s\u1ea3n ph\u1ea9m. Ngo\u00e0i ra, c\u00e1c mi\u1ebfng gh\u00e9p \u0111\u01b0\u1ee3c c\u1ea5t gi\u1ea5u kh\u00e9o l\u00e9o \u1edf nhi\u1ec1u v\u1ecb tr\u00ed kh\u00e1c nhau trong t\u1eebng trang s\u00e1ch, gi\u00fap k\u00edch th\u00edch tr\u00ed t\u01b0\u1edfng t\u01b0\u1ee3ng v\u00e0 s\u1ef1 t\u00f2 m\u00f2 c\u1ee7a c\u00e1c b\u00e9.<br \/>\nCu\u1ed1n s\u00e1ch gi\u00fap vi\u1ec7c \u0111i \u1ecb tr\u1edf n\u00ean g\u1ea7n g\u0169i h\u01a1n v\u1edbi tr\u1ebb, \u0111\u1ed3ng th\u1eddi gi\u00fap b\u00e9 c\u00f3 th\u1ec3 t\u1ef1 \u00fd th\u1ee9c \u0111\u01b0\u1ee3c v\u1ec1 t\u00ednh t\u1ef1 l\u1eadp trong vi\u1ec7c r\u00e8n luy\u1ec7n th\u00f3i quen \u0111i v\u1ec7 sinh c\u1ee7a m\u00ecnh. T\u00ednh ch\u1ea5t l\u1eadt m\u1edf t\u01b0\u01a1ng t\u00e1c c\u1ee7a cu\u1ed1n s\u00e1ch c\u0169ng ph\u00e1t tri\u1ec3n s\u1ef1 s\u00e1ng t\u1ea1o, g\u00f3p ph\u1ea7n h\u00ecnh th\u00e0nh th\u00f3i quen \u0111\u1ecdc s\u00e1ch v\u00e0 b\u1ed3i \u0111\u1eafp th\u00eam \u0111\u1ec3 s\u1ef1 k\u1ebft n\u1ed1i gi\u1eefa c\u00e1c b\u00e9 v\u1edbi b\u1ed1 m\u1eb9 tr\u1edf n\u00ean s\u00e2u s\u1eafc h\u01a1n.<\/p>\n<p>\u0110\u00e2y \u0111\u01b0\u1ee3c coi l\u00e0 m\u1ed9t trong nh\u1eefng cu\u1ed1n s\u00e1ch hay nh\u1ea5t v\u1ec1 \u0111\u1ec1 t\u00e0i r\u00e8n luy\u1ec7n th\u00f3i quen \u0111i v\u1ec7 sinh cho tr\u1ebb c\u1ee7a M\u1ef9. \u201cC\u1ee5c \u1ecb \u1edf \u0111\u00e2u?\u201d \u0111\u00e3 li\u00ean ti\u1ebfp \u0111\u01b0\u1ee3c t\u00e1i b\u1ea3n trong su\u1ed1t h\u01a1n 15 n\u0103m qua, h\u01a1n 100.000 B\u1ea2N \u0110\u01af\u1ee2C B\u00c1N RA M\u1ed6I N\u0102M, \u0111\u1ea1t 4.7*\/5* theo s\u1ef1 b\u00ecnh ch\u1ecdn c\u1ee7a ng\u01b0\u1eddi ti\u00eau d\u00f9ng t\u1ea1i c\u00e1c s\u00e0n th\u01b0\u01a1ng m\u1ea1i \u0111i\u1ec7n t\u1eed c\u1ee7a M\u1ef9 v\u00e0 \u0111\u1ee9ng s\u1ed1 1 trong danh s\u00e1ch \u201cS\u00e1ch r\u00e8n luy\u1ec7n th\u00f3i quen \u0111i v\u1ec7 sinh cho tr\u1ebb\u201d c\u1ee7a Amazon.<\/p>\n","protected":false},"excerpt":{"rendered":"<p>CU\u1ed0N S\u00c1CH L\u1eacT M\u1ede T\u01af\u01a0NG T\u00c1C X\u00d3A TAN N\u1ed6I S\u1ee2 \u0110I V\u1ec6 SINH C\u1ee6A TR\u1eba<\/p>\n<p>\u201cC\u1ee5c \u1ecb \u1edf \u0111\u00e2u\u201d l\u00e0 m\u1ed9t cu\u1ed1n s\u00e1ch t\u01b0\u01a1ng t\u00e1c v\u00f4 c\u00f9ng th\u00fa v\u1ecb xoay quanh ch\u1ee7 \u0111\u1ec1 v\u1ec1 ho\u1ea1t \u0111\u1ed9ng \u0111i v\u1ec7 sinh. Cu\u1ed1n s\u00e1ch k\u1ec3 cho b\u00e9 nghe m\u1ed9t chu\u1ed7i c\u00e2u chuy\u1ec7n v\u1ec1 vi\u1ec7c c\u00e1c lo\u00e0i \u0111\u1ed9ng v\u1eadt \u0111i \u1ecb th\u1ebf n\u00e0o, gi\u00fap b\u00e9 hi\u1ec3u r\u1eb1ng m\u1ed7i lo\u00e0i v\u1eadt \u0111\u1ec1u c\u00f3 m\u1ed9t n\u01a1i b\u00ed m\u1eadt \u0111\u1ec3 \u0111i \u1ecb v\u00e0 con ng\u01b0\u1eddi c\u0169ng v\u1eady. N\u1ed9i dung \u0111\u1ed9c l\u1ea1 v\u1edbi c\u00e1ch truy\u1ec1n t\u1ea3i tinh t\u1ebf khi\u1ebfn cho vi\u1ec7c \u0111i \u1ecb tr\u1edf n\u00ean v\u00f4 c\u00f9ng \u0111\u00e1ng y\u00eau v\u00e0 quen thu\u1ed9c h\u01a1n bao gi\u1edd h\u1ebft \u0111\u1ed1i v\u1edbi c\u00e1c b\u00e9.<\/p>\n<p>Kh\u00e1c bi\u1ec7t kh\u00e1c v\u1edbi nh\u1eefng s\u1ea3n ph\u1ea9m s\u00e1ch thi\u1ebfu nhi \u0111\u01b0\u1ee3c in tr\u00ean ch\u1ea5t li\u1ec7u gi\u1ea5y th\u00f4ng th\u01b0\u1eddng, \u201cC\u1ee5c \u1ecb \u1edf \u0111\u00e2u?\u201d \u0111\u01b0\u1ee3c b\u1ed3i c\u1ee9ng t\u1ea5t c\u1ea3 c\u00e1c trang gi\u00fap b\u00e9 tho\u1ea3i m\u00e1i l\u1eadt m\u1edf, kh\u00f4ng lo b\u1ecb r\u00e1ch ho\u1eb7c bong trong qu\u00e1 tr\u00ecnh b\u00e9 \u0111\u1ecdc v\u00e0 ch\u01a1i \u0111\u00f9a c\u00f9ng s\u1ea3n ph\u1ea9m. Ngo\u00e0i ra, c\u00e1c mi\u1ebfng gh\u00e9p \u0111\u01b0\u1ee3c c\u1ea5t gi\u1ea5u kh\u00e9o l\u00e9o \u1edf nhi\u1ec1u v\u1ecb tr\u00ed kh\u00e1c nhau trong t\u1eebng trang s\u00e1ch, gi\u00fap k\u00edch th\u00edch tr\u00ed t\u01b0\u1edfng t\u01b0\u1ee3ng v\u00e0 s\u1ef1 t\u00f2 m\u00f2 c\u1ee7a c\u00e1c b\u00e9.<br \/>\nCu\u1ed1n s\u00e1ch gi\u00fap vi\u1ec7c \u0111i \u1ecb tr\u1edf n\u00ean g\u1ea7n g\u0169i h\u01a1n v\u1edbi tr\u1ebb, \u0111\u1ed3ng th\u1eddi gi\u00fap b\u00e9 c\u00f3 th\u1ec3 t\u1ef1 \u00fd th\u1ee9c \u0111\u01b0\u1ee3c v\u1ec1 t\u00ednh t\u1ef1 l\u1eadp trong vi\u1ec7c r\u00e8n luy\u1ec7n th\u00f3i quen \u0111i v\u1ec7 sinh c\u1ee7a m\u00ecnh. T\u00ednh ch\u1ea5t l\u1eadt m\u1edf t\u01b0\u01a1ng t\u00e1c c\u1ee7a cu\u1ed1n s\u00e1ch c\u0169ng ph\u00e1t tri\u1ec3n s\u1ef1 s\u00e1ng t\u1ea1o, g\u00f3p ph\u1ea7n h\u00ecnh th\u00e0nh th\u00f3i quen \u0111\u1ecdc s\u00e1ch v\u00e0 b\u1ed3i \u0111\u1eafp th\u00eam \u0111\u1ec3 s\u1ef1 k\u1ebft n\u1ed1i gi\u1eefa c\u00e1c b\u00e9 v\u1edbi b\u1ed1 m\u1eb9 tr\u1edf n\u00ean s\u00e2u s\u1eafc h\u01a1n.<\/p>\n<p>\u0110\u00e2y \u0111\u01b0\u1ee3c coi l\u00e0 m\u1ed9t trong nh\u1eefng cu\u1ed1n s\u00e1ch hay nh\u1ea5t v\u1ec1 \u0111\u1ec1 t\u00e0i r\u00e8n luy\u1ec7n th\u00f3i quen \u0111i v\u1ec7 sinh cho tr\u1ebb c\u1ee7a M\u1ef9. \u201cC\u1ee5c \u1ecb \u1edf \u0111\u00e2u?\u201d \u0111\u00e3 li\u00ean ti\u1ebfp \u0111\u01b0\u1ee3c t\u00e1i b\u1ea3n trong su\u1ed1t h\u01a1n 15 n\u0103m qua, h\u01a1n 100.000 B\u1ea2N \u0110\u01af\u1ee2C B\u00c1N RA M\u1ed6I N\u0102M, \u0111\u1ea1t 4.7*\/5* theo s\u1ef1 b\u00ecnh ch\u1ecdn c\u1ee7a ng\u01b0\u1eddi ti\u00eau d\u00f9ng t\u1ea1i c\u00e1c s\u00e0n th\u01b0\u01a1ng m\u1ea1i \u0111i\u1ec7n t\u1eed c\u1ee7a M\u1ef9 v\u00e0 \u0111\u1ee9ng s\u1ed1 1 trong danh s\u00e1ch \u201cS\u00e1ch r\u00e8n luy\u1ec7n th\u00f3i quen \u0111i v\u1ec7 sinh cho tr\u1ebb\u201d c\u1ee7a Amazon.<\/p>\n","protected":false},"featured_media":17450,"template":"","meta":{"_acf_changed":false},"product_brand":[],"product_cat":[24,17],"product_tag":[],"class_list":{"0":"post-17451","1":"product","2":"type-product","3":"status-publish","4":"has-post-thumbnail","6":"product_cat-nha-tre-mau-giao-0-tuoi-6-tuoi","7":"product_cat-sach-danh-cho-cac-be","9":"first","10":"outofstock","11":"taxable","12":"shipping-taxable","13":"purchasable","14":"product-type-simple"},"supplier_id":null,"supplier_sku":"","barcode":null,"atum_controlled":true,"out_stock_date":"2023-05-15 13:01:34","out_stock_threshold":null,"inheritable":false,"inbound_stock":0,"stock_on_hold":0,"sold_today":0,"sales_last_days":0,"reserved_stock":0,"customer_returns":0,"warehouse_damage":0,"lost_in_post":0,"other_logs":0,"out_stock_days":989,"lost_sales":0,"has_location":false,"update_date":"2026-01-28T23:11:00","atum_locations":[],"atum_stock_status":"outofstock","restock_status":false,"low_stock_amount":"","sales_update_date":"2026-01-28T23:11:00","calc_backorders":null,"acf":{"publisher":{"ID":17449,"post_author":"1","post_date":"2022-03-11 23:50:43","post_date_gmt":"2022-03-11 21:50:43","post_content":"","post_title":"AZ KIDS","post_excerpt":"","post_status":"publish","comment_status":"closed","ping_status":"closed","post_password":"","post_name":"az-kids","to_ping":"","pinged":"","post_modified":"2022-03-11 23:50:43","post_modified_gmt":"2022-03-11 21:50:43","post_content_filtered":"","post_parent":0,"guid":"https:\/\/sachviet.eu\/nha-phat-hanh\/az-kids\/","menu_order":0,"post_type":"publisher","post_mime_type":"","comment_count":"0","filter":"raw"}},"_links":{"self":[{"href":"https:\/\/sachviet.eu\/en\/wp-json\/wp\/v2\/product\/17451","targetHints":{"allow":["GET"]}}],"collection":[{"href":"https:\/\/sachviet.eu\/en\/wp-json\/wp\/v2\/product"}],"about":[{"href":"https:\/\/sachviet.eu\/en\/wp-json\/wp\/v2\/types\/product"}],"wp:featuredmedia":[{"embeddable":true,"href":"https:\/\/sachviet.eu\/en\/wp-json\/wp\/v2\/media\/17450"}],"wp:attachment":[{"href":"https:\/\/sachviet.eu\/en\/wp-json\/wp\/v2\/media?parent=17451"}],"wp:term":[{"taxonomy":"product_brand","embeddable":true,"href":"https:\/\/sachviet.eu\/en\/wp-json\/wp\/v2\/product_brand?post=17451"},{"taxonomy":"product_cat","embeddable":true,"href":"https:\/\/sachviet.eu\/en\/wp-json\/wp\/v2\/product_cat?post=17451"},{"taxonomy":"product_tag","embeddable":true,"href":"https:\/\/sachviet.eu\/en\/wp-json\/wp\/v2\/product_tag?post=17451"}],"curies":[{"name":"wp","href":"https:\/\/api.w.org\/{rel}","templated":true}]}}