{"id":17446,"date":"2022-03-11T23:50:35","date_gmt":"2022-03-11T21:50:35","guid":{"rendered":"https:\/\/sachviet.eu\/shop\/chinh-phuc-hanh-phuc-90-ngay-thuc-hanh-biet-on-90-ngay-thuc-hanh-yeu-thuong-vo-dieu-kien-90-ngay-lam-chu-cam-xuc-bo-3-cuon\/"},"modified":"2022-03-18T15:49:55","modified_gmt":"2022-03-18T13:49:55","slug":"chinh-phuc-hanh-phuc-90-ngay-thuc-hanh-biet-on-90-ngay-thuc-hanh-yeu-thuong-vo-dieu-kien-90-ngay-lam-chu-cam-xuc-bo-3-cuon","status":"publish","type":"product","link":"https:\/\/sachviet.eu\/en\/shop\/chinh-phuc-hanh-phuc-90-ngay-thuc-hanh-biet-on-90-ngay-thuc-hanh-yeu-thuong-vo-dieu-kien-90-ngay-lam-chu-cam-xuc-bo-3-cuon\/","title":{"rendered":"Chinh Ph\u1ee5c H\u1ea1nh Ph\u00fac: 90 Ng\u00e0y Th\u1ef1c H\u00e0nh Bi\u1ebft \u01a0n, 90 Ng\u00e0y Th\u1ef1c H\u00e0nh Y\u00eau Th\u01b0\u01a1ng V\u00f4 \u0110i\u1ec1u Ki\u1ec7n, 90 Ng\u00e0y L\u00e0m Ch\u1ee7 C\u1ea3m X\u00fac ( B\u1ed9 3 Cu\u1ed1n)"},"content":{"rendered":"<p>C\u00e1c b\u1ea1n \u0111ang c\u1ea7m tr\u00ean tay kh\u00f4ng ch\u1ec9 l\u00e0 m\u1ed9t cu\u1ed1n s\u00e1ch m\u00e0 c\u00f2n l\u00e0 m\u1ed9t cu\u1ed9c h\u00e0nh tr\u00ecnh kh\u00e1m ph\u00e1 nh\u1eefng ph\u1ea9m ch\u1ea5t thu\u1ea7n khi\u1ebft t\u1ed1t \u0111\u1eb9p v\u00e0 v\u00f4 h\u1ea1n c\u1ee7a ch\u00ednh b\u1ea3n th\u00e2n b\u1ea1n.<\/p>\n<p>V\u1edbi vi\u1ec7c tr\u1ea3i nghi\u1ec7m nhi\u1ec1u n\u0103m trong t\u00ecnh y\u00eau h\u00f4n nh\u00e2n c\u00f9ng v\u1edbi vi\u1ec7c nghi\u00ean c\u1ee9u, th\u1ef1c h\u00e0nh v\u00e0 tr\u1ef1c ti\u1ebfp h\u1ed7 tr\u1ee3 t\u01b0 v\u1ea5n, hu\u1ea5n luy\u1ec7n cho h\u00e0ng ch\u1ee5c ngh\u00ecn ng\u01b0\u1eddi tr\u1edf n\u00ean h\u1ea1nh ph\u00fac h\u01a1n trong ch\u00ednh cu\u1ed9c h\u00f4n nh\u00e2n v\u00e0 cu\u1ed9c s\u1ed1ng c\u1ee7a m\u00ecnh, t\u00f4i \u0111\u00e3 \u0111\u01b0a t\u1ea5t c\u1ea3 t\u00e2m huy\u1ebft, tr\u00ed tu\u1ec7 v\u00e0 tr\u00e1i tim m\u00ecnh v\u00e0o b\u1ed9 s\u00e1ch Chinh ph\u1ee5c H\u1ea1nh ph\u00fac.<\/p>\n<p>B\u1ed9 s\u00e1ch Chinh ph\u1ee5c H\u1ea1nh ph\u00fac \u0111\u01b0\u1ee3c t\u00f4i vi\u1ebft \u0111\u1ec3 d\u00e0nh t\u1eb7ng cho b\u1ea1n \u0111\u1ecdc b\u1eb1ng t\u1ea5t c\u1ea3 s\u1ef1 nhi\u1ec7t huy\u1ebft, ph\u1ee5ng s\u1ef1, t\u00ecnh y\u00eau th\u01b0\u01a1ng v\u00e0 l\u00f2ng bi\u1ebft \u01a1n c\u1ee7a m\u00ecnh d\u00e0nh cho c\u1ed9ng \u0111\u1ed3ng. T\u00f4i tin r\u1eb1ng khi b\u1ea1n l\u1eadt gi\u1edf t\u1eebng trang, ho\u00e0n th\u00e0nh b\u00e0i h\u1ecdc trong t\u1eebng ng\u00e0y m\u1ed9t theo b\u1ed9 s\u00e1ch, khi k\u1ebft th\u00fac h\u00e0nh tr\u00ecnh n\u00e0y b\u1ea1n s\u1ebd t\u00ecm l\u1ea1i \u0111\u01b0\u1ee3c ch\u00ednh con ng\u01b0\u1eddi t\u1ed1t \u0111\u1eb9p v\u00e0 thu\u1ea7n khi\u1ebft c\u1ee7a b\u1ea1n. B\u1ea1n c\u0169ng s\u1ebd c\u1ea3m th\u1ea5y cu\u1ed9c \u0111\u1eddi n\u00e0y \u0111\u00e1ng y\u00eau, tuy\u1ec7t v\u1eddi bi\u1ebft bao.<\/p>\n<p>T\u1eadp 1: 90 ng\u00e0y th\u1ef1c h\u00e0nh bi\u1ebft \u01a1n n\u00f3i r\u1eb1ng:<\/p>\n<p>L\u00f2ng bi\u1ebft \u01a1n kh\u00f4ng ch\u1ec9 thay \u0111\u1ed5i cu\u1ed9c s\u1ed1ng m\u00e0 c\u00f2n v\u01b0\u1ee3t ra ngo\u00e0i ranh gi\u1edbi ch\u00fang ta c\u00f3 th\u1ec3 suy ngh\u0129 v\u1ec1 cu\u1ed9c s\u1ed1ng. L\u00f2ng bi\u1ebft \u01a1n h\u00e0m d\u01b0\u1ee1ng t\u00ecnh th\u01b0\u01a1ng, l\u00f2ng t\u1ed1t, t\u1ea5m l\u00f2ng v\u1ecb tha v\u00e0 \u0111\u1ed3ng c\u1ea3m. L\u00f2ng bi\u1ebft \u01a1n c\u0169ng s\u1ebd mang \u0111\u1ebfn cho cu\u1ed9c \u0111\u1eddi c\u1ee7a ch\u00fang ta nh\u1eefng \u0111i\u1ec1u k\u1ef3 di\u1ec7u. Nh\u01b0ng \u0111\u1ec3 cu\u1ed9c s\u1ed1ng tr\u00e0n \u0111\u1ea7y s\u1ef1 bi\u1ebft \u01a1n v\u00e0 t\u00edch c\u1ef1c qu\u1ea3 th\u1eadt kh\u00f4ng d\u1ec5 d\u00e0ng ch\u00fat n\u00e0o, ch\u00ednh v\u00ec v\u1eady cu\u1ed1n s\u00e1ch n\u00e0y nh\u01b0 m\u1ed9t m\u00f3n qu\u00e0 \u0111\u1ec3 t\u1eebng b\u01b0\u1edbc gi\u00fap b\u1ea1n th\u1ef1c h\u00e0nhl\u00f2ng bi\u1ebft \u01a1n trong cu\u1ed9c s\u1ed1ng.<\/p>\n<p>T\u1eadp 2: 90 ng\u00e0y th\u1ef1c h\u00e0nh y\u00eau th\u01b0\u01a1ng v\u00f4 \u0111i\u1ec1u ki\u1ec7n:<\/p>\n<p>Cu\u1ed1n s\u00e1ch m\u1ed9t l\u1ea7n n\u1eefa kh\u1eb3ng \u0111\u1ecbnh y\u00eau v\u00f4 \u0111i\u1ec1u ki\u1ec7n l\u00e0 t\u00ecnh y\u00eau trong \u0111\u00f3 ta ch\u1ea5p nh\u1eadn t\u1ea5t c\u1ea3 nh\u1eefng g\u00ec v\u1ed1n c\u00f3 c\u1ee7a ng\u01b0\u1eddi \u1ea5y, d\u00f9 b\u1ea5t c\u1ee9 \u0111i\u1ec1u g\u00ec x\u1ea3y ra ta v\u1eabn th\u01b0\u01a1ng y\u00eau, lo l\u1eafng, ch\u0103m s\u00f3c, kh\u00f4ng bao gi\u1edd r\u1eddi b\u1ecf ng\u01b0\u1eddi \u0111\u00f3, kh\u00f4ng mong ch\u1edd nh\u1eadn l\u1ea1i b\u1ea5t c\u1ee9 \u0111i\u1ec1u g\u00ec. Y\u00eau th\u01b0\u01a1ng v\u00f4 \u0111i\u1ec1u ki\u1ec7n l\u00e0 m\u1ed9t h\u00e0nh \u0111\u1ed9ng thay v\u00ec m\u1ed9t c\u1ea3m x\u00fac.<\/p>\n<p>T\u1eadp 3: 90 ng\u00e0y l\u00e0m ch\u1ee7 c\u1ea3m x\u00fac:<\/p>\n<p>Cu\u1ed1n s\u00e1ch n\u00e0y s\u1ebd ch\u1ec9 ra con \u0111\u01b0\u1eddng ng\u1eafn v\u00e0 \u0111\u01a1n gi\u1ea3n nh\u1ea5t \u0111\u1ec3 m\u1ed7i ng\u01b0\u1eddi ch\u00fang ta c\u00f3 th\u1ec3 t\u1ef1 hi\u1ec3u b\u00ean trong m\u00ecnh, \u0111\u1ecdc v\u1ecb \u0111\u01b0\u1ee3c nh\u1eefng c\u1ea3m x\u00fac \u0111ang hi\u1ec7n h\u1eefu \u0111\u1ec3 t\u1eeb \u0111\u00f3 ki\u1ec3m so\u00e1t t\u00e2m tr\u00ed, l\u00e0m ch\u1ee7 c\u1ea3m x\u00fac ti\u00eauc\u1ef1c, ki\u1ebfn t\u1ea1o n\u0103ng l\u01b0\u1ee3ng t\u00edch c\u1ef1c, ch\u1eefa l\u00e0nh nh\u1eefng t\u1ed5n th\u01b0\u01a1ng n\u1ed9i t\u00e2m v\u00e0 vui s\u1ed1ng \u00fd ngh\u0129a. Cu\u1ed1n s\u00e1ch gi\u00fap b\u1ea1n h\u01b0\u1edbng v\u00e0o ph\u00eda trong t\u00e2m kh\u1ea3m, k\u1ebft n\u1ed1i v\u1edbi ch\u00ednh m\u00ecnh \u0111\u1ec3 \u0111\u1ea1t \u0111\u01b0\u1ee3c h\u1ea1nh ph\u00fac t\u1ef1 th\u00e2n, v\u00ec ng\u00e0y t\u00e2m ta an, v\u1ea1n s\u1ef1 s\u1ebd an.<\/p>\n<p>B\u1ed9 s\u00e1ch s\u1ebd gi\u00fap b\u1ea1n th\u1eafp s\u00e1ng ni\u1ec1m tin v\u00e0o b\u1ea3n th\u00e2n m\u00ecnh, v\u00e0o t\u00ecnh y\u00eau, v\u00e0o l\u00f2ng bi\u1ebft \u01a1n, v\u00e0o nh\u1eefng ph\u1ea9m ch\u1ea5t cao \u0111\u1eb9p c\u1ee7a con ng\u01b0\u1eddi, \u0111\u1ed3ng th\u1eddi kh\u01a1i d\u1eady s\u1ee9c s\u1ed1ng m\u00e3nh li\u1ec7t v\u1ed1n c\u00f3 trong b\u1ea1n \u0111\u1ec3 Chinh ph\u1ee5c H\u1ea1nh ph\u00fac.<\/p>\n","protected":false},"excerpt":{"rendered":"<p>C\u00e1c b\u1ea1n \u0111ang c\u1ea7m tr\u00ean tay kh\u00f4ng ch\u1ec9 l\u00e0 m\u1ed9t cu\u1ed1n s\u00e1ch m\u00e0 c\u00f2n l\u00e0 m\u1ed9t cu\u1ed9c h\u00e0nh tr\u00ecnh kh\u00e1m ph\u00e1 nh\u1eefng ph\u1ea9m ch\u1ea5t thu\u1ea7n khi\u1ebft t\u1ed1t \u0111\u1eb9p v\u00e0 v\u00f4 h\u1ea1n c\u1ee7a ch\u00ednh b\u1ea3n th\u00e2n b\u1ea1n.<\/p>\n<p>V\u1edbi vi\u1ec7c tr\u1ea3i nghi\u1ec7m nhi\u1ec1u n\u0103m trong t\u00ecnh y\u00eau h\u00f4n nh\u00e2n c\u00f9ng v\u1edbi vi\u1ec7c nghi\u00ean c\u1ee9u, th\u1ef1c h\u00e0nh v\u00e0 tr\u1ef1c ti\u1ebfp h\u1ed7 tr\u1ee3 t\u01b0 v\u1ea5n, hu\u1ea5n luy\u1ec7n cho h\u00e0ng ch\u1ee5c ngh\u00ecn ng\u01b0\u1eddi tr\u1edf n\u00ean h\u1ea1nh ph\u00fac h\u01a1n trong ch\u00ednh cu\u1ed9c h\u00f4n nh\u00e2n v\u00e0 cu\u1ed9c s\u1ed1ng c\u1ee7a m\u00ecnh, t\u00f4i \u0111\u00e3 \u0111\u01b0a t\u1ea5t c\u1ea3 t\u00e2m huy\u1ebft, tr\u00ed tu\u1ec7 v\u00e0 tr\u00e1i tim m\u00ecnh v\u00e0o b\u1ed9 s\u00e1ch Chinh ph\u1ee5c H\u1ea1nh ph\u00fac.<\/p>\n<p>B\u1ed9 s\u00e1ch Chinh ph\u1ee5c H\u1ea1nh ph\u00fac \u0111\u01b0\u1ee3c t\u00f4i vi\u1ebft \u0111\u1ec3 d\u00e0nh t\u1eb7ng cho b\u1ea1n \u0111\u1ecdc b\u1eb1ng t\u1ea5t c\u1ea3 s\u1ef1 nhi\u1ec7t huy\u1ebft, ph\u1ee5ng s\u1ef1, t\u00ecnh y\u00eau th\u01b0\u01a1ng v\u00e0 l\u00f2ng bi\u1ebft \u01a1n c\u1ee7a m\u00ecnh d\u00e0nh cho c\u1ed9ng \u0111\u1ed3ng. T\u00f4i tin r\u1eb1ng khi b\u1ea1n l\u1eadt gi\u1edf t\u1eebng trang, ho\u00e0n th\u00e0nh b\u00e0i h\u1ecdc trong t\u1eebng ng\u00e0y m\u1ed9t theo b\u1ed9 s\u00e1ch, khi k\u1ebft th\u00fac h\u00e0nh tr\u00ecnh n\u00e0y b\u1ea1n s\u1ebd t\u00ecm l\u1ea1i \u0111\u01b0\u1ee3c ch\u00ednh con ng\u01b0\u1eddi t\u1ed1t \u0111\u1eb9p v\u00e0 thu\u1ea7n khi\u1ebft c\u1ee7a b\u1ea1n. B\u1ea1n c\u0169ng s\u1ebd c\u1ea3m th\u1ea5y cu\u1ed9c \u0111\u1eddi n\u00e0y \u0111\u00e1ng y\u00eau, tuy\u1ec7t v\u1eddi bi\u1ebft bao.<\/p>\n","protected":false},"featured_media":17444,"template":"","meta":{"_acf_changed":false},"product_brand":[],"product_cat":[15,46],"product_tag":[],"class_list":{"0":"post-17446","1":"product","2":"type-product","3":"status-publish","4":"has-post-thumbnail","6":"product_cat-sach-danh-cho-nguoi-lon","7":"product_cat-ky-nang-song","9":"first","10":"outofstock","11":"taxable","12":"shipping-taxable","13":"purchasable","14":"product-type-simple"},"supplier_id":null,"supplier_sku":"","barcode":null,"atum_controlled":true,"out_stock_date":"2022-03-18 11:49:55","out_stock_threshold":null,"inheritable":false,"inbound_stock":0,"stock_on_hold":0,"sold_today":0,"sales_last_days":0,"reserved_stock":0,"customer_returns":0,"warehouse_damage":0,"lost_in_post":0,"other_logs":0,"out_stock_days":1412,"lost_sales":0,"has_location":false,"update_date":"2026-01-28T23:11:00","atum_locations":[],"atum_stock_status":"outofstock","restock_status":false,"low_stock_amount":"","sales_update_date":"2026-01-28T23:11:00","calc_backorders":null,"acf":{"publisher":{"ID":15323,"post_author":"1","post_date":"2021-08-04 15:05:28","post_date_gmt":"2021-08-04 12:05:28","post_content":"","post_title":"BIZBOOKS","post_excerpt":"","post_status":"publish","comment_status":"closed","ping_status":"closed","post_password":"","post_name":"bizbooks","to_ping":"","pinged":"","post_modified":"2021-08-04 15:05:28","post_modified_gmt":"2021-08-04 12:05:28","post_content_filtered":"","post_parent":0,"guid":"https:\/\/sachviet.eu\/nha-phat-hanh\/bizbooks\/","menu_order":0,"post_type":"publisher","post_mime_type":"","comment_count":"0","filter":"raw"}},"_links":{"self":[{"href":"https:\/\/sachviet.eu\/en\/wp-json\/wp\/v2\/product\/17446","targetHints":{"allow":["GET"]}}],"collection":[{"href":"https:\/\/sachviet.eu\/en\/wp-json\/wp\/v2\/product"}],"about":[{"href":"https:\/\/sachviet.eu\/en\/wp-json\/wp\/v2\/types\/product"}],"wp:featuredmedia":[{"embeddable":true,"href":"https:\/\/sachviet.eu\/en\/wp-json\/wp\/v2\/media\/17444"}],"wp:attachment":[{"href":"https:\/\/sachviet.eu\/en\/wp-json\/wp\/v2\/media?parent=17446"}],"wp:term":[{"taxonomy":"product_brand","embeddable":true,"href":"https:\/\/sachviet.eu\/en\/wp-json\/wp\/v2\/product_brand?post=17446"},{"taxonomy":"product_cat","embeddable":true,"href":"https:\/\/sachviet.eu\/en\/wp-json\/wp\/v2\/product_cat?post=17446"},{"taxonomy":"product_tag","embeddable":true,"href":"https:\/\/sachviet.eu\/en\/wp-json\/wp\/v2\/product_tag?post=17446"}],"curies":[{"name":"wp","href":"https:\/\/api.w.org\/{rel}","templated":true}]}}