{"id":17443,"date":"2022-03-11T23:50:22","date_gmt":"2022-03-11T21:50:22","guid":{"rendered":"https:\/\/sachviet.eu\/shop\/ra-bo-suoi-ngam-hoa-ken-hong-bia-mem\/"},"modified":"2024-08-14T13:06:46","modified_gmt":"2024-08-14T10:06:46","slug":"ra-bo-suoi-ngam-hoa-ken-hong-bia-mem","status":"publish","type":"product","link":"https:\/\/sachviet.eu\/en\/shop\/ra-bo-suoi-ngam-hoa-ken-hong-bia-mem\/","title":{"rendered":"Ra B\u1edd Su\u1ed1i Ng\u1eafm Hoa K\u00e8n H\u1ed3ng &#8211; B\u00eca M\u1ec1m"},"content":{"rendered":"<p>Ra b\u1edd su\u1ed1i ng\u1eafm hoa k\u00e8n h\u1ed3ng l\u00e0 t\u00e1c ph\u1ea9m trong tr\u1ebbo, tr\u00e0n \u0111\u1ea7y t\u00ecnh y\u00eau th\u01b0\u01a1ng m\u00e1t l\u00e0nh, tr\u1ea3i ra tr\u01b0\u1edbc m\u1eaft ng\u01b0\u1eddi \u0111\u1ecdc khu v\u01b0\u1eddn tr\u1ea1i r\u1ef1c r\u1ee1 c\u1ecf hoa c\u1ee7a v\u00f9ng qu\u00ea thanh b\u00ecnh, k\u00e8m theo \u0111\u00f3 l\u00e0 nh\u1eefng \u201cnh\u00e2n v\u1eadt\u201d \u0111\u00e1ng y\u00eau, l\u00e0m n\u00ean m\u1ed9t \u201cth\u1ebf gi\u1edbi gi\u00e0u c\u00f3, r\u1ed9ng l\u1edbn v\u00e0 v\u00f4 c\u00f9ng h\u1ea5p d\u1eabn\u201d m\u00e0 d\u01b0\u1eddng nh\u01b0 ng\u01b0\u1eddi l\u1edbn \u0111\u00e3 b\u1ecf qu\u00ean \u0111\u00e2u \u0111\u00f3 t\u1eeb l\u00e2u.<\/p>\n<p>Sau T\u00f4i l\u00e0 B\u00ea T\u00f4, C\u00f3 hai con m\u00e8o ng\u1ed3i b\u00ean c\u1eeda s\u1ed5, Con ch\u00f3 nh\u1ecf mang gi\u1ecf hoa h\u1ed3ng, \u0111\u00e2y l\u00e0 m\u1ed9t cu\u1ed1n s\u00e1ch n\u1eefa c\u1ee7a nh\u00e0 v\u0103n Nguy\u1ec5n Nh\u1eadt \u00c1nh m\u00e0 nh\u00e2n v\u1eadt ch\u00ednh l\u00e0 nh\u1eefng b\u00e9 \u0111\u1ed9ng v\u1eadt ng\u1ed9 ngh\u0129nh, \u0111\u01b0\u1ee3c m\u00f4 t\u1ea3 s\u1ed1ng \u0111\u1ed9ng d\u01b0\u1edbi ng\u00f2i b\u00fat t\u00e0i hoa v\u00e0 gi\u00e0u t\u00ecnh th\u01b0\u01a1ng.<\/p>\n<p>C\u00e2u chuy\u1ec7n ch\u1ea1y qua 8 ph\u1ea7n v\u1edbi 64 ch\u01b0\u01a1ng s\u00e1ch nh\u1ecf \u0111\u1ea7y \u1eafp l\u00f2ng th\u01b0\u01a1ng y\u00eau, t\u00ednh l\u01b0\u01a1ng thi\u1ec7n, t\u00ecnh th\u00e2n b\u1ea1n b\u00e8, l\u00f2ng d\u0169ng c\u1ea3m v\u00e0 bao dung, \u0111\u00e1nh b\u1ea1t s\u1ef1 \u00e1c \u0111\u1ed9c v\u00e0 c\u1ea3 m\u1ecdi th\u00f3i x\u1ea5u.<\/p>\n<p>Kh\u00e9p cu\u1ed1n s\u00e1ch l\u1ea1i, t\u1ef1 nhi\u00ean th\u1ea5y l\u00f2ng m\u00ecnh d\u1ecbu l\u1eafng, b\u00ecnh y\u00ean \u0111\u1ebfn l\u1ea1 l\u00f9ng\u2026<\/p>\n<p>V\u00e0i \u0111o\u1ea1n tr\u00edch trong t\u00e1c ph\u1ea9m Ra b\u1edd su\u1ed1i ng\u1eafm hoa k\u00e8n h\u1ed3ng<\/p>\n<p>\u201cT\u1eafm m\u00ecnh trong su\u1ed1i \u00e2m thanh, v\u1eabn l\u00e0 nh\u1eefng \u0111i\u1ec7u bu\u1ed3n quen thu\u1ed9c, nh\u01b0ng \u0111\u00eam nay M\u1eaft Tr\u00f2n th\u1ea5y t\u00e2m h\u1ed3n m\u00ecnh nh\u01b0 bay l\u00ean. \u00c2m nh\u1ea1c nh\u01b0 m\u1ed9t b\u00e0n tay v\u00f4 h\u00ecnh \u0111\u00e3 n\u00e2ng \u0111\u1ee1 n\u00f3, l\u00ean cao, l\u00ean cao m\u00e3i. Cao h\u01a1n n\u1ed7i bu\u1ed3n, cao h\u01a1n nh\u1eefng phi\u1ec1n mu\u1ed9n v\u1eabn d\u00e0y v\u00f2 n\u00f3 trong nh\u1eefng ng\u00e0y qua.<\/p>\n<p>N\u1ed7i bu\u1ed3n, \u1edd th\u00ec n\u00f3 v\u1eabn \u1edf \u0111\u00f3, trong tr\u00e1i tim M\u1eaft Tr\u00f2n, nh\u01b0ng n\u00f3 kh\u00f4ng l\u00e0m tr\u00e1i tim con g\u00e0 x\u00e2y x\u00e1t n\u1eefa. M\u1eaft Tr\u00f2n ng\u1ea1c nhi\u00ean nh\u1eadn ra n\u1ed7i bu\u1ed3n c\u00f3 th\u1ec3 ph\u00e1t s\u00e1ng, tr\u1edf n\u00ean \u0111\u1eb9p \u0111\u1ebd d\u01b0\u1edbi s\u1ef1 v\u1ed7 v\u1ec1 c\u1ee7a \u00e2m nh\u1ea1c.<\/p>\n<p>Ti\u1ebfng \u0111\u00e0n c\u1ee7a ch\u00e0ng nh\u1ea1c s\u0129 giang h\u1ed3 \u0111\u00e3 s\u01b0\u1edfi \u1ea5m con g\u00e0, \u0111\u00e3 an \u1ee7i n\u00f3 th\u1eadt nhi\u1ec1u trong \u0111\u00eam h\u00f4m \u0111\u00f3.<\/p>\n<p>M\u1eaft Tr\u00f2n neo m\u00ecnh tr\u00ean c\u1ecf, b\u1ea5t \u0111\u1ed9ng, l\u1eb7ng thinh, \u0111\u1ea7y xao xuy\u1ebfn. N\u00f3 l\u1eafng nghe ti\u1ebfng \u0111\u00e0n, c\u1ea3m t\u01b0\u1edfng \u0111ang l\u1eafng nghe ch\u00ednh b\u1ea3n th\u00e2n n\u00f3, b\u1eaft g\u1eb7p m\u00ecnh \u0111ang x\u00fac \u0111\u1ed9ng.<\/p>\n<p>C\u00f3 l\u1ebd b\u1ea1n c\u0169ng th\u1ebf th\u00f4i, khi n\u1ed7i bu\u1ed3n trong l\u00f2ng b\u1ea1n \u0111\u01b0\u1ee3c \u00e2m nh\u1ea1c ch\u1eafp c\u00e1nh, n\u00f3 s\u1ebd th\u0103ng hoa. Thay v\u00ec nh\u1ea5n ch\u00ecm b\u1ea1n, n\u1ed7i bu\u1ed3n s\u1ebd gi\u00fap b\u1ea1n gi\u00e0u c\u00f3 h\u01a1n v\u1ec1 c\u1ea3m x\u00fac. N\u00f3 tr\u1edf th\u00e0nh m\u1ed9t gi\u00e1 tr\u1ecb v\u00e0 b\u1ea1n ch\u1ee3t nh\u1eadn ra n\u00f3 l\u00e0 m\u1ed9t ph\u1ea7n thanh xu\u00e2n c\u1ee7a b\u1ea1n.<\/p>\n<p>C\u00f3 g\u00ec \u0111\u00e2u! \u0110\u00e2u c\u00f3 g\u00ec \u0111\u00e2u!<br \/>\nTh\u1eddi gian nh\u01b0 n\u01b0\u1edbc ch\u1ea3y qua c\u1ea7u<br \/>\nB\u1edd c\u1ecf kh\u00f4ng c\u00f2n in d\u1ea5u c\u0169<br \/>\nV\u01b0\u1eddn \u0111\u1ecba \u0111\u00e0ng kia t\u00e1o \u0111\u00e3 s\u00e2u.<\/p>\n<p>C\u00f3 g\u00ec kh\u00f4ng? Kh\u00f4ng c\u00f3 g\u00ec \u0111\u00e2u!<br \/>\nTem ch\u01b0a \u0111\u00f3ng d\u1ea5u \u0111\u00e3 phai m\u00e0u<br \/>\n\u0110\u01b0\u1eddng \u0111i kh\u00f4ng t\u1edbi \u0111\u00e0nh quay l\u1ea1i<br \/>\nCu\u1ed9c s\u1ed1ng ch\u01b0a xong l\u1ea1i b\u1eaft \u0111\u1ea7u<\/p>\n<p>M\u1eaft Tr\u00f2n \u0111\u01b0a m\u1eaft nh\u00ecn quanh. \u1ede \u0111\u1eb1ng xa kia, ch\u1ed7 nh\u00e0 giam, c\u00e2y l\u1ed9c v\u1eebng \u0111ang bu\u00f4ng l\u1eefng l\u1edd nh\u1eefng chu\u1ed7i hoa m\u00e0u g\u1ea1ch cua, ch\u1ed1c ch\u1ed1c l\u1ea1i chao \u0111i trong gi\u00f3 h\u1ec7t nh\u01b0 m\u1ed9t t\u1ea5m r\u00e8m ai treo tr\u00ean nh\u00e1nh l\u00e1. Tr\u00ean b\u00e3i c\u1ecf xanh b\u00ean d\u01b0\u1edbi, thi\u00ean nhi\u00ean \u0111\u00e3 \u0111\u00ednh r\u1ea3i r\u00e1c nh\u1eefng ch\u00f9m hoa \u00edch m\u1eabu, nh\u1eefng c\u1ee5m hoa m\u1eafc c\u1ee1 \u0111an c\u00e0i v\u1edbi c\u01a1 man l\u00e0 hoa xuy\u1ebfn chi v\u00e0 hoa sao nh\u00e1i d\u1ec7t n\u00ean m\u1ed9t t\u1ea5m th\u1ea3m chi ch\u00edt c\u00e1c hoa v\u0103n ng\u0169 s\u1eafc.<\/p>\n<p>C\u00e1nh Cam n\u00f3i \u0111\u00fang, \u201ctrong v\u01b0\u1eddn thi\u1ebfu g\u00ec hoa\u201d. V\u00e0 M\u1eaft Tr\u00f2n c\u00f4ng nh\u1eadn t\u1ea5t c\u1ea3 lo\u00e0i hoa trong v\u01b0\u1eddn \u0111\u1ec1u \u0111\u1eb9p.<\/p>\n<p>Nh\u01b0ng n\u00f3 c\u0169ng th\u1ea5y m\u1ed9t \u0111i\u1ec1u kh\u00e1c \u0111\u00e1ng c\u00f4ng nh\u1eadn kh\u00f4ng k\u00e9m: Ch\u1ec9 c\u00f3 hoa k\u00e8n h\u1ed3ng kia b\u00ean d\u00f2ng su\u1ed1i kia ngo\u00e0i c\u00e1nh \u0111\u1ed3ng kia m\u1edbi c\u00f3 th\u1ec3 \u0111\u00e1nh th\u1ee9c gi\u1ea5c m\u01a1 c\u1ee7a n\u00f3, khi\u1ebfn tr\u00e1i tim n\u00f3 t\u01b0ng b\u1eebng reo ca nh\u01b0 c\u00f3 chim v\u1ec1 h\u00f3t.\u201d<\/p>\n","protected":false},"excerpt":{"rendered":"<p>Ra b\u1edd su\u1ed1i ng\u1eafm hoa k\u00e8n h\u1ed3ng l\u00e0 t\u00e1c ph\u1ea9m trong tr\u1ebbo, tr\u00e0n \u0111\u1ea7y t\u00ecnh y\u00eau th\u01b0\u01a1ng m\u00e1t l\u00e0nh, tr\u1ea3i ra tr\u01b0\u1edbc m\u1eaft ng\u01b0\u1eddi \u0111\u1ecdc khu v\u01b0\u1eddn tr\u1ea1i r\u1ef1c r\u1ee1 c\u1ecf hoa c\u1ee7a v\u00f9ng qu\u00ea thanh b\u00ecnh, k\u00e8m theo \u0111\u00f3 l\u00e0 nh\u1eefng \u201cnh\u00e2n v\u1eadt\u201d \u0111\u00e1ng y\u00eau, l\u00e0m n\u00ean m\u1ed9t \u201cth\u1ebf gi\u1edbi gi\u00e0u c\u00f3, r\u1ed9ng l\u1edbn v\u00e0 v\u00f4 c\u00f9ng h\u1ea5p d\u1eabn\u201d m\u00e0 d\u01b0\u1eddng nh\u01b0 ng\u01b0\u1eddi l\u1edbn \u0111\u00e3 b\u1ecf qu\u00ean \u0111\u00e2u \u0111\u00f3 t\u1eeb l\u00e2u.<\/p>\n<p>Sau T\u00f4i l\u00e0 B\u00ea T\u00f4, C\u00f3 hai con m\u00e8o ng\u1ed3i b\u00ean c\u1eeda s\u1ed5, Con ch\u00f3 nh\u1ecf mang gi\u1ecf hoa h\u1ed3ng, \u0111\u00e2y l\u00e0 m\u1ed9t cu\u1ed1n s\u00e1ch n\u1eefa c\u1ee7a nh\u00e0 v\u0103n Nguy\u1ec5n Nh\u1eadt \u00c1nh m\u00e0 nh\u00e2n v\u1eadt ch\u00ednh l\u00e0 nh\u1eefng b\u00e9 \u0111\u1ed9ng v\u1eadt ng\u1ed9 ngh\u0129nh, \u0111\u01b0\u1ee3c m\u00f4 t\u1ea3 s\u1ed1ng \u0111\u1ed9ng d\u01b0\u1edbi ng\u00f2i b\u00fat t\u00e0i hoa v\u00e0 gi\u00e0u t\u00ecnh th\u01b0\u01a1ng.<\/p>\n<p>C\u00e2u chuy\u1ec7n ch\u1ea1y qua 8 ph\u1ea7n v\u1edbi 64 ch\u01b0\u01a1ng s\u00e1ch nh\u1ecf \u0111\u1ea7y \u1eafp l\u00f2ng th\u01b0\u01a1ng y\u00eau, t\u00ednh l\u01b0\u01a1ng thi\u1ec7n, t\u00ecnh th\u00e2n b\u1ea1n b\u00e8, l\u00f2ng d\u0169ng c\u1ea3m v\u00e0 bao dung, \u0111\u00e1nh b\u1ea1t s\u1ef1 \u00e1c \u0111\u1ed9c v\u00e0 c\u1ea3 m\u1ecdi th\u00f3i x\u1ea5u.<\/p>\n<p>Kh\u00e9p cu\u1ed1n s\u00e1ch l\u1ea1i, t\u1ef1 nhi\u00ean th\u1ea5y l\u00f2ng m\u00ecnh d\u1ecbu l\u1eafng, b\u00ecnh y\u00ean \u0111\u1ebfn l\u1ea1 l\u00f9ng\u2026<\/p>\n<p>V\u00e0i \u0111o\u1ea1n tr\u00edch trong t\u00e1c ph\u1ea9m Ra b\u1edd su\u1ed1i ng\u1eafm hoa k\u00e8n h\u1ed3ng<\/p>\n<p>\u201cT\u1eafm m\u00ecnh trong su\u1ed1i \u00e2m thanh, v\u1eabn l\u00e0 nh\u1eefng \u0111i\u1ec7u bu\u1ed3n quen thu\u1ed9c, nh\u01b0ng \u0111\u00eam nay M\u1eaft Tr\u00f2n th\u1ea5y t\u00e2m h\u1ed3n m\u00ecnh nh\u01b0 bay l\u00ean. \u00c2m nh\u1ea1c nh\u01b0 m\u1ed9t b\u00e0n tay v\u00f4 h\u00ecnh \u0111\u00e3 n\u00e2ng \u0111\u1ee1 n\u00f3, l\u00ean cao, l\u00ean cao m\u00e3i. Cao h\u01a1n n\u1ed7i bu\u1ed3n, cao h\u01a1n nh\u1eefng phi\u1ec1n mu\u1ed9n v\u1eabn d\u00e0y v\u00f2 n\u00f3 trong nh\u1eefng ng\u00e0y qua.<\/p>\n<p>N\u1ed7i bu\u1ed3n, \u1edd th\u00ec n\u00f3 v\u1eabn \u1edf \u0111\u00f3, trong tr\u00e1i tim M\u1eaft Tr\u00f2n, nh\u01b0ng n\u00f3 kh\u00f4ng l\u00e0m tr\u00e1i tim con g\u00e0 x\u00e2y x\u00e1t n\u1eefa. M\u1eaft Tr\u00f2n ng\u1ea1c nhi\u00ean nh\u1eadn ra n\u1ed7i bu\u1ed3n c\u00f3 th\u1ec3 ph\u00e1t s\u00e1ng, tr\u1edf n\u00ean \u0111\u1eb9p \u0111\u1ebd d\u01b0\u1edbi s\u1ef1 v\u1ed7 v\u1ec1 c\u1ee7a \u00e2m nh\u1ea1c.<\/p>\n<p>Ti\u1ebfng \u0111\u00e0n c\u1ee7a ch\u00e0ng nh\u1ea1c s\u0129 giang h\u1ed3 \u0111\u00e3 s\u01b0\u1edfi \u1ea5m con g\u00e0, \u0111\u00e3 an \u1ee7i n\u00f3 th\u1eadt nhi\u1ec1u trong \u0111\u00eam h\u00f4m \u0111\u00f3.<\/p>\n<p>M\u1eaft Tr\u00f2n neo m\u00ecnh tr\u00ean c\u1ecf, b\u1ea5t \u0111\u1ed9ng, l\u1eb7ng thinh, \u0111\u1ea7y xao xuy\u1ebfn. N\u00f3 l\u1eafng nghe ti\u1ebfng \u0111\u00e0n, c\u1ea3m t\u01b0\u1edfng \u0111ang l\u1eafng nghe ch\u00ednh b\u1ea3n th\u00e2n n\u00f3, b\u1eaft g\u1eb7p m\u00ecnh \u0111ang x\u00fac \u0111\u1ed9ng.<\/p>\n<p>C\u00f3 l\u1ebd b\u1ea1n c\u0169ng th\u1ebf th\u00f4i, khi n\u1ed7i bu\u1ed3n trong l\u00f2ng b\u1ea1n \u0111\u01b0\u1ee3c \u00e2m nh\u1ea1c ch\u1eafp c\u00e1nh, n\u00f3 s\u1ebd th\u0103ng hoa. Thay v\u00ec nh\u1ea5n ch\u00ecm b\u1ea1n, n\u1ed7i bu\u1ed3n s\u1ebd gi\u00fap b\u1ea1n gi\u00e0u c\u00f3 h\u01a1n v\u1ec1 c\u1ea3m x\u00fac. N\u00f3 tr\u1edf th\u00e0nh m\u1ed9t gi\u00e1 tr\u1ecb v\u00e0 b\u1ea1n ch\u1ee3t nh\u1eadn ra n\u00f3 l\u00e0 m\u1ed9t ph\u1ea7n thanh xu\u00e2n c\u1ee7a b\u1ea1n.<\/p>\n<p>C\u00f3 g\u00ec \u0111\u00e2u! \u0110\u00e2u c\u00f3 g\u00ec \u0111\u00e2u!<br \/>\nTh\u1eddi gian nh\u01b0 n\u01b0\u1edbc ch\u1ea3y qua c\u1ea7u<br \/>\nB\u1edd c\u1ecf kh\u00f4ng c\u00f2n in d\u1ea5u c\u0169<br \/>\nV\u01b0\u1eddn \u0111\u1ecba \u0111\u00e0ng kia t\u00e1o \u0111\u00e3 s\u00e2u.<\/p>\n<p>C\u00f3 g\u00ec kh\u00f4ng? Kh\u00f4ng c\u00f3 g\u00ec \u0111\u00e2u!<br \/>\nTem ch\u01b0a \u0111\u00f3ng d\u1ea5u \u0111\u00e3 phai m\u00e0u<br \/>\n\u0110\u01b0\u1eddng \u0111i kh\u00f4ng t\u1edbi \u0111\u00e0nh quay l\u1ea1i<br \/>\nCu\u1ed9c s\u1ed1ng ch\u01b0a xong l\u1ea1i b\u1eaft \u0111\u1ea7u<\/p>\n<p>M\u1eaft Tr\u00f2n \u0111\u01b0a m\u1eaft nh\u00ecn quanh. \u1ede \u0111\u1eb1ng xa kia, ch\u1ed7 nh\u00e0 giam, c\u00e2y l\u1ed9c v\u1eebng \u0111ang bu\u00f4ng l\u1eefng l\u1edd nh\u1eefng chu\u1ed7i hoa m\u00e0u g\u1ea1ch cua, ch\u1ed1c ch\u1ed1c l\u1ea1i chao \u0111i trong gi\u00f3 h\u1ec7t nh\u01b0 m\u1ed9t t\u1ea5m r\u00e8m ai treo tr\u00ean nh\u00e1nh l\u00e1. Tr\u00ean b\u00e3i c\u1ecf xanh b\u00ean d\u01b0\u1edbi, thi\u00ean nhi\u00ean \u0111\u00e3 \u0111\u00ednh r\u1ea3i r\u00e1c nh\u1eefng ch\u00f9m hoa \u00edch m\u1eabu, nh\u1eefng c\u1ee5m hoa m\u1eafc c\u1ee1 \u0111an c\u00e0i v\u1edbi c\u01a1 man l\u00e0 hoa xuy\u1ebfn chi v\u00e0 hoa sao nh\u00e1i d\u1ec7t n\u00ean m\u1ed9t t\u1ea5m th\u1ea3m chi ch\u00edt c\u00e1c hoa v\u0103n ng\u0169 s\u1eafc.<\/p>\n<p>C\u00e1nh Cam n\u00f3i \u0111\u00fang, \u201ctrong v\u01b0\u1eddn thi\u1ebfu g\u00ec hoa\u201d. V\u00e0 M\u1eaft Tr\u00f2n c\u00f4ng nh\u1eadn t\u1ea5t c\u1ea3 lo\u00e0i hoa trong v\u01b0\u1eddn \u0111\u1ec1u \u0111\u1eb9p.<\/p>\n<p>Nh\u01b0ng n\u00f3 c\u0169ng th\u1ea5y m\u1ed9t \u0111i\u1ec1u kh\u00e1c \u0111\u00e1ng c\u00f4ng nh\u1eadn kh\u00f4ng k\u00e9m: Ch\u1ec9 c\u00f3 hoa k\u00e8n h\u1ed3ng kia b\u00ean d\u00f2ng su\u1ed1i kia ngo\u00e0i c\u00e1nh \u0111\u1ed3ng kia m\u1edbi c\u00f3 th\u1ec3 \u0111\u00e1nh th\u1ee9c gi\u1ea5c m\u01a1 c\u1ee7a n\u00f3, khi\u1ebfn tr\u00e1i tim n\u00f3 t\u01b0ng b\u1eebng reo ca nh\u01b0 c\u00f3 chim v\u1ec1 h\u00f3t.\u201d<\/p>\n","protected":false},"featured_media":17442,"template":"","meta":{"_acf_changed":false},"product_brand":[],"product_cat":[15,45],"product_tag":[],"class_list":{"0":"post-17443","1":"product","2":"type-product","3":"status-publish","4":"has-post-thumbnail","6":"product_cat-sach-danh-cho-nguoi-lon","7":"product_cat-tieu-thuyet","9":"first","10":"outofstock","11":"taxable","12":"shipping-taxable","13":"purchasable","14":"product-type-simple"},"supplier_id":null,"supplier_sku":"","barcode":null,"atum_controlled":true,"out_stock_date":"2024-08-14 10:06:47","out_stock_threshold":null,"inheritable":false,"inbound_stock":0,"stock_on_hold":0,"sold_today":0,"sales_last_days":0,"reserved_stock":0,"customer_returns":0,"warehouse_damage":0,"lost_in_post":0,"other_logs":0,"out_stock_days":532,"lost_sales":0,"has_location":false,"update_date":"2026-01-28T23:11:22","atum_locations":[],"atum_stock_status":"outofstock","restock_status":false,"low_stock_amount":"","sales_update_date":"2026-01-28T23:11:22","calc_backorders":null,"acf":{"publisher":{"ID":1517,"post_author":"1","post_date":"2021-02-17 01:14:41","post_date_gmt":"2021-02-16 23:14:41","post_content":"","post_title":"NXB Tr\u1ebb","post_excerpt":"","post_status":"publish","comment_status":"closed","ping_status":"closed","post_password":"","post_name":"nxb-tre","to_ping":"","pinged":"","post_modified":"2021-02-17 01:14:41","post_modified_gmt":"2021-02-16 23:14:41","post_content_filtered":"","post_parent":0,"guid":"https:\/\/sachviet.eu\/nha-phat-hanh\/nxb-tre\/","menu_order":0,"post_type":"publisher","post_mime_type":"","comment_count":"0","filter":"raw"}},"_links":{"self":[{"href":"https:\/\/sachviet.eu\/en\/wp-json\/wp\/v2\/product\/17443","targetHints":{"allow":["GET"]}}],"collection":[{"href":"https:\/\/sachviet.eu\/en\/wp-json\/wp\/v2\/product"}],"about":[{"href":"https:\/\/sachviet.eu\/en\/wp-json\/wp\/v2\/types\/product"}],"wp:featuredmedia":[{"embeddable":true,"href":"https:\/\/sachviet.eu\/en\/wp-json\/wp\/v2\/media\/17442"}],"wp:attachment":[{"href":"https:\/\/sachviet.eu\/en\/wp-json\/wp\/v2\/media?parent=17443"}],"wp:term":[{"taxonomy":"product_brand","embeddable":true,"href":"https:\/\/sachviet.eu\/en\/wp-json\/wp\/v2\/product_brand?post=17443"},{"taxonomy":"product_cat","embeddable":true,"href":"https:\/\/sachviet.eu\/en\/wp-json\/wp\/v2\/product_cat?post=17443"},{"taxonomy":"product_tag","embeddable":true,"href":"https:\/\/sachviet.eu\/en\/wp-json\/wp\/v2\/product_tag?post=17443"}],"curies":[{"name":"wp","href":"https:\/\/api.w.org\/{rel}","templated":true}]}}